{"id":280,"date":"2024-04-24T20:23:33","date_gmt":"2024-04-24T17:23:33","guid":{"rendered":"https:\/\/sisu.ut.ee\/ettevotlusopik\/?page_id=280"},"modified":"2026-02-02T14:25:54","modified_gmt":"2026-02-02T12:25:54","slug":"e-5-allikaid-lisalugemiseks","status":"publish","type":"page","link":"https:\/\/sisu.ut.ee\/ettevotlusopik\/5-turu-konkurentsi-swot-ja-pestle-analuus\/e-5-allikaid-lisalugemiseks\/","title":{"rendered":"Allikad"},"content":{"rendered":"<p><\/p>\n\n\n\n<p><strong>KASUTATUD ALLIKAD<\/strong><\/p>\n\n\n\n<p>Barringer, B., R, Ireland, R., D. (2019). Entrepreneurship: Successfully Launching New Ventures. Pearson: New York, 587 lk.<\/p>\n\n\n\n<p>Helms, M. M., Nixon, J. (2010). Exploring SWOT analysis\u2013where are we now? A review of academic research from the last decade. <em>Journal of Strategy and Management<\/em>, 3(3), 215\u2013251. https:\/\/doi.org\/10.1108\/17554251011064837.<\/p>\n\n\n\n<p>Kallam, H., Kolbre, E., Lend, E., M\u00f6ller, L., Reinhold, V., Simson, A-L., Uustalu, A M., Venesaar, U. (2003). \u00c4rikeskkond. \u00c4rikorralduse p\u00f5hiteadmised (lk 7\u201341). K\u00fclim.<\/p>\n\n\n\n<p>Kiili, J., Ernits, R., Teder, J. (2012). Ettev\u00f5tluskeskkond. Ettev\u00f5tlikusest ettev\u00f5tluseni (lk 133\u2013144). SA Teadlik Valik.<\/p>\n\n\n\n<p>Osterwalder ja Pigneur. 2014. \u00c4rimudelite hindamine, Raamatus \u00c4rimudeli generatsioon. Tallinn: Printon, 212-225 lk.<\/p>\n\n\n\n<p>Porter, M. E. (2008). <em>The Five Competitive Forces That Shape Strategy<\/em>. Harward Business Review. https:\/\/aggie horticulture.tamu.edu\/faculty\/hall\/EAGL\/Strategy_readings\/Five_Forces_Update.pdf<\/p>\n\n\n\n<p>Rastogi, N., Trivedi, M. K. (2016). Pestle Technique\u2013A Tool To Identify External Risks In Construction Projects<em>. International Research Journal of Engineering and Technology,<\/em> 3(1), 384\u2013388. https:\/\/www.irjet.net\/archives\/V3\/i1\/IRJET-V3I165.pdf<\/p>\n\n\n\n<p>Riigiteataja, 2020 <a href=\"https:\/\/www.riigiteataja.ee\/aktilisa\/4050\/2202\/0035\/Lisa.pdf\">Lisa.pdf<\/a> K\u00fclastatud 20.09.2024<\/p>\n\n\n\n<p>Terviseinfo m\u00f5istete s\u00f5nastik. <a href=\"https:\/\/www.terviseinfo.ee\/et\/toeoevahendid\/toovahendid\/43-toovahendid\/4116-sonastik\">M\u00f5istete s\u00f5nastik | Terviseinfo<\/a>. K\u00fclastatud 24.08.2024<\/p>\n\n\n\n<p><strong>T\u00c4IENDAVAD ALLIKAD<\/strong><\/p>\n\n\n\n<p><strong>Ettev\u00f5tluskeskkond<\/strong><\/p>\n\n\n\n<p>Ettev\u00f5tluskeskkonna programm 2025-2028 <a href=\"https:\/\/www.fin.ee\/sites\/default\/files\/documents\/2024-10\/Ettevotluskeskkonna%20programm%202025-2028.pdf\">Ettevotluskeskkonna programm 2025-2028.pdf<\/a><\/p>\n\n\n\n<p><strong>Turuanal\u00fc\u00fcs<\/strong><\/p>\n\n\n\n<p>Mallid O\u00dc. (2021). Turuanal\u00fc\u00fcs \u2013 kuidas koostada ja milleks vajalik <a href=\"https:\/\/mallid.ee\/ariplaani-koostamine\/turuanaluus-kuidas-koostada-ja-milleks-vajalik\/\">https:\/\/mallid.ee\/ariplaani-koostamine\/turuanaluus-kuidas-koostada-ja-milleks-vajalik\/<\/a><\/p>\n\n\n\n<p>Market Anal Williams, M. (2022). How to do a market analysis for your business plan <a href=\"https:\/\/www.wolterskluwer.com\/en\/expert-insights\/market-analysis-for-your-business-plan#:~:text=A%20market%20analysis%20provides%20insights,will%20be%20targeting%20for%20sales\">https:\/\/www.wolterskluwer.com\/en\/expert-insights\/market-analysis-for-your-business-plan#:~:text=A%20market%20analysis%20provides%20insights,will%20be%20targeting%20for%20sales<\/a><\/p>\n\n\n\n<p>Freedman, M. 2023. How to conduct a market analysis for your business https:\/\/www.businessnewsdaily.com\/15751-conduct-market-analysis.html<\/p>\n\n\n\n<p><strong>Konkurentsianal\u00fc\u00fcs<\/strong><\/p>\n\n\n\n<p>http:\/\/konkurentsianaluus.weebly.com\/konkurentsianaluumluumlsi-olemus.html<\/p>\n\n\n\n<p>Ranktracker. SEO guid\/3. tehniline SEO. Konkurentsi anal\u00fc\u00fcs <a href=\"https:\/\/www.ranktracker.com\/et\/seo-guide\/technical-seo\/competitive-analysis\/\">https:\/\/www.ranktracker.com\/et\/seo-guide\/technical-seo\/competitive-analysis\/<\/a>\u00a0<\/p>\n\n\n\n<p>How to create a competitive analysis (with examples) <a href=\"https:\/\/asana.com\/resources\/competitive-analysis-example\">https:\/\/asana.com\/resources\/competitive-analysis-example<\/a><\/p>\n\n\n\n<p><strong>SWOT anal\u00fc\u00fcs<\/strong><\/p>\n\n\n\n<p>SWOT anal\u00fc\u00fcs <a href=\"https:\/\/leanway.ee\/swot-analuus\/\">https:\/\/leanway.ee\/swot-analuus\/<\/a>\u00a0<\/p>\n\n\n\n<p>Bigelow, S. J., Pratt, M. K., Tucci, L. SWOT analysis (strengths, weaknesses, opportunities and threats analysis, https:\/\/www.techtarget.com\/searchcio\/definition\/SWOT-analysis-strengths-weaknesses-opportunities-and-threats-analysis<\/p>\n\n\n\n<p>G\u00fcrel, E., Tat, M. (2017). SWOT analysis: a theoretical review. <em>The Journal of International Social Research<\/em>, 10(51), 994\u20131004. http:\/\/dx.doi.org\/10.17719\/jisr.2017.1832<\/p>\n\n\n\n<p><strong>PESTLE anal\u00fc\u00fcs<\/strong><\/p>\n\n\n\n<p>How to Effectively Conduct a PESTLE &amp; SWOT Analysis <a href=\"https:\/\/www.linkedin.com\/pulse\/how-conduct-pestle-swot-analysis-byron-gray\">https:\/\/www.linkedin.com\/pulse\/how-conduct-pestle-swot-analysis-byron-gray<\/a><\/p>\n\n\n\n<p>PESTLE Analysis with Mind Mapping Tools <a href=\"https:\/\/linkedin.com\/pulse\/how-conduct-pestle-swot-analysis-byron-gray\">https:\/\/linkedin.com\/pulse\/how-conduct-pestle-swot-analysis-byron-gray<\/a><\/p>\n\n\n\n<p>PESTEL Framework: The 6 Elements of a PESTEL Analysis <a href=\"https:\/\/www.masterclass.com\/articles\/pestel-framework\">https:\/\/www.masterclass.com\/articles\/pestel-framework<\/a><\/p>\n","protected":false},"excerpt":{"rendered":"<p>KASUTATUD ALLIKAD Barringer, B., R, Ireland, R., D. (2019). Entrepreneurship: Successfully Launching New Ventures. Pearson: New York, 587 lk. Helms, M. M., Nixon, J. (2010). Exploring SWOT analysis\u2013where are we now? A review of academic research from the last decade. &#8230;<\/p>\n","protected":false},"author":3,"featured_media":0,"parent":259,"menu_order":0,"comment_status":"closed","ping_status":"closed","template":"","meta":{"_acf_changed":false,"inline_featured_image":false,"footnotes":""},"class_list":["post-280","page","type-page","status-publish","hentry"],"acf":[],"_links":{"self":[{"href":"https:\/\/sisu.ut.ee\/ettevotlusopik\/wp-json\/wp\/v2\/pages\/280","targetHints":{"allow":["GET"]}}],"collection":[{"href":"https:\/\/sisu.ut.ee\/ettevotlusopik\/wp-json\/wp\/v2\/pages"}],"about":[{"href":"https:\/\/sisu.ut.ee\/ettevotlusopik\/wp-json\/wp\/v2\/types\/page"}],"author":[{"embeddable":true,"href":"https:\/\/sisu.ut.ee\/ettevotlusopik\/wp-json\/wp\/v2\/users\/3"}],"replies":[{"embeddable":true,"href":"https:\/\/sisu.ut.ee\/ettevotlusopik\/wp-json\/wp\/v2\/comments?post=280"}],"version-history":[{"count":7,"href":"https:\/\/sisu.ut.ee\/ettevotlusopik\/wp-json\/wp\/v2\/pages\/280\/revisions"}],"predecessor-version":[{"id":957,"href":"https:\/\/sisu.ut.ee\/ettevotlusopik\/wp-json\/wp\/v2\/pages\/280\/revisions\/957"}],"up":[{"embeddable":true,"href":"https:\/\/sisu.ut.ee\/ettevotlusopik\/wp-json\/wp\/v2\/pages\/259"}],"wp:attachment":[{"href":"https:\/\/sisu.ut.ee\/ettevotlusopik\/wp-json\/wp\/v2\/media?parent=280"}],"curies":[{"name":"wp","href":"https:\/\/api.w.org\/{rel}","templated":true}]}}