{"id":26,"date":"2024-04-19T12:56:03","date_gmt":"2024-04-19T09:56:03","guid":{"rendered":"https:\/\/sisu.ut.ee\/ettevotlusopik\/?page_id=26"},"modified":"2025-10-03T15:36:03","modified_gmt":"2025-10-03T12:36:03","slug":"e0-allikad-lisalugemiseks","status":"publish","type":"page","link":"https:\/\/sisu.ut.ee\/ettevotlusopik\/0-ettevotluse-pohimoisted\/e0-allikad-lisalugemiseks\/","title":{"rendered":"Allikad"},"content":{"rendered":"<p><strong>Ettev\u00f5tlus<\/strong><\/p>\n\n\n\n<p>Ettev\u00f5tlus <a href=\"https:\/\/www.eesti.ee\/et\/ettevotlus\">https:\/\/www.eesti.ee\/et\/ettevotlus<\/a>\u00a0<\/p>\n\n\n\n<p>Ettev\u00f5tlusega alustamine (Eesti T\u00f6\u00f6tukassa) <a href=\"https:\/\/www.tootukassa.ee\/et\/teenused\/ettevotlusega-alustamine\">https:\/\/www.tootukassa.ee\/et\/teenused\/ettevotlusega-alustamine<\/a>\u00a0<\/p>\n\n\n\n<p>Mida peab alustav ettev\u00f5tja teadma <a href=\"https:\/\/www.emta.ee\/eraklient\/e-teenused-maksutarkus\/maksu-ja-tollitarkus\/mida-peab-alustav-ettevotja-teadma\">https:\/\/www.emta.ee\/eraklient\/e-teenused-maksutarkus\/maksu-ja-tollitarkus\/mida-peab-alustav-ettevotja-teadma<\/a>\u00a0<\/p>\n\n\n\n<p><strong>Majandus<\/strong><\/p>\n\n\n\n<p>Eesti Ents\u00fcklopeedia. Majanduse m\u00f5isted. <a href=\"http:\/\/entsyklopeedia.ee\/kategooria\/majanduse_m%C3%B5isted\">http:\/\/entsyklopeedia.ee\/kategooria\/majanduse_m%C3%B5isted<\/a>\u00a0<\/p>\n\n\n\n<p>Cambridge Business English Dictionary https:\/\/dictionary.cambridge.org\/dictionary\/english<\/p>\n\n\n\n<p>Aktsiisid <a href=\"https:\/\/www.emta.ee\/ariklient\/maksud-ja-tasumine\/aktsiisid\">https:\/\/www.emta.ee\/ariklient\/maksud-ja-tasumine\/aktsiisid<\/a><\/p>\n\n\n\n<p>Tollimaks <a href=\"https:\/\/www.emta.ee\/ariklient\/toll-kaubavahetus\/kauba-maksustamine\/tollimaks\">https:\/\/www.emta.ee\/ariklient\/toll-kaubavahetus\/kauba-maksustamine\/tollimaks<\/a><\/p>\n\n\n\n<p>Hasartm\u00e4ngumaks <a href=\"https:\/\/www.emta.ee\/ariklient\/registreerimine-ettevotlus\/hasartmangukorraldajale\/hasartmangukorraldaja-meelespea\">https:\/\/www.emta.ee\/ariklient\/registreerimine-ettevotlus\/hasartmangukorraldajale\/hasartmangukorraldaja-meelespea<\/a><\/p>\n\n\n\n<p>K\u00e4ibemaks <a href=\"https:\/\/www.emta.ee\/ariklient\/maksud-ja-tasumine\/kaibemaks\">https:\/\/www.emta.ee\/ariklient\/maksud-ja-tasumine\/kaibemaks<\/a>\u00a0<\/p>\n\n\n\n<p>Raskeveokimaks <a href=\"https:\/\/www.emta.ee\/eraklient\/maksud-ja-tasumine\/muud-maksud\/raskeveokimaks\">https:\/\/www.emta.ee\/eraklient\/maksud-ja-tasumine\/muud-maksud\/raskeveokimaks<\/a><\/p>\n\n\n\n<p>Maamaks <a href=\"https:\/\/www.emta.ee\/eraklient\/maksud-ja-tasumine\/muud-maksud\/maamaks\">https:\/\/www.emta.ee\/eraklient\/maksud-ja-tasumine\/muud-maksud\/maamaks<\/a><\/p>\n\n\n\n<p>Sotsiaalmaks <a href=\"https:\/\/www.emta.ee\/eraklient\/maksud-ja-tasumine\/tulu-deklareerimine\/maksumaarad\">https:\/\/www.emta.ee\/eraklient\/maksud-ja-tasumine\/tulu-deklareerimine\/maksumaarad<\/a><\/p>\n\n\n\n<p><strong>Turg<\/strong><\/p>\n\n\n\n<p><a href=\"https:\/\/www.opiq.ee\/kit\/223\/chapter\/12508\">Turg ja sihtr\u00fchmad \u2013 Opiq<\/a><\/p>\n\n\n\n<p><strong>Ettev\u00f5tlusvormid<\/strong><\/p>\n\n\n\n<p>Ettev\u00f5tlusvormide v\u00f5rdlus (01.02.2023) <a href=\"https:\/\/www.eesti.ee\/et\/ettevotlus\/ettevotte-loomine\/ettevotlusvormide-vordlus\">https:\/\/www.eesti.ee\/et\/ettevotlus\/ettevotte-loomine\/ettevotlusvormide-vordlus<\/a>\u00a0<\/p>\n\n\n\n<p>FIE-ks registreerimine (02.05.2022) <a href=\"https:\/\/www.eesti.ee\/et\/ettevotlus\/ettevotte-loomine\/fieks-registreerimine\">https:\/\/www.eesti.ee\/et\/ettevotlus\/ettevotte-loomine\/fieks-registreerimine<\/a><\/p>\n\n\n\n<p>Osa\u00fchingu asutamine (01.02.2023) <a href=\"https:\/\/www.eesti.ee\/et\/ettevotlus\/ettevotte-loomine\/osauehingu-asutamine\">https:\/\/www.eesti.ee\/et\/ettevotlus\/ettevotte-loomine\/osauehingu-asutamine<\/a>\u00a0<\/p>\n\n\n\n<p>Aktsiaseltsi asutamine (14.12.2020) <a href=\"https:\/\/www.eesti.ee\/et\/ettevotlus\/ettevotte-loomine\/aktsiaseltsi-asutamine\">https:\/\/www.eesti.ee\/et\/ettevotlus\/ettevotte-loomine\/aktsiaseltsi-asutamine<\/a>\u00a0<\/p>\n\n\n\n<p>T\u00e4is\u00fchingu ja usaldus\u00fchingu asutamine (01.03.2023) <a href=\"https:\/\/www.eesti.ee\/et\/ettevotlus\/ettevotte-loomine\/taeisuehingu-ja-usaldusuehingu-asutamine\">https:\/\/www.eesti.ee\/et\/ettevotlus\/ettevotte-loomine\/taeisuehingu-ja-usaldusuehingu-asutamine<\/a><\/p>\n\n\n\n<p>Tulundus\u00fchistu asutamine (01.03.2023) <a href=\"https:\/\/www.eesti.ee\/et\/ettevotlus\/ettevotte-loomine\/tulundusuehistu-asutamine\">https:\/\/www.eesti.ee\/et\/ettevotlus\/ettevotte-loomine\/tulundusuehistu-asutamine<\/a><\/p>\n\n\n\n<p><strong>Ettev\u00f5tlusprotsess<\/strong><\/p>\n\n\n\n<p>Ettev\u00f5tlusprotsessist l\u00e4hemalt: Ettev\u00f5tluse alused, prof. T\u00f5nis Metsa videoloeng <a href=\"https:\/\/www.uttv.ee\/naita?id=17699\">https:\/\/www.uttv.ee\/naita?id=17699<\/a>\u00a0<\/p>\n\n\n\n<p>Mets, T. (2021) The entrepreneurial journey of a global start-up: the case of the open innovation platform GrabCAD. International Journal of Export Marketing, Vol. 4, No. 1, pp. 55-71 <a href=\"https:\/\/ideas.repec.org\/a\/ids\/ijexpo\/v4y2021i1p55-71.html\">https:\/\/ideas.repec.org\/a\/ids\/ijexpo\/v4y2021i1p55-71.html<\/a>\u00a0<\/p>\n\n\n\n<p><strong>Ettev\u00f5tlusp\u00e4devused<\/strong><\/p>\n\n\n\n<p>Arro, G., Jaani, J., Loogma, K., Malleus, E., Titov, E., Toding, M., T\u00e4ks, M., Venesaar, U. Ettev\u00f5tlikkuse ja ettev\u00f5tlus\u00f5ppe s\u00fcsteemne rakendamine Eestis. Tallinn, 2018 <a href=\"https:\/\/xn--ettevtluspe-jfbe.ee\/wp-content\/uploads\/2018\/12\/Raamdokument_web_3.pdf\">https:\/\/xn--ettevtluspe-jfbe.ee\/wp-content\/uploads\/2018\/12\/Raamdokument_web_3.pdf<\/a><\/p>\n\n\n\n<p>Mets, T\u00f5nis; Raudsaar, Mervi; Vahej\u00f5e, Kaire; Kaseorg, Merike; Vettik-Leemet, Piia (2022). Putting Entrepreneurial Process Competence into the Focus in Entrepreneurship Education: Experience from Estonian Universities. Administrative Sciences, 12 (2),\u00a0 1\u221223. DOI: 10.3390\/admsci12020067.\u00a0 <a href=\"https:\/\/www.mdpi.com\/2076-3387\/12\/2\/67\">https:\/\/www.mdpi.com\/2076-3387\/12\/2\/67<\/a><\/p>\n","protected":false},"excerpt":{"rendered":"<p>Ettev\u00f5tlus Ettev\u00f5tlus https:\/\/www.eesti.ee\/et\/ettevotlus\u00a0 Ettev\u00f5tlusega alustamine (Eesti T\u00f6\u00f6tukassa) https:\/\/www.tootukassa.ee\/et\/teenused\/ettevotlusega-alustamine\u00a0 Mida peab alustav ettev\u00f5tja teadma https:\/\/www.emta.ee\/eraklient\/e-teenused-maksutarkus\/maksu-ja-tollitarkus\/mida-peab-alustav-ettevotja-teadma\u00a0 Majandus Eesti Ents\u00fcklopeedia. Majanduse m\u00f5isted. http:\/\/entsyklopeedia.ee\/kategooria\/majanduse_m%C3%B5isted\u00a0 Cambridge Business English Dictionary https:\/\/dictionary.cambridge.org\/dictionary\/english Aktsiisid https:\/\/www.emta.ee\/ariklient\/maksud-ja-tasumine\/aktsiisid Tollimaks https:\/\/www.emta.ee\/ariklient\/toll-kaubavahetus\/kauba-maksustamine\/tollimaks Hasartm\u00e4ngumaks https:\/\/www.emta.ee\/ariklient\/registreerimine-ettevotlus\/hasartmangukorraldajale\/hasartmangukorraldaja-meelespea K\u00e4ibemaks https:\/\/www.emta.ee\/ariklient\/maksud-ja-tasumine\/kaibemaks\u00a0 Raskeveokimaks https:\/\/www.emta.ee\/eraklient\/maksud-ja-tasumine\/muud-maksud\/raskeveokimaks Maamaks https:\/\/www.emta.ee\/eraklient\/maksud-ja-tasumine\/muud-maksud\/maamaks Sotsiaalmaks https:\/\/www.emta.ee\/eraklient\/maksud-ja-tasumine\/tulu-deklareerimine\/maksumaarad Turg &#8230;<\/p>\n","protected":false},"author":3,"featured_media":0,"parent":8,"menu_order":0,"comment_status":"closed","ping_status":"closed","template":"","meta":{"_acf_changed":false,"inline_featured_image":false,"footnotes":""},"class_list":["post-26","page","type-page","status-publish","hentry"],"acf":[],"_links":{"self":[{"href":"https:\/\/sisu.ut.ee\/ettevotlusopik\/wp-json\/wp\/v2\/pages\/26","targetHints":{"allow":["GET"]}}],"collection":[{"href":"https:\/\/sisu.ut.ee\/ettevotlusopik\/wp-json\/wp\/v2\/pages"}],"about":[{"href":"https:\/\/sisu.ut.ee\/ettevotlusopik\/wp-json\/wp\/v2\/types\/page"}],"author":[{"embeddable":true,"href":"https:\/\/sisu.ut.ee\/ettevotlusopik\/wp-json\/wp\/v2\/users\/3"}],"replies":[{"embeddable":true,"href":"https:\/\/sisu.ut.ee\/ettevotlusopik\/wp-json\/wp\/v2\/comments?post=26"}],"version-history":[{"count":7,"href":"https:\/\/sisu.ut.ee\/ettevotlusopik\/wp-json\/wp\/v2\/pages\/26\/revisions"}],"predecessor-version":[{"id":928,"href":"https:\/\/sisu.ut.ee\/ettevotlusopik\/wp-json\/wp\/v2\/pages\/26\/revisions\/928"}],"up":[{"embeddable":true,"href":"https:\/\/sisu.ut.ee\/ettevotlusopik\/wp-json\/wp\/v2\/pages\/8"}],"wp:attachment":[{"href":"https:\/\/sisu.ut.ee\/ettevotlusopik\/wp-json\/wp\/v2\/media?parent=26"}],"curies":[{"name":"wp","href":"https:\/\/api.w.org\/{rel}","templated":true}]}}