{"id":253,"date":"2024-04-24T20:16:38","date_gmt":"2024-04-24T17:16:38","guid":{"rendered":"https:\/\/sisu.ut.ee\/ettevotlusopik\/?page_id=253"},"modified":"2026-01-27T19:01:55","modified_gmt":"2026-01-27T17:01:55","slug":"a-4-harjutusulesanded","status":"publish","type":"page","link":"https:\/\/sisu.ut.ee\/ettevotlusopik\/4-vaartuspakkumine\/a-4-harjutusulesanded\/","title":{"rendered":"\u00dclesanded"},"content":{"rendered":"<p><\/p>\n\n\n\n<p><strong>Toote v\u00e4\u00e4rtuspakkumise koostamine t\u00f6\u00f6tajale: Coffeeta \u00e4riidee<\/strong><\/p>\n\n\n\n<p><strong>\u2013 <\/strong>Loe l\u00e4bi Coffeeta \u00e4riidee l\u00fchikirjeldus<\/p>\n\n\n\n<p>Coffeeta pakub erinevaid maitsekohve, mis on pakendatud kohvikottidesse ning mida saab kasutada sarnaselt teekottidele. V\u00e4rske aroomiga maitsekohvi valmistamine v\u00f5tab vaid m\u00f5ne minuti, see on kiire, lihtne ja mugav. Turule tullakse kolme maitsekohvi sordiga: karamelli-, \u0161okolaadi-, ning piparm\u00fcndi maitsega. Toode on suunatud aktiivsele kohviinimesele, kes kas \u00f5pib, t\u00f6\u00f6tab, osaleb vabatahtlikes projektides, tegeleb ettev\u00f5tlusega v\u00f5i teeb neist tegevusest mitmeid korraga. Toode on Eesti turul uus ja v\u00f5rreldes teiste sarnaste toodetega (kohvioad, jahvatatud kohv, 2in1, 3in1, kohvi maitsesiirupid) soodsama hinnaklassiga. Tootevalik tuleb m\u00fc\u00fcgile ettev\u00f5tte veebipoes.<\/p>\n\n\n\n<p><code><div class=\"h5p-iframe-wrapper\"><div class=\"video-placeholder-wrapper video-placeholder-wrapper--fixed\" style=\"height: 366px;\">\n\t\t\t    <div class=\"video-placeholder d-flex justify-content-center align-items-center\">\n\t\t\t        <div class=\"overlay text-white p-2 w-100 text-center d-block justify-content-center align-items-center\">\n\t\t\t            <div>Kolmandate osapoolte sisu n\u00e4gemiseks palun n\u00f5ustu k\u00fcpsistega.<\/div>\n\t\t\t            <button class=\"btn btn-secondary btn-sm mt-1 consent-change\">Muuda n\u00f5usolekut<\/button>\n\t\t\t        <\/div>\n\t\t\t    <\/div>\n\t\t\t<\/div>\n<\/div><\/code><\/p>\n\n\n\n<p><strong>V\u00e4\u00e4rtuspakkumise hindamine<\/strong><\/p>\n\n\n\n<p>Kolmel noorel ettev\u00f5tjal tekkis idee rakendada enda kosmeetikaalaseid teadmisi ja hakata tootma looduskosmeetikat, valides esimesteks toodeteks alus- ja jumestuskreemid ning puudrid. Tooted on pakendatud pakenditesse, mis on nii taast\u00e4idetavad kui ka looduss\u00f5bralikud. J\u00e4rgnevalt on toodud nende v\u00e4\u00e4rtuspakkumine kliendile, partnerile ja t\u00f6\u00f6tajale.<\/p>\n\n\n\n<p>V\u00e4\u00e4rtuspakkumine:<\/p>\n\n\n\n<p>Pakume kodumaist v\u00e4rskusest pakatavat looduskosmeetikat, mis ei ole ilus ainult silmale, vaid hea ka kehale ja keskkonnale. See lahendab selle osa klientuuri probleemi, kes soovib panustada ainult eetiliselt valmistatud kodumaisesse toodangusse. Hind on vastavuses toodete k\u00f5rge kvaliteediga. Toote teeb eriliseks taast\u00e4itmise v\u00f5imalus ehk toote uuesti soetamise soovi korral on v\u00f5imalik olemasolev pakend uuesti t\u00e4ita sama tootega, tagastades selle pakiautomaadi kaudu ning selle jaoks saab tootega kaasa tagastusankeedi, mis muudab taast\u00e4itmise mugavaks ja k\u00e4ep\u00e4raseks. Pakume enda t\u00f6\u00f6tajatele s\u00e4rtsakat ja hoolivat t\u00f6\u00f6keskkonda ning kokkuhoidvat ja toetavat meeskonda. Partneritele pakume meeldivat koost\u00f6\u00f6d, reklaami ja v\u00f5imalusi laienemiseks ning edasiarenemiseks.<\/p>\n\n\n\n<p>J\u00e4rgnevalt hinda, mida konkreetselt antud v\u00e4\u00e4rtuspakkumisega soovitakse kliendile pakkuda. Seej\u00e4rel t\u00e4ienda v\u00e4\u00e4rtuspakkumist.<\/p>\n\n\n<div class=\"accordion-block mb-3\">\n\t\t<div class=\"accordion \" id=\"accordion-accordion-69e093cb99cb4\">\n\t\t\t\t\t\t\t<div class=\"accordion-item accordion-item--white\">\n\t\t\t\t\t<h2 class=\"accordion-header\" id=\"accordion-69e093cb99cb4-heading-1\">\n\t\t\t\t\t\t<button class=\"accordion-button collapsed\" type=\"button\" data-bs-toggle=\"collapse\" data-bs-target=\"#accordion-69e093cb99cb4-collapse-1\" aria-expanded=\"true\" aria-controls=\"accordion-69e093cb99cb4-collapse-1\">\n\t\t\t\t\t\t\tKommentaar\n\t\t\t\t\t\t<\/button>\n\t\t\t\t\t<\/h2>\n\t\t\t\t\t<div id=\"accordion-69e093cb99cb4-collapse-1\" class=\"accordion-collapse collapse \" aria-labelledby=\"accordion-69e093cb99cb4-heading-1\">\n\t\t\t\t\t\t<div class=\"accordion-body\">\n\t\t\t\t\t\t\t<p><span style=\"font-weight: 400;\">Kommentaar: Kliendile suunatud v\u00e4\u00e4rtuspakkumine tuleneb toodud tekstist, kus tuleb v\u00e4lja, et tegemist on nahas\u00f5braliku looduskosmeetikaga, mis on pakendatud looduss\u00f5bralikku taast\u00e4idetavasse pakendisse. Tootmisel kasutatakse esteetilist valmistusviisi, tootel on k\u00f5rge kvaliteet, mis on vastavuses k\u00f5rge hinnaga. T\u00f6\u00f6tajale suunatud v\u00e4\u00e4rtuspakkumises on toodud infot s\u00e4rtsaka ja hooliva t\u00f6\u00f6kesskonna ning toetava ja kokkuhoidva meeskonna kohta. Partnerile pakutava v\u00e4\u00e4rtusena n\u00e4hakse koost\u00f6\u00f6d, reklaami, laienemisv\u00f5imalust ja arenguv\u00f5imalust.<\/span><\/p>\n\n\t\t\t\t\t\t<\/div>\n\t\t\t\t\t<\/div>\n\t\t\t\t<\/div>\n\t\t\t\t\t<\/div>\n\t<\/div>\n\n\n\n<div class=\"h5p-iframe-wrapper\"><div class=\"video-placeholder-wrapper video-placeholder-wrapper--fixed\" style=\"height: 366px;\">\n\t\t\t    <div class=\"video-placeholder d-flex justify-content-center align-items-center\">\n\t\t\t        <div class=\"overlay text-white p-2 w-100 text-center d-block justify-content-center align-items-center\">\n\t\t\t            <div>Kolmandate osapoolte sisu n\u00e4gemiseks palun n\u00f5ustu k\u00fcpsistega.<\/div>\n\t\t\t            <button class=\"btn btn-secondary btn-sm mt-1 consent-change\">Muuda n\u00f5usolekut<\/button>\n\t\t\t        <\/div>\n\t\t\t    <\/div>\n\t\t\t<\/div>\n<\/div>\n\n\n<div class=\"accordion-block mb-3\">\n\t\t<div class=\"accordion \" id=\"accordion-accordion-69e093cb9a016\">\n\t\t\t\t\t\t\t<div class=\"accordion-item accordion-item--white\">\n\t\t\t\t\t<h2 class=\"accordion-header\" id=\"accordion-69e093cb9a016-heading-1\">\n\t\t\t\t\t\t<button class=\"accordion-button collapsed\" type=\"button\" data-bs-toggle=\"collapse\" data-bs-target=\"#accordion-69e093cb9a016-collapse-1\" aria-expanded=\"true\" aria-controls=\"accordion-69e093cb9a016-collapse-1\">\n\t\t\t\t\t\t\tMillega t\u00e4iendada v\u00e4\u00e4rtuspakkumist?\n\t\t\t\t\t\t<\/button>\n\t\t\t\t\t<\/h2>\n\t\t\t\t\t<div id=\"accordion-69e093cb9a016-collapse-1\" class=\"accordion-collapse collapse \" aria-labelledby=\"accordion-69e093cb9a016-heading-1\">\n\t\t\t\t\t\t<div class=\"accordion-body\">\n\t\t\t\t\t\t\t<p>\u00a0<\/p>\n<p><span style=\"font-weight: 400;\">Kliendile: toote k\u00e4ttesaadavus, taast\u00e4itmise protsessi mugavus.\u00a0<\/span><\/p>\n<p><span style=\"font-weight: 400;\">T\u00f6\u00f6tajale: koolitusv\u00f5imalused, arenguv\u00f5imalused, v\u00f5imalus saada ettev\u00f5tte osanikuks, v\u00f5imalus osaleda innovaatilise toote arendusprotsessis.<\/span><\/p>\n<p><span style=\"font-weight: 400;\">Partnerile: koost\u00f6\u00f6projektid, \u00fchised arendustegevused, vastastikused reklaamikampaaniad, v\u00f5imalus osaleda innovaatilise toote arendusprotsessis.<\/span><\/p>\n<p><span style=\"font-weight: 400;\">Kommentaar: Kliendile suunatud v\u00e4\u00e4rtuspakkumises v\u00f5ib t\u00e4iendavalt tuua toote k\u00e4ttesaadavuse, kuna selle kohta hetkel infot ei ole ning taast\u00e4itmise protsessi mugavuse, kuna protsessi on k\u00fcll kirjeldatud, kuid see peaks olema v\u00e4\u00e4rtuse ja mugavusena rohkem v\u00e4lja toodud. T\u00f6\u00f6tajale pakutavat v\u00e4\u00e4rtuspakkumist saab laiendada oluliselt enam, lisades juurde koolitusv\u00f5imaluse\/si, arenguv\u00f5imalusi, v\u00f5imalust saada ettev\u00f5tte osanikuks ja v\u00f5imalust osaleda innovaatilise toote arendusprotsessis. <\/span><\/p>\n\n\t\t\t\t\t\t<\/div>\n\t\t\t\t\t<\/div>\n\t\t\t\t<\/div>\n\t\t\t\t\t<\/div>\n\t<\/div>\n","protected":false},"excerpt":{"rendered":"<p>Toote v\u00e4\u00e4rtuspakkumise koostamine t\u00f6\u00f6tajale: Coffeeta \u00e4riidee \u2013 Loe l\u00e4bi Coffeeta \u00e4riidee l\u00fchikirjeldus Coffeeta pakub erinevaid maitsekohve, mis on pakendatud kohvikottidesse ning mida saab kasutada sarnaselt teekottidele. V\u00e4rske aroomiga maitsekohvi valmistamine v\u00f5tab vaid m\u00f5ne minuti, see on kiire, lihtne ja mugav. &#8230;<\/p>\n","protected":false},"author":3,"featured_media":0,"parent":239,"menu_order":0,"comment_status":"closed","ping_status":"closed","template":"","meta":{"_acf_changed":false,"inline_featured_image":false,"footnotes":""},"class_list":["post-253","page","type-page","status-publish","hentry"],"acf":[],"_links":{"self":[{"href":"https:\/\/sisu.ut.ee\/ettevotlusopik\/wp-json\/wp\/v2\/pages\/253","targetHints":{"allow":["GET"]}}],"collection":[{"href":"https:\/\/sisu.ut.ee\/ettevotlusopik\/wp-json\/wp\/v2\/pages"}],"about":[{"href":"https:\/\/sisu.ut.ee\/ettevotlusopik\/wp-json\/wp\/v2\/types\/page"}],"author":[{"embeddable":true,"href":"https:\/\/sisu.ut.ee\/ettevotlusopik\/wp-json\/wp\/v2\/users\/3"}],"replies":[{"embeddable":true,"href":"https:\/\/sisu.ut.ee\/ettevotlusopik\/wp-json\/wp\/v2\/comments?post=253"}],"version-history":[{"count":9,"href":"https:\/\/sisu.ut.ee\/ettevotlusopik\/wp-json\/wp\/v2\/pages\/253\/revisions"}],"predecessor-version":[{"id":1065,"href":"https:\/\/sisu.ut.ee\/ettevotlusopik\/wp-json\/wp\/v2\/pages\/253\/revisions\/1065"}],"up":[{"embeddable":true,"href":"https:\/\/sisu.ut.ee\/ettevotlusopik\/wp-json\/wp\/v2\/pages\/239"}],"wp:attachment":[{"href":"https:\/\/sisu.ut.ee\/ettevotlusopik\/wp-json\/wp\/v2\/media?parent=253"}],"curies":[{"name":"wp","href":"https:\/\/api.w.org\/{rel}","templated":true}]}}