{"id":251,"date":"2024-04-24T20:16:19","date_gmt":"2024-04-24T17:16:19","guid":{"rendered":"https:\/\/sisu.ut.ee\/ettevotlusopik\/?page_id=251"},"modified":"2025-10-03T15:39:00","modified_gmt":"2025-10-03T12:39:00","slug":"naide-4-nutikas-noel-sonastab-toote-vaartuspakkumise-kliendile-tootajale-ja-partnerile","status":"publish","type":"page","link":"https:\/\/sisu.ut.ee\/ettevotlusopik\/4-vaartuspakkumine\/naide-4-nutikas-noel-sonastab-toote-vaartuspakkumise-kliendile-tootajale-ja-partnerile\/","title":{"rendered":"N\u00c4IDE 3. Nutika N\u00f5ela v\u00e4\u00e4rtuspakkumine"},"content":{"rendered":"<p><\/p>\n\n\n\n<p>V\u00e4\u00e4rtuspakkumise loomisel tugines meeskond oma neljale esimesele tootele, j\u00e4ttes eritellimusel valmistatavad tooted v\u00e4\u00e4rtuspakkumise s\u00f5nastamisel v\u00e4lja seoses nende keerukuse ja erilisusega.<\/p>\n\n\n\n<p><a><\/a>Nutika N\u00f5ela toodete v\u00e4\u00e4rtuspakkumiseks on toodete originaalne disain, keskkonnas\u00e4\u00e4stlikkus, l\u00e4bim\u00f5eldud funktsionaalsus ja personaalsus. Iga toode on unikaalne ja personaalne, pakkudes kordumatut lahendust.<\/p>\n\n\n\n<p><a><\/a>L\u00e4htuvalt t\u00f6\u00f6tajate vajadustest ja vastavalt omavahelisele kokkuleppele ettev\u00f5tte t\u00f6\u00f6tajatega pakutakse paindliku t\u00f6\u00f6aja v\u00f5imalust. Ettev\u00f5tte v\u00f5imaluste suurenedes saab omavahelisi kokkuleppeid muuta, nt suurendada koolitusv\u00f5imalusi ja osalemisi erinevatel messidel.<\/p>\n\n\n\n<p><a><\/a>Nutikas N\u00f5el pakub oma t\u00f6\u00f6tajatele v\u00f5imalust osaleda toodete disainimisel ja funktsionaalsete lahenduste pakkumisel. Ettev\u00f5tte t\u00f6\u00f6tajal on v\u00f5imalus osaleda loomisprotsessis, arendada isiklikke oskusi ja teadmisi erinevate koolituste ja kaast\u00f6\u00f6de tegemise kaudu. Lisaks professionaalsele arengule pakub ettev\u00f5te v\u00f5imalusi tegeleda eneset\u00e4ienduse v\u00f5i moen\u00e4ituste k\u00fclastamisega, v\u00f5imaldades selleks vaba t\u00f6\u00f6aega (2 kuni 4 tundi n\u00e4dalas). Loova vaimu eeliseks on hea f\u00fc\u00fcsis, seega pakub ettev\u00f5te sportimisv\u00f5imalusi ning \u00fchis\u00fcritusi, seda alates teisest tegevusaastast.<\/p>\n\n\n\n<p><a><\/a>Nutika N\u00f5ela v\u00e4\u00e4rtuspakkumine oma partneritele on v\u00f5imalus olla osa ringmajanduslikust tootmis- ja jaotusviisist, v\u00f5imaldades sellega anda oma panust keskkonnahoidu. Oma partneritele pakutakse v\u00f5imalust m\u00f6\u00f6blit\u00f6\u00f6stuse j\u00e4\u00e4tmete \u00e4rakasutamiseks ja sellega seoses ettev\u00f5tte \u00f6koloogilise jalaj\u00e4lje v\u00e4hendamiseks ning k\u00f5ige v\u00e4iksema s\u00fcsinikujalaj\u00e4ljega transpordiviiside valimiseks. Lisaks avaldub v\u00e4\u00e4rtuspakkumine \u00fchises turundustegevuses ning \u00fchises looduss\u00e4\u00e4stlikumas kuvandis.<\/p>\n\n\n\n<p><\/p>\n\n\n\n<details class=\"wp-block-details is-layout-flow wp-block-details-is-layout-flow\"><summary><strong>Eksperdi kommentaar:<\/strong><\/summary>\n<p>S\u00f5ltuvalt t\u00f6\u00f6tajatest v\u00f5ib olla t\u00f6\u00f6taja jaoks v\u00e4\u00e4rtuseks nt paindlik t\u00f6\u00f6aeg, mis t\u00e4hendab, et inimene v\u00f5ib m\u00f5nel p\u00e4eval tulla t\u00f6\u00f6le varem ja lahkuda varem, teisel p\u00e4eval tulla hiljem ja lahkuda ka hiljem. Samuti nt k\u00e4ia lastega t\u00f6\u00f6ajast arsti juures vms. M\u00f5ned t\u00f6\u00f6tajad v\u00f5ivad v\u00e4\u00e4rtustada ka preemiat heade tulemuste eest, seltskondlikele inimestele meeldivad ettev\u00f5tte poolt korraldatavad \u00fchis\u00fcritused.<\/p>\n<\/details>\n","protected":false},"excerpt":{"rendered":"<p>V\u00e4\u00e4rtuspakkumise loomisel tugines meeskond oma neljale esimesele tootele, j\u00e4ttes eritellimusel valmistatavad tooted v\u00e4\u00e4rtuspakkumise s\u00f5nastamisel v\u00e4lja seoses nende keerukuse ja erilisusega. Nutika N\u00f5ela toodete v\u00e4\u00e4rtuspakkumiseks on toodete originaalne disain, keskkonnas\u00e4\u00e4stlikkus, l\u00e4bim\u00f5eldud funktsionaalsus ja personaalsus. Iga toode on unikaalne ja personaalne, pakkudes &#8230;<\/p>\n","protected":false},"author":3,"featured_media":0,"parent":239,"menu_order":0,"comment_status":"closed","ping_status":"closed","template":"","meta":{"_acf_changed":false,"inline_featured_image":false,"footnotes":""},"class_list":["post-251","page","type-page","status-publish","hentry"],"acf":[],"_links":{"self":[{"href":"https:\/\/sisu.ut.ee\/ettevotlusopik\/wp-json\/wp\/v2\/pages\/251","targetHints":{"allow":["GET"]}}],"collection":[{"href":"https:\/\/sisu.ut.ee\/ettevotlusopik\/wp-json\/wp\/v2\/pages"}],"about":[{"href":"https:\/\/sisu.ut.ee\/ettevotlusopik\/wp-json\/wp\/v2\/types\/page"}],"author":[{"embeddable":true,"href":"https:\/\/sisu.ut.ee\/ettevotlusopik\/wp-json\/wp\/v2\/users\/3"}],"replies":[{"embeddable":true,"href":"https:\/\/sisu.ut.ee\/ettevotlusopik\/wp-json\/wp\/v2\/comments?post=251"}],"version-history":[{"count":5,"href":"https:\/\/sisu.ut.ee\/ettevotlusopik\/wp-json\/wp\/v2\/pages\/251\/revisions"}],"predecessor-version":[{"id":939,"href":"https:\/\/sisu.ut.ee\/ettevotlusopik\/wp-json\/wp\/v2\/pages\/251\/revisions\/939"}],"up":[{"embeddable":true,"href":"https:\/\/sisu.ut.ee\/ettevotlusopik\/wp-json\/wp\/v2\/pages\/239"}],"wp:attachment":[{"href":"https:\/\/sisu.ut.ee\/ettevotlusopik\/wp-json\/wp\/v2\/media?parent=251"}],"curies":[{"name":"wp","href":"https:\/\/api.w.org\/{rel}","templated":true}]}}