{"id":249,"date":"2024-04-24T20:15:55","date_gmt":"2024-04-24T17:15:55","guid":{"rendered":"https:\/\/sisu.ut.ee\/ettevotlusopik\/?page_id=249"},"modified":"2025-10-03T15:38:33","modified_gmt":"2025-10-03T12:38:33","slug":"4-2-vaartuspakkumise-louend","status":"publish","type":"page","link":"https:\/\/sisu.ut.ee\/ettevotlusopik\/4-vaartuspakkumine\/4-2-vaartuspakkumise-louend\/","title":{"rendered":"V\u00e4\u00e4rtuspakkumise l\u00f5uend"},"content":{"rendered":"<p><\/p>\n\n\n\n<p>V\u00e4\u00e4rtuspakkumise l\u00f5uend t\u00f6\u00f6riistana aitab s\u00f5nastada ettev\u00f5tte v\u00e4\u00e4rtuste loomist, edastamist ja talletamist. \u00c4rimudeli l\u00f5uend ja v\u00e4\u00e4rtuspakkumise l\u00f5uend sobituvad omavahel t\u00e4ielikult, kuna v\u00e4\u00e4rtuspakkumise l\u00f5uendis vaadeldakse l\u00e4hemalt kahte osa \u00fcheksast: v\u00e4\u00e4rtuspakkumist ja kliendisegmente. V\u00e4\u00e4rtuspakkumist vaadeldakse siinkohal kui toodetest koosneva paketina, millega luuakse kliendisegmendile ehk inimr\u00fchmadele ja\/v\u00f5i organisatsioonidele v\u00e4\u00e4rtust. Seega koosneb v\u00e4\u00e4rtuspakkumise l\u00f5uend kahest osast: v\u00e4\u00e4rtuskaardist ja kliendiprofiilist (vt joonis 5).<\/p>\n\n\n\n<figure class=\"wp-block-image aligncenter size-full\"><img loading=\"lazy\" decoding=\"async\" width=\"1017\" height=\"386\" src=\"https:\/\/sisu.ut.ee\/wp-content\/uploads\/sites\/703\/louend.png\" alt=\"\" class=\"wp-image-753\" srcset=\"https:\/\/sisu.ut.ee\/wp-content\/uploads\/sites\/703\/louend.png 1017w, https:\/\/sisu.ut.ee\/wp-content\/uploads\/sites\/703\/louend-300x114.png 300w, https:\/\/sisu.ut.ee\/wp-content\/uploads\/sites\/703\/louend-768x291.png 768w\" sizes=\"auto, (max-width: 1017px) 100vw, 1017px\"><\/figure>\n\n\n\n<p><strong>Joonis 5.<\/strong> V\u00e4\u00e4rtuskaart (Allikas: Osterwalder et al., 2019)<\/p>\n\n\n\n<p>V\u00e4\u00e4rtuskaardi ja kliendiprofiili vahel peab tekkima sobivus ehk olukord, kus v\u00e4\u00e4rtuskaart sobitub kliendiprofiiliga \u2013 tooted peavad looma probleemilahendusi ja kasuloojaid, mis V\u00e4\u00e4rtuskaardi ja kliendiprofiili vahel peab tekkima sobivus ehk olukord, kus v\u00e4\u00e4rtuskaart sobitub kliendiprofiiliga \u2013 tooted peavad looma probleemilahendusi ja kasuloojaid, mis klapivad \u00fche v\u00f5i enama kliendile olulise \u00fclesande, probleemi v\u00f5i kasuga.<\/p>\n\n\n\n<p><strong>V\u00e4\u00e4rtus(pakkumise)kaardil<\/strong> vaadeldakse \u00e4rimudelis \u00fchte konkreetset v\u00e4\u00e4rtuspakkumist, kirjeldades selle elemente struktuurselt ja \u00fcksikasjalikult. V\u00e4\u00e4rtuskaardil tuuakse v\u00e4lja v\u00e4\u00e4rtuspakkumise tooted, probleemilahendused ja kuidas kliendile kasu luuakse (kasuloojad).<\/p>\n\n\n\n<ul class=\"wp-block-list\">\n<li><strong>Toodete <\/strong>lahtris tuuakse nimekiri k\u00f5ikidest toodetest, millele v\u00e4\u00e4rtuspakkumine tugineb.<\/li>\n\n\n\n<li><strong>Probleemilahendused<\/strong> n\u00e4itavad, kuidas tooted aitavad lahendada kliendi probleeme.<\/li>\n\n\n\n<li><strong>Kasuloojate<\/strong> lahtris kirjeldatakse, kuidas tooted aitavad kliendile kasu luua.<\/li>\n<\/ul>\n\n\n\n<p><strong>Kliendi(segmendi)profiilis <\/strong>kirjeldatakse struktuurselt ja \u00fcksikasjalikult \u00e4rimudeli \u00fchte konkreetset kliendisegmenti, eristades kliendi\u00fclesandeid, -probleeme ja \u2013kasusid.<\/p>\n\n\n\n<ul class=\"wp-block-list\">\n<li><strong>Kliendi\u00fclesanded <\/strong>on kliendi enda kirjeldus selle kohta, mida ta t\u00f6\u00f6l ja eraelus saavutada soovib.<\/li>\n\n\n\n<li><strong>Probleemid<\/strong> kirjeldavad kliendi\u00fclesannetega seotud riske ja takistusi.<\/li>\n\n\n\n<li><strong>Kasud<\/strong> n\u00e4itavad tulemust, mida kliendid soovivad saavutada v\u00f5i konkreetseid kasutegureid, mida nad otsivad (Osterwalder &amp; Pigneur, 2019).<\/li>\n<\/ul>\n\n\n\n<p>V\u00e4\u00e4rtuspakkumise l\u00f5uendi t\u00e4itmisel tasub kaasata potentsiaalseid kliente, viies l\u00e4bi n\u00e4iteks kasutajaintervjuusid v\u00f5i -k\u00fcsitlusi. Sel viisil on v\u00f5imalik leida parim toote ja kasutaja sobivus ning leida tulevasi arenduskohti v\u00f5i uusi kliendisegmente.<\/p>\n\n\n\n<p>V\u00e4\u00e4rtuspakkumine on v\u00e4\u00e4rtus, mida ettev\u00f5te oma toodetega kliendile pakub. Siinkohal on oluline m\u00f5ista, kes on klient (eraisik, organisatsioon v\u00f5i valitsus), milliseid probleeme sa kliendi jaoks lahendad ja milles kliendi jaoks v\u00e4\u00e4rtus seisneb. V\u00e4\u00e4rtuspakkumise l\u00f5uend on visuaalne t\u00f6\u00f6riist, mis v\u00f5imaldab m\u00f5ista, kuidas ettev\u00f5te loob, talletab ja edastab v\u00e4\u00e4rtust.<\/p>\n","protected":false},"excerpt":{"rendered":"<p>V\u00e4\u00e4rtuspakkumise l\u00f5uend t\u00f6\u00f6riistana aitab s\u00f5nastada ettev\u00f5tte v\u00e4\u00e4rtuste loomist, edastamist ja talletamist. \u00c4rimudeli l\u00f5uend ja v\u00e4\u00e4rtuspakkumise l\u00f5uend sobituvad omavahel t\u00e4ielikult, kuna v\u00e4\u00e4rtuspakkumise l\u00f5uendis vaadeldakse l\u00e4hemalt kahte osa \u00fcheksast: v\u00e4\u00e4rtuspakkumist ja kliendisegmente. V\u00e4\u00e4rtuspakkumist vaadeldakse siinkohal kui toodetest koosneva paketina, millega luuakse kliendisegmendile &#8230;<\/p>\n","protected":false},"author":3,"featured_media":0,"parent":239,"menu_order":0,"comment_status":"closed","ping_status":"closed","template":"","meta":{"_acf_changed":false,"inline_featured_image":false,"footnotes":""},"class_list":["post-249","page","type-page","status-publish","hentry"],"acf":[],"_links":{"self":[{"href":"https:\/\/sisu.ut.ee\/ettevotlusopik\/wp-json\/wp\/v2\/pages\/249","targetHints":{"allow":["GET"]}}],"collection":[{"href":"https:\/\/sisu.ut.ee\/ettevotlusopik\/wp-json\/wp\/v2\/pages"}],"about":[{"href":"https:\/\/sisu.ut.ee\/ettevotlusopik\/wp-json\/wp\/v2\/types\/page"}],"author":[{"embeddable":true,"href":"https:\/\/sisu.ut.ee\/ettevotlusopik\/wp-json\/wp\/v2\/users\/3"}],"replies":[{"embeddable":true,"href":"https:\/\/sisu.ut.ee\/ettevotlusopik\/wp-json\/wp\/v2\/comments?post=249"}],"version-history":[{"count":7,"href":"https:\/\/sisu.ut.ee\/ettevotlusopik\/wp-json\/wp\/v2\/pages\/249\/revisions"}],"predecessor-version":[{"id":937,"href":"https:\/\/sisu.ut.ee\/ettevotlusopik\/wp-json\/wp\/v2\/pages\/249\/revisions\/937"}],"up":[{"embeddable":true,"href":"https:\/\/sisu.ut.ee\/ettevotlusopik\/wp-json\/wp\/v2\/pages\/239"}],"wp:attachment":[{"href":"https:\/\/sisu.ut.ee\/ettevotlusopik\/wp-json\/wp\/v2\/media?parent=249"}],"curies":[{"name":"wp","href":"https:\/\/api.w.org\/{rel}","templated":true}]}}