{"id":24,"date":"2024-04-19T12:55:50","date_gmt":"2024-04-19T09:55:50","guid":{"rendered":"https:\/\/sisu.ut.ee\/ettevotlusopik\/?page_id=24"},"modified":"2026-02-02T09:47:18","modified_gmt":"2026-02-02T07:47:18","slug":"0-6-arimudeli-koostamine-toetudes-ettevotlusprotsessile-ja-ettevotluspadevuse-mudelile","status":"publish","type":"page","link":"https:\/\/sisu.ut.ee\/ettevotlusopik\/0-ettevotluse-pohimoisted\/0-6-arimudeli-koostamine-toetudes-ettevotlusprotsessile-ja-ettevotluspadevuse-mudelile\/","title":{"rendered":"\u00c4rimudeli koostamine toetudes ettev\u00f5tlusprotsessile ja ettev\u00f5tlusp\u00e4devuse mudelile"},"content":{"rendered":"<p><strong>Idee v\u00f5i v\u00f5imaluse leidmine<\/strong><\/p>\n\n\n\n<p>Juba enne \u00e4rimudeli koostamise algust tuleb arvestada, et koostaja eelnevad teadmised, v\u00f5imed ja motivatsioon ning samuti ressursside olemasolu loovad valmisoleku ja eelduse edukaks \u00e4rimudeli koostamiseks.<\/p>\n\n\n\n<p>J\u00e4rgmiseks sammuks ongi ideede v\u00e4ljam\u00f5tlemine v\u00f5i ka ettev\u00f5tlusv\u00f5imaluste hindamine. Selleks on vajalik informatsiooni kogumine probleemide, konkurentide, turgude, tehnoloogiate ja strateegiate kohta ning hinnata ideede ja v\u00f5imaluste headust. Edasi tasub liikuda k\u00f5ige paljulubavamate ideede v\u00f5i v\u00f5imalustega. Ideede ja v\u00f5imaluste hindamisel tuleb arvestada \u00e4rimudeli koostaja eelnevaid teadmisi, v\u00f5imeid, motivatsiooni, ettev\u00f5tluskeskkonda ning meeskonna olemasolul ka nende vajadusi. Kui on olemas valmisolek \u00e4riidee v\u00f5i v\u00f5imaluse arendamiseks, saab edasi liikuda j\u00e4rgmisele sammule.<\/p>\n\n\n\n<p><strong>Idee v\u00f5i v\u00f5imaluse valimine ja arendamine<\/strong><\/p>\n\n\n\n<p>Paljulubavamate ideede v\u00f5i v\u00f5imaluste valimisel on oluline arvesse v\u00f5tta ettev\u00f5tluskeskkonna kohta kogutud infot arvesse v\u00f5ttes. Samuti tuleb valikul l\u00e4htuda \u00e4rimudeli koostaja eelnevatest teadmistest, kogemustest, oskustest jt ressurssidest koos turu vajadustega. Selles protsessis t\u00e4iustatakse ideed v\u00f5i v\u00f5imalust ning valitakse parim plaan selle elluviimiseks. Selles etapis toimub esialgne idee v\u00f5i v\u00f5imaluse arendamine ja hindamine personaalsel ja kasumlikkuse tasandil.<\/p>\n\n\n\n<p><strong>Idee sisuline arendamine<\/strong><\/p>\n\n\n\n<p>Toimub idee v\u00f5i v\u00f5imaluse sisuline arendamine, lisaks valmib selles etapis lahendus protot\u00fc\u00fcbi v\u00f5i teenuse kirjeldusena. Sellele j\u00e4rgneb tavaliselt toote v\u00f5i teenuse tutvustamine esmastele klientidele v\u00f5i v\u00f5imaluse pakkumine piiratud mahus. Eesm\u00e4rgiks on klientidelt v\u00f5i turult esmase tagaiside kogumine.<\/p>\n\n\n\n<p>\u00c4rimudeli koostamine on protsess, mida on v\u00f5imalik ja vajalik l\u00e4bida palju kordi, sest valitud ideest s\u00f5ltuvalt tuleb iga kord \u00e4rimudeli koostamise protsess uuesti l\u00e4bi, saades erineva tulemuse. \u00c4rimudeli koostamiseks on vajalik teha palju erinevaid valikuid, kus ei ole \u00f5igeid v\u00f5i valesid variante, vaid tehtud valikud muudavad l\u00f5pptulemust ehk \u00e4rimudelit. Seejuures s\u00f5ltub l\u00f5pptulemus igast \u00e4rimudeli osast (sh \u00e4riideest) ja ka \u00e4rimudeli koostamise protsessist, teadmistest, oskustest (sh info kogumise ja anal\u00fc\u00fcsimise, eelarve koostamise ning enesev\u00e4ljendusoskusest). Samuti on oluline, et \u00e4rimudelis tehtud valikud ei oleks juhuslikud, vaid h\u00e4sti p\u00f5hjendatud ning\u00a0 p\u00f5hineksid tehtud anal\u00fc\u00fcsidel. Nii on v\u00f5imalik algselt tehtud \u00e4rimudelit ka edasi arendada, kui m\u00f5nda \u00e4rimudeli osa on vaja muuta v\u00f5i muutub \u00e4rimudelit \u00fcmbritsev ettev\u00f5tluskeskkond (turud, seadusandlus, ettev\u00f5tluspiirangud, tooraine, klientide eelistuste ja vajaduste muutumine, partnerite v\u00f5i tehnoloogiate muutumine jne).\u00a0<\/p>\n\n\n\n<p>\u00c4rimudeli arendamisel on oluline ka pideva tagasiside saamine ja tagasip\u00f6\u00f6rdumine v\u00f5i juba v\u00e4lja m\u00f5eldud\/kirja pandud \u00e4rimudeli osade t\u00e4iendamine ja muutmine saadud uuest infost v\u00f5i saadud tagasisidest l\u00e4htuvalt. Ka reaalse ettev\u00f5tlusega alustamisel on otstarbekas v\u00f5i vajalik \u00e4riplaani koostamine, milleks ettev\u00f5tlus\u00f5pe annab \u00e4rimudeli koostamist harjutades juba vajalikud teadmised, kogemuse ja v\u00f5imaluse ka harjutamiseks, tagasiside saamiseks. \u00c4rimudeli koostamisel v\u00f5ivad tekkida vead, kui \u00e4rimudeli koostamisel l\u00e4htutakse valedest eeldustest. Seega ei ole v\u00f5imalik \u00e4rimudeli tegelikku toimivust hinnata enne reaalse ettev\u00f5tlusega alustamist (IV ettev\u00f5tlusprotsessi etapp), nt protot\u00fc\u00fcbi toimimine, klientide ootused.<\/p>\n","protected":false},"excerpt":{"rendered":"<p>Idee v\u00f5i v\u00f5imaluse leidmine Juba enne \u00e4rimudeli koostamise algust tuleb arvestada, et koostaja eelnevad teadmised, v\u00f5imed ja motivatsioon ning samuti ressursside olemasolu loovad valmisoleku ja eelduse edukaks \u00e4rimudeli koostamiseks. J\u00e4rgmiseks sammuks ongi ideede v\u00e4ljam\u00f5tlemine v\u00f5i ka ettev\u00f5tlusv\u00f5imaluste hindamine. Selleks on &#8230;<\/p>\n","protected":false},"author":3,"featured_media":0,"parent":8,"menu_order":0,"comment_status":"closed","ping_status":"closed","template":"","meta":{"_acf_changed":false,"inline_featured_image":false,"footnotes":""},"class_list":["post-24","page","type-page","status-publish","hentry"],"acf":[],"_links":{"self":[{"href":"https:\/\/sisu.ut.ee\/ettevotlusopik\/wp-json\/wp\/v2\/pages\/24","targetHints":{"allow":["GET"]}}],"collection":[{"href":"https:\/\/sisu.ut.ee\/ettevotlusopik\/wp-json\/wp\/v2\/pages"}],"about":[{"href":"https:\/\/sisu.ut.ee\/ettevotlusopik\/wp-json\/wp\/v2\/types\/page"}],"author":[{"embeddable":true,"href":"https:\/\/sisu.ut.ee\/ettevotlusopik\/wp-json\/wp\/v2\/users\/3"}],"replies":[{"embeddable":true,"href":"https:\/\/sisu.ut.ee\/ettevotlusopik\/wp-json\/wp\/v2\/comments?post=24"}],"version-history":[{"count":10,"href":"https:\/\/sisu.ut.ee\/ettevotlusopik\/wp-json\/wp\/v2\/pages\/24\/revisions"}],"predecessor-version":[{"id":1139,"href":"https:\/\/sisu.ut.ee\/ettevotlusopik\/wp-json\/wp\/v2\/pages\/24\/revisions\/1139"}],"up":[{"embeddable":true,"href":"https:\/\/sisu.ut.ee\/ettevotlusopik\/wp-json\/wp\/v2\/pages\/8"}],"wp:attachment":[{"href":"https:\/\/sisu.ut.ee\/ettevotlusopik\/wp-json\/wp\/v2\/media?parent=24"}],"curies":[{"name":"wp","href":"https:\/\/api.w.org\/{rel}","templated":true}]}}