{"id":235,"date":"2024-04-24T20:11:24","date_gmt":"2024-04-24T17:11:24","guid":{"rendered":"https:\/\/sisu.ut.ee\/ettevotlusopik\/?page_id=235"},"modified":"2025-10-06T10:17:39","modified_gmt":"2025-10-06T07:17:39","slug":"a-3-harjutusulesanded","status":"publish","type":"page","link":"https:\/\/sisu.ut.ee\/ettevotlusopik\/kliendianaluus\/a-3-harjutusulesanded\/","title":{"rendered":"\u00dclesanded"},"content":{"rendered":"<p><\/p>\n\n\n\n<p>Loe l\u00e4bi J\u00e4\u00e4guR\u00f5\u00f5m \u00e4riidee l\u00fchikirjeldus ja seej\u00e4rel nende poolt koostatud potentsiaalsete kliendigruppide kirjeldused.<\/p>\n\n\n\n<p>J\u00e4\u00e4guR\u00f5\u00f5m \u00e4riideeks on valmistada eridisainiga T-s\u00e4rke taaskasutatud materjalidest. Materjalidena planeeritakse kasutada t\u00f6\u00f6stusj\u00e4\u00e4kidest ja vanade riiete \u00fcmbert\u00f6\u00f6tlemisest saadavat puuvillast materjali ja pol\u00fcestrit, mis on toodetud plastikj\u00e4\u00e4tmetest. T-s\u00e4rgid on suunatud k\u00f5igile tarbijatele (nii lastele kui t\u00e4iskasvanutele), kes hoolivad keskkonnast ja tahavad selle s\u00e4\u00e4stmiseks midagi \u00e4ra teha, samal ajal j\u00e4lgides moodi ja p\u00fc\u00fcdes leida uuenduslikke disaine.<\/p>\n\n\n\n<p>J\u00e4rgnevalt tutvu J\u00e4\u00e4guR\u00f5\u00f5m meeskonna poolt kaardistatud potentsiaalsete kliendir\u00fchmadega.<\/p>\n\n\n\n<p><code><div class=\"h5p-iframe-wrapper\"><div class=\"video-placeholder-wrapper video-placeholder-wrapper--fixed\" style=\"height: 366px;\">\n\t\t\t    <div class=\"video-placeholder d-flex justify-content-center align-items-center\">\n\t\t\t        <div class=\"overlay text-white p-2 w-100 text-center d-block justify-content-center align-items-center\">\n\t\t\t            <div>Kolmandate osapoolte sisu n\u00e4gemiseks palun n\u00f5ustu k\u00fcpsistega.<\/div>\n\t\t\t            <button class=\"btn btn-secondary btn-sm mt-1 consent-change\">Muuda n\u00f5usolekut<\/button>\n\t\t\t        <\/div>\n\t\t\t    <\/div>\n\t\t\t<\/div>\n<\/div><\/code><br><\/p>\n","protected":false},"excerpt":{"rendered":"<p>Loe l\u00e4bi J\u00e4\u00e4guR\u00f5\u00f5m \u00e4riidee l\u00fchikirjeldus ja seej\u00e4rel nende poolt koostatud potentsiaalsete kliendigruppide kirjeldused. J\u00e4\u00e4guR\u00f5\u00f5m \u00e4riideeks on valmistada eridisainiga T-s\u00e4rke taaskasutatud materjalidest. Materjalidena planeeritakse kasutada t\u00f6\u00f6stusj\u00e4\u00e4kidest ja vanade riiete \u00fcmbert\u00f6\u00f6tlemisest saadavat puuvillast materjali ja pol\u00fcestrit, mis on toodetud plastikj\u00e4\u00e4tmetest. T-s\u00e4rgid on &#8230;<\/p>\n","protected":false},"author":3,"featured_media":0,"parent":217,"menu_order":0,"comment_status":"closed","ping_status":"closed","template":"","meta":{"_acf_changed":false,"inline_featured_image":false,"footnotes":""},"class_list":["post-235","page","type-page","status-publish","hentry"],"acf":[],"_links":{"self":[{"href":"https:\/\/sisu.ut.ee\/ettevotlusopik\/wp-json\/wp\/v2\/pages\/235","targetHints":{"allow":["GET"]}}],"collection":[{"href":"https:\/\/sisu.ut.ee\/ettevotlusopik\/wp-json\/wp\/v2\/pages"}],"about":[{"href":"https:\/\/sisu.ut.ee\/ettevotlusopik\/wp-json\/wp\/v2\/types\/page"}],"author":[{"embeddable":true,"href":"https:\/\/sisu.ut.ee\/ettevotlusopik\/wp-json\/wp\/v2\/users\/3"}],"replies":[{"embeddable":true,"href":"https:\/\/sisu.ut.ee\/ettevotlusopik\/wp-json\/wp\/v2\/comments?post=235"}],"version-history":[{"count":12,"href":"https:\/\/sisu.ut.ee\/ettevotlusopik\/wp-json\/wp\/v2\/pages\/235\/revisions"}],"predecessor-version":[{"id":1008,"href":"https:\/\/sisu.ut.ee\/ettevotlusopik\/wp-json\/wp\/v2\/pages\/235\/revisions\/1008"}],"up":[{"embeddable":true,"href":"https:\/\/sisu.ut.ee\/ettevotlusopik\/wp-json\/wp\/v2\/pages\/217"}],"wp:attachment":[{"href":"https:\/\/sisu.ut.ee\/ettevotlusopik\/wp-json\/wp\/v2\/media?parent=235"}],"curies":[{"name":"wp","href":"https:\/\/api.w.org\/{rel}","templated":true}]}}