{"id":233,"date":"2024-04-24T20:11:04","date_gmt":"2024-04-24T17:11:04","guid":{"rendered":"https:\/\/sisu.ut.ee\/ettevotlusopik\/?page_id=233"},"modified":"2026-02-02T10:35:24","modified_gmt":"2026-02-02T08:35:24","slug":"naide-3-nutikas-noel-kirjeldab-enda-toote-kliendigruppe","status":"publish","type":"page","link":"https:\/\/sisu.ut.ee\/ettevotlusopik\/kliendianaluus\/naide-3-nutikas-noel-kirjeldab-enda-toote-kliendigruppe\/","title":{"rendered":"N\u00c4IDE 2. Nutika N\u00f5ela kliendid"},"content":{"rendered":"<p><\/p>\n\n\n\n<p>Meeskond l\u00e4htus kliendianal\u00fc\u00fcsi koostamisel \u00fcldisest l\u00e4henemisest kliendianal\u00fc\u00fcsile. Selleks m\u00e4\u00e4ratleti esmalt tooted, mille tootmisega planeeritakse alustada, seej\u00e4rel nende toodete potentsiaalsed kliendid, kelle hulgast valiti l\u00f5puks v\u00e4lja kolm k\u00f5ige potentsiaalsemat. Empaatiakaardi koostamiseks valiti v\u00e4lja potentsiaalseim kliendir\u00fchm ning loodi sellele kliendir\u00fchmale ideaalklient, keda empaatiakaarti kasutades anal\u00fc\u00fcsiti.<\/p>\n\n\n\n<p class=\"has-primary-color has-text-color has-link-color wp-elements-773dde47930435b39fd51835988672f0\">Meeskond valis kliendianal\u00fc\u00fcsi koostamiseks v\u00e4lja viis toodet, millega planeeritakse alustada:<\/p>\n\n\n\n<p>\u25cf pesemistarvikute funktsionaalne kott;<\/p>\n\n\n\n<p>\u25cf pinal koos akupangaga;<\/p>\n\n\n\n<p>\u25cf selja- ja \u00f5lakott;<\/p>\n\n\n\n<p>\u25cf eritellimusel kotilahendused;<\/p>\n\n\n\n<p>\u25cf ettev\u00f5tte logoga reklaamkingid, nt akupangaga pinal, s\u00fclearvutitasku, selja- ja \u00f5lakott.<\/p>\n\n\n\n<p>L\u00e4htuvalt toodetest, millega planeeritakse turule tulla, otsustati esmalt m\u00e4\u00e4ratleda, kes on nendele toodetele potentsiaalsed kliendir\u00fchmad. J\u00e4rgnevalt on toodud seitse peamist kliendir\u00fchma.<\/p>\n\n\n\n<p>a) T\u00f6\u00f6ealised inimesed, keda huvitab reisimine, matkamine, sportimine. Neile suunatud tooted on selja-\u00f5lakott (t\u00f6\u00f6le, reisidele, matkale, sportimiseks jne) ja pesemistarvikute kott (reisidele, sportimiseks jne).<\/p>\n\n\n\n<p>b) Lapsevanemad, kellel on kooliealised lapsed. Neile suunatud tooted on akupangaga pinal (kooli) ja pesemistarvikute kott (kehalises kasvatuses ja spordiringides osalemiseks).<\/p>\n\n\n\n<p>c) \u00dcli\u00f5pilased. Neile suunatud tooted on akupangaga pinal, selja- ja \u00f5lakott, pesemistarvikute kott (\u00f5ppimiseks, sportimiseks ja vaba aja veetmiseks).<\/p>\n\n\n\n<p>d) Ettev\u00f5tted. Neile suunatud tooted on akupangaga pinal, arvutitaskud, selja- ja \u00f5lakott (ettev\u00f5tte logoga reklaamkingiks), eritellimusel kotilahendused t\u00f6\u00f6vahendite, sh aparaatide jm spetsiifilise mahutamiseks ja sihtotstarbeliseks efektiivseks kasutamiseks.<\/p>\n\n\n\n<p>e) Inimesed, kes soovivad endale teistest toodetest eristuvat v\u00f5i kelle ideed vajavad kasutusmugavuse tagamiseks erilahendusega toodet.<\/p>\n\n\n\n<p>f) Aktiivsed 65+ inimesed, kes enam ei t\u00f6\u00f6ta, aga tegelevad kas sportimise v\u00f5i reisimisega v\u00f5i vajavad tervisega seotud vajadustest l\u00e4htuvalt erilahendusi, nt diabeetikutele vajaliku varustuse kaasav\u00f5tmiseks (veresuhkru m\u00f5\u00f5tja, s\u00fcstal vms).<\/p>\n\n\n\n<p>g) Inimesed, kelle jaoks on oluline j\u00e4tkusuutlikkus ja disain ning kes soovivad masstoodangust eristuvat toodet.<\/p>\n\n\n\n<p>J\u00e4rgnevalt piiritles meeskond toodud kliendir\u00fchmad ning valis eelnevast loetelust v\u00e4lja kolm k\u00f5ige suurema potentsiaaliga kliendir\u00fchma.<\/p>\n\n\n\n<p>a) T\u00f6\u00f6ealised inimesed, keda huvitab reisimine, matkamine, sportimine. \u00a0Neile suunatud tooted on selja- ja \u00f5lakott (t\u00f6\u00f6le, reisidele, matkale, sportimiseks jne) ja pesemistarvikute kott (reisidele, sportimiseks jne).<\/p>\n\n\n\n<p>b) Lapsevanemad, kellel on kooliealised lapsed\/kooliealiste laste vanemad. \u00a0Neile suunatud tooted on akupangaga pinal (kooli) ja pesemistarvikute kott (kehalises kasvatuses ja spordiringides osalemiseks).<\/p>\n\n\n\n<p>c) Ettev\u00f5tted. Neile suunatud tooted on akupangaga pinal, arvutitaskud, selja- ja \u00f5lakott (ettev\u00f5tte logoga reklaamkingiks), eritellimusel kotilahendused t\u00f6\u00f6vahendite, sh aparaatide jm spetsiifilise mahutamiseks ja sihtotstarbeliseks efektiivseks kasutamiseks.<\/p>\n\n\n\n<p>Toodud valikust on k\u00f5ige suurema kasutajaskonnaga t\u00f6\u00f6ealised inimesed, kes soetavad valitud tooteid kas iseendale v\u00f5i oma pereliikmetele (lapsevanematena).<\/p>\n\n\n\n<p>Seej\u00e4rel t\u00f6\u00f6tas meeskond v\u00e4lja ideaalkliendi Kairi Karussell\u00b4i, 36-aastase naise, kes elab oma mehe ja kahe kooliealise lapsega Tartus ning t\u00f6\u00f6tab projektijuhina. Kairi on aktiivne inimene, kellele meeldib ujumine, jooksmine ja matkamine, lisaks k\u00e4ib ta tihti nii t\u00f6\u00f6- kui puhkusereisidel.<\/p>\n\n\n\n<figure class=\"wp-block-image size-large is-resized\"><img loading=\"lazy\" decoding=\"async\" width=\"1024\" height=\"553\" src=\"https:\/\/sisu.ut.ee\/wp-content\/uploads\/sites\/703\/5-1-1024x553.jpg\" alt=\"\" class=\"wp-image-1153\" style=\"width:750px;height:auto\" srcset=\"https:\/\/sisu.ut.ee\/wp-content\/uploads\/sites\/703\/5-1-1024x553.jpg 1024w, https:\/\/sisu.ut.ee\/wp-content\/uploads\/sites\/703\/5-1-300x162.jpg 300w, https:\/\/sisu.ut.ee\/wp-content\/uploads\/sites\/703\/5-1-768x415.jpg 768w, https:\/\/sisu.ut.ee\/wp-content\/uploads\/sites\/703\/5-1.jpg 1849w\" sizes=\"auto, (max-width: 1024px) 100vw, 1024px\"><\/figure>\n\n\n\n<p>Nutika N\u00f5ela ideaalklient Kairi Karusell<\/p>\n","protected":false},"excerpt":{"rendered":"<p>Meeskond l\u00e4htus kliendianal\u00fc\u00fcsi koostamisel \u00fcldisest l\u00e4henemisest kliendianal\u00fc\u00fcsile. Selleks m\u00e4\u00e4ratleti esmalt tooted, mille tootmisega planeeritakse alustada, seej\u00e4rel nende toodete potentsiaalsed kliendid, kelle hulgast valiti l\u00f5puks v\u00e4lja kolm k\u00f5ige potentsiaalsemat. Empaatiakaardi koostamiseks valiti v\u00e4lja potentsiaalseim kliendir\u00fchm ning loodi sellele kliendir\u00fchmale ideaalklient, keda &#8230;<\/p>\n","protected":false},"author":3,"featured_media":0,"parent":217,"menu_order":0,"comment_status":"closed","ping_status":"closed","template":"","meta":{"_acf_changed":false,"inline_featured_image":false,"footnotes":""},"class_list":["post-233","page","type-page","status-publish","hentry"],"acf":[],"_links":{"self":[{"href":"https:\/\/sisu.ut.ee\/ettevotlusopik\/wp-json\/wp\/v2\/pages\/233","targetHints":{"allow":["GET"]}}],"collection":[{"href":"https:\/\/sisu.ut.ee\/ettevotlusopik\/wp-json\/wp\/v2\/pages"}],"about":[{"href":"https:\/\/sisu.ut.ee\/ettevotlusopik\/wp-json\/wp\/v2\/types\/page"}],"author":[{"embeddable":true,"href":"https:\/\/sisu.ut.ee\/ettevotlusopik\/wp-json\/wp\/v2\/users\/3"}],"replies":[{"embeddable":true,"href":"https:\/\/sisu.ut.ee\/ettevotlusopik\/wp-json\/wp\/v2\/comments?post=233"}],"version-history":[{"count":9,"href":"https:\/\/sisu.ut.ee\/ettevotlusopik\/wp-json\/wp\/v2\/pages\/233\/revisions"}],"predecessor-version":[{"id":1154,"href":"https:\/\/sisu.ut.ee\/ettevotlusopik\/wp-json\/wp\/v2\/pages\/233\/revisions\/1154"}],"up":[{"embeddable":true,"href":"https:\/\/sisu.ut.ee\/ettevotlusopik\/wp-json\/wp\/v2\/pages\/217"}],"wp:attachment":[{"href":"https:\/\/sisu.ut.ee\/ettevotlusopik\/wp-json\/wp\/v2\/media?parent=233"}],"curies":[{"name":"wp","href":"https:\/\/api.w.org\/{rel}","templated":true}]}}