{"id":22,"date":"2024-04-19T12:55:36","date_gmt":"2024-04-19T09:55:36","guid":{"rendered":"https:\/\/sisu.ut.ee\/ettevotlusopik\/?page_id=22"},"modified":"2024-10-06T12:47:06","modified_gmt":"2024-10-06T09:47:06","slug":"0-5-ettevotluspadevus","status":"publish","type":"page","link":"https:\/\/sisu.ut.ee\/ettevotlusopik\/0-ettevotluse-pohimoisted\/0-5-ettevotluspadevus\/","title":{"rendered":"Ettev\u00f5tlusp\u00e4devus"},"content":{"rendered":"<p><strong>Ettev\u00f5tlusp\u00e4devust <\/strong>defineeritakse kui teadmiste, oskuste ja hoiakute terviklikku kogumit, mis on vajalik v\u00e4\u00e4rtust loovate ideede elluviimisel, \u00f5ppija ettev\u00f5tlikkuse arenguks ning j\u00e4tkusuutlikuks toimetulekuks t\u00f6\u00f6s ja igap\u00e4evaelus. Ettev\u00f5tlikkusp\u00e4devus on rakendatav k\u00f5igis valdkondades ja elualadel ning suunatud indiviidi isiklikule arengule, aktiivsele osalemisele \u00fchiskonnas ja t\u00f6\u00f6turul nii palgat\u00f6\u00f6tajana kui t\u00f6\u00f6andjana.<\/p>\n\n\n\n<p><strong>Enesejuhtimise alap\u00e4devus<\/strong> sisaldab uskumusi, motivatsiooni ja pingutuse suunamist. Ettev\u00f5tluskeskkonna kiire muutumise tingimustes on vajalik muutuvatele oludele reageerimiseks iseenda m\u00f5tlemise, tunnetusprotsesside (nagu m\u00f5tlemine, t\u00e4helepanu, emotsioonid) ja tegutsemise suunamine. Selle eelduseks on enda m\u00f5tlemise ja tegutsemise anal\u00fc\u00fcsimine ning teadmine, et paljud omadused on arendatavad, sh ettev\u00f5tlikkus, loovus ja kaasamisoskus. Enesejuhtimine eeldab ka arenemise soovi, p\u00fcsivust ja vastupidavust raskuste korral, v\u00e4ljakutsetes arenguv\u00f5imaluste n\u00e4gemist, pingutamise vajalikkust \u00f5ppimiseks ja arenemiseks, kuna \u00f5ppimine ja areng ei toimu kergelt ja kiirelt. Samuti peab tegevus olema \u00f5ppija enda seisukohast m\u00f5testatud ja v\u00e4\u00e4rtustatud.<\/p>\n\n\n\n<p><strong>V\u00e4\u00e4rtust loova m\u00f5tlemise ja lahenduste leidmise alap\u00e4devus <\/strong>sisaldab m\u00f5tlemisoskusi, nt probleemide lahendamise oskust. M\u00f5tlemisoskused toetavad probleemide uudsel viisil lahendamist ja v\u00e4\u00e4rtuste loomist, mille k\u00f5rval on arvestatud ka j\u00e4tkusuutlikkust ja eetilisust. Kuna ettev\u00f5tlus- ja majandusprotsessid toimuvad laiemas keskkonnas, m\u00f5jutavad neid protsesse sotsiaalsed, juriidilised, kultuurilised, \u00f6koloogilised jt s\u00fcsteemid, mist\u00f5ttu on vajalik j\u00e4tkusuutliku, eetilise ja v\u00e4\u00e4rtust loovaks tegutsemiseks m\u00f5ista s\u00fcsteemide vahelisi seoseid, ettev\u00f5tluse v\u00f5imalikke tagaj\u00e4rgi, planeerida, kriitiliselt anal\u00fc\u00fcsida enda ja teiste tegevust, arutleda ka otsuste j\u00e4tkusuutlikkuse \u00fcle ning teha tulevikku puudutavaid otsuseid.<\/p>\n\n\n\n<p><strong>Sotsiaalsete olukordade lahendamine<\/strong> sisaldab nii algatamist, suhtlemist kui ka koost\u00f6\u00f6d ehk toimetulekut sotsiaalsetes situatsioonides. \u00c4riv\u00f5imalused on seotud turu tundmisega ning nende avastamine on v\u00f5imalik keskkonnas reaalselt tegutsedes. Algatusv\u00f5ime aitab edukalt ideid ellu viia, mis eeldab motiveeritud, avatud, enesejuhitud, inspireerivat, teisi indiviide kaasavat ja v\u00f5imestavat loomingulist tegutsemist, veenmisoskust ning kalkuleeritud riskide v\u00f5tmist p\u00fcstitatud eesm\u00e4rkide v\u00f5i projektide edukaks elluviimiseks. Individuaalne algatusv\u00f5ime on oluline, et \u00f5ppijast saaks ettev\u00f5tja. Seejuures on oluline valida \u00f5petamiseks algatusv\u00f5imet toetavate meetodite kasutamine ning toetada \u00f5ppijate algatusv\u00f5imet. Suhtlusoskus eeldab enda v\u00e4ljendamise ja suhtluskaaslaste m\u00f5istmise oskust. Head suhtlemisoskused n\u00e4itavad \u00f5ppija oskust suhtlussituatsioone m\u00f5ista, olla tolerantne, empaatiline ja eetiline, avatud eriarvamustele, kompromissidele, konfliktide konstruktiivsele lahendamisele. Ettev\u00f5tluses on vajalik hea l\u00e4bir\u00e4\u00e4kimise ja ideede esitlemise oskus, sihtgrupi ootusi ja vajadusi enda s\u00f5numite koostamisel ja ideede esitlemisel arvestad, eristada olulist ning teha kokkuv\u00f5tteid.<\/p>\n\n\n\n<p><strong>\u00c4riideede elluviimiseks<\/strong> on vajalik oskus avastada ja kasutada \u00e4riv\u00f5imalusi, m\u00f5ista \u00fcmbritsevat ettev\u00f5tluskeskkonda ja finantskirjaoskust. Ettev\u00f5tluskeskkonnas on vajalik osata luua suhteid, seada eesm\u00e4rke, olla innovaatiline ja m\u00e4rgata keskkonna poolt pakutavaid v\u00f5imalusi. Finantskirjaoskus ehk rahatarkus on rahaasjade ja -riskide juhtimine rahaasjades arukate otsuste tegemiseks. Rahatarkuse p\u00f5hikomponendid on eelarve koostamine, investeerimine, laenamine, maksud ning isiklike rahaasjade juhtimine. \u00c4riideede elluviimise keskmes on ettev\u00f5tlusprotsess ehk \u00e4riv\u00f5imaluste avastamise, hindamise ja rakendamise protsess. Kuigi erinevad ettev\u00f5tlusteadmised ja oskused ning arusaamine keskkonnast on ettev\u00f5tluses olulised, on vajalik ka \u00f5ppija ettev\u00f5tlikkuse arendamine \u2013 enesejuhtimise, sotsiaalsete olukordade lahendamise, v\u00e4\u00e4rtust loova m\u00f5tlemise ja lahenduste leidmise oskus on oluline osa \u00e4riideede elluviimise protsessist. Ettev\u00f5tlustegevustega seotud p\u00e4devusi on v\u00f5imalik arendada eelk\u00f5ige ettev\u00f5tlusprotsessis aktiivsel osalemisel, protsessi k\u00e4igus saadud teadmiste ja kogemuste kaudu arenevad ka ettev\u00f5tlusp\u00e4devused. Ettev\u00f5tlusprotsess v\u00f5ib olla erineva pikkusega, vajadusel korrates eelnevaid etappe, protsess s\u00f5ltub p\u00fcstitatud eesm\u00e4rkidest ja protsessi l\u00e4bimise tingimustest ning osalejate ettev\u00f5tlus- ja erialastest p\u00e4devustest.<\/p>\n","protected":false},"excerpt":{"rendered":"<p>Ettev\u00f5tlusp\u00e4devust defineeritakse kui teadmiste, oskuste ja hoiakute terviklikku kogumit, mis on vajalik v\u00e4\u00e4rtust loovate ideede elluviimisel, \u00f5ppija ettev\u00f5tlikkuse arenguks ning j\u00e4tkusuutlikuks toimetulekuks t\u00f6\u00f6s ja igap\u00e4evaelus. Ettev\u00f5tlikkusp\u00e4devus on rakendatav k\u00f5igis valdkondades ja elualadel ning suunatud indiviidi isiklikule arengule, aktiivsele osalemisele \u00fchiskonnas &#8230;<\/p>\n","protected":false},"author":3,"featured_media":0,"parent":8,"menu_order":0,"comment_status":"closed","ping_status":"closed","template":"","meta":{"_acf_changed":false,"inline_featured_image":false,"footnotes":""},"class_list":["post-22","page","type-page","status-publish","hentry"],"acf":[],"_links":{"self":[{"href":"https:\/\/sisu.ut.ee\/ettevotlusopik\/wp-json\/wp\/v2\/pages\/22","targetHints":{"allow":["GET"]}}],"collection":[{"href":"https:\/\/sisu.ut.ee\/ettevotlusopik\/wp-json\/wp\/v2\/pages"}],"about":[{"href":"https:\/\/sisu.ut.ee\/ettevotlusopik\/wp-json\/wp\/v2\/types\/page"}],"author":[{"embeddable":true,"href":"https:\/\/sisu.ut.ee\/ettevotlusopik\/wp-json\/wp\/v2\/users\/3"}],"replies":[{"embeddable":true,"href":"https:\/\/sisu.ut.ee\/ettevotlusopik\/wp-json\/wp\/v2\/comments?post=22"}],"version-history":[{"count":3,"href":"https:\/\/sisu.ut.ee\/ettevotlusopik\/wp-json\/wp\/v2\/pages\/22\/revisions"}],"predecessor-version":[{"id":547,"href":"https:\/\/sisu.ut.ee\/ettevotlusopik\/wp-json\/wp\/v2\/pages\/22\/revisions\/547"}],"up":[{"embeddable":true,"href":"https:\/\/sisu.ut.ee\/ettevotlusopik\/wp-json\/wp\/v2\/pages\/8"}],"wp:attachment":[{"href":"https:\/\/sisu.ut.ee\/ettevotlusopik\/wp-json\/wp\/v2\/media?parent=22"}],"curies":[{"name":"wp","href":"https:\/\/api.w.org\/{rel}","templated":true}]}}