{"id":20,"date":"2024-04-19T12:55:26","date_gmt":"2024-04-19T09:55:26","guid":{"rendered":"https:\/\/sisu.ut.ee\/ettevotlusopik\/?page_id=20"},"modified":"2026-02-02T14:02:34","modified_gmt":"2026-02-02T12:02:34","slug":"0-4-ettevotlusprotsess","status":"publish","type":"page","link":"https:\/\/sisu.ut.ee\/ettevotlusopik\/0-ettevotluse-pohimoisted\/0-4-ettevotlusprotsess\/","title":{"rendered":"Ettev\u00f5tlusprotsess"},"content":{"rendered":"<p>Ettev\u00f5tluse erinevaid valdkondi ja t\u00fc\u00fcpe \u00fchendav m\u00f5iste ning ettev\u00f5tluse p\u00f5hitunnus on ettev\u00f5tlusprotsess, millega luuakse uut v\u00e4\u00e4rtus kliendile ja \u00fchiskonnale. Uue ettev\u00f5tte loomine on ettev\u00f5tlusprotsess, mis seob etapid ettev\u00f5tlikust kavatsusest kuni uue ettev\u00f5tmise idee elluviimiseni, tuginedes keskkonnast, tehnoloogiaalastest kompetentsidest ja muudest ressurssidest tulenevatele v\u00f5imalustele (Mets et. al 2019).\u00a0<\/p>\n\n\n\n<p>Ettev\u00f5tlusprotsessi tunnusteks on uue ettev\u00f5tte k\u00e4ivitamine, mis v\u00f5ib seisneda:<\/p>\n\n\n\n<ul class=\"wp-block-list\">\n<li>Uue toote toomises turule;<\/li>\n\n\n\n<li>Olemasoleva toote toomises uuele turule; ja\/v\u00f5i<\/li>\n\n\n\n<li>Uue organisatsiooni loomises.<\/li>\n<\/ul>\n\n\n\n<p>Kuigi ettev\u00f5tlusprotsess saab alguse ettev\u00f5tlusv\u00f5imaluse ehk \u00e4riidee loomisest, on ettev\u00f5tlusprotsessi eeldused seotud ettev\u00f5tja kui indiviidi isiksuseomaduste, ettev\u00f5tja meeskonna v\u00f5imekuste ja tulemuslikkusega ning s\u00f5ltuvad teguritest, mis m\u00f5jutavad kogu \u00fchiskonda.<\/p>\n\n\n\n<p>Ettev\u00f5tluse \u00f6kos\u00fcsteem m\u00f5jutab nii protsessi, tagasisidet eelmistest etappidest kui ka ettev\u00f5tja(te)\/novaatori(te) enda teadmisi, kogemusi ja meeskonna\/ettev\u00f5tte sisekeskkonda. V\u00f5imalikud iteratiivsed tagasisides\u00f5lmed on protsessile iseloomulikud ja v\u00f5ivad esineda mis tahes etapis.<\/p>\n\n\n\n<figure class=\"wp-block-image size-large\"><img loading=\"lazy\" decoding=\"async\" width=\"1024\" height=\"190\" src=\"https:\/\/sisu.ut.ee\/wp-content\/uploads\/sites\/703\/3-1024x190.jpg\" alt=\"\" class=\"wp-image-1147\" srcset=\"https:\/\/sisu.ut.ee\/wp-content\/uploads\/sites\/703\/3-1024x190.jpg 1024w, https:\/\/sisu.ut.ee\/wp-content\/uploads\/sites\/703\/3-300x56.jpg 300w, https:\/\/sisu.ut.ee\/wp-content\/uploads\/sites\/703\/3-768x142.jpg 768w, https:\/\/sisu.ut.ee\/wp-content\/uploads\/sites\/703\/3.jpg 1909w\" sizes=\"auto, (max-width: 1024px) 100vw, 1024px\"><\/figure>\n\n\n\n<p><strong>Joonis 3.<\/strong> Lihtsustatud infotehnoloogilise ettev\u00f5tte ettev\u00f5tlusprotsess (allikas: Mets, 2021)<\/p>\n\n\n\n<p>Ettev\u00f5tlusprotsess algab <strong>ettepanekute (<\/strong><strong><em>proposition<\/em><\/strong><strong>) etapiga<\/strong>, mille raames vaadeldakse mitmeid erinevaid \u00e4riideid, et nende seast k\u00f5ige suurema potentsiaaliga \u00e4riidee v\u00e4lja valida ja sellega j\u00e4tkata. Ettepanekute etapp on m\u00f5jutatud ettev\u00f5tja(te) varasematest kogemustest, teadmistest ja motivatsioonist. Olulisemad sammud:<\/p>\n\n\n\n<ul class=\"wp-block-list\">\n<li>ideede-v\u00f5imaluste v\u00e4lja t\u00f6\u00f6tamine. Iseloomulik mitmete potentsiaalselt kasumlike ideede ja v\u00f5imaluste loomine ja esmaste uuringute tegemine (probleemid, konkurendid, kliendid ja turud, tehnoloogiad, ettev\u00f5tte strateegiad ja eesm\u00e4rgid jne). Ideede-v\u00f5imaluste v\u00e4lja t\u00f6\u00f6tamine toimub kas probleemip\u00f5hise anal\u00fc\u00fcsina, t\u00f6\u00f6tubade v\u00f5i ajur\u00fcnnakutena;<\/li>\n\n\n\n<li>\u00a0k\u00f5ige paljulubavamate ideede-v\u00f5imaluste v\u00e4lja valimine;<\/li>\n\n\n\n<li>\u00a0idee(de) kontseptsiooni v\u00e4lja t\u00f6\u00f6tamine.<\/li>\n<\/ul>\n\n\n\n<p>Selles etapis on v\u00e4ga oluline teave probleemi, konkurentide, turu, tehnoloogiate ja strateegiate kohta, millele tuginedes juhitakse kogutud v\u00f5imalusi ning selgitatakse v\u00e4lja k\u00f5ige lootustandvamad ettev\u00f5tlusv\u00f5imalused ja viiakse protsess j\u00e4rgmisse etappi. Seda otsust m\u00f5jutavad ettev\u00f5tluse \u00f6kos\u00fcsteemid, ettev\u00f5tjate teadmised, motivatsioon, oskused ja v\u00f5imed ning meeskonna sisekeskkond. Tajutud v\u00f5imalus ja kavatsus alustada selle rakendamisega on sisendid j\u00e4rgmisse etappi.<\/p>\n\n\n\n<p><strong>Ideede arendus ja T&amp;A <\/strong>etapis toimub valitud \u00e4riidee edasine arendus ja teadus- ja arendust\u00f6\u00f6.\u00a0<\/p>\n\n\n\n<p>Olulisemad sammud:<\/p>\n\n\n\n<ul class=\"wp-block-list\">\n<li>\u00e4riidee(d) on v\u00e4lja valitud, hinnatud ja on tehtud otsus nende arendamisega edasi minna;<\/li>\n\n\n\n<li>valikul v\u00f5etakse arvesse ettev\u00f5tjate varasemaid teadmisi, kogemusi, oskuseid, turuvajadusi ja teisi ressursse;<\/li>\n\n\n\n<li>teadus- ja arendust\u00f6\u00f6 l\u00e4biviimine;<\/li>\n\n\n\n<li>esmane rahastusvoor.<\/li>\n<\/ul>\n\n\n\n<p>Antud etapis viiakse l\u00e4bi mitmeid tegevusi nagu esialgne v\u00f5imaluste v\u00e4ljat\u00f6\u00f6tamine ja hindamine, olukorra anal\u00fc\u00fcs ning p\u00f5hjalik turu- ja tehnoloogiline uuring. Selle etapi l\u00f5pus tuvastatakse ettev\u00f5tlusv\u00f5imaluse kontseptsioon. J\u00e4rgmise tegevusena toimub v\u00f5imaluste eelhindamine. Valitud v\u00f5imalusi hinnatakse isiklikul ja \u00e4rilisel tasandil. Isiklikul tasandil v\u00f5etakse arvesse ettev\u00f5tjate oskusi ja p\u00e4devusi. \u00c4rilisel tasandil hinnatakse potentsiaalset \u00e4rilist kasumlikkust. Selle etapi tulemusena vaadatakse valitud ettev\u00f5tlusv\u00f5imalus \u00fcle ning alustatakse arendustegevuste ja rahastuse kaasamisega.<\/p>\n\n\n\n<p><strong>Kontseptsiooni v\u00e4ljat\u00f6\u00f6tamine, alfa ja beeta testide <\/strong>l\u00e4biviimise etapis t\u00f6\u00f6takse v\u00e4lja \u00e4riidee kontseptsioon ning viiakse l\u00e4bi testimine ja protot\u00fc\u00fcbi laiendatud tutvustamine. Olulisemad sammud:<\/p>\n\n\n\n<ul class=\"wp-block-list\">\n<li>esmane turu- ja tasuvusuuringu tegemine;<\/li>\n\n\n\n<li>t\u00f6\u00f6tatakse v\u00e4lja esmane lahendus\/mudel\/protot\u00fc\u00fcp;<\/li>\n\n\n\n<li>esmane tagasiside potentsiaalsetelt klientidelt.<\/li>\n<\/ul>\n\n\n\n<p>Antud etapis on olulisel kohal ka esmase turu- ja tasuvusuuringu l\u00e4biviimine ja toote v\u00f5i teenuse parendamine l\u00e4htuvalt klientidelt saadud esmasest tagasisidest.<\/p>\n\n\n\n<p><strong>\u00c4riarenduse<\/strong> etappi j\u00f5udmisel tuleb tegeleda erinevate tegevustega nagu \u00e4ri- ja tehnoloogilise ettevalmistuse, \u00e4riplaani koostamise, \u00fcksikasjalikuma turundus-, tootmis- ja levitamisplaanide koostamisega. See etapp h\u00f5lmab tegevusi, mis on vajalikud uue tootmishoone v\u00f5i teenuse pakkumise koha ettevalmistavatele tegevustele (infrastruktuuri, m\u00f6\u00f6bli v\u00f5i seadmete liisimine v\u00f5i ostmine, personali palkamine jne). Tehnolahendust testitakse ja valideeritakse ning tehnoloogilised ettevalmistused tootmiseks on valmis. Lisaks eelnevale toimub lisanduvate finantsressursside leidmine ja edasine tootearendus. Antud etapis tuleb vastu v\u00f5tta ka otsused intellektuaalomandi strateegia ja kaitse kohta.\u00a0<\/p>\n\n\n\n<p>Olulisemad sammud:<\/p>\n\n\n\n<ul class=\"wp-block-list\">\n<li>Tehnoloogilised ettevalmistused tootmise v\u00f5i teenuse osutamiseks;<\/li>\n\n\n\n<li>\u00c4riplaani koostamine koos p\u00f5hjaliku turu-uuringu, turundusplaani, tootmisplaani ja jaotusplaaniga.\u00a0<\/li>\n\n\n\n<li>Ettev\u00f5tlusega alustamiseks vajalike tegevuste teostamine: ruumide leidmine ja rent v\u00f5i soetamine, t\u00f6\u00f6tajate otsimine, valik ja lepingute s\u00f5lmimine, t\u00f6\u00f6kohtade ettevalmistus, seadmete ja m\u00f6\u00f6bli hange jm.<\/li>\n<\/ul>\n\n\n\n<p>Etapi tulemusena koostatakse \u00e4ri- ja turundusplaan ning strateegia, valmistatakse ette tootmine v\u00f5i teenuse osutamine.\u00a0<\/p>\n\n\n\n<p><strong>\u00c4ritegevus, m\u00fc\u00fck <\/strong>etapp algab alates esimese m\u00fc\u00fcgi tegemisest ja alates sellest on ettev\u00f5tte peamisteks tegevusteks tootmise korraldamine ja\/v\u00f5i teenuse osutamine ning m\u00fc\u00fcmine.\u00a0<\/p>\n\n\n\n<p>Olulisemad sammud:<\/p>\n\n\n\n<ul class=\"wp-block-list\">\n<li>Tootmise v\u00f5i teenuse osutamise alustamine;<\/li>\n\n\n\n<li>Esimene m\u00fc\u00fck.<\/li>\n<\/ul>\n\n\n\n<p>Ettev\u00f5tlusprotsessi viimases etapis viiakse ellu varasemalt koostatud \u00fcksikasjalik \u00e4riplaan koos turundus- ja konkurentsianal\u00fc\u00fcsiga, m\u00fc\u00fcgiprognoosi ja strateegilise plaaniga. Toimub \u00e4ritegevus ja m\u00fc\u00fck. V\u00f5imalus arendatakse tooteks v\u00f5i teenuseks ning alustatakse esimeste s\u00fcstemaatilise m\u00fc\u00fcgiga. Innovatsioon\/toode saab strateegilist ja operatiivset tagasisidet klientidelt ja turult. Selle etapi tulemused on v\u00e4\u00e4rtuspakkumine koos jagatud kliendi- ja turukogemusega.\u00a0<\/p>\n\n\n\n<p>Protsessi m\u00f5jutavad ettev\u00f5tluse v\u00f5i innovatsiooni \u00f6kos\u00fcsteemid, varasemate etappide tagasiside, ettev\u00f5tja(te)\/novaatori(te) enda teadmised, kogemused ja meeskonna\/ettev\u00f5tmise sisekeskkond (Mets et al. 2019). V\u00f5imalikud iteratiivsed ts\u00fcklid on iseloomulikud kogu protsessi v\u00e4ltel ja v\u00f5ivad toimuda mis tahes etapis.<\/p>\n","protected":false},"excerpt":{"rendered":"<p>Ettev\u00f5tluse erinevaid valdkondi ja t\u00fc\u00fcpe \u00fchendav m\u00f5iste ning ettev\u00f5tluse p\u00f5hitunnus on ettev\u00f5tlusprotsess, millega luuakse uut v\u00e4\u00e4rtus kliendile ja \u00fchiskonnale. Uue ettev\u00f5tte loomine on ettev\u00f5tlusprotsess, mis seob etapid ettev\u00f5tlikust kavatsusest kuni uue ettev\u00f5tmise idee elluviimiseni, tuginedes keskkonnast, tehnoloogiaalastest kompetentsidest ja muudest &#8230;<\/p>\n","protected":false},"author":3,"featured_media":0,"parent":8,"menu_order":0,"comment_status":"closed","ping_status":"closed","template":"","meta":{"_acf_changed":false,"inline_featured_image":false,"footnotes":""},"class_list":["post-20","page","type-page","status-publish","hentry"],"acf":[],"_links":{"self":[{"href":"https:\/\/sisu.ut.ee\/ettevotlusopik\/wp-json\/wp\/v2\/pages\/20","targetHints":{"allow":["GET"]}}],"collection":[{"href":"https:\/\/sisu.ut.ee\/ettevotlusopik\/wp-json\/wp\/v2\/pages"}],"about":[{"href":"https:\/\/sisu.ut.ee\/ettevotlusopik\/wp-json\/wp\/v2\/types\/page"}],"author":[{"embeddable":true,"href":"https:\/\/sisu.ut.ee\/ettevotlusopik\/wp-json\/wp\/v2\/users\/3"}],"replies":[{"embeddable":true,"href":"https:\/\/sisu.ut.ee\/ettevotlusopik\/wp-json\/wp\/v2\/comments?post=20"}],"version-history":[{"count":5,"href":"https:\/\/sisu.ut.ee\/ettevotlusopik\/wp-json\/wp\/v2\/pages\/20\/revisions"}],"predecessor-version":[{"id":1181,"href":"https:\/\/sisu.ut.ee\/ettevotlusopik\/wp-json\/wp\/v2\/pages\/20\/revisions\/1181"}],"up":[{"embeddable":true,"href":"https:\/\/sisu.ut.ee\/ettevotlusopik\/wp-json\/wp\/v2\/pages\/8"}],"wp:attachment":[{"href":"https:\/\/sisu.ut.ee\/ettevotlusopik\/wp-json\/wp\/v2\/media?parent=20"}],"curies":[{"name":"wp","href":"https:\/\/api.w.org\/{rel}","templated":true}]}}