{"id":2,"date":"2024-04-19T06:31:08","date_gmt":"2024-04-19T06:31:08","guid":{"rendered":"https:\/\/sisu.ut.ee\/ettevotlusopik\/?page_id=2"},"modified":"2026-02-02T13:35:46","modified_gmt":"2026-02-02T11:35:46","slug":"sample-page","status":"publish","type":"page","link":"https:\/\/sisu.ut.ee\/ettevotlusopik\/","title":{"rendered":"Avaleht uus"},"content":{"rendered":"<p class=\"has-text-align-center\"><\/p>\n\n\n\n<p class=\"has-extra-large-font-size\"><strong>Hea ettev\u00f5tlushuviline!<\/strong><\/p>\n\n\n\n<p>Ettev\u00f5tluse sissejuhatav \u00f5pik annab \u00fclevaate ettev\u00f5tluse m\u00f5istmiseks ja \u00e4rimudeli koostamiseks vajalikest teemadest, teadmistest ja oskustest, mis on vajalikud \u00e4rimudeli koostamiseks. \u00d5piku \u00fclesehitus l\u00e4htub ettev\u00f5tlusprotsessist, alustades \u00e4riidee leidmise ja s\u00f5nastamisega kuni tervikliku \u00e4rimudeli valmimiseni. \u00d5pikus k\u00e4sitletud teemad ja toodud \u00fclesanded aitavad kujundada vajalikke oskusi \u00e4rimudeli koostamiseks ning anal\u00fc\u00fcsimiseks. \u00c4rimudel annab l\u00fchi\u00fclevaate \u00e4riplaani p\u00f5hiosadest. \u00c4rimudeli koostamine on aluseks j\u00e4rgnevatele ainetele ja juba konkreetsetest valdkondadest l\u00e4htuvate \u00e4riplaani kavandamise \u00f5pingutele, nt tehnoloogia-, roheline v\u00f5i sotsiaalne ettev\u00f5tlus. L\u00e4htuvalt valitud ideest, on v\u00f5imalik ja vajalik l\u00e4bida \u00e4rimudeli koostamise protsessi korduvalt, j\u00f5udes iga kord (veidi) erineva tulemuseni. \u00c4rimudeli koostamine p\u00f5hineb erinevate valikute tegemisel, mis muudavad l\u00f5pptulemust ehk koostatavat \u00e4rimudelit. L\u00f5pptulemus s\u00f5ltub igast \u00e4rimudeli osast (sh \u00e4riideest) ja \u00e4rimudeli koostamise protsessist: teadmistest, oskustest (sh info kogumise ja anal\u00fc\u00fcsimise, eelarve koostamise ning enesev\u00e4ljendusoskusest). Samuti on oluline, et \u00e4rimudeli koostamisel tehtavad valikud ei oleks juhuslikud, vaid h\u00e4sti p\u00f5hjendatud ning tugineksid tehtud anal\u00fc\u00fcsidele. Nii on v\u00f5imalik esialgset \u00e4rimudelit ka edasi arendada, kui tekib vajadus m\u00f5ne \u00e4rimudeli osa\u00a0 muutmiseks v\u00f5i muutub \u00e4rimudelit \u00fcmbritsev ettev\u00f5tluskeskkond (turud, seadusandlus, ettev\u00f5tluspiirangud, tooraine, klientide eelistused ja vajadused, partnerid v\u00f5i tehnoloogiad jne). \u00c4rimudeli arendamisel on oluline pidev tagasiside (sh s\u00f5pradelt ja tuttavatelt, klientidelt, teistelt ettev\u00f5tjatelt jm), et siis l\u00e4htuvalt uuest infost juba koostatud \u00e4rimudeli osi t\u00e4iendada ja muuta. Samuti ei toimu ettev\u00f5tlusprotsessist l\u00e4htudes \u00e4rimudeli arendamine lineaarselt \u2013 iga tegevuse l\u00f5pus on oluline \u00fcle vaadata ka eelnevalt l\u00e4bitud tegevused, vajadusel teha muudatusi v\u00f5i alustada uue \u00e4rimudeli loomist. Ka reaalse ettev\u00f5tlusega alustamisel on otstarbekas koostada \u00e4riplaan. Selleks annab ettev\u00f5tlus\u00f5pe \u00e4rimudeli koostamisel juba vajalikud teadmised ja kogemuse, samuti \u00a0v\u00f5imaluse harjutamiseks ja tagasiside saamiseks. Samas on \u00f5pikust v\u00e4lja j\u00e4etud spetsiifilisemad teemad, mis on vajalikud reaalselt ettev\u00f5tlustegevusega alustamiseks ja \u00e4riplaani kavandamiseks.<\/p>\n\n\n\n<p><strong>\u00d5pikus on p\u00f6\u00f6ratud t\u00e4helepanu j\u00e4rgmistele ettev\u00f5tluseks vajalike praktiliste teadmiste ja oskuste kujundamisele:<\/strong><\/p>\n\n\n\n<ul class=\"wp-block-list\">\n<li>ettev\u00f5tluse p\u00f5hiteemadest arusaamine, nt mis on ettev\u00f5tlus, kes on ettev\u00f5tja, mis on \u00e4rimudel, millistest osadest koosneb ettev\u00f5tlusprotsess jne;<\/li>\n\n\n\n<li>ettev\u00f5tlusvaldkonna p\u00f5his\u00f5navara omandamine ja kasutamine;<\/li>\n\n\n\n<li>\u00e4riidee etapiviisiline kavandamine ja edasiarendamine, illustreerides protsessi konkreetsete n\u00e4idetega, suunates lugejat iseseisvalt etappide kaupa \u00e4rimudelit koostama ja etteantud kriteeriumite alusel hindama;<\/li>\n\n\n\n<li>ettev\u00f5tlustegevuste planeerimine (nt tegevuskava koostamine, turundustegevuste planeerimine, eelarve kavandamine);<\/li>\n\n\n\n<li>ettev\u00f5tluskeskkonna anal\u00fc\u00fcsimine (nt \u00e4riidee ja kompetentside, t\u00f6\u00f6tajate vajaduse hindamine; turu-, kliendi- ja konkurentsianal\u00fc\u00fcs);<\/li>\n\n\n\n<li>tervikliku \u00e4rimudeli kavandamine \u2013 etappide kaupa kavandatud \u00e4rimudeli osade koondamine koosk\u00f5lastatud sisuliseks tervikuks.<\/li>\n<\/ul>\n\n\n\n<p>Traditsiooniline \u00e4rimudeli koostamine annab k\u00fcll hea \u00fclevaate idee p\u00f5hilistest komponentidest ja \u00e4riidee toimimisest, aga see ei arvesta mitmeid olulisi tegureid, nagu n\u00e4iteks turgu, kus tegutsetakse. Samuti ei ole arvesse v\u00f5etud trende, konkurentsisituatsiooni, visiooni ega ettev\u00f5tte eesm\u00e4rke ja \u00e4rikeskkonna anal\u00fc\u00fcsi. \u00c4rimudelist tervikpildi saamiseks on kasulik \u00e4rimudeli l\u00f5uendi koostamine. Seet\u00f5ttu on antud \u00f5pikus traditsioonilisele \u00e4rimudelile lisaks k\u00e4sitletud ka turgu, konkurentsi, visiooni ja eesm\u00e4rke, sise- ja v\u00e4liskeskkonna anal\u00fc\u00fcsi, turundust ning koostatakse \u00fclevaatlik \u00e4rimudeli l\u00f5uend.\u00a0<\/p>\n\n\n\n<p>\u00d5piku autorid t\u00e4navad k\u00f5iki, kes on aidanud kaasa \u00f5piku valmimisele. \u00d5pikule andsid v\u00e4\u00e4rtuslikku tagasisidet Kulno T\u00fcrk ja Juhan Teder ning Tartu \u00dclikooli ettev\u00f5tlus\u00f5ppes osalenud tudengid.<\/p>\n\n\n\n<p>Kuula ka \u00f5piku audiotutvustust!<\/p>\n\n\n\n<figure class=\"wp-block-audio\"><audio controls src=\"https:\/\/sisu.ut.ee\/wp-content\/uploads\/sites\/703\/ettevotlusopik-podcast-1-intervjuu.mp3\"><\/audio><\/figure>\n\n\n\n<p><strong>Kuidas veebi\u00f5pikut kasutada?<\/strong><\/p>\n\n\n\n<p>\u00d5pik on m\u00f5eldud nii iseseisvaks teadmiste omandamiseks kui ka toetavaks ja t\u00e4iendavaks lugemiseks ettev\u00f5tlus\u00f5ppes.<\/p>\n\n\n\n<p>Ettev\u00f5tlusega esmakordselt kokku puutuval lugejal soovitame alustada esimesest peat\u00fckist, kus antakse \u00fclevaade p\u00f5hilistest majanduse ja ettev\u00f5tlusega seotud m\u00f5istetest, mis on abiks tausta loomisel.<\/p>\n\n\n\n<p>J\u00e4rgnevad peat\u00fckid k\u00e4sitlevad p\u00f5hjalikult konkreetseid \u00e4rimudeli osi: \u00e4riidee, kliendianal\u00fc\u00fcs, v\u00e4\u00e4rtuspakkumine, missioon, visioon ja eesm\u00e4rgid, turu-, konkurentsi-, SWOT ja PESTLE anal\u00fc\u00fcs, turundus, meeskond, partnerid, ressursid ja tegevused, eelarve ning \u00e4rimudel.<\/p>\n\n\n\n<p>\u00d5pikut v\u00f5ib lugeda j\u00e4rjest, aga ka erinevate peat\u00fckkide kaupa. Iga \u00e4rimudeli osa tutvustava peat\u00fcki l\u00f5pus on juhitud t\u00e4helepanu antud teema veaohtlikele kohtadele. Teooria paremaks m\u00f5istmiseks on \u00f5piku autorid loonud praktilise n\u00e4ite kolme tudengi \u00e4rimudeli koostamisest. N\u00e4ide l\u00f5peb eksperdi kommentaariga, mis aitab lugejal m\u00f5ista, millistele n\u00e4ites toodud aspektidele on vajalik rohkem t\u00e4helepanu p\u00f6\u00f6rata.<\/p>\n\n\n\n<p>Omandatud teadmiste kontrollimiseks soovitavad autorid lahendada toodud \u00fclesanded, millele on lisatud ka \u00f5iged vastused ja selgitused.<\/p>\n\n\n\n<p>Iga peat\u00fcki l\u00f5pus on antud soovitus t\u00e4iendavaks lugemiseks.<\/p>\n\n\n\n<p>\u00d5piku l\u00f5pust leiab lugeja kasutatud m\u00f5istete s\u00f5nastiku, \u00f5piku autorite poolt koostatud n\u00e4ite terviktekstina ning harjutusvihiku. Viimane on m\u00f5eldud juhisena enda \u00e4rimudeli sammsammuliseks l\u00e4bim\u00f5tlemiseks ja koostamiseks. Harjutusvihikul on kaks varianti: neile, kellele meeldib kasutada arvutit, on v\u00f5imalik t\u00e4ita vihikus olevaid harjutusi arvutis, Wordi failina, kellele aga meeldib pigem k\u00e4sitsi kirjutada, on v\u00f5imalik alla laadida vihiku PDF-faili versioon.<\/p>\n\n\n\n<hr class=\"wp-block-separator has-alpha-channel-opacity\">\n\n\n\n<p class=\"has-text-align-center has-extra-large-font-size\"><strong>Piia Vettik-Leemet (Tartu \u00dclikool) ja Juta Jaani (Tartu Tervishoiu K\u00f5rgkool, Tartu \u00dclikool)<\/strong><\/p>\n\n\n\n<p>                                                                                                                                                <strong>2026<\/strong><\/p>\n\n\n\n<p class=\"has-text-align-center\">Jooniste tehniline teostus Piia Vettik-Leemet ja Richard-Janis Leemet<\/p>\n\n\n\n<p class=\"has-text-align-center\">Teaduskonsultant: emeriitprofessor T\u00f5nis Mets<\/p>\n\n\n\n<p class=\"has-text-align-center\">Ettev\u00f5tluskonsultant: Diana Haak (Martix Protect O\u00dc)<\/p>\n\n\n\n<p class=\"has-text-align-center\">Audiofailide intervjueerija Halliki Harro-Loit, audiofailide teostus Urmas Loit<\/p>\n\n\n\n<p class=\"has-text-align-center\">\u00d5ppematerjali loomisel on kasutatud OpenAI ChatGPT (versiooni 4o), Microsoft Copiloti ja Google Gemini abi.<\/p>\n\n\n\n<p class=\"has-text-align-center\"><strong>\u00d5piku valmimist toetas Haridus- ja Teadusministeerium programmi \u201eEestikeelsete k\u00f5rgkooli\u00f5pikute loomise toetamise p\u00f5him\u00f5tted 2018-2027\u201c kaudu. <\/strong><\/p>\n\n\n\n<p class=\"has-text-align-center\"><\/p>\n","protected":false},"excerpt":{"rendered":"<p>Hea ettev\u00f5tlushuviline! Ettev\u00f5tluse sissejuhatav \u00f5pik annab \u00fclevaate ettev\u00f5tluse m\u00f5istmiseks ja \u00e4rimudeli koostamiseks vajalikest teemadest, teadmistest ja oskustest, mis on vajalikud \u00e4rimudeli koostamiseks. \u00d5piku \u00fclesehitus l\u00e4htub ettev\u00f5tlusprotsessist, alustades \u00e4riidee leidmise ja s\u00f5nastamisega kuni tervikliku \u00e4rimudeli valmimiseni. \u00d5pikus k\u00e4sitletud teemad ja toodud &#8230;<\/p>\n","protected":false},"author":3,"featured_media":0,"parent":0,"menu_order":0,"comment_status":"closed","ping_status":"open","template":"","meta":{"_acf_changed":false,"inline_featured_image":false,"footnotes":""},"class_list":["post-2","page","type-page","status-publish","hentry"],"acf":[],"_links":{"self":[{"href":"https:\/\/sisu.ut.ee\/ettevotlusopik\/wp-json\/wp\/v2\/pages\/2","targetHints":{"allow":["GET"]}}],"collection":[{"href":"https:\/\/sisu.ut.ee\/ettevotlusopik\/wp-json\/wp\/v2\/pages"}],"about":[{"href":"https:\/\/sisu.ut.ee\/ettevotlusopik\/wp-json\/wp\/v2\/types\/page"}],"author":[{"embeddable":true,"href":"https:\/\/sisu.ut.ee\/ettevotlusopik\/wp-json\/wp\/v2\/users\/3"}],"replies":[{"embeddable":true,"href":"https:\/\/sisu.ut.ee\/ettevotlusopik\/wp-json\/wp\/v2\/comments?post=2"}],"version-history":[{"count":19,"href":"https:\/\/sisu.ut.ee\/ettevotlusopik\/wp-json\/wp\/v2\/pages\/2\/revisions"}],"predecessor-version":[{"id":1183,"href":"https:\/\/sisu.ut.ee\/ettevotlusopik\/wp-json\/wp\/v2\/pages\/2\/revisions\/1183"}],"wp:attachment":[{"href":"https:\/\/sisu.ut.ee\/ettevotlusopik\/wp-json\/wp\/v2\/media?parent=2"}],"curies":[{"name":"wp","href":"https:\/\/api.w.org\/{rel}","templated":true}]}}