{"id":1126,"date":"2026-01-30T15:34:46","date_gmt":"2026-01-30T13:34:46","guid":{"rendered":"https:\/\/sisu.ut.ee\/ettevotlusopik\/?page_id=1126"},"modified":"2026-02-02T08:47:31","modified_gmt":"2026-02-02T06:47:31","slug":"ulesanded","status":"publish","type":"page","link":"https:\/\/sisu.ut.ee\/ettevotlusopik\/ulesanded\/","title":{"rendered":"\u00dclesanded"},"content":{"rendered":"<p>\u00c4rimudeli t\u00e4iendamine<\/p>\n\n\n\n<p>Tuleme tagasi varasemalt k\u00e4sitletud J\u00e4\u00e4guR\u00f5\u00f5m \u00e4riidee juurde (vt. kliendir\u00fchmade hindamise \u00fclesannet Kliendianal\u00fc\u00fcsi peat\u00fckis), mille eesm\u00e4rgiks on toota eridisainiga T-s\u00e4rke taaskasutatud materjalidest, j\u00e4rgides tootmisel \u00f5iglase kaubanduse t\u00f5ekspidamisi. Materjalidena planeeritakse kasutada t\u00f6\u00f6stusj\u00e4\u00e4kidest ja vanade riiete \u00fcmbert\u00f6\u00f6tlemisest p\u00e4rinevat puuvillast materjali ja pol\u00fcestrit, mis on toodetud plastikj\u00e4\u00e4tmetest. T-s\u00e4rgid on suunatud k\u00f5igile tarbijatele (nii lastele kui t\u00e4iskasvanutele), kes hoolivad keskkonnast ja tahavad selle s\u00e4\u00e4stmiseks midagi \u00e4ra teha.<\/p>\n\n\n\n<p>J\u00e4\u00e4guR\u00f5\u00f5m \u00e4rimudeli l\u00f5uend (tuginedes Osterwalderi ja Pigneuri 2014 \u00e4rimudeli l\u00f5uendile)<\/p>\n\n\n\n<figure class=\"wp-block-table\"><table class=\"table table-hover\"><tbody><tr><td rowspan=\"2\">(8) P\u00d5HIPARTNERID <br>Siatex (\u00f5mblus- tarvikud) \u00a0 Omniva \u00a0 <br>Itella <br>Smartpost \u00a0 <br>DPD (pakiautomaadid ja kullerteenus) \u00a0<\/td><td>(7) P\u00d5HITEGEVUSED Disain <br>Tootmine Turundustegevused M\u00fc\u00fcgitegevus <br>Tarnete korraldus ja haldus Veebipoe haldus<\/td><td colspan=\"2\">(2) V\u00c4\u00c4RTUS-PAKKUMISED <br>Eriline ja kordumatu s\u00e4rgidisain <br>Mugavus <br>Looduss\u00f5bralikkus \u2013 staatus \u00a0 \u00a0<\/td><td>(4) KLIENDI-SUHTED Sotsiaalmeedia \u2013 giveaway\u00b4d <br>Otsene abistamine \u2013 klienditugi <br>Iseteenindus \u2013 veebipoes klient ise valib \u2192 suhtlus v\u00e4iksem<\/td><td>(1) KLIENDI-SEGMENDID Keskkonnahoiust hoolivad noored inimesed vanuses 18-30 \u00a0 <br>0-12- aastaste laste vanemad, kes hoolivad keskkonnast ja tarbimise v\u00e4hendamisest \u00a0 Keskkonnas\u00f5bralikud ettev\u00f5tted \u00a0<\/td><\/tr><tr><td>(6) P\u00d5HIRESSURSID Tooraine <br>Disainer <br>Veebipood <br>Personal <br>Raha<\/td><td colspan=\"2\">\u00a0<\/td><td>(3) KANALID <br>Veebipood <br>Sotsiaalmeedia (ettev\u00f5tte kontod Facebookis, Instagramis ja Tik-Tokis) Osalemine Antoniuse moeetendusel ja teistel sarnastel \u00fcritustel<\/td><td>\u00a0<\/td><\/tr><tr><td colspan=\"3\">(9) KULUSTRUKTUUR <br>tootmine <br>disainimine <br>tootmis- ja laoruumi rent <br>reklaam ja turundus <br>transport<\/td><td colspan=\"3\">(5) TULUVOOD <br>S\u00e4rkide m\u00fc\u00fck \u00a0 \u00a0<\/td><\/tr><\/tbody><\/table><\/figure>\n\n\n\n<p>* Numbrid lahtrite ees t\u00e4histavad tabeli t\u00e4itmise j\u00e4rjekorda<\/p>\n\n\n\n<p>Vali sobivad \u00fcks v\u00f5i mitu vastust, millega saaksid olemasolevat \u00e4rimudelit t\u00e4iendada:<\/p>\n\n\n\n<div class=\"h5p-iframe-wrapper\"><div class=\"video-placeholder-wrapper video-placeholder-wrapper--fixed\" style=\"height: 366px;\">\n\t\t\t    <div class=\"video-placeholder d-flex justify-content-center align-items-center\">\n\t\t\t        <div class=\"overlay text-white p-2 w-100 text-center d-block justify-content-center align-items-center\">\n\t\t\t            <div>Kolmandate osapoolte sisu n\u00e4gemiseks palun n\u00f5ustu k\u00fcpsistega.<\/div>\n\t\t\t            <button class=\"btn btn-secondary btn-sm mt-1 consent-change\">Muuda n\u00f5usolekut<\/button>\n\t\t\t        <\/div>\n\t\t\t    <\/div>\n\t\t\t<\/div>\n<\/div>\n","protected":false},"excerpt":{"rendered":"<p>\u00c4rimudeli t\u00e4iendamine Tuleme tagasi varasemalt k\u00e4sitletud J\u00e4\u00e4guR\u00f5\u00f5m \u00e4riidee juurde (vt. kliendir\u00fchmade hindamise \u00fclesannet Kliendianal\u00fc\u00fcsi peat\u00fckis), mille eesm\u00e4rgiks on toota eridisainiga T-s\u00e4rke taaskasutatud materjalidest, j\u00e4rgides tootmisel \u00f5iglase kaubanduse t\u00f5ekspidamisi. Materjalidena planeeritakse kasutada t\u00f6\u00f6stusj\u00e4\u00e4kidest ja vanade riiete \u00fcmbert\u00f6\u00f6tlemisest p\u00e4rinevat puuvillast materjali ja &#8230;<\/p>\n","protected":false},"author":3,"featured_media":0,"parent":0,"menu_order":0,"comment_status":"closed","ping_status":"closed","template":"","meta":{"_acf_changed":false,"inline_featured_image":false,"footnotes":""},"class_list":["post-1126","page","type-page","status-publish","hentry"],"acf":[],"_links":{"self":[{"href":"https:\/\/sisu.ut.ee\/ettevotlusopik\/wp-json\/wp\/v2\/pages\/1126","targetHints":{"allow":["GET"]}}],"collection":[{"href":"https:\/\/sisu.ut.ee\/ettevotlusopik\/wp-json\/wp\/v2\/pages"}],"about":[{"href":"https:\/\/sisu.ut.ee\/ettevotlusopik\/wp-json\/wp\/v2\/types\/page"}],"author":[{"embeddable":true,"href":"https:\/\/sisu.ut.ee\/ettevotlusopik\/wp-json\/wp\/v2\/users\/3"}],"replies":[{"embeddable":true,"href":"https:\/\/sisu.ut.ee\/ettevotlusopik\/wp-json\/wp\/v2\/comments?post=1126"}],"version-history":[{"count":4,"href":"https:\/\/sisu.ut.ee\/ettevotlusopik\/wp-json\/wp\/v2\/pages\/1126\/revisions"}],"predecessor-version":[{"id":1132,"href":"https:\/\/sisu.ut.ee\/ettevotlusopik\/wp-json\/wp\/v2\/pages\/1126\/revisions\/1132"}],"wp:attachment":[{"href":"https:\/\/sisu.ut.ee\/ettevotlusopik\/wp-json\/wp\/v2\/media?parent=1126"}],"curies":[{"name":"wp","href":"https:\/\/api.w.org\/{rel}","templated":true}]}}