{"id":1120,"date":"2026-01-30T12:06:43","date_gmt":"2026-01-30T10:06:43","guid":{"rendered":"https:\/\/sisu.ut.ee\/ettevotlusopik\/?page_id=1120"},"modified":"2026-01-30T12:06:44","modified_gmt":"2026-01-30T10:06:44","slug":"naide-9-nutika-noela-arimudel","status":"publish","type":"page","link":"https:\/\/sisu.ut.ee\/ettevotlusopik\/naide-9-nutika-noela-arimudel\/","title":{"rendered":"N\u00c4IDE 9. Nutika N\u00f5ela \u00e4rimudel"},"content":{"rendered":"<p>Nutika N\u00f5ela meeskond koostas \u00e4rimudeli, v\u00f5ttes aluseks Osterwalderi ja Pigneuri \u00e4rimudeli l\u00f5uendi. \u00c4rimudeli l\u00f5uendi t\u00e4itmisel v\u00f5eti aluseks eelnevalt k\u00e4sitletud teemad ning eelarvelised eeldused.<\/p>\n\n\n\n<p><a><\/a>Nutika N\u00f5ela \u00e4rimudel Osterwalderi ja Pigneuri (2014) \u00e4rimudeli l\u00f5uendil<\/p>\n\n\n\n<figure class=\"wp-block-table\"><table class=\"table table-hover\"><tbody><tr><td rowspan=\"2\">P\u00d5HIPARTNERID \u00a0 \u2013 \u00f5mblus- ja tikkimisseadmete pakkuja (Juki \u2013 ost ja hooldus); \u2013 \u00f5mblustarvikute pakkuja (nt niidid, n\u00f6\u00f6bid, haagid, lukud); \u2013 pakkematerjalide pakkuja (nt Pakendikeskus); \u2013 transporditeenuste pakkujad (pakiautomaadid Omniva, SmartPost, Dpd, Venipak); kullerteenuste pakkujad (Omniva, DHL jne); \u2013 \u00f5mblusmaterjalide pakkuja (nn. uued kangad, vatiin jm); \u2013 t\u00f6\u00f6stuspartnerid (kellega on kokkulepe kanga- ja nahaj\u00e4\u00e4kide eraldamiseks); \u2013 akud jt tehnikakomponendid (tehnikapartner); \u2013 tootmispinna (v\u00e4lja)rentija<\/td><td>P\u00d5HITEGEVUSED \u00a0 \u2013 toodete v\u00e4ljat\u00f6\u00f6tamine ja disainimine; \u2013 toodete \u00f5mblemine; \u2013 pakendamine ja transpordi korraldamine; \u2013 turundus- ja m\u00fc\u00fcgitegevused; \u2013 eritellimuste vastuv\u00f5tmine ja teostamine<\/td><td colspan=\"2\" rowspan=\"2\">V\u00c4\u00c4RTUS-PAKKUMISED \u00a0 \u2013 eristuv ja praktiline eriotstarbeliste kottide disain ning funktsionaalsus; \u2013 taaskasutus (riide- ja nahaj\u00e4\u00e4gid t\u00f6\u00f6stusest) ja j\u00e4tkusuutlik tootmine \u00a0<\/td><td>KLIENDISUHTED \u00a0 \u2013 personaalne l\u00e4henemine (tooteid on v\u00f5imalik tellida ja valmistada koost\u00f6\u00f6s kliendiga); \u2013 veebisuhtlus (kodulehe ja sotsiaalmeedia vahendusel); \u2013 toodete kohta teadlikkuse t\u00f5stmine ajakirjanduse vahendusel (sisuturundusartiklid)<\/td><td rowspan=\"2\">KLIENDISEGMENDID \u00a0\u2013 t\u00f6\u00f6ealised inimesed (reisimine, sportimine, selja-\u00f5lakott t\u00f6\u00f6le, reisidele, sporditarvetele jne); \u00a0\u2013 lapsevanemad (akupangaga pinal, pesemistarvikute kott koolilastele); \u00a0\u2013 \u00fcli\u00f5pilased (akupangaga pinal, selja- v\u00f5i \u00f5lakott, pesemistarvikute kott); \u00a0\u2013 ettev\u00f5tted (reklaamkingiks akupangaga pinal, arvutitaskud, selja- v\u00f5i \u00f5lakott); \u00a0\u2013 eritellimuste tellijad (erivarustus, meditsiini- ja tehnikakotid jm)<\/td><\/tr><tr><td>P\u00d5HIRESSURSID \u00a0 \u2013 disainer ja \u00f5mbleja; \u2013 juurdel\u00f5ikaja; \u2013 stantsid, laserl\u00f5ikuseks tehnilised joonised; \u2013 \u00f5mblustarvikud ja -seadmed; \u2013 riide- ja nahaj\u00e4\u00e4kidega varustamine; \u2013 tootearendus; \u2013 tootmisruum; \u2013 eristuv ja kaitstud kaubam\u00e4rk; \u2013 raha (\u00f5mblusseadmete ost); \u2013 oskused: lepingud, turundus ja m\u00fc\u00fck<\/td><td>KANALID \u2013 sotsiaalmeedia (ettev\u00f5tte kontod facebookis, instagramis ja tik-tokis); \u00a0\u2013 \u00a0koduleht koos e-poega; \u2013 \u00a0messid (disain; pere ja kodu); \u00a0\u2013 \u00a0sisuturundus-artiklid ajakirjanduses<\/td><\/tr><tr><td colspan=\"3\">KULUSTRUKTUUR \u00a0 \u2013 investeeringud: \u00f5mblustarvikud ja -seadmed, m\u00f6\u00f6bel; \u2013 palk; \u2013 materjalid (hind ja transport); \u2013 transpordikulud (kullerteenus, postikulu, muu); \u2013 rent ja kommunaalkulud (elekter, k\u00fcte, vesi ja kanalisatsioon)<\/td><td colspan=\"3\">TULUVOOD \u00a0 \u2013 pesemistarvikute koti m\u00fc\u00fck; \u2013 akupangaga pinalite m\u00fc\u00fck; \u2013 seljakottide m\u00fc\u00fck; \u2013 eritellimust\u00f6\u00f6d; \u2013 reklaamkingid<\/td><\/tr><tr><td><\/td><td><\/td><td><\/td><td><\/td><td><\/td><td><\/td><\/tr><\/tbody><\/table><\/figure>\n\n\n\n<p>\u00c4rimudeli kohaselt on tegemist \u00f6koloogilise ja rohelise ettev\u00f5ttega (ingl k Eco &amp; Green), mille protsessid ja tootmine on keskkonnas\u00f5bralikud, kuid samal ajal kasumlikud. Arvestades, et j\u00e4rjest enam kliente v\u00e4\u00e4rtustab keskkonnas\u00e4\u00e4stlikkust ning \u00f6koloogilise jalaj\u00e4lje v\u00e4hendamist, on ettev\u00f5ttel ette n\u00e4ha klientide toetust ja v\u00e4\u00e4rtustamist. Pikemaajalises plaanis on ettev\u00f5ttel kavas areneda mitte ainult veebim\u00fc\u00fcgiga tegelevaks ettev\u00f5tteks, vaid viia oma tooted ka olemasolevatesse kauplustesse ja jaem\u00fc\u00fcgikettidesse, liikudes enam \u00e4rimudeli suunas, mille korral on tooteid v\u00f5imalik soetada nii traditsioonilisest kauplusest kui ka veebist (ingl k Bricks &amp; Clicks).<\/p>\n\n\n<div class=\"accordion-block mb-3\">\n\t\t<div class=\"accordion \" id=\"accordion-accordion-69e078f32f53d\">\n\t\t\t\t\t\t\t<div class=\"accordion-item accordion-item--white\">\n\t\t\t\t\t<h2 class=\"accordion-header\" id=\"accordion-69e078f32f53d-heading-1\">\n\t\t\t\t\t\t<button class=\"accordion-button collapsed\" type=\"button\" data-bs-toggle=\"collapse\" data-bs-target=\"#accordion-69e078f32f53d-collapse-1\" aria-expanded=\"true\" aria-controls=\"accordion-69e078f32f53d-collapse-1\">\n\t\t\t\t\t\t\tEksperdi kommentaar\n\t\t\t\t\t\t<\/button>\n\t\t\t\t\t<\/h2>\n\t\t\t\t\t<div id=\"accordion-69e078f32f53d-collapse-1\" class=\"accordion-collapse collapse \" aria-labelledby=\"accordion-69e078f32f53d-heading-1\">\n\t\t\t\t\t\t<div class=\"accordion-body\">\n\t\t\t\t\t\t\t<p>J\u00e4\u00e4kidest toodete valmistamisel tuleb arvestada suurema aja- ja t\u00f6\u00f6kuluga, kuna tuleb leida j\u00e4\u00e4kide seast sobivaima v\u00e4rvi, struktuuri ja kujuga kangad ning asetada toote detailid etteantud pindadele. Lisaks tuleb arvestada sellega, et \u00f5mbleja ei pruugi osata vastu v\u00f5tta eritellimust ning konstrueerida l\u00f5iget, sest see eeldab disaini ja konstrueerimise kompetentsi.<\/p>\n\n\t\t\t\t\t\t<\/div>\n\t\t\t\t\t<\/div>\n\t\t\t\t<\/div>\n\t\t\t\t\t<\/div>\n\t<\/div>\n\n\n\n<p><\/p>\n\n\n\n<p><\/p>\n","protected":false},"excerpt":{"rendered":"<p>Nutika N\u00f5ela meeskond koostas \u00e4rimudeli, v\u00f5ttes aluseks Osterwalderi ja Pigneuri \u00e4rimudeli l\u00f5uendi. \u00c4rimudeli l\u00f5uendi t\u00e4itmisel v\u00f5eti aluseks eelnevalt k\u00e4sitletud teemad ning eelarvelised eeldused. Nutika N\u00f5ela \u00e4rimudel Osterwalderi ja Pigneuri (2014) \u00e4rimudeli l\u00f5uendil P\u00d5HIPARTNERID \u00a0 \u2013 \u00f5mblus- ja tikkimisseadmete pakkuja (Juki &#8230;<\/p>\n","protected":false},"author":3,"featured_media":0,"parent":0,"menu_order":0,"comment_status":"closed","ping_status":"closed","template":"","meta":{"_acf_changed":false,"inline_featured_image":false,"footnotes":""},"class_list":["post-1120","page","type-page","status-publish","hentry"],"acf":[],"_links":{"self":[{"href":"https:\/\/sisu.ut.ee\/ettevotlusopik\/wp-json\/wp\/v2\/pages\/1120","targetHints":{"allow":["GET"]}}],"collection":[{"href":"https:\/\/sisu.ut.ee\/ettevotlusopik\/wp-json\/wp\/v2\/pages"}],"about":[{"href":"https:\/\/sisu.ut.ee\/ettevotlusopik\/wp-json\/wp\/v2\/types\/page"}],"author":[{"embeddable":true,"href":"https:\/\/sisu.ut.ee\/ettevotlusopik\/wp-json\/wp\/v2\/users\/3"}],"replies":[{"embeddable":true,"href":"https:\/\/sisu.ut.ee\/ettevotlusopik\/wp-json\/wp\/v2\/comments?post=1120"}],"version-history":[{"count":1,"href":"https:\/\/sisu.ut.ee\/ettevotlusopik\/wp-json\/wp\/v2\/pages\/1120\/revisions"}],"predecessor-version":[{"id":1122,"href":"https:\/\/sisu.ut.ee\/ettevotlusopik\/wp-json\/wp\/v2\/pages\/1120\/revisions\/1122"}],"wp:attachment":[{"href":"https:\/\/sisu.ut.ee\/ettevotlusopik\/wp-json\/wp\/v2\/media?parent=1120"}],"curies":[{"name":"wp","href":"https:\/\/api.w.org\/{rel}","templated":true}]}}