{"id":1115,"date":"2026-01-30T12:02:21","date_gmt":"2026-01-30T10:02:21","guid":{"rendered":"https:\/\/sisu.ut.ee\/ettevotlusopik\/?page_id=1115"},"modified":"2026-01-30T12:04:24","modified_gmt":"2026-01-30T10:04:24","slug":"veaohtlikud-kohad","status":"publish","type":"page","link":"https:\/\/sisu.ut.ee\/ettevotlusopik\/veaohtlikud-kohad\/","title":{"rendered":"Veaohtlikud kohad"},"content":{"rendered":"<h3 class=\"wp-block-heading\"><\/h3>\n\n\n\n<p class=\"has-primary-color has-text-color has-link-color wp-elements-01de70e5a271dd30822956bc048b8e1d\">#1 Kasuta standardset \u00e4rimudeli l\u00f5uendit \u00e4rimudeli koostamiseks!<\/p>\n\n\n\n<p>Soovituslik on kasutada \u00e4rimudeli l\u00f5uendit, millel ei ole muudetud lahtrite pealkirju v\u00f5i need hoopiski kustutatud. \u00c4rimudeli l\u00f5uendi eesm\u00e4rgiks on see muuta arusaadavaks ja kergesti loetavaks ning sellel vormiliste muudatuste tegemine v\u00f5ib kaasa tuua segadust.<\/p>\n\n\n\n<p class=\"has-primary-color has-text-color has-link-color wp-elements-2e6303e080a6343f92e00cfa2e7bb097\">#2 Anal\u00fc\u00fcsi korraga \u00fchte \u00e4rimudelit v\u00f5i sihtgruppi.<\/p>\n\n\n\n<p>\u00dchte \u00e4rimudelisse ei ole m\u00f5istlik kokku panna mitmeid teenuseid ja erit\u00fc\u00fcpilisi tooteid v\u00f5i erinevaid \u00e4rimudeleid (nt anal\u00fc\u00fcsida koos B2B, B2C ja B2G).<\/p>\n\n\n\n<p class=\"has-primary-color has-text-color has-link-color wp-elements-9411ddeab434e597bb5d256953a03491\">#3 \u00c4ra piirdu ainult m\u00e4rks\u00f5nadega, vaid esitada l\u00fchidalt peamine m\u00f5te.<\/p>\n\n\n\n<p>Siinkohal on vaja l\u00fchidalt ja konkreetselt, pikki lauseid v\u00e4ltides v\u00e4lja tuua, kuidas toodud \u00e4rimudel hakkab toimima ja tulu teenima.<\/p>\n\n\n\n<p class=\"has-primary-color has-text-color has-link-color wp-elements-76e02eab95be63f3682fa75e7e84ad1d\">#4 Mitte segamini ajada kliendisuhteid ja kanaleid!<\/p>\n\n\n\n<p>Kliendisuhted p\u00f5hinevaid suhete loomisel ja hoidmise, kanalid aga tooteinfo edastamise viiside kirjeldusel. Oluline on v\u00e4lja tuua ka see, kuidas seda teha: sotsiaalmeediakanali nimetamisest ainu\u00fcksi ei piisa, siia juurde on vaja lisada ka see, mida ja kuidas t\u00e4psemalt teha kavatsetakse.<\/p>\n\n\n\n<p class=\"has-primary-color has-text-color has-link-color wp-elements-be23c2c28fe0d82400570ef0b40864d0\">#5 Kontrollida vastuolusid!<\/p>\n\n\n\n<p>Veenduda, et ei esineks vastuolusid erinevate \u00e4rimudeli lahtrite vahel.<\/p>\n\n\n\n<p class=\"has-primary-color has-text-color has-link-color wp-elements-dde46ecdecbf1c3139a3424c81dbb31a\">#6 Kontrollida, et peamised tegevused on otseselt seotud v\u00e4\u00e4rtuspakkumisega!<\/p>\n\n\n\n<p>V\u00e4\u00e4rtuspakkumine peab olema seotud peamiste tegevustega, kuna need tegevused v\u00f5imaldavadki v\u00e4\u00e4rtuspakkumist luua. Samuti ei ole vaja peamiste tegevuste alla kirja panna neid tegevusi, mis on vajalikud ettev\u00f5tte k\u00e4ivitamiseks, vaid just neid, mis muudavad peamiste partnerite poolt pakutavad ressursid peamiste tegevuste kaudu v\u00e4\u00e4rtuspakkumiseks.<\/p>\n\n\n\n<p class=\"has-primary-color has-text-color has-link-color wp-elements-47f839d3d08c96ef81169383ab1453ed\">#7 V\u00e4ltida tuluvoogudesse ja kuludesse numbriliste v\u00e4\u00e4rtuste kirjutamist!<\/p>\n\n\n\n<p>\u00c4rimudel v\u00f5imaldab ettev\u00f5tjal aru saada, kes on tema kliendid, kuidas teenust pakutakse v\u00f5i toodet toodetakse ja m\u00fc\u00fcakse ning kust tuleb raha. Ta n\u00e4itab \u00e4ritegevuse ja selle \u00fclesehituse loogikat, mitte konkreetseid v\u00e4ljundeid. Numbrilised v\u00e4\u00e4rtused kuuluvad eelarvesse!<\/p>\n\n\n\n<p><\/p>\n","protected":false},"excerpt":{"rendered":"<p>#1 Kasuta standardset \u00e4rimudeli l\u00f5uendit \u00e4rimudeli koostamiseks! Soovituslik on kasutada \u00e4rimudeli l\u00f5uendit, millel ei ole muudetud lahtrite pealkirju v\u00f5i need hoopiski kustutatud. \u00c4rimudeli l\u00f5uendi eesm\u00e4rgiks on see muuta arusaadavaks ja kergesti loetavaks ning sellel vormiliste muudatuste tegemine v\u00f5ib kaasa tuua &#8230;<\/p>\n","protected":false},"author":3,"featured_media":0,"parent":0,"menu_order":0,"comment_status":"closed","ping_status":"closed","template":"","meta":{"_acf_changed":false,"inline_featured_image":false,"footnotes":""},"class_list":["post-1115","page","type-page","status-publish","hentry"],"acf":[],"_links":{"self":[{"href":"https:\/\/sisu.ut.ee\/ettevotlusopik\/wp-json\/wp\/v2\/pages\/1115","targetHints":{"allow":["GET"]}}],"collection":[{"href":"https:\/\/sisu.ut.ee\/ettevotlusopik\/wp-json\/wp\/v2\/pages"}],"about":[{"href":"https:\/\/sisu.ut.ee\/ettevotlusopik\/wp-json\/wp\/v2\/types\/page"}],"author":[{"embeddable":true,"href":"https:\/\/sisu.ut.ee\/ettevotlusopik\/wp-json\/wp\/v2\/users\/3"}],"replies":[{"embeddable":true,"href":"https:\/\/sisu.ut.ee\/ettevotlusopik\/wp-json\/wp\/v2\/comments?post=1115"}],"version-history":[{"count":3,"href":"https:\/\/sisu.ut.ee\/ettevotlusopik\/wp-json\/wp\/v2\/pages\/1115\/revisions"}],"predecessor-version":[{"id":1119,"href":"https:\/\/sisu.ut.ee\/ettevotlusopik\/wp-json\/wp\/v2\/pages\/1115\/revisions\/1119"}],"wp:attachment":[{"href":"https:\/\/sisu.ut.ee\/ettevotlusopik\/wp-json\/wp\/v2\/media?parent=1115"}],"curies":[{"name":"wp","href":"https:\/\/api.w.org\/{rel}","templated":true}]}}