{"id":9,"date":"2024-04-04T07:56:21","date_gmt":"2024-04-04T04:56:21","guid":{"rendered":"https:\/\/sisu.ut.ee\/etenduskunstid\/5-teatrifenomenoloogia\/"},"modified":"2024-04-15T14:02:22","modified_gmt":"2024-04-15T11:02:22","slug":"5-teatrifenomenoloogia","status":"publish","type":"page","link":"https:\/\/sisu.ut.ee\/etenduskunstid\/5-teatrifenomenoloogia\/","title":{"rendered":"Teatrifenomenoloogia"},"content":{"rendered":"<address>Madli Pesti<\/address>\n<h2>Mis on teatrifenomenoloogia?<\/h2>\n<p>Teatrifenomenoloogia ehk fenomenoloogiline l\u00e4henemisviis teatrile on mitmek\u00fclgne uurimissuund, mis kerkis esile 1980. aastail. See on suundumus ja liikumine, mitte s\u00fcsteem v\u00f5i koolkond. Fenomenoloogia v\u00e4\u00e4rtustab <strong>terviku kogemist<\/strong>, <strong>kehalisust<\/strong> ja <strong>konkreetse vaataja meelelist taju<\/strong>. Just teatrit peetakse sobivaks paigaks tajude teravdamise jaoks \u2013 eks n\u00f5ua ju teatrivaataja roll t\u00e4helepanelikku j\u00e4lgimist ning keskendatud valmisolekut vaadata ja kuulata. Fenomenoloogilise kriitika esilet\u00f5us t\u00e4hendab ka mingil m\u00e4\u00e4ral muljelise kriitika elu\u00f5igust. Sellise l\u00e4henemise puhul v\u00f5ib subjektiivne tajumise akt saadagi rohkem t\u00e4helepanu kui objekt, n\u00e4iteks teatrietendus.<\/p>\n<p>Teatrifenomenoloogia kui <a title=\"\" href=\"https:\/\/sisu.ut.ee\/etenduskunstid\/book\/etendusanal%C3%BC%C3%BCs\" target=\"_blank\" rel=\"noopener\" data-url=\"https:\/\/sisu.ut.ee\/etenduskunstid\/book\/etendusanal%C3%BC%C3%BCs\">etendusanaluusi<\/a> l\u00e4henemisviis kerkis esile omamoodi vastukaaluna <a title=\"\" href=\"https:\/\/sisu.ut.ee\/etenduskunstid\/book\/teatrisemiootika\" target=\"_blank\" rel=\"noopener\" data-url=\"https:\/\/sisu.ut.ee\/etenduskunstid\/book\/teatrisemiootika\">semiootikale<\/a>. Fenomenoloogiast inspireeritud uurijad siiski ei eita t\u00e4henduse tekkimist, mille on esiplaanile asetanud semiootiline vaateviis ning mis keskendub etenduse ratsionaalsele lahtiseletamisele. J\u00e4rjest enam on aga uurijad j\u00f5udnud selleni, et fenomenoloogia ja semiootika binaarne ehk vastandav suhe on kitsendav. Teatri t\u00f5lgendamine m\u00e4rgis\u00fcsteemina ei v\u00e4henda selle kogemuslikkust. Inimene kogeb maailma tervikuna ja m\u00e4rgi t\u00e4hendus ei asetse eraldi selle kogemisest.<\/p>\n<p>Fenomenoloogiliste filosoofide ja teatriuurijate k\u00e4sitlusviis on pigem esseistlik, nad kasutavad palju metafoore ja kujundeid ega esita rangeid s\u00fcsteeme. Esteetiline, sealhulgas kunstikogemus on nende jaoks oluline tunnetuslik seisund. Paljude fenomenoloogide arvates on kunstikogemus eelk\u00f5ige individuaalne tajukogemus.<\/p>\n<p>Mis on fenomenoloogilise meetodi v\u00f5i hoiaku tuum? See on kaemuslik, s\u00fcvenev, m\u00f5tisklev vaatlus. Eesm\u00e4rgiks on tabada vaadeldavas objektis olemuslikku, p\u00fc\u00fcda \u00fcletada kultuuritaustast, sotsiaalsest kuuluvusest ja muudest teguritest tingitud ootusi ja eeldusi. Fenomenoloogid t\u00e4htsustavad asjade ilmnemist nende meelelisuses, nende jaoks on oluline terviklik tajukogemus vastandina asjade anal\u00fc\u00fctilisele lahtiharutamisele.<\/p>\n<p>Miks on vaja teatrit fenomenoloogiliselt t\u00f5lgendada? Selline t\u00f5lgendamine ei pruugi tingimata n\u00e4idata midagi uut, kuid aitab uuesti p\u00fcstitada vanu k\u00fcsimusi, tuues ilmse taas p\u00e4evavalgele. Teatrifenomenoloogi peamine \u00fclesanne v\u00f5iks olla vaidlustada ja mitmek\u00fclgselt k\u00e4sitleda teatri tuumikm\u00f5isteid (n\u00e4iteks etendus, etendaja ja rolli suhe, keha ja kohalolu).<\/p>\n<p>Lisaks on teatrifenomenoloogia esilet\u00f5usuga saanud uusi dimensioone juurde just vaataja vastuv\u00f5tu- ja tajuviisid. Iga \u00fcksik vaataja ja samuti publik kui grupp v\u00f5tab vastutuse selle eest, mis teatris juhtub. Lavastus ja selle vastuv\u00f5tt ei ole midagi fikseeritut, vaid need l\u00e4htuvad ja s\u00f5ltuvad publikust. Kui r\u00e4\u00e4gitakse n\u00e4itlemisstiilist ja lavastamisk\u00e4ekirjast, siis miks mitte k\u00f5neleda ka vaatamisstiilist: publikul on vabadus luua oma vaatamisk\u00e4ekiri. Pilk lavale on muutunud, see ei vaata sinna pelgalt informatsiooni saamiseks. Vaatamisprotsessi loomingulisus on t\u00f5usnud j\u00e4rjest enam esile. Publik on \u00f5ppinud uusi vastuv\u00f5tustrateegiaid, kus tuleb harjumatute v\u00f5i ootamatute situatsioonidega kohaneda v\u00f5i neid lausa luua. Selline oma kogemuse reflekteeriv k\u00e4sitlemine r\u00f5hutab \u00fcha enam kultuuri s\u00fcndmuslikkust ja kogemuslikkust, vastandudes pelgale tarbimismentaliteedile. N\u00fc\u00fcdisteater ei ole niisiis mitte ainult etendamiskunst, vaid ka vaatamiskunst.<\/p>\n<p style=\"text-align: center;\"><img loading=\"lazy\" decoding=\"async\" width=\"601\" height=\"400\" class=\"alignnone wp-image-88\" title=\"Kolm t\u00e4navaetenduse vaatajat Pariisis. Foto Emilio Labrador. (Wikimedia Commons)\" src=\"https:\/\/sisu.ut.ee\/wp-content\/uploads\/sites\/556\/s_vaatajad.jpg\" alt=\"Kolm t\u00e4navaetenduse vaatajat Pariisis.\" srcset=\"https:\/\/sisu.ut.ee\/wp-content\/uploads\/sites\/556\/s_vaatajad.jpg 601w, https:\/\/sisu.ut.ee\/wp-content\/uploads\/sites\/556\/s_vaatajad-300x200.jpg 300w\" sizes=\"auto, (max-width: 601px) 100vw, 601px\"><\/p>\n<h3>Mis on fenomenoloogia?<\/h3>\n<p><img loading=\"lazy\" decoding=\"async\" class=\"wp-image-90  alignright\" title=\"Loe lisaks fenomenoloogia ja teiste filosoofiliste l\u00e4henemiste kohta raamatust \u201e20. sajandi m\u00f5ttevoolud\u201c. (Apollo)\" src=\"https:\/\/sisu.ut.ee\/wp-content\/uploads\/sites\/556\/s_20._sajandi_mottevoolud.jpg\" alt=\"\" width=\"211\" height=\"305\" srcset=\"https:\/\/sisu.ut.ee\/wp-content\/uploads\/sites\/556\/s_20._sajandi_mottevoolud.jpg 277w, https:\/\/sisu.ut.ee\/wp-content\/uploads\/sites\/556\/s_20._sajandi_mottevoolud-208x300.jpg 208w\" sizes=\"auto, (max-width: 211px) 100vw, 211px\">S\u00f5na \u201efenomenoloogia\u201c t\u00e4hendab fenomenide uurimist. Termin \u201efenomen\u201c tuleb vanakreekakeelsest s\u00f5nast <em>phainomenon<\/em>, mis t\u00e4histab seda, mis ilmub v\u00f5i paistab, verbina t\u00e4hendab see \u201eennast n\u00e4itama\u201c. Teoreetilises diskursuses t\u00e4hendab <em>phainomenon<\/em> n\u00e4htust v\u00f5i n\u00e4htumust. M\u00f5iste <em>logos<\/em> t\u00e4histab k\u00f5ne, s\u00f5na v\u00f5i arutlust. Seega, \u00fcmber \u00f6eldult t\u00e4hendab fenomenoloogiline vaateviis seda, et maailm n\u00e4itab ennast fenomenide kaudu ja tajuja seob need s\u00f5na ja arutluse abil kokku.<\/p>\n<p><strong>Fenomenid<\/strong> on asjad, nagu me neid teadvuses tajume, erinevalt asjadest, nagu nad tegelikult ja meie kogemusest s\u00f5ltumatult on. <strong>Fenomenoloogia<\/strong> on meie teadvuse kogemuses olevate asjade uurimine. K\u00fcsitakse, kuidas inimene asju tajub, kuidas asi kogemuses v\u00e4lja paistab ehk ennast n\u00e4itab ning milline on kogetava asja t\u00e4hendus \u00fche kindla kogemusakti raames. Fenomenoloogiline meetod ei v\u00f5imalda p\u00f5him\u00f5tteliselt universaalseid \u00fcldistusi, kuna selle l\u00e4htekoht on alati konkreetse inimese kogemuse anal\u00fc\u00fcs. (Viik 2009: 214\u2013222)<\/p>\n<h3>Fenomenoloogia ajalooline kujunemine<br>\nja teoreetiline taust<\/h3>\n<p>See on suundumus, kuhu kuulub \u00fcsna erinevaid m\u00f5tlejaid. Fenomenoloogial on kokkupuuteid hermeneutikaga (Hans-Georg Gadamer \u2013 tema teooriat nimetatakse m\u00f5istmisakti fenomenoloogiaks), eksistentsialismiga (Jean-Paul Sartre) ja poststrukturalismiga (Jacques Derrida).<\/p>\n<p><img loading=\"lazy\" decoding=\"async\" width=\"278\" height=\"400\" class=\"alignnone wp-image-91\" style=\"float: left;\" title=\"Edmund Husserl. (Wikimedia Commons)\" src=\"https:\/\/sisu.ut.ee\/wp-content\/uploads\/sites\/556\/s_husserl.jpg\" alt=\"Edmund Husserl\" srcset=\"https:\/\/sisu.ut.ee\/wp-content\/uploads\/sites\/556\/s_husserl.jpg 278w, https:\/\/sisu.ut.ee\/wp-content\/uploads\/sites\/556\/s_husserl-209x300.jpg 209w\" sizes=\"auto, (max-width: 278px) 100vw, 278px\">Fenomenoloogilise meetodi loojaks v\u00f5ib pidada <strong>Edmund Husserli<\/strong> (1859\u20131938) ning selle olulisemateks arendajateks ja levitajateks Martin Heideggeri, Jean-Paul Sartre\u2019it ja Maurice Merleau-Pontyd. Fenomenoloogia sai alguse Husserli teosega \u201eLoogilised uurimused\u201c (1900\u20131901). Husserli lipukiri oli \u201eTagasi asjade endi juurde!\u201c. Nende \u201easjade\u201c puhul ta pidaski silmas fenomene, s.t k\u00f5ike, mis tunnetavale subjektile ilmneb, mis on teadvusele antud. \u201eTagasi\u201c t\u00e4hendas Husserli jaoks tunnetava teadvuse puhastamist k\u00f5igist eeldustest ja oletustest. Oluline on, et uurija paneb s\u00fcstemaatiliselt kahtluse alla k\u00f5ik eelarvamused ja enesestm\u00f5istetavused mingi asja kohta. Fenomenoloogiline vaateviis v\u00e4\u00e4rtustab \u201epuhast\u201c individuaalset kogemust kogu selle rikkuses ja meelelisuses.<\/p>\n<p>Husserli j\u00e4rgi saame fenomenoloogilist meetodit rakendada \u00fche erilise protseduuri abil, mida ta nimetas <strong>transtsendentaalseks reduktsiooniks<\/strong> ehk <strong><em>epoch\u00e9<\/em><\/strong>\u2019ks. See on Vana-Kreeka skeptikute termin, mis t\u00e4histab otsustusest loobumist. Selle protseduuri kaudu omandab vaatleja fenomenoloogilise hoiaku, s.t k\u00f5ik asjad muutuvad tema jaoks teadvuse fenomenideks. Fenomenoloogiline hoiak vastandub loomulikule hoiakule. Kriitikud aga \u00fctlevad, et kuna inimene on sotsiaalne loom, ei ole v\u00f5imalik l\u00f5puni k\u00f5ikidest hoiakutest loobuda ning kultuurilisi t\u00e4hendusi on utoopiline kaotada. Samuti pole inimesel juurdep\u00e4\u00e4su mitteteadvuslikele protsessidele.<\/p>\n<p>Husserl on ka s\u00f5nastanud fenomenoloogia p\u00f5hiprobleemi, milleks on asjade <strong>frontaalsus<\/strong>. Igasuguse kogemuse frontaalne kvaliteet on Husserli s\u00f5nul see, mis hoiab maailma olemast <em>\u00fcleni minu<\/em>. See t\u00e4hendab, et me n\u00e4eme ja kogeme asju alati n-\u00f6 esik\u00fcljest, frontaalselt ehk sellest k\u00fcljest, kust me mingit objekti vaatleme. Me ei v\u00f5i otsustada objektide nende k\u00fclgede \u00fcle, mida me ei n\u00e4e. Husserli k\u00e4sitlus on inspireerinud teatriuurijaid: n\u00e4iteks laval asuv dekoratsioon n\u00e4itab end frontaalselt, vaataja saalist n\u00e4eb vaid selle esik\u00fclge. Vaataja aga loob peas n\u00e4htu kohta ruumilise terviku iseseisvalt.<\/p>\n<p><img loading=\"lazy\" decoding=\"async\" width=\"253\" height=\"400\" class=\"alignnone wp-image-87\" style=\"float: right;\" title=\"Maurice Merleau-Ponty \u201eTaju fenomenoloogia\u201c, eestindanud Mirjam Lepikult. (Apollo)\" src=\"https:\/\/sisu.ut.ee\/wp-content\/uploads\/sites\/556\/s_taju_fenomoenoloogia.jpg\" alt=\"Maurice Merleau-Ponty \u201eTaju fenomenoloogia\u201c\" srcset=\"https:\/\/sisu.ut.ee\/wp-content\/uploads\/sites\/556\/s_taju_fenomoenoloogia.jpg 253w, https:\/\/sisu.ut.ee\/wp-content\/uploads\/sites\/556\/s_taju_fenomoenoloogia-190x300.jpg 190w\" sizes=\"auto, (max-width: 253px) 100vw, 253px\">Husserli-j\u00e4rgsesse fenomenoloogiasse on oluliselt panustanud ning teatri- ja tantsu-uurijaid tugevalt inspireerinud Prantsuse filosoof <strong>Maurice Merleau-Ponty<\/strong> (1908\u20131961). Merleau-Ponty taotles ihulise inimeksistentsi kogemuse kirjeldamist ning tema m\u00f5tlemises asub taju ja ihulisusega seotud problemaatika kesksel kohal. Tema olulisim teos on \u201eTaju fenomenoloogia\u201c (1945, eesti k 2019). <strong>Taju<\/strong> pole Merleau-Ponty jaoks k\u00f5igest \u00fcks n\u00e4htus teiste seas, vaid meid maailmaga siduv alusfenomen, mis m\u00e4\u00e4rab alati meie mis tahes kogemuse. Taju on k\u00f5igi teiste kogemusviiside, ka m\u00f5tlemise eeldus, kusjuures m\u00f5tlemine on justkui taju pikendus ja keel uus tajuorgan. See t\u00e4hendab, et keelt ei saa taandada pelgalt instrumendiks, sest selle kaudu me tajume maailma ja toimime maailmas. Fenomenoloogid \u00fctlevad: \u201eMaailm ei ole see, mida ma m\u00f5tlen, vaid mida ma kogen.\u201c<\/p>\n<p>Teatrist on fenomenoloogid olnud huvitatud juba \u00fcle sajandi. N\u00e4iteks Husserli \u00f5pilane, Saksa filosoof <strong>Max Scheler<\/strong> (1874\u20131928), tegeles 20. sajandi alguses trag\u00f6\u00f6dia fenomenoloogiaga; j\u00e4rgnevatel k\u00fcmnenditel kirjutati uurimusi (n\u00e4ite)kirjanduse ja esteetika valdkonnas. Teise maailmas\u00f5ja j\u00e4rgsel perioodil tegeles Prantsuse filosoof <strong>Mikel Dufrenne<\/strong> (1910\u20131995) fenomenoloogilise esteetikaga: tema peateos on \u201eEsteetilise kogemuse fenomenoloogia\u201c (1953, ingl k 1973). N\u00e4itematerjalina kasutas ta teatrit (ooperit, balletti). Tema esteetika on vaatajakeskne, vastandudes looja ps\u00fchholoogiast ja biograafiast l\u00e4htuvale teose seletamisele. Kunstiteos on asi maailmas, ent alles tajutuna saab sellest esteetiline objekt, alles vaataja taju viib teose l\u00f5pule v\u00f5i t\u00e4ide. Dufrenne r\u00f5hutab ka taju ja t\u00e4henduse \u00fchtsust. T\u00e4hendus on meelelisele substantsile sisemiselt omane, s.t kui ma kuulan ja vaatan, siis antakse mulle ka t\u00e4hendus. Seega Dufrenne\u2019i k\u00e4sitlus ei r\u00f5hu aktiivsele t\u00e4hendusloomele v\u00f5i t\u00f5lgendusele, vaid tajumisele. Vastuv\u00f5tja peaks end n-\u00f6 andma teose hoolde, sellesse s\u00fc\u00fcvima v\u00f5i sukelduma, ainult sel juhul s\u00fcnnib esteetiline elamus.<\/p>\n<p><img loading=\"lazy\" decoding=\"async\" width=\"313\" height=\"499\" class=\"alignnone wp-image-82\" style=\"width: 250px; height: 399px; float: left;\" title=\"Bert O. Statesi \u201eSuured rehkendused v\u00e4ikestes ruumides. Teatrifenomenoloogiast\u201c. (Amazon)\" src=\"https:\/\/sisu.ut.ee\/wp-content\/uploads\/sites\/556\/states.jpg\" alt=\"Bert O. Statesi \u201eSuured rehkendused v\u00e4ikestes ruumides\" srcset=\"https:\/\/sisu.ut.ee\/wp-content\/uploads\/sites\/556\/states.jpg 313w, https:\/\/sisu.ut.ee\/wp-content\/uploads\/sites\/556\/states-188x300.jpg 188w\" sizes=\"auto, (max-width: 313px) 100vw, 313px\">USA teatriuurija <strong>Bert O. States<\/strong> (1929\u20132003) oli esimene, kes rakendas fenomenoloogilist l\u00e4henemist teatriteaduses: 1985. aastal ilmus tema m\u00f5jukas teos \u201eSuured rehkendused v\u00e4ikestes ruumides. Teatrifenomenoloogiast\u201d (\u201eGreat Reckonings in Little Rooms. On the Phenomenology of Theatre\u201c). States kasutas binokulaarse (kahe silmaga) n\u00e4gemise metafoori: \u00fcks silm v\u00f5imaldab meil vaadata maailma fenomenoloogiliselt, teine silm aga semiotiseerivalt. Teatris on m\u00e4rk v\u00f5i kujutis kahen\u00e4oline: see tahab midagi millegi kohta \u00f6elda, olla m\u00e4rk, ja tahab ka olla miski, asi iseeneses, olla \u201eilu asupaik\u201c (States 1985: 9). Teatriteaduses on t\u00e4naseni aktsepteeritud tema seisukoht, et semiootika ja fenomenoloogia on teineteist t\u00e4iendavad vaateviisid teatrile.<\/p>\n<p>States k\u00e4sitles oma peateoses teatrit (ja n\u00e4itekirjandust) kaksikjaotusest \u201eruum (lava) \u2013 n\u00e4itleja\u201c l\u00e4htuvalt. Lava puhul on oluline lavaruumi ja maailma suhe ning States vaatles selle suhte eri v\u00f5imalusi Shakespeare\u2019i teatris, naturalismis (kus p\u00fc\u00fctakse luua reaalsuse illusiooni), ekspressionismis, avangardteatris jne. N\u00e4iteks anal\u00fc\u00fcsis ta n\u00e4idendi j\u00f5udmist lavale: teksti lavale tuues kaotab see midagi oma m\u00e4rgilisest t\u00e4hendusest (k\u00f5ikidest teksti v\u00f5imalustest saab laval realiseerida vaid \u00fche), kuid v\u00f5idab kehalises kohalolus (<em>corporeal presence<\/em>). (Samas, 29)<\/p>\n<p>N\u00e4itlemise fenomeni k\u00e4sitles States kahest perspektiivist: n\u00e4itleja ja tekst (rolli loomine) ning n\u00e4itleja ja publik. N\u00e4itlemine on kolme k\u00f5neviisi p\u00f5iming.<\/p>\n<p><strong>N\u00e4itlemine t\u00e4hendab:<\/strong><\/p>\n<ul>\n<li>tegelase kujutamist,<\/li>\n<li>n\u00e4itleja enesev\u00e4ljendust,<\/li>\n<li>n\u00e4itleja koost\u00f6\u00f6d publikuga. (Samas, 14)<\/li>\n<\/ul>\n<p>Statesi \u2013 ka fenomenoloogilist vaatepunkti \u00fcldisemalt \u2013 ei huvita n\u00e4itleja ps\u00fchholoogia, vaid vaataja ps\u00fchholoogia. Fenomenoloogid anal\u00fc\u00fcsivad, kuidas vaataja vaatab n\u00e4itlejat; mida me n\u00e4eme n\u00e4itlejas ja n\u00e4itleja kui instrumendi abil.<\/p>\n<p>1990. aastatest alates k\u00e4sitletakse fenomenoloogiat olulise teatriuurimise meetodina semiootika k\u00f5rval. Teatriteaduse fenomenoloogilist suunda hakkas siis huvitama rohkem teatripraktika, uuriti etendamist kui fenomeni. Samuti avardati etendamise ruumist m\u00f5tlemist.<\/p>\n<p style=\"text-align: center;\"><img loading=\"lazy\" decoding=\"async\" width=\"600\" height=\"400\" class=\"alignnone wp-image-89\" style=\"width: 600px; height: 400px;\" title=\"Raskesti \u00e4ratuntav fenomen lavastuses \u201eValgete vete sina\u201c (2019, lav Renate Keerd, EMTA lavakunstikooli XXIX lend). Foto Gabriela Liivam\u00e4gi\" src=\"https:\/\/sisu.ut.ee\/wp-content\/uploads\/sites\/556\/s_valgete_vete_sina.jpg\" alt=\"Raskesti \u00e4ratuntav fenomen lavastuses \u201eValgete vete sina\u201c\" srcset=\"https:\/\/sisu.ut.ee\/wp-content\/uploads\/sites\/556\/s_valgete_vete_sina.jpg 600w, https:\/\/sisu.ut.ee\/wp-content\/uploads\/sites\/556\/s_valgete_vete_sina-300x200.jpg 300w\" sizes=\"auto, (max-width: 600px) 100vw, 600px\"><\/p>\n<h3>Fenomenid teatrietenduses<\/h3>\n<p>Kuna fenomenoloogiline meetod l\u00e4htub suuresti fenomenide anal\u00fc\u00fcsist, siis on j\u00e4rgnev peat\u00fckk \u00fcles ehitatud teatrietenduse fenomenide tutvustamisele ja anal\u00fc\u00fcsimisele.<\/p>\n<p>Fenomenoloogilist vaatlust sooritades l\u00e4htutakse sellest, et on olemas \u00e4ratuntavad ja kogetavad fenomenid. Teatrietendust kogedes saab vaataja k\u00fcsida, kuidas ilmnevad inimesed, asjad ja ruumid ning milline on nende m\u00f5ju publikule. Fenomenoloogiline anal\u00fc\u00fcs uuribki lavastuse seda tahku, mis on vaatajale kogetav ja tajutav. Uurija v\u00f5iks k\u00fcsida, milliseid vahendeid lavastuse loojad on kasutanud vastuv\u00f5tuprotsessi suunamiseks.<\/p>\n<p>Teatrietenduses saab fenomenideks nimetada nii esemeid, inimesi kui ka lavailma ennast tervikuna.<\/p>\n<p><img loading=\"lazy\" decoding=\"async\" width=\"470\" height=\"690\" class=\"alignnone wp-image-84\" style=\"float: right;\" title=\"Shakespeare\u2019i \u201eKuningas Lear\u201d (2001, lavastaja Priit Pedajas, kunstnik Pille J\u00e4nes, Eesti Draamateater). Kenti krahv \u2013 Ain Lutsepp ja Lear \u2013 Ita Ever. (Eesti Draamateater)\" src=\"https:\/\/sisu.ut.ee\/wp-content\/uploads\/sites\/556\/kuningas_lear.jpg\" alt=\"Shakespeare\u2019i \u201eKuningas Lear\u201d\" srcset=\"https:\/\/sisu.ut.ee\/wp-content\/uploads\/sites\/556\/kuningas_lear.jpg 470w, https:\/\/sisu.ut.ee\/wp-content\/uploads\/sites\/556\/kuningas_lear-204x300.jpg 204w\" sizes=\"auto, (max-width: 470px) 100vw, 470px\"><strong>Lavailma<\/strong> sees on k\u00f5ik, mis laval on ja seal luuakse: f\u00fc\u00fcsilised ja vaimsed asjad, ruumid ja kehad, helid ja tekstid. Lavailm on kehand: piiritletud, liikuv ja arenemisv\u00f5imeline nagu maailm. See on koht, kus asjad ilmnevad.<\/p>\n<p><strong>Fenomen<\/strong> on midagi terviklikku, millel on k\u00fcll kindlad omadused, kuid see areneb. Fenomen ei teki laval lihtsalt iseenesest. Kui fenomeni esitamiseks on rakendatud piisavalt toimivaid stiimuleid (lavalt saadetavat infot), mis tekitavad vaatajas kehaliste aistingute ja m\u00f5testamise kaudu \u00e4ratundmise, siis on fenomen laval olemas. Kui stiimulid ei moodusta vajalikku aistingute v\u00f5rgustikku, siis on loodu ebaselge ja fenomeni moodustumine v\u00f5ib olla h\u00e4iritud. Kui aga on loodud liiga lihtne konstruktsioon, siis ei teki vaatajas lavastaja taotluseks olnud emotsioone. Fenomen ei ole m\u00e4rk, kuid samas on see infokogum. Fenomen koondab endasse nii m\u00e4rgi kui iseenda kehalise eksistentsi. Kuidas aga fenomeni \u00e4ra tunda?<\/p>\n<p>Fenomeni m\u00e4\u00e4rava tunnusena on v\u00e4lja pakutud <strong>fenoomi<\/strong> m\u00f5iste: see on selline ehituskivi lavastuses, ilma milleta oleks fenomen hoopis teistsugune. Fenomen koosneb mitmest fenoomist. (Vallikivi 2006: 100\u2013102)<\/p>\n<blockquote class=\"os-kollane\"><p>Lavale tuleb mees, kroon peas, r\u00e4balad seljas. See on klassikaline n\u00e4ide m\u00e4rgist, mis v\u00f5ib t\u00e4histada kuningat v\u00f5i hullu. Fenomenoloogiliselt l\u00e4henedes peame arvestama sellega:<br>\na)\u00a0et l\u00f5plik fenomen (mida see mees endast kujutab) selgub alles etenduse l\u00f5pus, kui etenduse jooksul on antud uut informatsiooni, st avatud uusi fenoome;<br>\nb)\u00a0mis toimub vaatajas enne, kui tema m\u00f5istus \u00fctleb, et see on t\u00f5en\u00e4oliselt n\u00e4iteks \u00f5nnetu kuningas. Kas vaataja n\u00e4eb meest, krooni, r\u00e4balaid ning n\u00e4itleja isikup\u00e4rast keha? Milliseid aistinguid see vaatepilt vaatajas tekitab? (Vallikivi 2006: 102\u2013103)<\/p><\/blockquote>\n<p>Laval toimuvaga suhestume <strong>peegelneuronite<\/strong> kaudu. Inimese igale liigutusele (ka emotsioone edastavatele n\u00e4olihaste liikumisele) eelneb neuronite t\u00f6\u00f6 ajus \u2013 neuronid saadavad signaale keha erinevatesse lihastesse. Peegelneuron on visuomotoorne neuroni liik, mis ergastub teatava tegevuse puhul ning samuti, kui m\u00e4rkame tegevust kellegi teise juures. Neuron peegeldab teise inimese k\u00e4itumist, justkui oleksime ise seda tegevust sooritanud.<\/p>\n<p>Peegelneuronite olemasolu kaudu seletatakse n\u00e4iteks imiteerimise ja empaatia mehhanisme, samuti keele omandamist. Seega, kui me vaatleme teisi inimesi, siis asuvad peegelneuronid ajus tegevusse: nad kopeerivad v\u00f5i p\u00fc\u00fcavad v\u00e4liste tunnuste alusel kopeerida neid signaale, mida vaadeldavate inimeste ajust saadetakse nende lihastesse liigutuste tegemiseks. Neid signaale ei saadeta otse vaatleja lihastesse, vaid kopeerimisest saadav info t\u00f6\u00f6deldakse ajus n-\u00f6 empaatiliseks materjaliks: me kogeme, justkui tunneksime ja tegutseksime ise.<\/p>\n<p><strong>Mis kasu on fenomenoloogilisest vaateviisist teatrile?<\/strong> Fenomenoloogia aitab l\u00e4heneda <a href=\"#\" data-bs-toggle=\"modal\" data-bs-target=\"#popup-modal\" data-title=\"teatris\u00fcndmusele\" data-content=\"&lt;strong&gt;teatris\u00fcndmus&lt;\/strong&gt; \u2013 teatrietendus kui kommunikatiivne akt; anal\u00fc\u00fcsimudel, millega k\u00e4sitletakse etendust laiemas kunstilises ja sotsiaalses kontekstis.\">teatris\u00fcndmusele<\/a>\u00a0asjana iseeneses, vastandina m\u00e4rgiuuringutele v\u00f5i sotsiaalsetele diskursustele. Fenomenoloogia pakub uut s\u00f5navara, kui p\u00fc\u00fctakse m\u00f5ista kehastamise protsesse ja etenduse materiaalset kogemist. Oluliseks panuseks on ka etendaja kohalolu k\u00e4sitlus: see on teatriontoloogia nurgakivi. Fenomenoloogia on kasulik mitte vaid teatriuurijatele, -kriitikutele ja -vaatajatele, vaid ka tegijatele, sh etendajatele, pakkudes v\u00f5imalust m\u00f5elda, kuidas kehad laval toimivad ning omavahel t\u00e4hendusi ja kogemusi loovad.<\/p>\n<p style=\"text-align: center;\"><img loading=\"lazy\" decoding=\"async\" width=\"600\" height=\"400\" class=\"alignnone wp-image-86\" title=\"Veretu\/verine lina oli \u00fcks keskne fenomen lavastuses \u201eSerafima + Bogdan\u201c (2021, Tartu Uus Teater, lav Ivar P\u00f5llu). \u00c4mmaemand \u2013 Renate Keerd. Foto Gabriela Urm\" src=\"https:\/\/sisu.ut.ee\/wp-content\/uploads\/sites\/556\/s_serafima.jpg\" alt=\"Veretu\/verine lina oli \u00fcks keskne fenomen lavastuses \u201eSerafima + Bogdan\" srcset=\"https:\/\/sisu.ut.ee\/wp-content\/uploads\/sites\/556\/s_serafima.jpg 600w, https:\/\/sisu.ut.ee\/wp-content\/uploads\/sites\/556\/s_serafima-300x200.jpg 300w\" sizes=\"auto, (max-width: 600px) 100vw, 600px\"><\/p>\n","protected":false},"excerpt":{"rendered":"<p>Madli Pesti Mis on teatrifenomenoloogia? Teatrifenomenoloogia ehk fenomenoloogiline l\u00e4henemisviis teatrile on mitmek\u00fclgne uurimissuund, mis kerkis esile 1980. aastail. See on suundumus ja liikumine, mitte s\u00fcsteem v\u00f5i koolkond. Fenomenoloogia v\u00e4\u00e4rtustab terviku kogemist, kehalisust ja konkreetse vaataja meelelist taju. Just teatrit peetakse &#8230;<\/p>\n","protected":false},"author":6,"featured_media":0,"parent":0,"menu_order":0,"comment_status":"closed","ping_status":"closed","template":"","meta":{"_acf_changed":false,"inline_featured_image":false,"footnotes":""},"class_list":["post-9","page","type-page","status-publish","hentry"],"acf":[],"_links":{"self":[{"href":"https:\/\/sisu.ut.ee\/etenduskunstid\/wp-json\/wp\/v2\/pages\/9","targetHints":{"allow":["GET"]}}],"collection":[{"href":"https:\/\/sisu.ut.ee\/etenduskunstid\/wp-json\/wp\/v2\/pages"}],"about":[{"href":"https:\/\/sisu.ut.ee\/etenduskunstid\/wp-json\/wp\/v2\/types\/page"}],"author":[{"embeddable":true,"href":"https:\/\/sisu.ut.ee\/etenduskunstid\/wp-json\/wp\/v2\/users\/6"}],"replies":[{"embeddable":true,"href":"https:\/\/sisu.ut.ee\/etenduskunstid\/wp-json\/wp\/v2\/comments?post=9"}],"version-history":[{"count":2,"href":"https:\/\/sisu.ut.ee\/etenduskunstid\/wp-json\/wp\/v2\/pages\/9\/revisions"}],"predecessor-version":[{"id":552,"href":"https:\/\/sisu.ut.ee\/etenduskunstid\/wp-json\/wp\/v2\/pages\/9\/revisions\/552"}],"wp:attachment":[{"href":"https:\/\/sisu.ut.ee\/etenduskunstid\/wp-json\/wp\/v2\/media?parent=9"}],"curies":[{"name":"wp","href":"https:\/\/api.w.org\/{rel}","templated":true}]}}