{"id":8,"date":"2024-04-04T07:56:21","date_gmt":"2024-04-04T04:56:21","guid":{"rendered":"https:\/\/sisu.ut.ee\/etenduskunstid\/eessona\/"},"modified":"2024-04-13T22:46:42","modified_gmt":"2024-04-13T19:46:42","slug":"eessona","status":"publish","type":"page","link":"https:\/\/sisu.ut.ee\/etenduskunstid\/eessona\/","title":{"rendered":"Eess\u00f5na"},"content":{"rendered":"<address style=\"margin-bottom: 0cm\">\n\tAnneli Saro<br>\n<\/address>\n<h3>\n\tMis?<br>\n<\/h3>\n<p>\n\t21. sajandil on ka Eestis m\u00f5iste \u201eteater\u201c k\u00f5rval kasutusele v\u00f5etud laiem katustermin \u201eetenduskunstid\u201c. Kui teatrina m\u00f5istetakse traditsiooniliselt s\u00f5na-, muusika- ja tantsuteatrit, siis etenduskunstid koondavad lisaks teatrile ka sellised n\u00e4htused nagu p\u00fcstijalakom\u00f6\u00f6dia, uus tsirkus, teatraliseeritud kontserdid, loengetendused jms. Etenduskunstid on seega kunstiliigid, kus kunstnikud kannavad teose ette kohal viibivale publikule. See \u00f5pik juhendab, kuidas teatrit ja teisi etenduskunste uurida, s.t milliseid teooriaid ja meetodeid selleks tavaliselt kasutatakse.\n<\/p>\n<p>\n\tMetodoloogilisi juhendmaterjale etenduskunstide uurimiseks on eesti keeles v\u00e4ga v\u00e4he ja ka vastavat kompetentsi pole k\u00f5rgkoolides piisavalt. Etenduskunstide uurimismeetodite \u00f5pikut, mis sobib laiale sihtr\u00fchmale (alustades g\u00fcmnasistist ja l\u00f5petades magistrandiga v\u00f5i alustades n\u00e4itlejast-tantsijast ja l\u00f5petades teatriuurijaga), pole ka inglise ega saksa keeles. Suurem osa vastavaid \u00f5pikuid tutvustab k\u00fcll erinevaid teooriad, kuid ei demonstreeri, kuidas omandatud teoreetilisi teadmisi praktilises uurimist\u00f6\u00f6s rakendada. Selles \u00f5pikus on v\u00e4lja t\u00f6\u00f6tatud originaalne metodoloogiline l\u00e4henemine, mis toetub autorite pikaaegsele pedagoogilisele kogemusele ja \u00f5ppematerjali katsetamisele erinevate sihtr\u00fchmade seas.\u00a0\n<\/p>\n<p>\n\tSee e-\u00f5pik on eelk\u00f5ige k\u00e4siraamat, mis\n<\/p>\n<ol>\n<li>\n\t\ttutvustab iga uurimissuuna m\u00f5jukamaid autoreid, teooriaid, termineid ja uurimismeetodeid,\n\t<\/li>\n<li>\n\t\tannab juhiseid nende meetodite kasutamiseks,\n\t<\/li>\n<li>\n\t\tesitab katkendeid t\u00f6\u00f6dest, kus neid meetodeid on kasutatud.\n\t<\/li>\n<\/ol>\n<p>\n\t\u00d5pikut illustreerivad joonised ja fotod, mis h\u00f5lbustavad teksti m\u00f5istmist. Olulisemate m\u00f5istete juurest avaneb link definitsiooniga.\u00a0\n<\/p>\n<h3>\n\tKellele?<br>\n<\/h3>\n<p>\n\tTeatrit ja etenduskunste \u00f5petatakse Eestis neljas k\u00f5rgkoolis (Tartu \u00dclikoolis Tartus ja Viljandis, Eesti Muusika- ja Teatriakadeemias, Eesti Kunstiakadeemias, Tallinna \u00dclikoolis) ning vastavalt akadeemilistele traditsioonidele kirjutavad k\u00f5ik need \u00fcli\u00f5pilased ka \u00fche v\u00f5i mitu anal\u00fc\u00fctilist kirjat\u00f6\u00f6d (seminari-, l\u00f5pu- jm t\u00f6\u00f6d). \u00d5piku peamise sihtr\u00fchmana pidasid autorid silmas just etenduskunste \u00f5ppivaid \u00fcli\u00f5pilasi, kes peavad l\u00e4bi viima erinevat t\u00fc\u00fcpi uurimusi. Kuna \u00f5pikus k\u00e4sitletakse ka loomingut ja teoreetilist anal\u00fc\u00fcsi \u00fchendavat loovuurimuse distsipliini, siis saab sellele toetuda ka loomingulises t\u00f6\u00f6s.\n<\/p>\n<p>\n\tOsa peat\u00fckke (\u201eEtendusanal\u00fc\u00fcs\u201c, \u201eTeatrisemiootika\u201c jt) on kasutatavad ka g\u00fcmnaasiumi valikkursuse \u201eDraama ja teater\u201c lisamaterjalina, samuti on v\u00f5imalik \u00f5pikule toetuda g\u00fcmnaasiumi teatriteemaliste uurimist\u00f6\u00f6de kirjutamisel. Osa peat\u00fckke (n\u00e4iteks \u201eLoovuurimus\u201c, \u201eEtendusuuringud\u201c, \u201eRetseptsiooniteooria ja publiku-uuringud\u201c, \u201eTeatrisotsioloogia\u201c) sobivad ka teiste kunstialade (visuaalkunsti, muusika, filmi) \u00fcli\u00f5pilastele, sest need k\u00e4sitlevad kunstiuurimise \u00fcldisemaid teooriaid ja meetodeid.\n<\/p>\n<h3>\n\tKuidas?<br>\n<\/h3>\n<p>\n\t\u00d5pikut v\u00f5ib kasutada nii auditoorseks kui ka iseseisvaks t\u00f6\u00f6ks. See sobib erinevate uurimismeetodite, -valdkondade v\u00f5i -suundade tutvustamiseks m\u00f5nes aines, kus v\u00f5ib l\u00e4bida \u00f5piku kas algusest l\u00f5puni v\u00f5i valida vaid \u00fcksikuid peat\u00fckke v\u00f5i peat\u00fckkidest \u00fcksikuid osi. Eelk\u00f5ige on kirjutamisel siiski silmas peetud uurimist\u00f6\u00f6 tegemist toetavat k\u00e4siraamatut ja sel juhul v\u00f5ib \u00f5ppija kasutada vaid \u00fcht-kaht talle vajalikku peat\u00fckki.\n<\/p>\n<p>\n\tIga peat\u00fckk on omaette tervik ja seep\u00e4rast soovitame selle \u00fcldjuhul l\u00e4bi t\u00f6\u00f6tada algusest l\u00f5puni. N\u00e4iteks ajaloo kaudu tutvustatakse ka selle uurimisvaldkonna olulisemaid termineid ja teooriaid. Terminid on humanitaarteadustes aga olulised t\u00f6\u00f6riistad ja igal suunal on oma s\u00f5navara.\n<\/p>\n<p>\n\tLisaks konkreetsetele meetoditele (n\u00e4iteks semiootika ja fenomenoloogia) tutvustatakse \u00f5pikus ka uurimisvaldkondi v\u00f5i -suundi, kus meetodi valik s\u00f5ltub eelk\u00f5ige uurimisk\u00fcsimus(t)est v\u00f5i kus k\u00fcsimustikule vastamine tagabki metoodilise s\u00fcsteemsuse. Sellest tulenevalt on erinevates peat\u00fckkides v\u00e4lja pakutud hulgaliselt \u00fcksikuid uurimisk\u00fcsimusi v\u00f5i ka s\u00fcsteemseid k\u00fcsimustikke (n\u00e4iteks etendusanaluus ja etendusuuringud). Materjali ehk lavastuse, rolli, n\u00e4idendi vm, mida nende meetodite, k\u00fcsimuste ja k\u00fcsimustike abil uurida, valib uurija v\u00f5i \u00f5ppej\u00f5ud ise.\n<\/p>\n<p>\n\t\u00d5pikus on kasutatud erinevaid v\u00e4rvikoode:\n<\/p>\n<blockquote class=\"os-sinine\">\n<p style=\"margin-bottom:0cm;margin-top:0cm\">\n\t\t<span style=\"line-height:150%\"><span><span style=\"line-height:150%\"><span style=\",serif\">olulised <strong>teoreetilised seisukohad<\/strong> on m\u00e4rgitud sinisega,<\/span><\/span><\/span><\/span>\n\t<\/p>\n<\/blockquote>\n<blockquote>\n<p style=\"margin-bottom:0cm;margin-top:0cm\">\n\t\t<span style=\"line-height:150%\"><span><span style=\"line-height:150%\"><span style=\",serif\"><strong>metoodilised juhendid<\/strong> rohelisega ja<\/span><\/span><\/span><\/span>\n\t<\/p>\n<\/blockquote>\n<blockquote class=\"os-kollane\">\n<p style=\"margin-bottom:0cm;margin-top:0cm\">\n\t\t<span style=\"line-height:150%\"><span><span style=\"line-height:150%\"><span style=\",serif\"><strong>anal\u00fc\u00fcsin\u00e4ited<\/strong> kollasega.<\/span><\/span><\/span><\/span>\n\t<\/p>\n<\/blockquote>\n<p>\n\tOlulised nimed ja terminid, aga ka autori r\u00f5hutused on <strong>rasvases kirjas<\/strong>.\n<\/p>\n<p>\n\tKui leiad \u00f5pikust s\u00f5nu, mida selle juurde kuuluvas s\u00f5nastikus defineeritud pole, siis v\u00f5ib abi otsida <a data-url=\"https:\/\/teater.ee\/teatriinfo\/terminoloogia\/\" href=\"https:\/\/teater.ee\/teatriinfo\/terminoloogia\/\" target=\"_blank\" title=\"\" rel=\"noopener\">Eesti Teatriagentuuri teatriterminoloogia s\u00f5nastikust<\/a>. Kui leiad \u00f5pikus vigu v\u00f5i arusaamatuid kohti, siis palun anna nendest teada toimetaja Anneli Sarole (anneli.saro@ut.ee).<\/p>\n","protected":false},"excerpt":{"rendered":"<p>Anneli Saro Mis? 21. sajandil on ka Eestis m\u00f5iste \u201eteater\u201c k\u00f5rval kasutusele v\u00f5etud laiem katustermin \u201eetenduskunstid\u201c. Kui teatrina m\u00f5istetakse traditsiooniliselt s\u00f5na-, muusika- ja tantsuteatrit, siis etenduskunstid koondavad lisaks teatrile ka sellised n\u00e4htused nagu p\u00fcstijalakom\u00f6\u00f6dia, uus tsirkus, teatraliseeritud kontserdid, loengetendused jms. &#8230;<\/p>\n","protected":false},"author":6,"featured_media":0,"parent":0,"menu_order":0,"comment_status":"closed","ping_status":"closed","template":"","meta":{"_acf_changed":false,"inline_featured_image":false,"footnotes":""},"class_list":["post-8","page","type-page","status-publish","hentry"],"acf":[],"_links":{"self":[{"href":"https:\/\/sisu.ut.ee\/etenduskunstid\/wp-json\/wp\/v2\/pages\/8","targetHints":{"allow":["GET"]}}],"collection":[{"href":"https:\/\/sisu.ut.ee\/etenduskunstid\/wp-json\/wp\/v2\/pages"}],"about":[{"href":"https:\/\/sisu.ut.ee\/etenduskunstid\/wp-json\/wp\/v2\/types\/page"}],"author":[{"embeddable":true,"href":"https:\/\/sisu.ut.ee\/etenduskunstid\/wp-json\/wp\/v2\/users\/6"}],"replies":[{"embeddable":true,"href":"https:\/\/sisu.ut.ee\/etenduskunstid\/wp-json\/wp\/v2\/comments?post=8"}],"version-history":[{"count":3,"href":"https:\/\/sisu.ut.ee\/etenduskunstid\/wp-json\/wp\/v2\/pages\/8\/revisions"}],"predecessor-version":[{"id":548,"href":"https:\/\/sisu.ut.ee\/etenduskunstid\/wp-json\/wp\/v2\/pages\/8\/revisions\/548"}],"wp:attachment":[{"href":"https:\/\/sisu.ut.ee\/etenduskunstid\/wp-json\/wp\/v2\/media?parent=8"}],"curies":[{"name":"wp","href":"https:\/\/api.w.org\/{rel}","templated":true}]}}