{"id":56,"date":"2024-04-04T07:56:26","date_gmt":"2024-04-04T04:56:26","guid":{"rendered":"https:\/\/sisu.ut.ee\/etenduskunstid\/autoritest\/"},"modified":"2024-10-01T12:53:07","modified_gmt":"2024-10-01T09:53:07","slug":"autoritest","status":"publish","type":"page","link":"https:\/\/sisu.ut.ee\/etenduskunstid\/autoritest\/","title":{"rendered":"Autoritest"},"content":{"rendered":"<table class=\"table table-hover\" style=\"width: 100%;\" border=\"0\" cellspacing=\"1\" cellpadding=\"1\">\n<tbody>\n<tr>\n<td style=\"width: 128px;\"><img loading=\"lazy\" decoding=\"async\" class=\"alignnone wp-image-333\" src=\"https:\/\/sisu.ut.ee\/wp-content\/uploads\/sites\/556\/luule-epner.jpg\" alt=\"Luule Epner\" width=\"200\" height=\"200\" srcset=\"https:\/\/sisu.ut.ee\/wp-content\/uploads\/sites\/556\/luule-epner.jpg 200w, https:\/\/sisu.ut.ee\/wp-content\/uploads\/sites\/556\/luule-epner-150x150.jpg 150w\" sizes=\"auto, (max-width: 200px) 100vw, 200px\"><\/td>\n<td><strong>Luule Epner\u00a0<\/strong>on Tallinna \u00dclikooli dotsent. Ta on uurinud Eesti teatri ja draama ajalugu ning n\u00fc\u00fcdisteatri esteetikat ja poeetikat.<em>Miks on vaja etenduskunste uurida?<\/em><br>\nEtenduskunstid pakuvad meile kogemusi, mille kaudu saame elu ja inimesi s\u00fcgavamalt m\u00f5ista. Uurides, kuidas need protsessid toimuvad ja toimivad, saame omakorda m\u00f5ista etenduskunstide rolli kultuuris.<\/td>\n<\/tr>\n<tr>\n<td><img loading=\"lazy\" decoding=\"async\" class=\"alignnone wp-image-334\" src=\"https:\/\/sisu.ut.ee\/wp-content\/uploads\/sites\/556\/riina-oruaas.jpg\" alt=\"Riina Oruaas\" width=\"200\" height=\"200\" srcset=\"https:\/\/sisu.ut.ee\/wp-content\/uploads\/sites\/556\/riina-oruaas.jpg 200w, https:\/\/sisu.ut.ee\/wp-content\/uploads\/sites\/556\/riina-oruaas-150x150.jpg 150w\" sizes=\"auto, (max-width: 200px) 100vw, 200px\"><\/td>\n<td><strong>Riina Oruaas<\/strong> kirjutab doktorit\u00f6\u00f6d esteetilistest muutustest Eesti teatris taasiseseisvumise j\u00e4rel ja t\u00f6\u00f6tab Tartu \u00dclikoolis teatriteaduse nooremlektorina.<em>Miks on vaja etenduskunste uurida?<\/em><br>\nEtenduskunstid \u00f5petavad j\u00e4lgima endast erinevaid identiteete ja v\u00e4ljendusviise ning leidma nendega \u00fchisosa. Etenduskunstide uurimine on empaatiakool.<\/td>\n<\/tr>\n<tr>\n<td><img loading=\"lazy\" decoding=\"async\" class=\"alignnone wp-image-332\" src=\"https:\/\/sisu.ut.ee\/wp-content\/uploads\/sites\/556\/madli-pesti.jpg\" alt=\"Madli Pesti\" width=\"200\" height=\"200\" srcset=\"https:\/\/sisu.ut.ee\/wp-content\/uploads\/sites\/556\/madli-pesti.jpg 200w, https:\/\/sisu.ut.ee\/wp-content\/uploads\/sites\/556\/madli-pesti-150x150.jpg 150w\" sizes=\"auto, (max-width: 200px) 100vw, 200px\"><\/td>\n<td><strong>Madli Pesti<\/strong> on kaitsnud Tartu \u00dclikoolis doktorikraadi uurimusega \u201ePoliitiline teater ja selle strateegiad Eesti ja l\u00e4\u00e4ne kultuuris\u201c (2016) ning t\u00f6\u00f6tab Eesti Muusika- ja Teatriakadeemias vanemteadurina.<em>Miks on vaja etenduskunste uurida?<\/em><br>\nEtenduskunstide uurimine aitab m\u00f5ista mind ennast kunstide kogejana. Etenduskunstide uurimismeetoditega tutvumine aitab aga ka laiemalt m\u00f5ista \u00fchiskonna toimimist.<\/td>\n<\/tr>\n<tr>\n<td><img loading=\"lazy\" decoding=\"async\" class=\"alignnone wp-image-331\" src=\"https:\/\/sisu.ut.ee\/wp-content\/uploads\/sites\/556\/anneli-saro.jpg\" alt=\"Anneli Saro\" width=\"200\" height=\"200\" srcset=\"https:\/\/sisu.ut.ee\/wp-content\/uploads\/sites\/556\/anneli-saro.jpg 200w, https:\/\/sisu.ut.ee\/wp-content\/uploads\/sites\/556\/anneli-saro-150x150.jpg 150w\" sizes=\"auto, (max-width: 200px) 100vw, 200px\"><\/td>\n<td><strong>Anneli Saro<\/strong> on Tartu \u00dclikooli teatriteaduse professor. Ta on uurinud Eesti teatri ajalugu ja esteetikat, teatri ja \u00fchiskonna suhteid ning kultuuri performatiivsust.<em>Miks on vaja etenduskunste uurida?<\/em><br>\nEtendus ja teater kui institutsioon on m\u00f5lemad \u00fchiskonna minimudelid. Mind on alati huvitanud, kuidas teater t\u00f6\u00f6tab ning kuidas ta saavutab oma m\u00f5ju ja t\u00e4henduse. See k\u00e4siraamat aitab nendele saladustele j\u00e4lile j\u00f5uda.<\/td>\n<\/tr>\n<tr>\n<td><img loading=\"lazy\" decoding=\"async\" class=\"alignnone wp-image-330\" src=\"https:\/\/sisu.ut.ee\/wp-content\/uploads\/sites\/556\/hedi-liis-toome.jpg\" alt=\"Hedi-Liis Toome\" width=\"200\" height=\"200\" srcset=\"https:\/\/sisu.ut.ee\/wp-content\/uploads\/sites\/556\/hedi-liis-toome.jpg 200w, https:\/\/sisu.ut.ee\/wp-content\/uploads\/sites\/556\/hedi-liis-toome-150x150.jpg 150w\" sizes=\"auto, (max-width: 200px) 100vw, 200px\"><\/td>\n<td><strong>Hedi-Liis Toome<\/strong> on kaitsnud doktorikraadi Tartu \u00dclikoolis ning t\u00f6\u00f6tab seal teatriteaduse lektorina. Ta on uurinud teatri ja \u00fchiskonna suhteid, sealhulgas publikut ja etenduse vastuv\u00f5ttu.<em>Miks on vaja etenduskunste uurida?<\/em><br>\nTeater kui kunsti tegemise ja vaatamise kollektiivne vorm ei eksisteeri kunagi vaakumis, vaid on alati m\u00f5jutatud kaasaegsest \u00fchiskondlikust korrast, v\u00f5imalustest ja v\u00e4\u00e4rtustest. K\u00e4esolev \u00f5pik aitab n\u00e4ha teatrit kui mitmek\u00fclgset uurimisobjekti, mis on laiem kui \u00f5htune etendus pimedas teatrisaalis.<\/td>\n<\/tr>\n<\/tbody>\n<\/table>\n","protected":false},"excerpt":{"rendered":"<p>Luule Epner\u00a0on Tallinna \u00dclikooli dotsent. Ta on uurinud Eesti teatri ja draama ajalugu ning n\u00fc\u00fcdisteatri esteetikat ja poeetikat.Miks on vaja etenduskunste uurida? Etenduskunstid pakuvad meile kogemusi, mille kaudu saame elu ja inimesi s\u00fcgavamalt m\u00f5ista. Uurides, kuidas need protsessid toimuvad ja &#8230;<\/p>\n","protected":false},"author":6,"featured_media":0,"parent":0,"menu_order":0,"comment_status":"closed","ping_status":"closed","template":"","meta":{"_acf_changed":false,"inline_featured_image":false,"footnotes":""},"class_list":["post-56","page","type-page","status-publish","hentry"],"acf":[],"_links":{"self":[{"href":"https:\/\/sisu.ut.ee\/etenduskunstid\/wp-json\/wp\/v2\/pages\/56","targetHints":{"allow":["GET"]}}],"collection":[{"href":"https:\/\/sisu.ut.ee\/etenduskunstid\/wp-json\/wp\/v2\/pages"}],"about":[{"href":"https:\/\/sisu.ut.ee\/etenduskunstid\/wp-json\/wp\/v2\/types\/page"}],"author":[{"embeddable":true,"href":"https:\/\/sisu.ut.ee\/etenduskunstid\/wp-json\/wp\/v2\/users\/6"}],"replies":[{"embeddable":true,"href":"https:\/\/sisu.ut.ee\/etenduskunstid\/wp-json\/wp\/v2\/comments?post=56"}],"version-history":[{"count":9,"href":"https:\/\/sisu.ut.ee\/etenduskunstid\/wp-json\/wp\/v2\/pages\/56\/revisions"}],"predecessor-version":[{"id":558,"href":"https:\/\/sisu.ut.ee\/etenduskunstid\/wp-json\/wp\/v2\/pages\/56\/revisions\/558"}],"wp:attachment":[{"href":"https:\/\/sisu.ut.ee\/etenduskunstid\/wp-json\/wp\/v2\/media?parent=56"}],"curies":[{"name":"wp","href":"https:\/\/api.w.org\/{rel}","templated":true}]}}