{"id":54,"date":"2024-04-04T07:56:26","date_gmt":"2024-04-04T04:56:26","guid":{"rendered":"https:\/\/sisu.ut.ee\/etenduskunstid\/kirjandus-8\/"},"modified":"2024-04-04T08:00:33","modified_gmt":"2024-04-04T05:00:33","slug":"kirjandus-8","status":"publish","type":"page","link":"https:\/\/sisu.ut.ee\/etenduskunstid\/kirjandus-8\/","title":{"rendered":"Kirjandus"},"content":{"rendered":"<h3>\n\tSoovitatav kirjandus<br>\n<\/h3>\n<ul>\n<li style=\"margin-bottom: 0cm\">\n\t\t<span style=\"line-height:150%\"><span><span style=\"line-height:150%\"><span style=\",serif\">Allandi, Marge 2019. Laulupidu \u2013 eestlaste oma rituaal. \u2013 <i>Teater. Muusika. Kino<\/i>, juuli-august, lk 59\u201380. <\/span><\/span><\/span><\/span>\n\t<\/li>\n<li class=\"MsoBodyTextIndent3\" style=\"margin: 0cm\">\n\t\t<span style=\"line-height:150%\"><span><span style=\"line-height:150%\"><span style=\",serif\">Lotman, Juri. Kirjaniku biograafia kui loomeakt. \u2013 <i>Kultuurisemiootika. Tekst, kirjandus, kultuur<\/i>. Tallinn: Olion, 1990.<\/span><\/span><\/span><\/span>\n\t<\/li>\n<li class=\"MsoBodyTextIndent3\" style=\"margin: 0cm\">\n\t\t<span style=\"line-height:150%\"><span><span style=\"line-height:150%\"><span style=\",serif\">Org, Andrus. Jalgpall on parem kui teater ehk Sporditeatri piirjooni. \u2013 <i>Teatrielu 2002<\/i>, Tallinn: Eesti Teatriliit, lk 26\u201337.<\/span><\/span><\/span><\/span>\n\t<\/li>\n<li class=\"MsoBlockText\" style=\"margin: 0cm 0cm 0.0001pt\">\n\t\t<span style=\"line-height:150%\"><span><span style=\"line-height:150%\">Schechner, Richard. <i>Sissejuhatus etendusuuringutesse<\/i>. Tallinn: Eesti Teatriliit, 2020.<\/span><\/span><\/span>\n\t<\/li>\n<li class=\"MsoBlockText\" style=\"margin: 0cm 0cm 0.0001pt\">\n\t\t<span style=\"line-height:150%\"><span><span style=\"line-height:150%\">Schechner, Richard. <i>Performance Theory<\/i>. New York and London: Routledge, 1988.<\/span><\/span><\/span>\n\t<\/li>\n<\/ul>\n<h3>\n\tViidatud kirjandus<br>\n<\/h3>\n<ul>\n<li>\n\t\tAlter, Jean 1990. <em>A Sociosemiotic Theory of Theatre<\/em>. Philadelphia: University of Pennsylvania Press.\n\t<\/li>\n<li>\n\t\tAustin, J. L. 1962. <em>How to Do Things with Words<\/em>. The William James Lectures delivered at Harvard University in 1955. Oxford: Clarendon Press.\n\t<\/li>\n<li>\n\t\tBaudrillard, Jean 1981. <em>Simulacres et Simulation<\/em>. Paris: Galil\u00e9e.\u00a0\n\t<\/li>\n<li>\n\t\tBentley, Eric 1965. <em>The Life of the Drama<\/em>. London: Metheun.\n\t<\/li>\n<li>\n\t\tBrook, Peter 1972. <em>T\u00fchi ruum. Loomingu Raamatukogu nr 44\/45<\/em>. Tallinn: Perioodika.\n\t<\/li>\n<li>\n\t\tButler, Judith 1990. <em>Gender Trouble<\/em>. <em>Feminism and the Subversion of Identity<\/em>. New York, London: Routledge.\u00a0\n\t<\/li>\n<li>\n\t\tCarse, James P. 1986. <em>Finite and Infinite Games<\/em>. New York: Free Press.\u00a0\n\t<\/li>\n<li>\n\t\tDebord, Guy 1967. <em>La Soci\u00e9t\u00e9 du Spectacle<\/em>. Paris: Buchet\/Chastel.\n\t<\/li>\n<li>\n\t\tDuvignaud, Jean 1970. <em>Spectacle et Socie\u0301te\u0301<\/em>. Paris: Denoe\u0308l.\n\t<\/li>\n<li>\n\t\tGoffman, Erving 1959. <em>The Presentation of Self in Everyday Life<\/em>. New York: Doubleday.\n\t<\/li>\n<li>\n\t\tLotman, Juri 2003. <em>Vestlusi vene kultuurist 1. Vene aadli argielu ja traditsioonid 18. sajandil ja 19. sajandi algul<\/em>. Tallinn: T\u00e4nap\u00e4ev.\n\t<\/li>\n<li>\n\t\tSchechner, Richard. <em>Sissejuhatus etendusuuringutesse<\/em>. Tallinn: Eesti Teatriliit, 2020.\n\t<\/li>\n<li>\n\t\tShakespeare, William 1960. Nagu teile meeldib. \u2013 <em>Kogutud teosed IV<\/em>. Tallinn: Eesti Riiklik Kirjastus.\n\t<\/li>\n<li>\n\t\tSibrits-Bondarenko, Heili 2016. Kultuurietenduse anal\u00fc\u00fcs punklaulupeo n\u00e4itel. Aine \u201eKultuurietenduse anal\u00fc\u00fcs\u201c l\u00f5put\u00f6\u00f6 Tartu \u00dclikoolis. K\u00e4sikiri. \u00a0\n\t<\/li>\n<li>\n\t\tTurner, Victor W. 1957. <em>Schism and Continuity in an African Society. A Study of Ndembu Village Life<\/em>. Manchester: Manchester University Press.\n\t<\/li>\n<li>\n\t\tTurner, Victor 1974. Liminal to Liminoid in Play, Flow, and Rituaal. An Essay in Comparative Symbology. \u2013 <em>Rice University Studies<\/em>, No. 60 (3), lk 53\u201392.\n\t<\/li>\n<\/ul>\n","protected":false},"excerpt":{"rendered":"<p>Soovitatav kirjandus Allandi, Marge 2019. Laulupidu \u2013 eestlaste oma rituaal. \u2013 Teater. Muusika. Kino, juuli-august, lk 59\u201380. Lotman, Juri. Kirjaniku biograafia kui loomeakt. \u2013 Kultuurisemiootika. Tekst, kirjandus, kultuur. Tallinn: Olion, 1990. Org, Andrus. Jalgpall on parem kui teater ehk Sporditeatri &#8230;<\/p>\n","protected":false},"author":6,"featured_media":0,"parent":0,"menu_order":0,"comment_status":"closed","ping_status":"closed","template":"","meta":{"_acf_changed":false,"inline_featured_image":false,"footnotes":""},"class_list":["post-54","page","type-page","status-publish","hentry"],"acf":[],"_links":{"self":[{"href":"https:\/\/sisu.ut.ee\/etenduskunstid\/wp-json\/wp\/v2\/pages\/54","targetHints":{"allow":["GET"]}}],"collection":[{"href":"https:\/\/sisu.ut.ee\/etenduskunstid\/wp-json\/wp\/v2\/pages"}],"about":[{"href":"https:\/\/sisu.ut.ee\/etenduskunstid\/wp-json\/wp\/v2\/types\/page"}],"author":[{"embeddable":true,"href":"https:\/\/sisu.ut.ee\/etenduskunstid\/wp-json\/wp\/v2\/users\/6"}],"replies":[{"embeddable":true,"href":"https:\/\/sisu.ut.ee\/etenduskunstid\/wp-json\/wp\/v2\/comments?post=54"}],"version-history":[{"count":1,"href":"https:\/\/sisu.ut.ee\/etenduskunstid\/wp-json\/wp\/v2\/pages\/54\/revisions"}],"predecessor-version":[{"id":445,"href":"https:\/\/sisu.ut.ee\/etenduskunstid\/wp-json\/wp\/v2\/pages\/54\/revisions\/445"}],"wp:attachment":[{"href":"https:\/\/sisu.ut.ee\/etenduskunstid\/wp-json\/wp\/v2\/media?parent=54"}],"curies":[{"name":"wp","href":"https:\/\/api.w.org\/{rel}","templated":true}]}}