{"id":53,"date":"2024-04-04T07:56:26","date_gmt":"2024-04-04T04:56:26","guid":{"rendered":"https:\/\/sisu.ut.ee\/etenduskunstid\/kirjandus-7\/"},"modified":"2024-04-04T08:00:33","modified_gmt":"2024-04-04T05:00:33","slug":"kirjandus-7","status":"publish","type":"page","link":"https:\/\/sisu.ut.ee\/etenduskunstid\/kirjandus-7\/","title":{"rendered":"Kirjandus"},"content":{"rendered":"<h3>\n\tLisainformatsioon<br>\n<\/h3>\n<ul>\n<li style=\"margin-bottom: 0cm\">\n\t\t<span style=\"line-height:150%\"><span><span style=\"line-height:150%\"><span style=\",serif\"><span style=\"color:black\">Eesti Muusika- ja Teatriakadeemia, Eesti Kunstiakadeemia ja Tallinna \u00dclikooli koostatud \u201c<\/span><\/span><\/span><\/span><\/span><a data-url=\"https:\/\/eamt.ee\/wp-content\/uploads\/2021\/06\/Eesti-loovuurimuse-raamlepe.pdf\" href=\"https:\/\/eamt.ee\/wp-content\/uploads\/2021\/06\/Eesti-loovuurimuse-raamlepe.pdf\" target=\"_blank\" title=\"\" rel=\"noopener\">Eesti loovuurimuse raamlepe<\/a><span style=\"line-height:150%\"><span><span style=\"line-height:150%\"><span style=\",serif\"><span style=\"color:black\">\u201d<\/span><\/span><\/span><\/span><\/span>\n\t<\/li>\n<li style=\"margin-bottom: 0cm\">\n\t\t<span style=\"line-height:150%\"><span><span style=\"line-height:150%\"><span style=\",serif\"><span style=\"color:black\">Rahvusvahelise Teatriuurimise F\u00f6deratsiooni (IFTR) t\u00f6\u00f6grupp \u201e<\/span><\/span><\/span><\/span><\/span><a data-url=\"https:\/\/www.iftr.org\/working-groups\/performance-as-research\" href=\"https:\/\/www.iftr.org\/working-groups\/performance-as-research\" target=\"_blank\" title=\"\" rel=\"noopener\">Performance as Research<\/a><span style=\"line-height:150%\"><span><span style=\"line-height:150%\"><span style=\",serif\"><span style=\"color:black\">\u201c<\/span>\u00a0\u00a0<\/span><\/span><\/span><\/span>\n\t<\/li>\n<li style=\"margin-bottom: 0cm\">\n\t\t<span style=\"line-height:150%\"><span><span style=\"line-height:150%\"><span style=\",serif\"><span style=\"color:black\">Rahvusvaheline loovuurimuse \u00fchendus <\/span><\/span><\/span><\/span><\/span><a data-url=\"http:\/\/www.societyforartisticresearch.org\/\" href=\"http:\/\/www.societyforartisticresearch.org\/\" target=\"_blank\" title=\"\" rel=\"noopener\">Society for Artistic Research<\/a>\n\t<\/li>\n<li style=\"margin-bottom: 0cm\">\n\t\t<span style=\"line-height:150%\"><span><span style=\"line-height:150%\"><span style=\",serif\"><span style=\"color:black\">Rahvusvaheline loovuurimuse teemaline ajakiri <\/span><\/span><\/span><\/span><\/span><em><a data-url=\"http:\/\/www.jar-online.net\/\" href=\"http:\/\/www.jar-online.net\/\" target=\"_blank\" title=\"\" rel=\"noopener\">Journal for Artistic Research<\/a><\/em>\n\t<\/li>\n<\/ul>\n<h3>\n\tSoovitatud kirjandus<br>\n<\/h3>\n<ul>\n<li style=\"margin-bottom: 0cm\">\n\t\t<span style=\"line-height:150%\"><span><span style=\"line-height:150%\"><span style=\",serif\"><span style=\"color:black\">Barrett, Estell 2007. Developing and Writing Creative Arts Practice Research: A Guide. \u2013 <i>Practice as Research. Approaches to Creative Arts Enquiry<\/i>. London, New York: I. B. Tauris, lk 185\u2013205.<\/span><\/span><\/span><\/span><\/span>\n\t<\/li>\n<li style=\"margin-bottom: 0cm\">\n\t\t<span style=\"line-height:150%\"><span><span style=\"line-height:150%\"><span style=\",serif\"><span style=\"color:black\">Hannula, Mika, Juha Suoranta, Tere Vad\u00e9n 2005. <i>Artistic Research \u2013 Theories, Methods and Practices<\/i>. Helsinki, Gothenburg: Academy of Fine Arts Helsinki, University of Gothenburg. <\/span><\/span><\/span><\/span><\/span>\n\t<\/li>\n<li style=\"margin-bottom: 0cm\">\n\t\t<span style=\"line-height:150%\"><span><span style=\"line-height:150%\"><span style=\",serif\"><span style=\"color:black\">Hannula, Mika, Juha Suoranta, Tere Vad\u00e9n 2014. <i>Artistic Research Methodology. Narrative, Power and the Public<\/i>. New York, Berlin: Peter Lang.<\/span><\/span><\/span><\/span><\/span>\n\t<\/li>\n<li style=\"margin-bottom: 0cm\">\n\t\t<span style=\"line-height:150%\"><span><span style=\"line-height:150%\"><span style=\",serif\"><span style=\"color:black\">Haseman, Brad 2006. A Manifesto for Performative Research. \u2013 <i>Media International Australia<\/i>, No. 118, February, lk 98\u2013106.<\/span><\/span><\/span><\/span><\/span>\n\t<\/li>\n<li style=\"margin-bottom: 0cm\">\n\t\t<span style=\"line-height:150%\"><span><span style=\"line-height:150%\"><span style=\",serif\"><span style=\"color:black\">Nelson, Robin 2013. <i>Practice as Research in the Arts<\/i>. London: Palgrave Macmillan.<\/span><\/span><\/span><\/span><\/span>\n\t<\/li>\n<\/ul>\n<h3>\n\tViidatud kirjandus<br>\n<\/h3>\n<ul>\n<li style=\"margin-bottom: 0cm\">\n\t\t<span style=\"line-height:150%\"><span><span style=\"line-height:150%\"><span style=\",serif\"><span style=\"color:black\">Arlander, Annette 2011. Characteristics of Visual and Performing Arts. \u2013 <i>The Routledge Companion to Research in the Arts<\/i>. London: Routledge, lk 315\u2013332.<\/span><\/span><\/span><\/span><\/span>\n\t<\/li>\n<li style=\"margin-bottom: 0cm\">\n\t\t<span style=\"line-height:150%\"><span><span style=\"line-height:150%\"><span style=\",serif\"><span style=\"color:black\">Barrett, Estell 2007. Developing and Writing Creative Arts Practice Research: A Guide. \u2013 <i>Practice as Research. Approaches to Creative Arts Inquiry<\/i>. London, New York: I. B. Tauris, lk 185\u2013205.<\/span><\/span><\/span><\/span><\/span>\n\t<\/li>\n<li style=\"margin-bottom: 0cm\">\n\t\t<span style=\"line-height:150%\"><span><span style=\"line-height:150%\"><span style=\",serif\"><span style=\"color:black\">Bolt, Barbara 2016. Artistic Research: A Performative Paradigm? \u2013 <i>PARSE Journal<\/i>, No. 3, lk 129\u2013142. <\/span><\/span><\/span><\/span><\/span>\n\t<\/li>\n<li style=\"margin-bottom: 0cm\">\n\t\t<span style=\"line-height:150%\"><span><span style=\"line-height:150%\"><span style=\",serif\"><span style=\"color:black\">Delamont, Sara 2007. Arguments against Auto-Ethnograhy. \u2013 <i>Qualitative Researcher<\/i>, Issue 4, lk 2\u20134. <\/span><\/span><\/span><\/span><\/span>\n\t<\/li>\n<li style=\"margin-bottom: 0cm\">\n\t\t<span style=\"line-height:150%\"><span><span style=\"line-height:150%\"><span style=\",serif\"><span style=\"color:black\">Ellis, Carolyn, Tony E. Adams, Arthur P. Bochner 2010. Autoethnography: An Overview. \u2013 <i>Forum Qualitative Sozialforschung \/ Forum: Qualitative Social Research<\/i>, Vol. 12, No. 1, Art. 10. <\/span><\/span><\/span><\/span><\/span>\n\t<\/li>\n<li style=\"margin-bottom: 0cm\">\n\t\t<span style=\"line-height:150%\"><span><span style=\"line-height:150%\"><span style=\",serif\"><span style=\"color:black\">Gray, Carole 1996. Inquiry through Practice: Developing Appropriate Research Strategies, <\/span><\/span><\/span><\/span><span><span style=\"line-height:150%\"><span style=\",serif\">http:\/\/carolegray.net\/Papers%20PDFs\/ngnm.pdf. <\/span><\/span><\/span><\/span>\n\t<\/li>\n<li style=\"margin-bottom: 0cm\">\n\t\t<span style=\"line-height:150%\"><span><span style=\"line-height:150%\"><span style=\",serif\"><span style=\"color:black\">Hannula, Mika 2009. Catch Me If You Can: Chances and Challenges of Artistic Research. \u2013 <i>Art&amp;Research<\/i>, Vol. 2, No. 2, Spring, lk 109\u2013129. <\/span><\/span><\/span><\/span><\/span>\n\t<\/li>\n<li style=\"margin-bottom: 0cm\">\n\t\t<span style=\"line-height:150%\"><span><span style=\"line-height:150%\"><span style=\",serif\"><span style=\"color:black\">Hannula, Mika, Juha Suoranta, Tere Vad\u00e9n 2005. <i>Artistic Research \u2013 Theories, Methods and Practices<\/i>. Helsinki, Gothenburg: Academy of Fine Arts Helsinki, University of Gothenburg. <\/span><\/span><\/span><\/span><\/span>\n\t<\/li>\n<li style=\"margin-bottom: 0cm\">\n\t\t<span style=\"line-height:150%\"><span><span style=\"line-height:150%\"><span style=\",serif\"><span style=\"color:black\">Hannula, Mika, Juha Suoranta, Tere Vad\u00e9n 2014. <i>Artistic Research Methodology. Narrative, Power and the Public<\/i>. New York, Berlin: Peter Lang.<\/span><\/span><\/span><\/span><\/span>\n\t<\/li>\n<li style=\"margin-bottom: 0cm\">\n\t\t<span style=\"line-height:150%\"><span><span style=\"line-height:150%\"><span style=\",serif\"><span style=\"color:black\">Haseman, Brad 2006. A Manifesto for Performative Research. \u2013 <i>Media International Australia<\/i>, No. 118, February, lk 98\u2013106.<\/span><\/span><\/span><\/span><\/span>\n\t<\/li>\n<li style=\"margin-bottom: 0cm\">\n\t\t<span style=\"line-height:150%\"><span><span style=\"line-height:150%\"><span style=\",serif\"><span style=\"color:black\">Haseman, Brad 2007. Rupture and Recognition: Identifying the Performative Research Paradigm. \u2013 <i>Practice as Research. Approaches to Creative Arts Enquiry<\/i>. London, New York: I. B. Tauris, lk 147\u2013157.<\/span><\/span><\/span><\/span><\/span>\n\t<\/li>\n<li style=\"margin-bottom: 0cm\">\n\t\t<span style=\"line-height:150%\"><span><span style=\"line-height:150%\"><span style=\",serif\"><span style=\"color:black\">Hein, Ivika 2014. <i>Draamaraamat<\/i>. Tallinn: Maurus. <\/span><\/span><\/span><\/span><\/span>\n\t<\/li>\n<li style=\"margin-bottom: 0cm\">\n\t\t<span style=\"line-height:150%\"><span><span style=\"line-height:150%\"><span style=\",serif\"><span style=\"color:black\">Kershaw, Baz 2009. Practice as Research through Performance. \u2013 <i>Practice-led Research, Reseach-led Practice in the Creative Arts<\/i>. Edinburgh: Edinburgh University Press, lk 104\u2013125. <\/span><\/span><\/span><\/span><\/span>\n\t<\/li>\n<li style=\"margin-bottom: 0cm\">\n\t\t<span style=\"line-height:150%\"><span><span style=\"line-height:150%\"><span style=\",serif\"><span style=\"color:black\">Lankots, Epp 2016. Loovuurimus \u2013 kas kunst v\u00f5i teadus? \u2013 <i>Sirp<\/i>, 4.11.<\/span><\/span><\/span><\/span><\/span>\n\t<\/li>\n<li style=\"margin-bottom: 0cm\">\n\t\t<span style=\"line-height:150%\"><span><span style=\"line-height:150%\"><span style=\",serif\"><span style=\"color:black\">Nelson, Robin 2013. <i>Practice as Research in the Arts<\/i>. London: Palgrave Macmillan.<\/span><\/span><\/span><\/span><\/span>\n\t<\/li>\n<li style=\"margin-bottom: 0cm\">\n\t\t<span style=\"line-height:150%\"><span><span style=\"line-height:150%\"><span style=\",serif\"><span style=\"color:black\">Owens, Allan 2014. <i>Draamakompass: protsessdraama k\u00e4siraamat<\/i>. Tartu: Tartu \u00dclikool.<\/span><\/span><\/span><\/span><\/span>\n\t<\/li>\n<\/ul>\n","protected":false},"excerpt":{"rendered":"<p>Lisainformatsioon Eesti Muusika- ja Teatriakadeemia, Eesti Kunstiakadeemia ja Tallinna \u00dclikooli koostatud \u201cEesti loovuurimuse raamlepe\u201d Rahvusvahelise Teatriuurimise F\u00f6deratsiooni (IFTR) t\u00f6\u00f6grupp \u201ePerformance as Research\u201c\u00a0\u00a0 Rahvusvaheline loovuurimuse \u00fchendus Society for Artistic Research Rahvusvaheline loovuurimuse teemaline ajakiri Journal for Artistic Research Soovitatud kirjandus Barrett, &#8230;<\/p>\n","protected":false},"author":6,"featured_media":0,"parent":0,"menu_order":0,"comment_status":"closed","ping_status":"closed","template":"","meta":{"_acf_changed":false,"inline_featured_image":false,"footnotes":""},"class_list":["post-53","page","type-page","status-publish","hentry"],"acf":[],"_links":{"self":[{"href":"https:\/\/sisu.ut.ee\/etenduskunstid\/wp-json\/wp\/v2\/pages\/53","targetHints":{"allow":["GET"]}}],"collection":[{"href":"https:\/\/sisu.ut.ee\/etenduskunstid\/wp-json\/wp\/v2\/pages"}],"about":[{"href":"https:\/\/sisu.ut.ee\/etenduskunstid\/wp-json\/wp\/v2\/types\/page"}],"author":[{"embeddable":true,"href":"https:\/\/sisu.ut.ee\/etenduskunstid\/wp-json\/wp\/v2\/users\/6"}],"replies":[{"embeddable":true,"href":"https:\/\/sisu.ut.ee\/etenduskunstid\/wp-json\/wp\/v2\/comments?post=53"}],"version-history":[{"count":1,"href":"https:\/\/sisu.ut.ee\/etenduskunstid\/wp-json\/wp\/v2\/pages\/53\/revisions"}],"predecessor-version":[{"id":446,"href":"https:\/\/sisu.ut.ee\/etenduskunstid\/wp-json\/wp\/v2\/pages\/53\/revisions\/446"}],"wp:attachment":[{"href":"https:\/\/sisu.ut.ee\/etenduskunstid\/wp-json\/wp\/v2\/media?parent=53"}],"curies":[{"name":"wp","href":"https:\/\/api.w.org\/{rel}","templated":true}]}}