{"id":48,"date":"2024-04-04T07:56:25","date_gmt":"2024-04-04T04:56:25","guid":{"rendered":"https:\/\/sisu.ut.ee\/etenduskunstid\/kirjandus-2\/"},"modified":"2024-04-04T08:00:34","modified_gmt":"2024-04-04T05:00:34","slug":"kirjandus-2","status":"publish","type":"page","link":"https:\/\/sisu.ut.ee\/etenduskunstid\/kirjandus-2\/","title":{"rendered":"Kirjandus"},"content":{"rendered":"<h3>\n\tSoovituslik kirjandus<br>\n<\/h3>\n<ul>\n<li style=\"margin-bottom: 0cm\">\n\t\t<span style=\"line-height:150%\"><span><span style=\"line-height:150%\"><span style=\",serif\">Fisher-Lichte, Erika 1992. <i>The Semiotics of Theater.\u00a0<\/i>Bloomington, Indianapolis: Indiana University Press.<\/span><\/span><\/span><\/span>\n\t<\/li>\n<li style=\"margin-bottom: 0cm\">\n\t\t<span style=\"line-height:150%\"><span><span style=\"line-height:150%\"><span style=\",serif\">Fischer-Lichte, Erika 2011. Etenduse anal\u00fc\u00fcsi probleeme. \u2013 <i>Valitud artikleid teatriuurimisest<\/i>. Tartu: Tartu \u00dclikooli Kirjastus, lk 69\u2013100. <\/span><\/span><\/span><\/span>\n\t<\/li>\n<li style=\"margin-bottom: 0cm\">\n\t\t<span style=\"line-height:150%\"><span><span style=\"line-height:150%\"><span style=\",serif\">Pavis, Patrice 2003. <i>Analyzing Performance: Theater, Dance, and Film<\/i>. Ann Arbor: University of Michigan Press.<\/span><\/span><\/span><\/span>\n\t<\/li>\n<li style=\"margin-bottom: 0cm\">\n\t\t<span style=\"line-height:150%\"><i><span><span style=\"line-height:150%\"><span style=\",serif\"><span style=\"color:black\">Semiootika<\/span><\/span><\/span><\/span><\/i><span><span style=\"line-height:150%\"><span style=\",serif\"><span style=\"color:black\"> 2018. Tartu: Tartu \u00dclikooli Kirjastus.<\/span><\/span><\/span><\/span><\/span>\n\t<\/li>\n<\/ul>\n<h3>\n\tViidatud kirjandus<br>\n<\/h3>\n<ul>\n<li style=\"margin-bottom: 0cm\">\n\t\t<span style=\"line-height:150%\"><span><span style=\"line-height:150%\"><span style=\",serif\">Balme, Christopher B. 2008. <i>The Cambridge Introduction to Theatre Studies<\/i>. Cambridge: Cambridge University Press.<\/span><\/span><\/span><\/span>\n\t<\/li>\n<li style=\"margin-bottom: 0cm\">\n\t\t<span style=\"line-height:150%\"><span><span style=\"line-height:150%\"><span style=\",serif\"><span style=\"color:black\">Barthes, Roland 1972. <i>Critical Essays<\/i>. Evanston: Northwestern University Press.<\/span><\/span><\/span><\/span><\/span>\n\t<\/li>\n<li style=\"margin-bottom: 0cm\">\n\t\t<span style=\"line-height:150%\"><span><span style=\"line-height:150%\"><span style=\",serif\"><span style=\"color:black\">Carlson, Marvin 1990. <i>Theatre Semiotics. Signs of Life<\/i>. Bloomington, Indianapolis: Indiana University Press. <\/span><\/span><\/span><\/span><\/span>\n\t<\/li>\n<li style=\"margin-bottom: 0cm\">\n\t\t<span style=\"line-height:150%\"><span><span style=\"line-height:150%\"><span style=\",serif\">Carlson, Marvin 1994. Indexical Space in the Theatre.<span style=\"color:black\"> \u2013 <i>Assaph<\/i>, No. 10, lk 1\u201310. <\/span><\/span><\/span><\/span><\/span>\n\t<\/li>\n<li style=\"margin-bottom: 0cm\">\n\t\t<span style=\"line-height:150%\"><span><span style=\"line-height:150%\"><span style=\",serif\">Carlson, Marvin 2001. <i>The Haunted Stage: The Theatre as Memory Machine<\/i>. Ann Arbor: University of Michigan Press.<\/span><\/span><\/span><\/span>\n\t<\/li>\n<li style=\"margin-bottom: 0cm\">\n\t\t<span style=\"line-height:150%\"><span><span style=\"line-height:150%\"><span style=\",serif\"><span style=\"color:black\">De Marinis, Marco 2010. Theater. \u2013 <i>Encyclopedic Dictionary of Semiotics<\/i>. Vol. 2. Berlin, New York: De Gruyter Mouton, lk 1103\u20131106. <\/span><\/span><\/span><\/span><\/span>\n\t<\/li>\n<li style=\"margin-bottom: 0cm\">\n\t\t<span style=\"line-height:150%\"><span><span style=\"line-height:150%\"><span style=\",serif\">Fisher-Lichte, Erika 1992. <i>The Semiotics of Theater.<\/i> Bloomington, Indianapolis: Indiana University Press.<\/span><\/span><\/span><\/span>\n\t<\/li>\n<li style=\"margin-bottom: 0cm\">\n\t\t<span style=\"line-height:150%\"><span><span style=\"line-height:150%\"><span style=\",serif\">Fischer-Lichte, Erika 2011. Etenduse anal\u00fc\u00fcsi probleeme. \u2013 <i>Valitud artikleid teatriuurimisest<\/i>. Tartu: Tartu \u00dclikooli Kirjastus, lk 69\u2013100. <\/span><\/span><\/span><\/span>\n\t<\/li>\n<li style=\"margin-bottom: 0cm\">\n\t\t<span style=\"line-height:150%\"><span><span style=\"line-height:150%\"><span style=\",serif\">Jakobson, Roman 2014. Dominant. \u2013 <i>Kirjandus kui selline<\/i>. Tallinn: TL\u00dc Kirjastus,<i> <\/i>lk 240\u2013245. <\/span><\/span><\/span><\/span>\n\t<\/li>\n<li style=\"margin-bottom: 0cm\">\n\t\t<span style=\"line-height:150%\"><span lang=\"FI\"><span style=\"line-height:150%\">Juhanson, Jaanika 1999. <\/span><\/span><span><span style=\"line-height:150%\"><span style=\",serif\"><span style=\"color:black\">\u201e\u201dElli\u201c-ootika ehk sissejuhatus praktilisse teatrisemiootikasse. \u2013 <i>Teater. Muusika. Kino<\/i>, nr 2, lk 18\u201325.<\/span><\/span><\/span><\/span><\/span>\n\t<\/li>\n<li style=\"margin-bottom: 0cm\">\n\t\t<span style=\"line-height:150%\"><span><span style=\"line-height:150%\"><span style=\",serif\">J\u00e4nes, Pille 2007. <i>T\u00e4henduse teke lavakujunduses<\/i>. Magistrit\u00f6\u00f6. Tartu \u00dclikool, semiootika osakond.<\/span><\/span><\/span><\/span>\n\t<\/li>\n<li style=\"margin-bottom: 0cm\">\n\t\t<span style=\"line-height:150%\"><span><span style=\"line-height:150%\"><span style=\",serif\"><span style=\"color:black\">Kowzan, Tadeusz 1992. <i>S\u00e9miologie du th\u00e9\u00e2tre<\/i>. Paris: Nathan.<\/span><\/span><\/span><\/span><\/span>\n\t<\/li>\n<li style=\"margin-bottom: 0cm\">\n\t\t<span style=\"line-height:150%\"><span><span style=\"line-height:150%\"><span style=\",serif\"><span style=\"color:black\">Lotman, Juri 1990. Lavasemiootika. \u2013\u00a0<\/span>J. Lotman, <i style=\"color: black\">Kultuurisemiootika: Tekst \u2013 kirjandus \u2013 kultuur.<\/i> Tallinn: Olion, lk 182\u2013216. <\/span><\/span><\/span><\/span>\n\t<\/li>\n<li style=\"margin-bottom: 0cm\">\n\t\t<span style=\"line-height:150%\"><span><span style=\"line-height:150%\"><span style=\",serif\"><span style=\"color:black\">McGowan, Kate 2015. Strukturalism ja semiootika. \u2013 <i>Kriitilise teooria k\u00e4siraamat<\/i>. Tallinn: TL\u00dc Kirjastus, lk 19\u201334. <\/span><\/span><\/span><\/span><\/span>\n\t<\/li>\n<li style=\"margin-bottom: 0cm\">\n\t\t<span style=\"line-height:150%\"><span><span style=\"line-height:150%\"><span style=\",serif\"><span style=\"color:black\">Pavis, Patrice 2011. Anal\u00fc\u00fcsivahendid. \u2013 <i>Valitud artikleid teatriuurimisest.<\/i> Tartu: Tartu \u00dclikooli Kirjastus, lk 103\u2013125. <\/span><\/span><\/span><\/span><\/span>\n\t<\/li>\n<li>\n\t\t<i><span><span style=\"line-height:107%\"><span style=\",serif\"><span style=\"color:black\">Semiootika<\/span><\/span><\/span><\/span><\/i><span><span style=\"line-height:107%\"><span style=\",serif\"><span style=\"color:black\"> 2018. Tartu: Tartu \u00dclikooli Kirjastus.<\/span><\/span><\/span><\/span>\n\t<\/li>\n<\/ul>\n","protected":false},"excerpt":{"rendered":"<p>Soovituslik kirjandus Fisher-Lichte, Erika 1992. The Semiotics of Theater.\u00a0Bloomington, Indianapolis: Indiana University Press. Fischer-Lichte, Erika 2011. Etenduse anal\u00fc\u00fcsi probleeme. \u2013 Valitud artikleid teatriuurimisest. Tartu: Tartu \u00dclikooli Kirjastus, lk 69\u2013100. Pavis, Patrice 2003. Analyzing Performance: Theater, Dance, and Film. Ann Arbor: &#8230;<\/p>\n","protected":false},"author":6,"featured_media":0,"parent":0,"menu_order":0,"comment_status":"closed","ping_status":"closed","template":"","meta":{"_acf_changed":false,"inline_featured_image":false,"footnotes":""},"class_list":["post-48","page","type-page","status-publish","hentry"],"acf":[],"_links":{"self":[{"href":"https:\/\/sisu.ut.ee\/etenduskunstid\/wp-json\/wp\/v2\/pages\/48","targetHints":{"allow":["GET"]}}],"collection":[{"href":"https:\/\/sisu.ut.ee\/etenduskunstid\/wp-json\/wp\/v2\/pages"}],"about":[{"href":"https:\/\/sisu.ut.ee\/etenduskunstid\/wp-json\/wp\/v2\/types\/page"}],"author":[{"embeddable":true,"href":"https:\/\/sisu.ut.ee\/etenduskunstid\/wp-json\/wp\/v2\/users\/6"}],"replies":[{"embeddable":true,"href":"https:\/\/sisu.ut.ee\/etenduskunstid\/wp-json\/wp\/v2\/comments?post=48"}],"version-history":[{"count":1,"href":"https:\/\/sisu.ut.ee\/etenduskunstid\/wp-json\/wp\/v2\/pages\/48\/revisions"}],"predecessor-version":[{"id":451,"href":"https:\/\/sisu.ut.ee\/etenduskunstid\/wp-json\/wp\/v2\/pages\/48\/revisions\/451"}],"wp:attachment":[{"href":"https:\/\/sisu.ut.ee\/etenduskunstid\/wp-json\/wp\/v2\/media?parent=48"}],"curies":[{"name":"wp","href":"https:\/\/api.w.org\/{rel}","templated":true}]}}