{"id":45,"date":"2024-04-04T07:56:25","date_gmt":"2024-04-04T04:56:25","guid":{"rendered":"https:\/\/sisu.ut.ee\/etenduskunstid\/kirjandus\/"},"modified":"2024-04-04T08:00:34","modified_gmt":"2024-04-04T05:00:34","slug":"kirjandus","status":"publish","type":"page","link":"https:\/\/sisu.ut.ee\/etenduskunstid\/kirjandus\/","title":{"rendered":"Kirjandus"},"content":{"rendered":"<h3>\n\tViidatud kirjandus<br>\n<\/h3>\n<ul>\n<li>\n\t\tAristoteles. 1982. Luulekunstist. \u2013 <i>Keel ja Kirjandus<\/i>, nr 7, lk 337\u2013356.\n\t<\/li>\n<li>\n\t\tBrecht, Bertolt 1972. <i>Vaseost. Valik teatriteoreetilisi t\u00f6id<\/i>. Tallinn: Eesti Raamat.\n\t<\/li>\n<li>\n\t\tCarlson, Marvin 1993. <i>Theories of the Theatre. A Historical and Critical Survey, from the Greeks to the Present<\/i>. Ithaca and London: Cornell University Press.\n\t<\/li>\n<li>\n\t\tCarlson, Marvin 2004 [1996]. <i>Performance. A Critical Introduction<\/i>. London and New York: Routledge.\n\t<\/li>\n<li>\n\t\tDiderot, Denis 2006\u20132007. N\u00e4itleja paradoks.\u00a0\u2013\u00a0<i>Akadeemia<\/i>, nr 11, lk 2353\u20132371; nr 12, lk 2649\u20132684; nr 1, lk 121\u2013145.\n\t<\/li>\n<li>\n\t\tFischer-Lichte, Erika 2014. <i>The<\/i> <i>Routledge Introduction to Theatre and Performance Studies.<\/i> London and New York: Routledge.\n\t<\/li>\n<li>\n\t\tJackson, Shannon 2004. <i>Professing Performance. Theatre in the Academy from Philology to Performativity<\/i>. Cambridge: Cambridge University Press.\n\t<\/li>\n<li>\n\t\tLehmann, Hans-Thies 2011. <i>Proloog<\/i>. \u2013 Valitud artikleid teatriuurimisest. Tartu: Tartu \u00dclikooli Kirjastus, lk 235\u2013252.\n\t<\/li>\n<li>\n\t\tPavis, Patrice 2016. <i>The Routledge Dictionary of Performance and Contemporary Theatre<\/i>. London, New York: Routledge.\n\t<\/li>\n<li>\n\t\tSaro, Anneli 2013. TTT ehk teatriteaduse trendid. \u2013 <i>Eesti teatriteaduse perspektiivid<\/i>. Tartu: Tartu \u00dclikooli Kirjastus, lk 9\u201325.\n\t<\/li>\n<li>\n\t\tSchechner, Richard 2020. <i>Sissejuhatus etendusuuringutesse<\/i>. Tallinn: Eesti Teatriliit.\n\t<\/li>\n<li>\n\t\tStanislavski, Konstantin 2021. <i>N\u00e4itleja t\u00f6\u00f6 endaga. \u00d5pilase p\u00e4evik<\/i>. Tallinn: Eesti Muusika- ja Teatriakadeemia lavakunstikool, Eesti Teatriliit.\n\t<\/li>\n<\/ul>\n","protected":false},"excerpt":{"rendered":"<p>Viidatud kirjandus Aristoteles. 1982. Luulekunstist. \u2013 Keel ja Kirjandus, nr 7, lk 337\u2013356. Brecht, Bertolt 1972. Vaseost. Valik teatriteoreetilisi t\u00f6id. Tallinn: Eesti Raamat. Carlson, Marvin 1993. Theories of the Theatre. A Historical and Critical Survey, from the Greeks to the &#8230;<\/p>\n","protected":false},"author":6,"featured_media":0,"parent":0,"menu_order":0,"comment_status":"closed","ping_status":"closed","template":"","meta":{"_acf_changed":false,"inline_featured_image":false,"footnotes":""},"class_list":["post-45","page","type-page","status-publish","hentry"],"acf":[],"_links":{"self":[{"href":"https:\/\/sisu.ut.ee\/etenduskunstid\/wp-json\/wp\/v2\/pages\/45","targetHints":{"allow":["GET"]}}],"collection":[{"href":"https:\/\/sisu.ut.ee\/etenduskunstid\/wp-json\/wp\/v2\/pages"}],"about":[{"href":"https:\/\/sisu.ut.ee\/etenduskunstid\/wp-json\/wp\/v2\/types\/page"}],"author":[{"embeddable":true,"href":"https:\/\/sisu.ut.ee\/etenduskunstid\/wp-json\/wp\/v2\/users\/6"}],"replies":[{"embeddable":true,"href":"https:\/\/sisu.ut.ee\/etenduskunstid\/wp-json\/wp\/v2\/comments?post=45"}],"version-history":[{"count":1,"href":"https:\/\/sisu.ut.ee\/etenduskunstid\/wp-json\/wp\/v2\/pages\/45\/revisions"}],"predecessor-version":[{"id":454,"href":"https:\/\/sisu.ut.ee\/etenduskunstid\/wp-json\/wp\/v2\/pages\/45\/revisions\/454"}],"wp:attachment":[{"href":"https:\/\/sisu.ut.ee\/etenduskunstid\/wp-json\/wp\/v2\/media?parent=45"}],"curies":[{"name":"wp","href":"https:\/\/api.w.org\/{rel}","templated":true}]}}