{"id":41,"date":"2024-04-04T07:56:24","date_gmt":"2024-04-04T04:56:24","guid":{"rendered":"https:\/\/sisu.ut.ee\/etenduskunstid\/rakendusteater-kui-loovuurimuslik-meetod-ja-praktika\/"},"modified":"2024-04-04T08:00:34","modified_gmt":"2024-04-04T05:00:34","slug":"rakendusteater-kui-loovuurimuslik-meetod-ja-praktika","status":"publish","type":"page","link":"https:\/\/sisu.ut.ee\/etenduskunstid\/rakendusteater-kui-loovuurimuslik-meetod-ja-praktika\/","title":{"rendered":"Rakendusteater kui loovuurimuslik meetod ja praktika"},"content":{"rendered":"<p>\n\tLoovuurimuse \u00fcheks alaliigiks on rakendusteatri eri vormid ja meetodid. S\u00f5na \u201erakendus\u201c t\u00e4hendab, et sellise teatri peamine eesm\u00e4rk ei ole esteetiline nauding, vaid teatrile omaseid loomingulisi meetodeid kasutatakse kunstiv\u00e4lisel eesm\u00e4rgil. Rakendusteater hakkas terminina laiemalt levima 21. sajandi alguses, kuid levik pole \u00fcheselt kaardistatav. Suurbritannias on m\u00f5iste <em>applied theatre<\/em> kasutusel olnud umbes 1990. aastatest ning selle eestikeelne t\u00f5lkevaste ongi rakendusteater.\n<\/p>\n<p>\n\tRakendusteatrit saab vaadelda kahetiselt: see on nii protsessi tulemuse esitus (etendus) kui selle esituseni j\u00f5udmise meetod. Rakendusteatrit tehaksegi paljude erinevate loovuurimuslike ja performatiivsete meetoditega, mida k\u00e4sitleti juba eespool. Kui eelnevate n\u00e4idete puhul oli kunstnik ja uurija sama isik, siis rakendusteatri puhul v\u00f5ib tunduda, et eesm\u00e4rk (mingi probleemi lahendamine) asub justkui v\u00e4ljaspool kunstnikku ennast. V\u00f5ib aga argumenteerida, et eesm\u00e4rk kasutada kunstilisi vahendeid m\u00f5ne probleemi lahendamiseks on samuti kunstiline enesev\u00e4ljendus ja seel\u00e4bi seostub eelnevalt kirjeldatud loovuurimuse olemusega.\n<\/p>\n<p>\n\tRakendusteatriga seotud praktikate oluline \u00fchisjoon on <strong>uurimuslikkus<\/strong>. Iga lavastuse loomiseks viiakse l\u00e4bi uurimus, millest v\u00f5ivad osa v\u00f5tta ka lavastuse osalised ja tulevased vaatajad. Uurimus v\u00f5ib h\u00f5lmata sotsioloogilisi, osalus- v\u00f5i tegevusuuringuid, samuti nii teoreetilist kui ka loovuurimust. Uurimine toimub kollektiivse protsessina ning eesm\u00e4rgiks on inimeste elu ja \u00fcmbritseva \u00fchiskonna positiivne m\u00f5jutamine. Oluline on ka anal\u00fc\u00fcsida, milline m\u00f5ju on rakendusteatri protsessil ja tulemusel.\n<\/p>\n<p>\n\tRakendusteatri eri vorme v\u00f5ib nimetada ka <strong>kaasavateks<\/strong> teatripraktikateks, s.t kunsti tegemises ja uurimises osalevad ka teised inimesed peale kunstniku. Konventsionaalse teatri jaoks on vaja publikut, kuid rakendusteatri mitme vormi puhul publikut ei ole, on ainult osav\u00f5tjad, kes liiguvad osalemise ja vaatlemise vahel. V\u00f5tmeaspekt, mis eristab rakendusteatrit paljudest teistest teatrivormidest, on s\u00fcndmuse eesm\u00e4rgist teadlik publik: rakendusteatri vaatajalt oodatakse sotsiaalset tegutsemist.\n<\/p>\n<p>\n\tLoovuurimuslikud rakendusteatri praktikad on sageli suunatud mingile <strong>kogukonnale<\/strong>, mida kunstnik erinevate meetoditega uurib. \u00dcldiselt m\u00f5eldakse kogukonna all teatud muutuva koosseisuga gruppi, mille liikmed suhtlevad pidevalt omavahel ja \u00fchiskonnaga v\u00e4ljaspool seda. Loovuurimise l\u00e4biviijad huvituvad sageli konkreetsest paikkonnast v\u00f5i inimgrupist ning nende varjus olnud lugudest ja teemadest. Sellist rakendusteatri alaliiki nimetatakse <strong>kogukonnateatriks<\/strong>. Kogukonnateatri tegijate eesm\u00e4rk on suhte loomine kogukonnaga, selle liikmete kaasamine ning sageli ka tegelemine \u00fchiskonnas ala- v\u00f5i mitteesindatud inimgruppide v\u00f5i probleemidega.\n<\/p>\n<p style=\"text-align: center\">\n\t<img loading=\"lazy\" decoding=\"async\" width=\"600\" height=\"400\" class=\"alignnone wp-image-306\" src=\"https:\/\/sisu.ut.ee\/wp-content\/uploads\/sites\/556\/s_kuidas_muua_setot.jpg\" title=\"Eestis esindavad kogukonnateatrit m\u00f5ned Seto kogukonda k\u00e4sitlevad ja selle liikmeid kaasavad lavastused, n\u00e4iteks Taarka P\u00e4rimusteatri \u201eKuidas m\u00fc\u00fca setot?\u201c (2012, lavastaja Anne T\u00fcrnpu). Foto Arvi Matvei\" alt=\"Eestis esindavad kogukonnateatrit m\u00f5ned Seto kogukonda k\u00e4sitlevad ja selle liikmeid kaasavad lavastused\" srcset=\"https:\/\/sisu.ut.ee\/wp-content\/uploads\/sites\/556\/s_kuidas_muua_setot.jpg 600w, https:\/\/sisu.ut.ee\/wp-content\/uploads\/sites\/556\/s_kuidas_muua_setot-300x200.jpg 300w\" sizes=\"auto, (max-width: 600px) 100vw, 600px\">\n<\/p>\n<p>\n\tValik rakendusteatrile omaseid loovuurimuslikke meetodeid ja praktikaid.\n<\/p>\n<p>\n\t<strong>Protsessdraama<\/strong> \u2013 Suurbritannias teatri\u00f5petusest edasi arendatud, hariduslikku aspekti r\u00f5hutav ja publikut kaasav lugude jutustamise praktika. Protsessdraama ajendiks v\u00f5ib olla lugu, muusikapala, pilt, ajaleheuudis vm. See on osav\u00f5tuteater, kus etendust viib l\u00e4bi professionaalne teatritegija ning osalejad on nii n\u00e4itleja, dramaturgi, publiku kui anal\u00fc\u00fcsija rollis. M\u00f5istet \u201eprotsessdraama\u201c tutvustas esimest korda Cecily O\u2019Neill 1995. aastal. (Loe lisaks Hein 2014, Owens 2014.)\n<\/p>\n<p style=\"text-align: center\">\n\t<img loading=\"lazy\" decoding=\"async\" width=\"602\" height=\"400\" class=\"alignnone wp-image-305\" style=\"width: 600px;height: 399px;margin:auto\" src=\"https:\/\/sisu.ut.ee\/wp-content\/uploads\/sites\/556\/s_owens.jpg\" title=\"T\u00dc Viljandi kultuuriakadeemia korraldatud rahvusvaheliste rakendusteatri konverentside raames korduvalt ka Eestis esinenud protsessdraama ja teiste loovuurimuslike praktikate arendaja, professor Allan Owens. Vaata [val=lisa. href=http:\/\/allanowens.com\/]\" alt=\"professor Allan Owens\" srcset=\"https:\/\/sisu.ut.ee\/wp-content\/uploads\/sites\/556\/s_owens.jpg 602w, https:\/\/sisu.ut.ee\/wp-content\/uploads\/sites\/556\/s_owens-300x199.jpg 300w\" sizes=\"auto, (max-width: 602px) 100vw, 602px\">\n<\/p>\n<p>\n\t<strong>Haiglaklounid<\/strong> \u2013 professionaalsete teatritegijate eesm\u00e4rgiks on teatrip\u00f5histe meetoditega r\u00f5\u00f5mustada haiglas olevaid lapsi.\n<\/p>\n<p>\n\t<strong>Ps\u00fchhodraama<\/strong> \u2013 ps\u00fchhodraama terapeudi eestvedamisel l\u00e4bi viidud etendus konkreetse grupiga, kus eesm\u00e4rgiks on isikliku elu, n\u00e4iteks perekondlike suhete muutmine. Eestis tegutseb ps\u00fchhodraama kool <a data-url=\"http:\/\/www.morenokeskus.ee\/\" href=\"http:\/\/www.morenokeskus.ee\/\" target=\"_blank\" title=\"\" rel=\"noopener\">MT\u00dc Moreno Keskuse<\/a> juures.\n<\/p>\n<p>\n\t<strong>M\u00e4lestusteteater<\/strong> (<em>reminescence theatre<\/em>) \u2013 teatritegijad kasutavad teatrip\u00f5hiseid ja loojutustamise meetodeid eakate inimeste kaasamise eesm\u00e4rgil.\n<\/p>\n<p>\n\t<strong>Luguteater<\/strong> (<em>playback theatre<\/em>) \u2013 professionaalse teatritegija eestvedamisel jutustatakse konkreetse r\u00fchma v\u00f5i kogukonna lugusid; kaasatakse ka publikut, kelle lugusid m\u00e4ngivad ette tuumikgrupi n\u00e4itlejad. Luguteatri eestikeelse m\u00f5iste looja ja selle praktika pioneer Eestis on Aivar Simmermann.\n<\/p>\n<p>\n\t<strong>Improteater<\/strong> \u2013 loovuurimuslik meetod, millel v\u00f5ivad olla v\u00e4ga erinevad eesm\u00e4rgid ja sihtgrupid. Improteatri etendusi viivad l\u00e4bi n\u00e4itlejad ning sellel tegevusel v\u00f5ib olla pelgalt meelelahutuslik eesm\u00e4rk, kuid tegijate endi keskel v\u00f5ib toimuda (erinevate kogukondade, isikute) l\u00f5imumine, isiklike (enesev\u00e4ljenduslike vm) probleemide lahendamine. Ka publik on improetendusse erineval viisil kaasatud (n\u00e4iteks kirjutades sedeli peale teemasid, mida soovitakse laval n\u00e4ha).\n<\/p>\n<p>\n\t<strong>Rakendusteatri kui loovuurimusliku meetodi ja praktika eesm\u00e4rgid:<\/strong>\n<\/p>\n<ul>\n<li>\n\t\t\u00e4rgitada muutusi nii osalejates kui \u00fchiskonnas,\n\t<\/li>\n<li>\n\t\tuurimuslike vahenditega p\u00f6\u00f6rata t\u00e4helepanu varjatud lugudele v\u00f5i probleemidele,\n\t<\/li>\n<li>\n\t\tharida nii osalejaid kui publikut,\n\t<\/li>\n<li>\n\t\ttekitada v\u00f5i tugevdada kogukonda.\n\t<\/li>\n<\/ul>\n","protected":false},"excerpt":{"rendered":"<p>Loovuurimuse \u00fcheks alaliigiks on rakendusteatri eri vormid ja meetodid. S\u00f5na \u201erakendus\u201c t\u00e4hendab, et sellise teatri peamine eesm\u00e4rk ei ole esteetiline nauding, vaid teatrile omaseid loomingulisi meetodeid kasutatakse kunstiv\u00e4lisel eesm\u00e4rgil. Rakendusteater hakkas terminina laiemalt levima 21. sajandi alguses, kuid levik pole &#8230;<\/p>\n","protected":false},"author":6,"featured_media":0,"parent":0,"menu_order":0,"comment_status":"closed","ping_status":"closed","template":"","meta":{"_acf_changed":false,"inline_featured_image":false,"footnotes":""},"class_list":["post-41","page","type-page","status-publish","hentry"],"acf":[],"_links":{"self":[{"href":"https:\/\/sisu.ut.ee\/etenduskunstid\/wp-json\/wp\/v2\/pages\/41","targetHints":{"allow":["GET"]}}],"collection":[{"href":"https:\/\/sisu.ut.ee\/etenduskunstid\/wp-json\/wp\/v2\/pages"}],"about":[{"href":"https:\/\/sisu.ut.ee\/etenduskunstid\/wp-json\/wp\/v2\/types\/page"}],"author":[{"embeddable":true,"href":"https:\/\/sisu.ut.ee\/etenduskunstid\/wp-json\/wp\/v2\/users\/6"}],"replies":[{"embeddable":true,"href":"https:\/\/sisu.ut.ee\/etenduskunstid\/wp-json\/wp\/v2\/comments?post=41"}],"version-history":[{"count":1,"href":"https:\/\/sisu.ut.ee\/etenduskunstid\/wp-json\/wp\/v2\/pages\/41\/revisions"}],"predecessor-version":[{"id":458,"href":"https:\/\/sisu.ut.ee\/etenduskunstid\/wp-json\/wp\/v2\/pages\/41\/revisions\/458"}],"wp:attachment":[{"href":"https:\/\/sisu.ut.ee\/etenduskunstid\/wp-json\/wp\/v2\/media?parent=41"}],"curies":[{"name":"wp","href":"https:\/\/api.w.org\/{rel}","templated":true}]}}