{"id":40,"date":"2024-04-04T07:56:24","date_gmt":"2024-04-04T04:56:24","guid":{"rendered":"https:\/\/sisu.ut.ee\/etenduskunstid\/loovuurimuslikke-meetodeid\/"},"modified":"2024-04-04T08:00:34","modified_gmt":"2024-04-04T05:00:34","slug":"loovuurimuslikke-meetodeid","status":"publish","type":"page","link":"https:\/\/sisu.ut.ee\/etenduskunstid\/loovuurimuslikke-meetodeid\/","title":{"rendered":"Loovuurimuslikke meetodeid"},"content":{"rendered":"<p>\n\tLoovuurimist iseloomustab meetodite paljusus: uurija ei tohiks endale seada uurimismeetoditest tulenevaid piiranguid, soodustada tuleb metodoloogilist pluralismi ja pol\u00fcfooniat. Mitmekesisus ja avatus ei ole siin mitte probleem, vaid vajadus. Loovuurimuses ei loe mitte k\u00fcsimus \u201emis\u201c, vaid \u201ekuidas\u201c. Ei pea andma l\u00f5plikke vastuseid sellele, mida uurija teeb, vaid keskenduma sellele, kuidas uurija teeb. Kunstnik v\u00f5ib leida uurimisk\u00fcsimusi nii praktikast kui teooriatest. Tuleks k\u00fcll olla teadlik, et igasugune teadmisteloome on alati subjektiivne ja positsioneeritud, s.t ei ole olemas neutraalset, loomulikku v\u00f5i v\u00e4\u00e4rtustevaba vaatepunkti, kogemust v\u00f5i teadmist. Protsessi organiseerivad uurimismeetodid, mida on sama palju kui uurimuslikke ja kunstilisi kogemusi ning mille v\u00f5ib kokku v\u00f5tta terminiga \u201ebrikolaa\u017e\u201c (meisterdamine k\u00e4ep\u00e4rastest vahenditest). Viimastel aastak\u00fcmnetel on arendatud n\u00e4iteks uue meediaga seotud innovaatilisi meetodeid. Loovuurimuse kui distsipliini areng on kaasa aidanud akadeemilisele meetodite paljususele. (Hannula jt 2005, Hannula 2009, Hannula jt 2014, Barrett 2007) V\u00f5ib aga \u00f6elda, et lisaks mitmesugustele innovaatilistele meetoditele kasutatakse loovuurimust l\u00e4bi viies valdavalt kvalitatiivseid uurimismeetodeid.\n<\/p>\n<h3>\n\tKvalitatiivsed uurimismeetodid<br>\n<\/h3>\n<p>\n\tPaljud kunstnikud-uurijad laenavad oma loovuurimuslikuks t\u00f6\u00f6ks <strong>kvalitatiivseid uurimismeetodeid<\/strong> fenomenoloogiast, hermeneutikast, etnograafiast, narratiiviuuringutest v\u00f5i teistest distsipliinidest. Kvalitatiivsete uurimismeetoditega kogutakse ja anal\u00fc\u00fcsitakse mittearvulisi andmeid, uurijat huvitab s\u00fcndmuse v\u00f5i objekti sisu. Uurimistulemus s\u00f5ltub uurija t\u00f5lgendusest \u2013 kogutud andmed on hinnangulised. Uurimisprotsessi jooksul tehtud j\u00e4reldused kasvavad v\u00e4lja kogutud andmete anal\u00fc\u00fcsist.\n<\/p>\n<blockquote>\n<p>\n\t\t<strong>Andmete kogumine<\/strong> loovuurimuse jaoks\n\t<\/p>\n<ul>\n<li>\n\t\t\t<strong>Visuaalsed materjalid<\/strong>: foto, film, video.\n\t\t<\/li>\n<li>\n\t\t\t<strong>Internetiandmed<\/strong>: foorumid, blogid, meemid, artiklid, intervjuud.\n\t\t<\/li>\n<li>\n\t\t\t<strong>Arhiividokumendid: <\/strong>kirjad, autobiograafiad, p\u00e4evikud, m\u00e4lestused, tunnistused, kohtuotsused, eksperthinnangud.\u00a0\n\t\t<\/li>\n<li>\n\t\t\t<strong>Loomeprotsessi dokumenteerivad materjalid<\/strong>: p\u00e4evikud, m\u00e4rkmed, joonised.\n\t\t<\/li>\n<li>\n\t\t\t<strong>Esitamis- v\u00f5i eksponeerimistingimuste kirjeldused<\/strong>: s\u00e4ilitamistingimused muuseumis, tehniline informatsioon teose taasesitamiseks teisel laval jms.\n\t\t<\/li>\n<\/ul>\n<\/blockquote>\n<p>\n\tUurimist alustades tuleb loovuurijal ennast kurssi viia olemasolevate andmetega ja vajadusel t\u00e4iendada neid uute andmetega, kasutades selleks j\u00e4rgnevaid meetodeid: intervjuu, vaatlus, eksperiment jm.\n<\/p>\n<blockquote>\n<p>\n\t\t<span style=\"font-size:18px\"><strong>Intervjuu kava koostamine ja selle l\u00e4biviimine<\/strong><\/span>\n\t<\/p>\n<ul>\n<li>\n\t\t\t<strong>Struktureerimata intervjuu kava<\/strong>: mitteformaalne ehk vabas vormis. Uurija vestleb informandiga ning ta teab, mida vestluse k\u00e4igus teada tahab saada, kuid intervjuud suunatakse minimaalselt. Meetod sobib n-\u00f6 \u00f5rnade teemade puhul, see n\u00f5uab tegijalt palju aega ja erinevate vestluste tulemusi on keeruline v\u00f5rrelda ja klassifitseerida.\u00a0\n\t\t<\/li>\n<li>\n\t\t\t<strong>Struktureeritud intervjuu kava<\/strong>: uurija valmistab ette k\u00fcsimused ja j\u00e4rgib t\u00e4pselt k\u00fcsimustikku. Kuna k\u00fcsimused on k\u00f5ikide informantide puhul samad, v\u00f5imaldab see saada h\u00e4sti struktureeritud andmeid, kuid k\u00fcsimustiku j\u00e4rgimine v\u00f5ib viia ka piiratud vastusteni (n-\u00f6 poliitiliselt korrektsed v\u00f5i stereot\u00fc\u00fcpsed vastused).\n\t\t<\/li>\n<li>\n\t\t\t<strong>Poolstruktureeritud intervjuu kava<\/strong>: uurija on ette valmistanud p\u00f5hik\u00fcsimused, kuid vajadusel kaldub neist k\u00f5rvale. Seda meetodit on soovitatav kasutada, kui on \u00fchekordne intervjueerimise v\u00f5imalus. Kuna meetod v\u00f5imaldab esitada k\u00fcsimusi samal kujul teistele informantidele, siis suurendab see andmete v\u00f5rreldavust. V\u00f5imalus esitada spontaanseid lisak\u00fcsimusi suurendab aga ka tundlikkust informandi suhtes.\n\t\t<\/li>\n<li>\n\t\t\t<strong>Fookusgrupi intervjuu kava<\/strong>: vestluslik r\u00fchmaintervjuu, mis toimub poolstruktureeritud k\u00fcsitluskava j\u00e4rgi. Vestluses osalejad ergutavad ja inspireerivad \u00fcksteist moderaatori juhitud teemadel vestlema.\n\t\t<\/li>\n<\/ul>\n<\/blockquote>\n<blockquote>\n<p>\n\t\t<span style=\"font-size:18px\"><strong>Vaatluse l\u00e4biviimine ja andmete talletamine<\/strong><\/span>\n\t<\/p>\n<p>\n\t\tKuigi inimesed kasutavad vaatluse strateegiat iga p\u00e4ev, \u00fcldse mitte uurija rollis olles, eristab vaatlust kui mingi f\u00fc\u00fcsilise v\u00f5i virtuaalse n\u00e4htuse, olukorra v\u00f5i keskkonna uurimisviisi just s\u00fcstemaatiline, eetilisi kokkuleppeid arvestav ning eesm\u00e4rgistatud infokogumine ja talletamine. Vaatluse ajal v\u00f5i vaatlusperioodi l\u00f5ppedes uurija s\u00fcstematiseerib oma kogemuse ja kirjeldab n\u00e4htut eetikareegleid j\u00e4rgides. Vaatlus v\u00f5ib olla varjatud v\u00f5i avalik ning see v\u00f5ib toimuda standardiseeritud vaatlusskeemi j\u00e4rgi v\u00f5i olla paindlik. Keskkond, kus vaatlus toimub, v\u00f5ib olla loomulik v\u00f5i spetsiaalselt kohandatud (n\u00e4iteks laboris). Objektiks v\u00f5ib olla kas uurija ise (enesevaatlus ehk autoetnograafia) v\u00f5i teised.\n\t<\/p>\n<ul>\n<li>\n\t\t\t<strong>S\u00fcstemaatiline vaatlus<\/strong>: vaatleja on k\u00f5rvalseisja; vaatlus v\u00f5ib toimuda laboris v\u00f5i uurimisruumis.\n\t\t<\/li>\n<li>\n\t\t\t<strong>Osalusvaatlus<\/strong>: vaatleja osaleb \u00fcksikisiku v\u00f5i r\u00fchma tegevuses ja kohandub sellega. Osalusvaatlus v\u00f5ib olla t\u00e4ielik \u2013 vaatleja on sel juhul r\u00fchma t\u00e4ie\u00f5iguslik liige. Osaleda v\u00f5ib ka vaatlejana \u2013 sel juhul v\u00f5tab vaatleja r\u00fchma elust osa, aga esitab uuritavatele ka k\u00fcsimusi.\n\t\t<\/li>\n<\/ul>\n<\/blockquote>\n<blockquote>\n<p>\n\t\t<strong>Eksperiment<\/strong>: katse, mis on kavandatud p\u00f5hjuslike seletusteni j\u00f5udmiseks. N\u00e4iteks eksperiment n\u00e4itleja h\u00e4\u00e4le levimise uurimiseks ruumis.\n\t<\/p>\n<\/blockquote>\n<blockquote>\n<p>\n\t\t<strong>Tihe kirjeldus<\/strong>: sageli kasutatud meetod nii loovuurimuses kui teatrifenomenoloogilises l\u00e4henemises (vt peat\u00fckk \u201e<a data-url=\"https:\/\/sisu.ut.ee\/etenduskunstid\/book\/5-teatrifenomenoloogia\" href=\"https:\/\/sisu.ut.ee\/etenduskunstid\/book\/5-teatrifenomenoloogia\" target=\"_blank\" title=\"\" rel=\"noopener\">Teatrifenomenoloogia<\/a>\u201c).\n\t<\/p>\n<\/blockquote>\n<p>\n\tSiin toodud kvalitatiivseid meetodeid on sobilik kasutada ka n\u00e4iteks olukordades, kus kunstiteos luuakse uurimisprotsessi alguses ja kus uurimisk\u00fcsimused muutuvad protsessi jooksul. Sel juhul v\u00f5ivad loodud kunstiteosed muutuda mitte uurimistulemusteks, vaid uurimisandmeteks. Kogutud ja salvestatud andmeid ehk nii protsessi kui tulemusi tuleb anal\u00fc\u00fcsida. Anal\u00fc\u00fcsida saab n\u00e4iteks ka loomingulise protsessi dokumentatsiooni. Selline l\u00e4henemine ei ole aga rangelt v\u00f5ttes loovuurimine, sest allikate anal\u00fc\u00fcsi v\u00f5ib teha \u00fcksk\u00f5ik milline uurija. Olukorda, mil kunstnik l\u00f5petab kunstnikuks olemise, kui ta on oma kunstiteose valmis teinud, ning muutub uurijaks, et loodud materjali anal\u00fc\u00fcsida, on ka kritiseeritud. (Hannula jt 2005: 58) Mingil m\u00e4\u00e4ral on selline olukord k\u00fcll v\u00e4ltimatu: see ongi just refleksiivsus, kuid kaaluda v\u00f5iks ka teisi loomingulisi alternatiive (Arlander 2011: 322), n\u00e4iteks autoetnograafiat.\n<\/p>\n<blockquote>\n<p>\n\t\t\u00dcks levinud kvalitatiivseid meetodeid on <strong>autoetnograafia<\/strong>. See on nii uurimis- kui kirjutamismeetod, mis kirjeldab ja s\u00fcstemaatiliselt anal\u00fc\u00fcsib isiklikku kogemust eesm\u00e4rgiga m\u00f5ista kultuurilist kogemust. Autoetnograaf l\u00e4heneb uurimisele kui poliitilisele, sotsiaalselt teadlikule aktile. Uurija p\u00f5imib autobiograafiat ja etnograafiat, et luua ja kirjutada autoetnograafiat. Seega on autoetnograafia nii meetod kui tulemus. Autoetnograafid v\u00f5tavad oma t\u00f6\u00f6s arvesse asjaolu, et uurimisprotsessi m\u00f5jutab uurija isiklik kogemus lugematutel eri viisidel. Autoetnograafia on \u00fcks sellistest l\u00e4henemistest, mis v\u00e4\u00e4rtustab subjektiivsust, emotsionaalsust ja uurija isiku m\u00f5ju uurimusele. (Ellis jt 2011) Selle kriitikud toovad aga esile, et uurimus oma olemuselt peaks olema anal\u00fc\u00fctiline, mitte pelgalt kogemuslik, kuid autoetnograafia puhul on oht kalduda vaid kogemuslikku kirjeldamisse. (P\u00f5hjalikuma kriitika kohta vt Delamont 2007.)\n\t<\/p>\n<\/blockquote>\n<p>\n\tN-\u00f6 kolmanda tee meetodiks teadusmaailmas kinnistunud kvalitatiivsete ja kvantitatiivsete meetodite k\u00f5rval on <strong>performatiivne uurimus<\/strong>. Seda k\u00e4sitleb teatripedagoogi taustaga loovuurimuse professor Austraaliast Brad Haseman oma m\u00f5jukas artiklis \u201eA Manifesto for Performative Research\u201c. Umbes aastatuhande vahetusest alates hakkasid loovuurimuse tegijad otsima kolmandat teed ja leidma oma loovuurimuslikke meetodeid. Performatiivse uurimuse k\u00e4situseks sai Haseman inspiratsiooni J. L. Austini k\u00f5neakti teooriast. (Haseman 2006)\n<\/p>\n<p>\n\t<img loading=\"lazy\" decoding=\"async\" width=\"267\" height=\"400\" class=\"alignnone wp-image-301\" style=\"float: right\" src=\"https:\/\/sisu.ut.ee\/wp-content\/uploads\/sites\/556\/s_enneminevik_2.jpg\" title=\"Mart Kangro m\u00e4luteemalist lavastust \u201eEnneminevik\u201c (2019, Kanuti Gildi SAAL) saab k\u00e4sitleda performatiivse uurimusena. Foto: Alan Proosa\" alt=\"Mart Kangro m\u00e4luteemaline lavastus \u201eEnneminevik\u201c\" srcset=\"https:\/\/sisu.ut.ee\/wp-content\/uploads\/sites\/556\/s_enneminevik_2.jpg 267w, https:\/\/sisu.ut.ee\/wp-content\/uploads\/sites\/556\/s_enneminevik_2-200x300.jpg 200w\" sizes=\"auto, (max-width: 267px) 100vw, 267px\">Performatiivne uurimine laenab mitmeid aspekte kvalitatiivsest uurimisest, kuid on ometi sellest erinev, sest tulemusi esitatakse siin performatiivses vormis uurija kunstialal. Seda vormi v\u00f5ib k\u00e4sitleda tekstina \u2013 samal viisil nagu semiootiliselt v\u00f5ib iga kommunikatiivset akti nimetada tekstiks. Aga kuidas saab performatiivset vormi k\u00e4sitleda uurimusena? Mis teeb tantsust v\u00f5i teatrilavastusest uurimuse? \u00dcks v\u00f5imalik v\u00f5ti seisneb J. L. Austini performatiivsuse k\u00e4sitluses. Austini jaoks on performatiivsed k\u00f5neaktid sellised, mis muudavad maailma. N\u00e4iteks abiellumisrituaalis t\u00e4histab abielluja n\u00f5usolek \u201ejah\u201d muutust inimese \u00fchiskondlikus seisundis: vallalisest inimesest abikaasaks saamist. Lause \u00fctlemine on tegevuse tegemine. Kui uurimise tulemused on esitatud selliste aktidena, v\u00f5ib seda nimetada performatiivseks uurimiseks. See ei ole kvalitatiivne uurimine: see on asi iseeneses (<em>it is itself<\/em>). (Haseman 2006: 6)\n<\/p>\n<p>\n\tEtenduskunstide kontekstis v\u00f5ib k\u00f5iki neid uurimuslikke meetodeid kasutada konkreetse teose (teksti, lavastuse, rolli, lavakujunduse vm) loomiseks. S\u00f5ltuvalt teemast ja eesm\u00e4rgist v\u00f5ib koguda andmeid arhiividest, raamatukogudest, internetist v\u00f5i mujalt, koguda visuaalseid andmeid (fotod, videod jm), teha intervjuusid, l\u00e4bi viia eksperimente v\u00f5i erinevat t\u00fc\u00fcpi vaatlusi.\n<\/p>\n<h3>\n\tKvalitatiivse uurimuse t\u00fc\u00fcbid<br>\n<\/h3>\n<p>\n\t<strong>Kaardistusuurimus<\/strong>: eesm\u00e4rgiks selgitada mingi n\u00e4htuse olemust kasutades andmete kogumiseks k\u00fcsimustikke v\u00f5i struktureeritud intervjuusid. Kogutud materjali abil p\u00fc\u00fcab uurija huvipakkuvat n\u00e4htust kirjeldada, v\u00f5rrelda ja anal\u00fc\u00fcsida (n\u00e4iteks saab sellise l\u00e4bil\u00f5ikeuurimusega v\u00e4lja selgitada inimeste arvamusi, hoiakuid, harjumusi).\n<\/p>\n<p>\n\t<strong>Juhtumiuurimus<\/strong>: \u00fcksikjuhtumit (inimest, gruppi, s\u00fcndmust, projekti, asutust vm) uuritakse siin oma loomulikus keskkonnas ja kontekstis. Uurija kirjeldab ja anal\u00fc\u00fcsib huvipakkuvaid n\u00e4htusi, kasutades meetodina vaatlust, intervjuud ja\/v\u00f5i dokumentide uurimist. N\u00e4iteks v\u00f5ib juhtumiuurimuse alla liigitada Eesti dokumentaalteatri arengu uurimise.\n<\/p>\n<p>\n\t<strong>Tegevusuurimus<\/strong>: sotsiaalse olukorra uurimine, mille k\u00e4igus uurija eesm\u00e4rgiks on mingi tegevuse kvaliteedi parandamine. Uurija on siin praktik ning osaleb aktiivselt tegevustes, mida on kavas uurida ja arendada. Uuritakse tegevuse tulemuslikkust ja \u00f5pitakse kogutud andmetest, uuringu iseloom on ts\u00fckliline ning see on koost\u00f6\u00f6p\u00f5hine ja kogukonnakeskne. Levinuim andmekogumise meetod on siin uurimisp\u00e4evik ning uuringus saab kasutada ka n\u00e4iteks rollim\u00e4nge. Seda meetodit kasutatakse n\u00e4iteks pedagoogikas uute \u00f5ppematerjalide m\u00f5ju testimisel.\n<\/p>\n<p>\n\t<strong>Fenomenoloogiline uurimus<\/strong>: uurib inimeste arusaamist maailmast ja kirjeldab indiviidi kogemust mingi fenomeni tunnetamisel. Uurijat v\u00f5ivad huvitada \u00fche kogukonna erinevad arusaamad teatud n\u00e4htuste kohta, uurimisobjektiks on inimese kogemus. Meetodina sobib siin kasutada intervjuud, kogemuste kirjeldusi, kirjalikke v\u00f5i suulisi enesearuandeid. N\u00e4iteks v\u00f5ib koguda Siberisse k\u00fc\u00fcditatute m\u00e4lestusi ja nende p\u00f5hjal saab k\u00fc\u00fcditamisprotsessi kohta terviklikuma pildi. Tihti on isiku-uurimused just seda t\u00fc\u00fcpi.\n<\/p>\n<p>\n\t<strong>Etnograafiline uurimus<\/strong>: uurijat huvitab mingi grupi liikmete k\u00e4itumine ja suhted, uurija kirjeldab, t\u00f5lgendab ja anal\u00fc\u00fcsib neid. Uurija on selleks uuritavatega pikemat aega koos. Levinud meetodina kasutatakse siin vaatlust.\n<\/p>\n<p>\n\t<strong>Narratiivne uurimus<\/strong>: uuritakse inimeste elutegevust nende jutustatud lugude kaudu. Narratiivid ehk lood, mida inimesed jutustavad, on kronoloogilised (ajaliselt j\u00e4rjestatud), t\u00e4hendusrikkad ja loomult sotsiaalsed. P\u00f5hiliseks andmekogumismeetodiks on intervjuu. Narratiivset uurimust kasutatakse elulugude kirjapanekul ning n\u00e4iteks identiteedi loomise v\u00f5i muutumise (n\u00e4iteks t\u00f6\u00f6tuks j\u00e4\u00e4mise), haiguste m\u00f5ju, kuritegude ps\u00fchholoogia vm uurimisel jne.\n<\/p>\n<p style=\"text-align: center\">\n\t<img loading=\"lazy\" decoding=\"async\" width=\"609\" height=\"400\" class=\"alignnone wp-image-302\" src=\"https:\/\/sisu.ut.ee\/wp-content\/uploads\/sites\/556\/s_kuudipoisid.jpg\" title=\"Narratiivset uurimust, eluloointervjuusid on kasutanud lavastuste tegemiseks Merle Karusoo. \u201eK\u00fc\u00fcdipoisid\u201c (1999, Eesti Draamateater) p\u00f5hines intervjuudel 1949. aasta k\u00fc\u00fcditamisel osalenud inimestega. Viljandi naine \u2013 Kleer Maibaum, Haanja mehe s\u00f5ber \u2013 Johannes Tammsalu, Haanja miis \u2013 Andres Puustusmaa, S\u00f5rve naine \u2013 Garmen Tabor, Reola mehe naine \u2013 Pille-Katrin Siilmann, Reola mees \u2013 Taavi Teplenkov, S\u00f5rve mees \u2013 Indrek Saar, P\u00e4rnu naine \u2013 Maria Avdju\u0161ko, Vastsem\u00f5isa mees \u2013 Raimo Pass. (Eesti Draamateater)\" alt=\"Narratiivset uurimust, eluloointervjuusid on kasutanud lavastuste tegemiseks Merle Karusoo. \u201eK\u00fc\u00fcdipoisid\u201c\" srcset=\"https:\/\/sisu.ut.ee\/wp-content\/uploads\/sites\/556\/s_kuudipoisid.jpg 609w, https:\/\/sisu.ut.ee\/wp-content\/uploads\/sites\/556\/s_kuudipoisid-300x197.jpg 300w\" sizes=\"auto, (max-width: 609px) 100vw, 609px\">\n<\/p>\n<p>\n\tLoovuurimuse l\u00e4biviija peab rohkete uurimismeetodite hulgast valima ja otsustama, milline on just tema uurimist\u00f6\u00f6le kasulik. Vajaduse korral v\u00f5ib luua ka oma unikaalse uurimismeetodi. \u00dcks v\u00f5tmek\u00fcsimus, millele iga loovuurimuse l\u00e4biviija peaks vastama, on j\u00e4rgmine:\n<\/p>\n<p>\n\t<strong>Mida sellist andis uurimisprotsessi jooksul teostatud praktiline loomet\u00f6\u00f6, mida ei oleks saanud avastada \u00fchegi muu uurimisviisiga?<\/strong>\n<\/p>\n<p>\n\tKokkuv\u00f5tvalt v\u00f5ib \u00f6elda, et loovuurimuse peamine metodoloogiline eesm\u00e4rk seisneb selles, kuidas panna kunstiline kogemus ja teaduslik teoretiseerimine omavahel suhtlema. Tuleb n\u00e4idata, kuidas need kaks erinevat l\u00e4henemist m\u00f5jutavad teineteist ja kuidas selline protsess loob kriitiliselt refleksiivset uurimust. Loovuurimus peaks tegelema sellega, kuidas kunstiline katsetuslikkus juhib teoreetilist teadmisteloomet, ning vastupidi, kuidas lugemisest, m\u00f5tlemisest ja aruteludest s\u00fcndinud teooria juhib kunstilist kogemust. (Hannula jt 2005: 58\u201359)<\/p>\n","protected":false},"excerpt":{"rendered":"<p>Loovuurimist iseloomustab meetodite paljusus: uurija ei tohiks endale seada uurimismeetoditest tulenevaid piiranguid, soodustada tuleb metodoloogilist pluralismi ja pol\u00fcfooniat. Mitmekesisus ja avatus ei ole siin mitte probleem, vaid vajadus. Loovuurimuses ei loe mitte k\u00fcsimus \u201emis\u201c, vaid \u201ekuidas\u201c. Ei pea andma l\u00f5plikke &#8230;<\/p>\n","protected":false},"author":6,"featured_media":0,"parent":0,"menu_order":0,"comment_status":"closed","ping_status":"closed","template":"","meta":{"_acf_changed":false,"inline_featured_image":false,"footnotes":""},"class_list":["post-40","page","type-page","status-publish","hentry"],"acf":[],"_links":{"self":[{"href":"https:\/\/sisu.ut.ee\/etenduskunstid\/wp-json\/wp\/v2\/pages\/40","targetHints":{"allow":["GET"]}}],"collection":[{"href":"https:\/\/sisu.ut.ee\/etenduskunstid\/wp-json\/wp\/v2\/pages"}],"about":[{"href":"https:\/\/sisu.ut.ee\/etenduskunstid\/wp-json\/wp\/v2\/types\/page"}],"author":[{"embeddable":true,"href":"https:\/\/sisu.ut.ee\/etenduskunstid\/wp-json\/wp\/v2\/users\/6"}],"replies":[{"embeddable":true,"href":"https:\/\/sisu.ut.ee\/etenduskunstid\/wp-json\/wp\/v2\/comments?post=40"}],"version-history":[{"count":1,"href":"https:\/\/sisu.ut.ee\/etenduskunstid\/wp-json\/wp\/v2\/pages\/40\/revisions"}],"predecessor-version":[{"id":459,"href":"https:\/\/sisu.ut.ee\/etenduskunstid\/wp-json\/wp\/v2\/pages\/40\/revisions\/459"}],"wp:attachment":[{"href":"https:\/\/sisu.ut.ee\/etenduskunstid\/wp-json\/wp\/v2\/media?parent=40"}],"curies":[{"name":"wp","href":"https:\/\/api.w.org\/{rel}","templated":true}]}}