{"id":4,"date":"2024-04-04T07:56:20","date_gmt":"2024-04-04T04:56:20","guid":{"rendered":"https:\/\/sisu.ut.ee\/etenduskunstid\/teater-etenduskunstid-ja-nende-uurimise-ajalugu\/"},"modified":"2024-04-04T08:00:36","modified_gmt":"2024-04-04T05:00:36","slug":"teater-etenduskunstid-ja-nende-uurimise-ajalugu","status":"publish","type":"page","link":"https:\/\/sisu.ut.ee\/etenduskunstid\/teater-etenduskunstid-ja-nende-uurimise-ajalugu\/","title":{"rendered":"Teater, etenduskunstid ja nende uurimise ajalugu"},"content":{"rendered":"<address>\n\tAnneli Saro<br>\n<\/address>\n<h2>\n\tMis on teater?<br>\n<\/h2>\n<p>\n\tS\u00f5na <strong>teater<\/strong> on Euroopa keeltesse laenatud kreekakeelsest s\u00f5nast <em>theatron<\/em>, mis t\u00e4histab vaatem\u00e4ngude vaatamise paika. Kunstiliigi t\u00e4henduses hakati seda s\u00f5na kasutama hiljem. Inglise keeles on teatrit seostatud alates 16. sajandist eelk\u00f5ige m\u00f5istega \u201edraama\u201c n\u00e4itekirjanduse ja s\u00f5nateatri t\u00e4henduses. (Carlson 1993) Sellep\u00e4rast v\u00f5ib ingliskeelsetes teostes leida m\u00f5nikord ka selliseid loetelusid: <em>theatre, opera, dance<\/em> (m\u00f5eldud s\u00f5na-, muusika-, tantsuteater). Saksa keeles hakati s\u00f5na \u201eteater\u201c kasutama kunstiliigi t\u00e4henduses 18. sajandi teisest poolest alates, kuid inglise keelest avaramalt, haarates k\u00f5ik kolm teatrimajades esitatavat liiki: s\u00f5na-, muusika- ja tantsuteatri. (Fischer-Lichte 2014: 7) Eesti keeles j\u00e4rgitakse saksa keele eeskuju.\u00a0\n<\/p>\n<p>\n\tKuni 19. sajandi l\u00f5puni oli levinud arvamus, et teatri peamine eesm\u00e4rk on publiku harimine ja kasvatamine, sh kirjanduse, s\u00f5nakunsti ja muusika populariseerimine. Paljuski seoses lavastaja elukutse tekkega iseseisvus ka teater kui kunstiliik. Kuid koos iseseisvumisega hakkasid muutuma ka teatri piirid. Modernistlike teatrivoolude (futurismi, dadaismi, s\u00fcrrealismi jt) esindajad p\u00fc\u00fcdsid teatri piire 20. sajandi esimesel veerandil laiendada, poliitiline ja publiku maitsest l\u00e4htuv konservatism surus aga need laienemiskatsed tagasi. Ajalooliselt on teatrina m\u00f5istetud fiktsionaalsete, v\u00e4ljam\u00f5eldud maailmade kujutamist laval etendajate (n\u00e4itlejate, lauljate, tantsijate) poolt. Kuid 1960. aastaist alates on teater sulandunud \u00fchelt poolt igap\u00e4evaeluga (nt dokumentaalteater, r\u00e4nnaklavastused, mitte-n\u00e4itlejad teatrilaval jne), teiselt poolt teiste kunstiliikidega (visuaalkunsti, muusika, videokunsti, tsirkuse jms-ga). Seet\u00f5ttu kerkis m\u00f5iste \u201eteater\u201c k\u00f5rvale paljudes keeltes ingliskeelne s\u00f5na <em>performance<\/em> ehk etendus, aga m\u00f5nev\u00f5rra uues t\u00e4henduses. \u00a0<\/p>\n","protected":false},"excerpt":{"rendered":"<p>Anneli Saro Mis on teater? S\u00f5na teater on Euroopa keeltesse laenatud kreekakeelsest s\u00f5nast theatron, mis t\u00e4histab vaatem\u00e4ngude vaatamise paika. Kunstiliigi t\u00e4henduses hakati seda s\u00f5na kasutama hiljem. Inglise keeles on teatrit seostatud alates 16. sajandist eelk\u00f5ige m\u00f5istega \u201edraama\u201c n\u00e4itekirjanduse ja s\u00f5nateatri &#8230;<\/p>\n","protected":false},"author":6,"featured_media":0,"parent":0,"menu_order":0,"comment_status":"closed","ping_status":"closed","template":"","meta":{"_acf_changed":false,"inline_featured_image":false,"footnotes":""},"class_list":["post-4","page","type-page","status-publish","hentry"],"acf":[],"_links":{"self":[{"href":"https:\/\/sisu.ut.ee\/etenduskunstid\/wp-json\/wp\/v2\/pages\/4","targetHints":{"allow":["GET"]}}],"collection":[{"href":"https:\/\/sisu.ut.ee\/etenduskunstid\/wp-json\/wp\/v2\/pages"}],"about":[{"href":"https:\/\/sisu.ut.ee\/etenduskunstid\/wp-json\/wp\/v2\/types\/page"}],"author":[{"embeddable":true,"href":"https:\/\/sisu.ut.ee\/etenduskunstid\/wp-json\/wp\/v2\/users\/6"}],"replies":[{"embeddable":true,"href":"https:\/\/sisu.ut.ee\/etenduskunstid\/wp-json\/wp\/v2\/comments?post=4"}],"version-history":[{"count":1,"href":"https:\/\/sisu.ut.ee\/etenduskunstid\/wp-json\/wp\/v2\/pages\/4\/revisions"}],"predecessor-version":[{"id":495,"href":"https:\/\/sisu.ut.ee\/etenduskunstid\/wp-json\/wp\/v2\/pages\/4\/revisions\/495"}],"wp:attachment":[{"href":"https:\/\/sisu.ut.ee\/etenduskunstid\/wp-json\/wp\/v2\/media?parent=4"}],"curies":[{"name":"wp","href":"https:\/\/api.w.org\/{rel}","templated":true}]}}