{"id":36,"date":"2024-04-04T07:56:24","date_gmt":"2024-04-04T04:56:24","guid":{"rendered":"https:\/\/sisu.ut.ee\/etenduskunstid\/teatrisotsioloogia-uurimisobjektid-ja-meetodid\/"},"modified":"2024-04-04T08:00:34","modified_gmt":"2024-04-04T05:00:34","slug":"teatrisotsioloogia-uurimisobjektid-ja-meetodid","status":"publish","type":"page","link":"https:\/\/sisu.ut.ee\/etenduskunstid\/teatrisotsioloogia-uurimisobjektid-ja-meetodid\/","title":{"rendered":"Teatrisotsioloogia uurimisobjektid ja meetodid"},"content":{"rendered":"<h3>\n\tN\u00fc\u00fcdisaegse teatrisotsioloogia uurimisobjektid<br>\n<\/h3>\n<p>\n\tTeatrisotsioloogid tahavad teada, millised sotsiaalsed mustrid, institutsionaalsed struktuurid ja kultuurilised arusaamad defineerivad teatud \u00fchiskonna jaoks teatrit selle kaasajas ning kuidas antakse teatrile \u00fchiskondlik t\u00e4hendus. Seega ei ole nende uurimisobjektiks ainult teatud teatrin\u00e4htuse olemus v\u00f5i t\u00e4hendus, vaid hoopis teatriv\u00e4li, mis annab teatrile t\u00e4henduse ja funktsiooni.\n<\/p>\n<p>\n\tKitsamalt v\u00f5ib teatrisotsioloogia uurimisobjekte m\u00e4\u00e4ratleda j\u00e4rgmiselt:\n<\/p>\n<p>\n\t<strong>1. Loojad<\/strong> (etendajad, lavastajad\/koreograafid, lavastuskunstnikud, n\u00e4itekirjanikud\/dramaturgid jt loovad t\u00f6\u00f6tajad).\n<\/p>\n<p>\n\tN\u00e4iteid uurimisk\u00fcsimustest: Mille poolest erineb lavastaja roll repertuaari- ja projektiteatris? Kuiv\u00f5rd erineb mees- ja naisn\u00e4itlejate positsioon repertuaariteatris? Kuidas esitletakse n\u00e4itlejaid meedias? Millised on loominguliste inimeste t\u00f6\u00f6 erip\u00e4rad?\n<\/p>\n<blockquote class=\"os-kollane\">\n<p>\n\t\tN\u00e4ide: Margaret Tilk (2021) uuris vabakutseliste etenduskunstnike t\u00f6\u00f6- ja eraelu vahelisi piire ning pidi t\u00f5dema, et suures osas need puuduvad. Tilk n\u00e4itab, et kui kehtiks selgemad piirid t\u00f6\u00f6- ja eraelu vahel, n\u00f5uaksid etenduskunstnikud ka julgemalt sotsiaalseid garantiisid, mis k\u00e4ivad kaasas p\u00fcsipalgaliste t\u00f6\u00f6kohtadega (n\u00e4iteks tervisekindlustus).\n\t<\/p>\n<\/blockquote>\n<p>\n\t<strong>2. Loovtehnilised ja teatrite administratiivt\u00f6\u00f6tajad<\/strong> (valgus-, heli- ja videokujundajad, etendust teenindavad ja ettevalmistavad tehnilised t\u00f6\u00f6tajad).\n<\/p>\n<p>\n\tN\u00e4iteid uurimisk\u00fcsimustest: Milliseid t\u00f6\u00f6tamise t\u00fc\u00fcpe eelistavad loovtehnilised t\u00f6\u00f6tajad? Millised t\u00f6\u00f6alased suhted ja v\u00f5rgustikud on loojate ning teiste teatri t\u00f6\u00f6tajate vahel? Kuidas erineb loovtehnilise teatrit\u00f6\u00f6taja t\u00f6\u00f6 projekti- ja repertuaariteatris?\n<\/p>\n<p>\n\t<strong>3. \u00a0Lavastus, loomeprotsess ja erinevad teatriliigid<\/strong>.\n<\/p>\n<p>\n\tN\u00e4iteid uurimisk\u00fcsimustest: Millised teatriliigid (n\u00e4iteks s\u00f5na-, muusika- v\u00f5i tantsuteater) ja \u017eanrid (n\u00e4iteks kom\u00f6\u00f6dia v\u00f5i draama) teatud hetkel domineerivad ja miks (kes neid kehtestab)? Kuidas luuakse lavastuse sotsiaalset t\u00e4hendust (n\u00e4iteks poliitilises teatris)? Kuidas on omavahel seotud teatri organisatoorne \u00fclesehitus ja repertuaar? Kuidas loomeprotsess m\u00f5jutab tulemust ehk lavastust?\n<\/p>\n<p>\n\t<strong>4. Teatripoliitika, teater kui institutsioon<\/strong>.\n<\/p>\n<p>\n\tN\u00e4iteid uurimisk\u00fcsimustest: Kas teater kui institutsioon ja loojad on autonoomsed? Kuidas toimub teatrite rahastamine? Mille poolest erinevad repertuaari- ja projektiteatri toimimisprintsiibid? Kuidas kujuneb teatrite repertuaar? Milliseid muudatused on toimunud teatriv\u00e4ljal viimase 5, 10 v\u00f5i 20 aasta jooksul? Millised on teatripoliitika eesm\u00e4rgid?\n<\/p>\n<blockquote class=\"os-kollane\">\n<p>\n\t\tN\u00e4ide: Anneli Saro on anal\u00fc\u00fcsinud, kuidas muutus Eesti teatriv\u00e4li p\u00e4rast N\u00f5ukogude Liidu lagunemist. \u00dchelt poolt tekkisid uued trupid ja erateatrid, kes vastandusid olemasolevatele riigiteatritele nii esteetiliselt kui organisatsiooniliselt, teisalt pidi kogu teatriv\u00e4li kohanema uue kapitalistliku majandusmudeliga, mis t\u00f5i kaasa konkurentsi k\u00fclastajate p\u00e4rast ja palju enam meelelahutuslikku repertuaari (Saro 2010).\n\t<\/p>\n<\/blockquote>\n<p>\n\t<strong>5. Publik, publikuni j\u00f5udmine, teatri turundamine<\/strong>.\n<\/p>\n<p>\n\tN\u00e4iteid uurimisk\u00fcsimustest: Kes k\u00e4ivad teatris ja miks? Kes ei k\u00e4i teatris ja miks? Milliseid kanaleid ja kuidas kasutatakse publikuga suhtlemiseks?\n<\/p>\n<blockquote class=\"os-kollane\">\n<p>\n\t\tN\u00e4ide: Eesti Etendusasutuste Liit ja Eesti Teatriliit soovisid teada, miks inimesed teatris k\u00e4ivad, mida nad teatrilt ootavad ja millisena n\u00e4evad selle rolli \u00fchiskonnas laiemalt. Vastav <a data-url=\"http:\/\/www.eeteal.ee\/sisu\/326_1129Teatri_Poisytsioon.pdf\" href=\"http:\/\/www.eeteal.ee\/sisu\/326_1129Teatri_Poisytsioon.pdf\" target=\"_blank\" title=\"\" rel=\"noopener\">uuring<\/a> telliti Turu-uuringute ASilt eesotsas Juhan Kivir\u00e4hkiga. \u00dcle-eestiline representatiivne uuring n\u00e4itas, et 57% Eestis elavatest inimestest olid viimase 12 kuu jooksul v\u00e4hemalt korra teatris k\u00e4inud ning et teatrit peetakse \u00fcheks olulisemaks osaks eesti kultuurist (Kivir\u00e4hk 2016: 4).\n\t<\/p>\n<\/blockquote>\n<p>\n\t<strong>6. Teatriv\u00e4lja funktsioneerimine, teatri v\u00e4\u00e4rtused ja funktsioonid \u00fchiskonnas<\/strong>.\n<\/p>\n<p>\n\tN\u00e4iteid uurimisk\u00fcsimustest: Milline on teatri roll \u00fchiskonnas ehk miks inimesed teatris k\u00e4ivad ja riik teatrit doteerib? Kas ja kuidas on see aja jooksul muutunud? Millises suhtes on teatris\u00fcsteemi erinevad osad ehk loomine, levitamine ja vastuv\u00f5tt?\n<\/p>\n<blockquote class=\"os-kollane\">\n<p>\n\t\tN\u00e4ide: Hedi-Liis Toome (2015) uuris oma doktorit\u00f6\u00f6s, kuidas funktsioneerib teater Tartus (t\u00e4psemalt saab sellest lugeda peat\u00fcki l\u00f5pus).\n\t<\/p>\n<\/blockquote>\n<h3>\n\tN\u00fc\u00fcdisaegse teatrisotsioloogia uurimismeetodid<br>\n<\/h3>\n<p>\n\tTeatrisotsioloogias kasutatavad meetodid on sarnased sotsiaalteadustes \u00fcldiselt kasutusel olevatega, jagunedes kaheks: kvantitatiivseteks ja kvalitatiivseteks uurimismeetoditeks. Kvantitatiivsed meetodid vastavad tavaliselt k\u00fcsimustele \u201emis?\u201c ja \u201ekui palju?\u201c, kvalitatiivsed meetodid aga k\u00fcsimusele \u201ekuidas?\u201c. Rohkem infot nende meetodite kohta leiab \u201e<a data-url=\"https:\/\/sisu.ut.ee\/etenduskunstid\/book\/6-retseptsiooniteooria-ja-publiku-uuringud\" href=\"https:\/\/sisu.ut.ee\/etenduskunstid\/book\/6-retseptsiooniteooria-ja-publiku-uuringud\" target=\"_blank\" title=\"\" rel=\"noopener\">Retseptsiooniteooria ja publiku-uuringute<\/a>\u201c peat\u00fckist, kus kirjeldatakse, millised on vaatluse, k\u00fcsitluste ja intervjuude l\u00e4biviimise v\u00f5imalused ja kitsaskohad. Tartu \u00dclikooli \u00fchiskonnateaduste instituudi \u00f5ppej\u00f5ud on samuti koostanud \u00fclevaatliku sissevaate andmeanal\u00fc\u00fcsi meetoditesse, \u201e<a data-url=\"https:\/\/samm.ut.ee\/\" href=\"https:\/\/samm.ut.ee\/\" target=\"_blank\" title=\"\" rel=\"noopener\">Sotsiaalse anal\u00fc\u00fcsi ja meetodite ja metodoloogia andmebaas<\/a>\u201c.\n<\/p>\n<p>\n\tNagu iga uuringu puhul, s\u00f5ltub sobiva meetodi valik eelk\u00f5ige uurimisk\u00fcsimuse p\u00fcstitusest, sest tihti saab \u00fcht fenomeni uurida erinevaid meetodeid kasutades. N\u00e4iteks saab teatrietenduse vastuv\u00f5ttu uurida nii kvantitatiivselt ehk valikvastustega k\u00fcsimustikuga kui ka kvalitatiivselt ehk s\u00fcvaintervjuuga. Samuti v\u00f5ib teatripoliitikat uurida vaid poliitilisi dokumente anal\u00fc\u00fcsides v\u00f5i hoopis kultuuriministeeriumi ametnikega intervjuusid tehes.\n<\/p>\n<p>\n\tSageli kasutatakse kvantitatiivseid ja kvalitatiivseid meetodeid koos. N\u00e4iteks selleks, et uurida teatri funktsioneerimist Tartus, koguti andmeid kolmes etapis. Esiteks kaardistati \u00fche aasta jooksul toimunud avalikud teatris\u00fcndmused (kvantitatiivne meetod). Tulemuste anal\u00fc\u00fcsimisel valiti v\u00e4lja 13 lavastust s\u00f5na-, muusika- ja tantsuteatrist ning nende lavastuste vaatajate hulgas viidi l\u00e4bi kvantitatiivne publiku- ja retseptsiooniuuring. Kolmandas etapis tehti teatrik\u00fclastajatega kvalitatiivsed s\u00fcvaintervjuud, et t\u00e4iendada ja avada kvantitatiivselt kogutud infot\u00a0(Toome 2013).\n<\/p>\n<p>\n\tSotsioloogiliste meetodite kasutamine v\u00f5ib toimuda koos teatriteadusliku l\u00e4henemisega, mis valitud meetodit t\u00e4iendab. Nii v\u00f5ib kvantitatiivne v\u00f5i kvalitatiivne retseptsiooniuuring saada tuge etendusanaluusist, mis v\u00f5imaldab arvulisi tulemusi paremini m\u00f5ista ja t\u00f5lgendada.\n<\/p>\n<blockquote class=\"os-kollane\">\n<p>\n\t\t<strong>N\u00e4ide kvantitatiivsest andmekogumisest teatrisotsioloogias<\/strong>\n\t<\/p>\n<p>\n\t\tSuuremahulisi kvantitatiivseid andmeid Eesti teatriv\u00e4ljalt kogub Eesti Teatri Agentuur, kes annab igal aastal \u00fclevaate sellest, mitu lavastust, etendust ja k\u00fclastust \u00fchel kalendriaastal aset leidis. <a data-url=\"https:\/\/teater.ee\/teatristatistika\/\" href=\"https:\/\/teater.ee\/teatristatistika\/\" target=\"_blank\" title=\"\" rel=\"noopener\">Kodulehel<\/a>\u00a0on v\u00f5imalik teha erinevaid statistilisi v\u00e4ljav\u00f5tteid kogutud andmetest ning uurida teatriv\u00e4lja arvulisi n\u00e4itajaid (Tabel 1).\n\t<\/p>\n<p>\n\t\tTabel 1. Eesti teatrite lavastuste, etenduste ja k\u00fclastuste arv aastail 2018\u20132020. (Eesti Teatri Agentuur)\n\t<\/p>\n<table class=\"table table-hover\" border=\"1\" cellpadding=\"1\" cellspacing=\"1\" style=\"width: 100%\">\n<tbody>\n<tr>\n<td>\n\t\t\t\t\t<strong>Aasta<\/strong>\n\t\t\t\t<\/td>\n<td>\n\t\t\t\t\t<strong>Statistikas osalevate teatrite arv<\/strong>\n\t\t\t\t<\/td>\n<td>\n\t\t\t\t\t<strong>Lavastuste arv<\/strong>\n\t\t\t\t<\/td>\n<td>\n\t\t\t\t\t<strong>Etenduste arv<\/strong>\n\t\t\t\t<\/td>\n<td>\n\t\t\t\t\t<strong>K\u00fclastuste arv<\/strong>\n\t\t\t\t<\/td>\n<\/tr>\n<tr>\n<td>\n\t\t\t\t\t<strong>2020<\/strong>\n\t\t\t\t<\/td>\n<td>\n\t\t\t\t\t65\n\t\t\t\t<\/td>\n<td>\n\t\t\t\t\t539\n\t\t\t\t<\/td>\n<td>\n\t\t\t\t\t4 785\n\t\t\t\t<\/td>\n<td>\n\t\t\t\t\t727 316\n\t\t\t\t<\/td>\n<\/tr>\n<tr>\n<td>\n\t\t\t\t\t<strong>2019<\/strong>\n\t\t\t\t<\/td>\n<td>\n\t\t\t\t\t65\n\t\t\t\t<\/td>\n<td>\n\t\t\t\t\t610\n\t\t\t\t<\/td>\n<td>\n\t\t\t\t\t7 047\n\t\t\t\t<\/td>\n<td>\n\t\t\t\t\t1 273 303\n\t\t\t\t<\/td>\n<\/tr>\n<tr>\n<td>\n\t\t\t\t\t<strong>2018<\/strong>\n\t\t\t\t<\/td>\n<td>\n\t\t\t\t\t46\n\t\t\t\t<\/td>\n<td>\n\t\t\t\t\t582\n\t\t\t\t<\/td>\n<td>\n\t\t\t\t\t6 695\n\t\t\t\t<\/td>\n<td>\n\t\t\t\t\t1 192 042\n\t\t\t\t<\/td>\n<\/tr>\n<\/tbody>\n<\/table>\n<p>\n\t\tTabelist n\u00e4eme, kuidas \u00fclemaailmne COVID-19 pandeemia m\u00f5jutas Eesti teatrite tegevust. Kuna 2020. aastal olid teatrid mitu kuud suletud (Harju- ja Ida-Virumaal pikemalt kui teistes maakondades, kokku umbes neli kuud), langes teatrite k\u00fclastatavus v\u00f5rreldes 2019. aastaga pea 43%. Etenduste arv kukkus 32% , mis on samuti v\u00e4ga loogiline, kuna m\u00e4ngup\u00e4evi oli tavalisest v\u00e4hem. Lavastuste arv v\u00e4henes vaid 12%, mis n\u00e4itab, et planeeritud uuslavastused prooviti siiski k\u00f5ik v\u00f5imalusel v\u00e4lja tuua. Kuna 2020. aastal statistikas osalenud teatrite arv on v\u00f5rreldes 2018. aastaga neljandiku v\u00f5rra kasvanud, siis kajastub see t\u00f5us eelk\u00f5ige vaid veidi v\u00e4henenud lavastuste arvus, samas kui etenduste arv ja k\u00fclastatavus tegid tuntava languse.\n\t<\/p>\n<\/blockquote>\n<blockquote class=\"os-kollane\">\n<p>\n\t\t<strong>N\u00e4ide kvantitatiivsete ja kvalitatiivsete andmekogumismeetodite sidumisest teatrisotsioloogias<\/strong>\n\t<\/p>\n<p>\n\t\tHollandi teatrisotsioloogid Quirijn van den Hoogen ja Florine Jonker (2018) uurisid, mille p\u00f5hjal teevad komisjonid teatrite rahastusotsustusi.\u00a0\u00dchelt poolt anal\u00fc\u00fcsisid nad komisjonide kirjalikke otsuseid, kasutades selleks kvantitatiivset kontentanal\u00fc\u00fcsi. Nad lugesid kokku, milliseid s\u00f5nu (n\u00e4iteks kvaliteet, majanduslik edukus jne) ja kui mitu korda kasutati. Seej\u00e4rel viidi komisjoni liikmetega l\u00e4bi intervjuud, kus intervjueeritavad said oma isiklikke hindamiskriteeriume ja nende seotust komisjoni \u00fcldiste p\u00f5him\u00f5tetega laiemalt lahti seletada, kommenteerida ning reastada oma v\u00e4\u00e4rtused hierarhiliselt. Viimases etapis v\u00f5rreldi, kuiv\u00f5rd \u00fchtivad dokumentides kirja pandud v\u00e4\u00e4rtused komisjoniliikmete individuaalsete v\u00e4\u00e4rtustega ning milline on v\u00e4liste ja sisemiste v\u00e4\u00e4rtuste osakaal taotluse hindamisel.\n\t<\/p>\n<\/blockquote>\n<h3>\n\t<span style=\"font-size:18px\"><strong>Uurimuse l\u00e4biviimise kavandamine<\/strong><\/span><br>\n<\/h3>\n<p>\n\tKui uurija on p\u00fcstitanud uurimisk\u00fcsimuse ja otsustanud sellele vastamiseks koguda empiirilisi andmeid (kas kvantitatiivselt v\u00f5i kvalitatiivselt), tuleb eelnevalt l\u00e4bi m\u00f5elda ka j\u00e4rgmised tegevused:\n<\/p>\n<p>\n\t<strong>1.\u00a0Kui suur ja milline peab olema valim?<\/strong> Valim on \u00fcldkogumi osa, mille p\u00f5hjal tehakse statistilisi j\u00e4reldusi. Kui suur v\u00f5i v\u00e4ike peaks olema kvantitatiivse uuringu valim? Kas uuring peab v\u00f5imaldama teha \u00fcldistusi kogu uuritava r\u00fchma kohta, keda k\u00fcsitletavad esindavad? Kui soovitakse intervjueerida, siis kuidas valida, keda ja millal? Kui anal\u00fc\u00fcsida dokumente, siis millise perioodi dokumendid valimisse kuuluvad? Jms.\n<\/p>\n<blockquote class=\"os-kollane\">\n<p>\n\t\tN\u00e4iteks uuring \u201e<a data-url=\"http:\/\/www.eeteal.ee\/sisu\/326_1129Teatri_Poisytsioon.pdf\" href=\"http:\/\/www.eeteal.ee\/sisu\/326_1129Teatri_Poisytsioon.pdf\" target=\"_blank\" title=\"\" rel=\"noopener\">Teatri roll ja positsioon Eesti \u00fchiskonnas<\/a>\u201c (Kivir\u00e4hk 2016) on representatiivne uuring. See t\u00e4hendab, et k\u00fcsitlusele vastanud 1 000 inimest on l\u00e4bil\u00f5ige Eesti \u00fchiskonnast: vastanute hulgas on proportsionaalselt Eesti elanikkonnaga mehi ja naisi, noori ja vanu, linnas ja maal elavaid inimesi jne. Selle k\u00fcsitluse tulemuste p\u00f5hjal v\u00f5ib teha \u00fcldistusi k\u00f5igi Eestis elavate inimeste kohta.\n\t<\/p>\n<\/blockquote>\n<p>\n\tKvalitatiivne uuring ei taotle mitte kunagi representatiivsust. Valimi koostamisel l\u00e4htutakse tihti hoopis vastajate v\u00f5imekusest teemast v\u00f5i oma kogemusest r\u00e4\u00e4kida. Vaikiv v\u00f5i kidakeelne vastaja ei sobi kvalitatiivse uuringu valimisse.\n<\/p>\n<p>\n\t<strong>2.\u00a0Kuidas vastajad k\u00e4tte saada?<\/strong> Kas selleks on vaja teha koost\u00f6\u00f6d teatriga, sest inimesi k\u00fcsitletakse teatris? Kas andmeid saab koguda ise v\u00f5i tuleb selleks kasutada vahendajat (teatud dokumendid ei pruugi olla k\u00f5igile ligip\u00e4\u00e4setavad)?\n<\/p>\n<blockquote class=\"os-kollane\">\n<p>\n\t\tN\u00e4iteks Hedi-Liis Toome, kes uuris oma <a data-url=\"http:\/\/dspace.ut.ee\/bitstream\/handle\/10062\/49619\/toome_hedi-liis.pdf?sequence=1&amp;isAllowed=y\" href=\"http:\/\/dspace.ut.ee\/bitstream\/handle\/10062\/49619\/toome_hedi-liis.pdf?sequence=1&amp;isAllowed=y\" target=\"_blank\" title=\"\" rel=\"noopener\">doktorit\u00f6\u00f6s<\/a> ka Vanemuise teatri publikut, saavutas teatriga kokkuleppe, et ta v\u00f5is koos tudengitega enne ja p\u00e4rast etendust ning etenduse vaheajal k\u00fcsida teatrik\u00fclastajatelt meiliaadresse, et neile hiljem elektrooniline ankeet saata. Aadresse kogudes selgus, et p\u00e4rast etendust vaatajad enam k\u00fcsitlejaga suhelda ei soovinud, mist\u00f5ttu koguti potentsiaalsete vastajate andmeid vaid enne etendust ja vaheajal.\n\t<\/p>\n<\/blockquote>\n<p>\n\t<strong>3.\u00a0Milline on uuringu eelarve?<\/strong> Kas on vaja palgata lisak\u00fcsitlejaid? Rentida ruume fookusgrupi kokkusaamise l\u00e4biviimiseks? S\u00f5ita ise m\u00f5ne intervjueeritavaga kohtuma?\n<\/p>\n<blockquote class=\"os-kollane\">\n<p>\n\t\tVanemuise publiku uurimisel viidi l\u00e4bi ka fookusgrupi- ning s\u00fcvaintervjuusid, mis toimusid Tartu \u00dclikooli kultuuriteaduse instituudi ruumides, mida sai kasutada tasuta. Samas tekkisid kulud v\u00e4ikese sn\u00e4kilaua ettevalmistamisel.\n\t<\/p>\n<\/blockquote>\n<p>\n\t<strong>4.\u00a0Milliseid eetilisi p\u00f5him\u00f5tteid peab arvestama?<\/strong> Empiiriliste andmete kogumisel on oluline uurija eetiline k\u00e4itumine. Uuringus osalejad peavad teadma, miks andmeid kogutakse, mida kogutud andmetega tehakse ja kes seda teeb, kus neid s\u00e4ilitatakse ning kas uurija tagab vastajate anon\u00fc\u00fcmsuse. Anon\u00fc\u00fcmsuse tagamiseks tuleb vastuseid sisaldavaid faile hoida vaid uurijale parooliga ligip\u00e4\u00e4setavas kohas. Kvalitatiivse uuringu puhul, kus esitatakse v\u00e4ljav\u00f5tteid intervjuudest, antakse vastajatele vajadusel pseudon\u00fc\u00fcmid.\n<\/p>\n<h3>\n\t<span><strong>N\u00e4iteid teatrisotsioloogilistest uurimustest<\/strong><\/span><br>\n<\/h3>\n<blockquote class=\"os-kollane\">\n<p>\n\t\t<strong>N\u00e4ide 1. Teatri funktsioneerimine Tartus v\u00f5rdlevas perspektiivis<\/strong>\n\t<\/p>\n<p>\n\t\tRahvusvaheline t\u00f6\u00f6r\u00fchm STEP (Project on European Theatre Systems) uuris aastatel 2010\u20132014, kuidas funktsioneerib teater erinevates Euroopa v\u00e4ikeriikides (Taani, Holland, Sloveenia, Ungari, \u0160veits ja Tyneside\u2019i piirkond Suurbritannias) \u00fche pealinnast v\u00e4ljaspool asuva \u00fclikoolilinna n\u00e4itel (rohkem saab uuringu kohta lugeda <a data-url=\"http:\/\/dspace.ut.ee\/bitstream\/handle\/10062\/49619\/toome_hedi-liis.pdf?sequence=1&amp;isAllowed=y\" href=\"http:\/\/dspace.ut.ee\/bitstream\/handle\/10062\/49619\/toome_hedi-liis.pdf?sequence=1&amp;isAllowed=y\" target=\"_blank\" title=\"\" rel=\"noopener\">Toome 2015<\/a>). T\u00f6\u00f6 k\u00e4igus sooviti leida vastuseid j\u00e4rgmistele <strong>uurimisk\u00fcsimustele<\/strong>: kuidas on omavahel seotud teatri loomine, levitamine ja vastuv\u00f5tt erinevates linnades?; kas, kuidas ja miks funktsioneerivad teatris\u00fcsteemid erinevates linnades \u00fchtemoodi v\u00f5i erinevalt?\n\t<\/p>\n<p>\n\t\tM\u00f5iste \u201eteatris\u00fcsteem\u201c defineerimisel l\u00e4htuti Hollandi teatriuurija Hans van Maaneni <strong>funktsionalistlikust kunstiteooriast<\/strong>. Teatris\u00fcsteemi osad on loomisprotsess ja tootmine, vahendamine ja turundamine ning vastuv\u00f5tt, millest iga puhul on v\u00f5imalik anal\u00fc\u00fcsida selle organisatoorseid struktuure, selles toimuvaid protsesse ja nende v\u00e4ljundeid. Anal\u00fc\u00fcsides nende omavahelisi suhteid, on v\u00f5imalik n\u00e4idata, kuidas teatris\u00fcsteem toimib. (Van Maanen 2009: 13)\n\t<\/p>\n<p>\n\t\tUurimuse <strong>empiirilisteks andmeteks<\/strong> olid linna kultuuritaristu kirjeldus, \u00fche aasta jooksul toimunud avalike teatris\u00fcndmuste kaardistus (sh kategoriseerimine erinevateks liikideks ja \u017eanriteks) ning publiku- ja retseptsiooniuuringute abil kogutud info. Andmete kogumiseks kasutati kvantitatiivseid ja kvalitatiivseid <strong>uurimismeetodeid<\/strong>.\n\t<\/p>\n<p>\n\t\tUuringu p\u00f5hilised <strong>j\u00e4reldused<\/strong>:\n\t<\/p>\n<p>\n\t\t1. Ida- ja Kesk-Euroopa linnades on lavastuste valik \u00fchek\u00fclgsem kui L\u00e4\u00e4ne-Euroopa ja Skandinaavia linnades;\u00a0<br>2. etenduste ja k\u00fclastuste arvu tasandil toimub linnade vahel teatud \u00fchtlustumine: s\u00f5nateatrit pakutakse ja vaadatakse k\u00f5ikides linnades v\u00f5rreldes teiste teatriliikidega k\u00f5ige rohkem.\u00a0<br>See t\u00e4hendab, et vaatamata lavastuste liigilisele mitmekesisusele eelistavad teatrik\u00fclastajad k\u00f5igis uuritud linnades ikkagi s\u00f5nateatrit. (Toome, Saro 2015: 273)\n\t<\/p>\n<p>\n\t\tTartus pakutavate lavastuste ja etenduste ning nende k\u00fclastuste anal\u00fc\u00fcsimine v\u00f5rdluses teiste Euroopa linnadega v\u00f5imaldas j\u00e4reldada, et Tartus ei ole piisavalt alternatiivseid truppe ja m\u00e4ngupaiku, mis v\u00f5imaldaksid suurendada teatriliikide varieeruvust. (Toome 2015: 64)\n\t<\/p>\n<\/blockquote>\n<blockquote class=\"os-kollane\">\n<p>\n\t\t<strong>N\u00e4ide 2. Teatripoliitika m\u00f5ju Eesti tantsuv\u00e4ljale<\/strong>\n\t<\/p>\n<p>\n\t\tHeili Einasto ja Evelin Lagle uurisid, kuidas m\u00f5jutab teatriorganisatsioonide rahastamine Eesti tantsuteatri kunstilisi v\u00f5imalusi. Nad n\u00e4itasid, kuidas alates 1990. aastate algusest, kui n\u00fc\u00fcdistants Eestis arenema hakkas, on tantsijad pidanud pidevalt v\u00f5itlema ruumide ja rahastuse puudumisega. N\u00fc\u00fcdistantsuv\u00e4li on projektip\u00f5hine (peamiselt saadakse kultuurkapitalilt \u00fchekordseid toetusi) ning prooviruumide puudus v\u00f5i nende ebapiisav suurus m\u00f5jutab ka tantsulavastuste vormi, nii et domineerivad v\u00e4ikese trupiga ja tihti v\u00e4hesel liikumisel p\u00f5hinevad lavastused. Etenduskunstikeskused, kus n\u00fc\u00fcdistantsu lavastused peamiselt esietenduvad, saavad k\u00fcll riigilt tegevustoetust, kuid seda eelk\u00f5ige haldus- ja t\u00f6\u00f6j\u00f5ukuludeks ning mitte kunstilise programmi elluviimiseks. (Einasto, Lagle 2018)\n\t<\/p>\n<\/blockquote>\n","protected":false},"excerpt":{"rendered":"<p>N\u00fc\u00fcdisaegse teatrisotsioloogia uurimisobjektid Teatrisotsioloogid tahavad teada, millised sotsiaalsed mustrid, institutsionaalsed struktuurid ja kultuurilised arusaamad defineerivad teatud \u00fchiskonna jaoks teatrit selle kaasajas ning kuidas antakse teatrile \u00fchiskondlik t\u00e4hendus. Seega ei ole nende uurimisobjektiks ainult teatud teatrin\u00e4htuse olemus v\u00f5i t\u00e4hendus, vaid hoopis &#8230;<\/p>\n","protected":false},"author":6,"featured_media":0,"parent":0,"menu_order":0,"comment_status":"closed","ping_status":"closed","template":"","meta":{"_acf_changed":false,"inline_featured_image":false,"footnotes":""},"class_list":["post-36","page","type-page","status-publish","hentry"],"acf":[],"_links":{"self":[{"href":"https:\/\/sisu.ut.ee\/etenduskunstid\/wp-json\/wp\/v2\/pages\/36","targetHints":{"allow":["GET"]}}],"collection":[{"href":"https:\/\/sisu.ut.ee\/etenduskunstid\/wp-json\/wp\/v2\/pages"}],"about":[{"href":"https:\/\/sisu.ut.ee\/etenduskunstid\/wp-json\/wp\/v2\/types\/page"}],"author":[{"embeddable":true,"href":"https:\/\/sisu.ut.ee\/etenduskunstid\/wp-json\/wp\/v2\/users\/6"}],"replies":[{"embeddable":true,"href":"https:\/\/sisu.ut.ee\/etenduskunstid\/wp-json\/wp\/v2\/comments?post=36"}],"version-history":[{"count":1,"href":"https:\/\/sisu.ut.ee\/etenduskunstid\/wp-json\/wp\/v2\/pages\/36\/revisions"}],"predecessor-version":[{"id":463,"href":"https:\/\/sisu.ut.ee\/etenduskunstid\/wp-json\/wp\/v2\/pages\/36\/revisions\/463"}],"wp:attachment":[{"href":"https:\/\/sisu.ut.ee\/etenduskunstid\/wp-json\/wp\/v2\/media?parent=36"}],"curies":[{"name":"wp","href":"https:\/\/api.w.org\/{rel}","templated":true}]}}