{"id":33,"date":"2024-04-04T07:56:23","date_gmt":"2024-04-04T04:56:23","guid":{"rendered":"https:\/\/sisu.ut.ee\/etenduskunstid\/kultuuritootmise-vali-ja-selle-autonoomia\/"},"modified":"2024-04-04T08:00:34","modified_gmt":"2024-04-04T05:00:34","slug":"kultuuritootmise-vali-ja-selle-autonoomia","status":"publish","type":"page","link":"https:\/\/sisu.ut.ee\/etenduskunstid\/kultuuritootmise-vali-ja-selle-autonoomia\/","title":{"rendered":"Kultuuritootmise v\u00e4li ja selle autonoomia"},"content":{"rendered":"<p>\n\tV\u00e4lja m\u00f5iste erinevate kultuurivaldkondade anal\u00fc\u00fcsimiseks v\u00f5ttis edukalt kasutusele \u00fcks 20. sajandi olulisimaid kultuurisotsiolooge <strong>Pierre Bourdieu<\/strong> (1930\u20132002). Tema idee kultuuriv\u00e4ljast (millest \u00fche osana v\u00f5ime vaadelda teatriv\u00e4lja) ning selle autonoomiast on siiani aktuaalne ning kasutamist leidev vaatenurk \u00fche kultuurivaldkonna suhetele \u00fchiskonnaga (eelk\u00f5ige poliitika- ning majandusv\u00e4ljaga, mis teatriv\u00e4lja \u00fcmbritsevad).\n<\/p>\n<p>\n\t<img loading=\"lazy\" decoding=\"async\" width=\"300\" height=\"452\" class=\"alignnone wp-image-264\" style=\"float: left;height: 301px;width: 200px\" src=\"https:\/\/sisu.ut.ee\/wp-content\/uploads\/sites\/556\/bourdieu.jpg\" title=\"\u201eKultuuritootmise v\u00e4li\u201c (1993) koondab Pierre Bourdieu inglise keelde t\u00f5lgitud artikleid kunstist. (Amazon)\" alt=\"\u201eKultuuritootmise v\u00e4li\u201c (1993)\" srcset=\"https:\/\/sisu.ut.ee\/wp-content\/uploads\/sites\/556\/bourdieu.jpg 300w, https:\/\/sisu.ut.ee\/wp-content\/uploads\/sites\/556\/bourdieu-199x300.jpg 199w\" sizes=\"auto, (max-width: 300px) 100vw, 300px\">Bourdieu teooria kohaselt eksisteerivad \u00fchiskonnas erinevad v\u00e4ljad ehk teatud piiritletud kooslused. <strong>V\u00e4li<\/strong> on sotsiaalselt struktureeritud ruum, kus toimub v\u00f5itlus olemasolevate positsioonide ja ressursside p\u00e4rast. Nii on olemas n\u00e4iteks majandus- ja v\u00f5imuv\u00e4li, aga samuti kirjandus-, filmi- ja ka teatriv\u00e4li. V\u00e4ljal tegutsevad <strong>agendid<\/strong> ehk tegutsejad, kes v\u00f5tavad erinevaid positsioone. N\u00e4iteks on teatriv\u00e4lja agentideks nii teatrid kui ka \u00fcksikisikud (lavastajad, etendajad jt). Positsiooni v\u00f5tmise aluseks on agendi <em><strong>habitus<\/strong><\/em> ehk teatud hoiakud, mis m\u00e4\u00e4ravad tema asukoha v\u00e4ljal. Seega on v\u00e4ljal l\u00e4hedastel positsioonidel olevatel tegutsejatel teatud m\u00e4\u00e4ral sarnane <em>habitus<\/em>. Juba v\u00e4ljale sisenemiseks on vaja teiste v\u00e4ljal tegutsejatega teatud m\u00e4\u00e4ral sarnaneda, aga samas on <em>habitus<\/em> ka see, mis \u00fchte agenti teistest v\u00e4ljal tegutsejatest eristab (igal agendil on talle omane <em>habitus<\/em>). (Bourdieu 2003: 20\u201327)\n<\/p>\n<p>\n\tV\u00e4ljal tegutseja <em>habitus<\/em>\u2019t m\u00e4\u00e4rab Bourdieu j\u00e4rgi peamiselt see, kui palju majanduslikku, kultuurilist ja sotsiaalset kapitali tegutsejal on. <strong>Majanduslik kapital<\/strong> v\u00e4ljendub eelk\u00f5ige erinevates materiaalsetes objektides (raha, kinnisvara jne). <strong>Kultuurilise kapitali<\/strong> m\u00e4\u00e4rab \u00e4ra \u00fchelt poolt p\u00e4ritolu, teisalt haridus, mida t\u00f5estavad erinevad diplomid. Kultuurilist kapitali lisab ka konkreetsete kunstiobjektide omamine. <strong>Sotsiaalne kapital<\/strong> sisaldab suhete hulka ja t\u00fc\u00fcpe ehk sotsiaalseid v\u00f5rgustikke, millega v\u00e4ljal tegutseja (potentsiaalselt) seotud on. Seega erinevalt materiaalsel varal p\u00f5hinevast majanduslikust kapitalist on kultuuriline ja sotsiaalne kapital s\u00fcmboolsed ehk peamiselt mittemateriaalsed. Erinevatel v\u00e4ljadel on kapitalidel erinev roll ja t\u00e4hendus: majandusv\u00e4ljal on oluline majanduslik, kultuuriv\u00e4ljal hoopis kultuuriline kapital. Just <strong>s\u00fcmboolse (kultuurilise ja sotsiaalse) kapitali<\/strong> rohkus ning majandusliku kapitali v\u00e4hesus tagab kultuuriv\u00e4lja autonoomia ehk s\u00f5ltumatuse v\u00f5imuv\u00e4ljast, mis on kultuuriv\u00e4lja suhtes alati domineerival positsioonil. Ideaalis t\u00e4hendaks see, et kultuuriv\u00e4ljal tegutsejatele on olulisem tegeleda kunsti tegemise, mitte raha teenimisega, kuna esimene lisab s\u00fcmboolset kapitali (auhindu, uusi koost\u00f6\u00f6partnereid jms).\n<\/p>\n<p>\n\tSeega iseloomustab kultuuriv\u00e4lja majandusreeglite eiramine ja k\u00f5rge autonoomia m\u00e4\u00e4r. Kultuuriv\u00e4ljale on omane ka pidev vastasseis nende vahel, kes tegutsevad \u201ekunst kunsti p\u00e4rast\u201c printsiibil, ja nende vahel, kes toodavad massikultuuri. (Bourdieu 1993: 40) Kui v\u00e4ljal tegutseksid vaid esimesed, kes taotlevad maksimaalset s\u00f5ltumatust v\u00f5imuv\u00e4ljast (t\u00e4nap\u00e4eval peamiselt neoliberalistlikest turureeglitest), oleks tegemist autonoomset printsiipi j\u00e4rgiva v\u00e4ljaga. Selle vastand on heteronoomne printsiip ehk v\u00e4ljastpoolt peale surutud toimimisp\u00f5him\u00f5tted, mille puhul domineeriksid v\u00e4ljal massidele suunatud kultuuri loojad, kelle peamine eesm\u00e4rk on teenida majanduslikku tulu.\n<\/p>\n<p>\n\tKasutades Bourdieu v\u00e4ljateooriat Eesti teatriv\u00e4lja anal\u00fc\u00fcsimisel, peaksime vaatlema, milliseid printsiipe teatriv\u00e4ljal j\u00e4rgitakse ehk kuidas suhestuvad heteronoomne ja autonoomne printsiip.\n<\/p>\n<p>\n\tEestis on kommertsteatrit ehk vaid piletitulust elatuvaid teatreid v\u00e4he ja needki on peamiselt monokom\u00f6\u00f6diatele keskendunud. Nemad esindavad heteoronoomset printsiipi, kuna peavad oluliseks raha teenimist ja suurt publikuhulka. Suurem osa Eesti teatreid saavad riigilt dotatsiooni kas kultuuriministeeriumi tegevustoetuse v\u00f5i kultuurikapitali projektitoetusena.\n<\/p>\n<p>\n\tKuna riik ei sea teatritele kunstilisi piiranguid, siis on Eesti teatriv\u00e4lja autonoomsus v\u00f5imuv\u00e4lja suhtes v\u00f5rdlemisi suur. Kuiv\u00f5rd toetuste m\u00e4\u00e4r on erinev, varieerudes 10\u201370% vahel kogu teatri eelarvest, tuleb 30\u201390% rahast teatril endal teenida. See v\u00f5ib t\u00e4hendada vastutulekut publiku soovidele, s.t teatri balansseerimist autonoomse ja heteronoomse printsiibi vahel. Teatriv\u00e4lja autonoomia ei v\u00e4ljendu tegelikult ainult s\u00f5ltumatuses majandusv\u00e4ljast, vaid hoopis selles, kuiv\u00f5rd saab teatriv\u00e4li j\u00e4\u00e4da kindlaks nendele v\u00e4\u00e4rtustele, mida ta ise oluliseks peab\u00a0(Edelman jt 2017: 27\u201334).\n<\/p>\n<p>\n\tBourdieu teooriast l\u00e4htuvalt ongi k\u00fcsimus selles,\n<\/p>\n<ul>\n<li>\n\t\tkui palju s\u00f5ltutakse <strong>v\u00e4ljav\u00e4listest teguritest<\/strong> ehk rahast ja tuntusest (mis teatris v\u00e4ljendub eelk\u00f5ige publikunumbrites) ning\u00a0\n\t<\/li>\n<li>\n\t\t<strong>v\u00e4ljasisesest tunnustusest<\/strong> (kolleegide tunnustus, auhinnad, kriitika jms).\n\t<\/li>\n<\/ul>\n<blockquote class=\"os-kollane\">\n<p>\n\t\tOtt Karulin (2013) on oma <a data-url=\"http:\/\/dspace.ut.ee\/bitstream\/handle\/10062\/29976\/karulin_ott.pdf\" href=\"http:\/\/dspace.ut.ee\/bitstream\/handle\/10062\/29976\/karulin_ott.pdf\" target=\"_blank\" title=\"\" rel=\"noopener\">doktorit\u00f6\u00f6s<\/a> Rakvere Teatrist n\u00e4idanud, et v\u00e4ikelinnateatris tuleb leida tasakaal tuntuse ja tunnustuse vahel. Teater peab pakkuma huvitava teatrikeelega lavastusi, et tagada endale v\u00e4ljasisene tunnustus, aga pakkuma midagi ka laiemale publikule, et olla tuntud. See t\u00e4hendab, et teater peab v\u00f5tma erinevate lavastustega teatriv\u00e4ljal erinevaid positsioone (Joonis 2). Vasakule alla j\u00e4\u00e4vad lavastused, mis ei ole p\u00e4lvinud v\u00e4ljasisest tunnustust ega v\u00e4ljav\u00e4list tuntust, paremale alla aga kom\u00f6\u00f6diad, mis on tavaliselt publikumenukad (ehk tuntud), aga kriitikute poolt mitte v\u00e4ga k\u00f5rgelt tunnustatud. Vasakule \u00fcles j\u00e4\u00e4vad k\u00f5rge v\u00e4ljasisese tunnustusega lavastused, mille publiku hulk on piiratud, paremale aga lavastused, mis on nii tuntud kui ka tunnustatud ehk Karulini m\u00f5istes nn t\u00e4ism\u00e4ngud.\n\t<\/p>\n<p style=\"text-align: center\">\n\t\t<img loading=\"lazy\" decoding=\"async\" width=\"2101\" height=\"1167\" class=\"alignnone wp-image-266\" style=\"width: 600px;height: 319px\" src=\"https:\/\/sisu.ut.ee\/wp-content\/uploads\/sites\/556\/etenduskunstide_joonised-14.png\" title=\"Joonis 2. Repertuaariteatri lavastused tuntuse ja tunnustuse teljel (l\u00e4htutud Karulin 2013: 206).\" alt=\"Joonis 2. Repertuaariteatri lavastused tuntuse ja tunnustuse teljel (l\u00e4htutud Karulin 2013: 206).\" srcset=\"https:\/\/sisu.ut.ee\/wp-content\/uploads\/sites\/556\/etenduskunstide_joonised-14.png 2101w, https:\/\/sisu.ut.ee\/wp-content\/uploads\/sites\/556\/etenduskunstide_joonised-14-300x167.png 300w, https:\/\/sisu.ut.ee\/wp-content\/uploads\/sites\/556\/etenduskunstide_joonised-14-1024x569.png 1024w, https:\/\/sisu.ut.ee\/wp-content\/uploads\/sites\/556\/etenduskunstide_joonised-14-768x427.png 768w, https:\/\/sisu.ut.ee\/wp-content\/uploads\/sites\/556\/etenduskunstide_joonised-14-1536x853.png 1536w, https:\/\/sisu.ut.ee\/wp-content\/uploads\/sites\/556\/etenduskunstide_joonised-14-2048x1138.png 2048w, https:\/\/sisu.ut.ee\/wp-content\/uploads\/sites\/556\/etenduskunstide_joonised-14-1920x1066.png 1920w\" sizes=\"auto, (max-width: 2101px) 100vw, 2101px\">\n\t<\/p>\n<\/blockquote>\n<p>\n\tBourdieu kriitikud leiavad, et ta l\u00f5i oma teooriaga arusaama, justkui toimiksid v\u00e4ljad kindlalt v\u00e4ljakujunenud struktuuridena, kus agentidel puudub vaba tahe ning v\u00f5ime struktuuri muuta. N\u00e4iteks v\u00f5ib vaadelda 1990ndatel Eesti teatris toimunud muudatusi kui uute agentide tulekuga kaasnenud uute positsioonide v\u00f5tmist ja seel\u00e4bi v\u00e4lja \u00fcmberstruktureerimist. Tekkis nii uut t\u00fc\u00fcpi teatriorganisatsioone (vabatrupid, erateatrid, projektip\u00f5hised organisatsioonid) kui ka esteetilisi suundumusi \u2013 seni domineeriva ps\u00fchholoogilise realismi k\u00f5rval hakati tegelema n\u00e4iteks multimeediateatri v\u00f5i n\u00fc\u00fcdistantsuga. Kuigi uued tulijad tegutsesid algul v\u00e4lja \u00e4\u00e4realadel (neid ei tunnustanud kohe kriitikud ega v\u00e4lja peamised tegutsejad ehk riigiteatrid), suutsid nad pikkam\u00f6\u00f6da kehtestada uusi reegleid ja v\u00f5tta positsioone v\u00e4lja keskel. Nii hakkasid ka riigiteatrid tegema eksperimentaalsemat teatrit, tooma v\u00e4lja lavastusi leitud kohtades, tehes seda ka sisehooajal, kuid eriti suveteatris. Samas v\u00f5tsid tekkinud v\u00e4iketeatrid siiski osaliselt seni v\u00e4ljal kehtinud reeglid \u00fcle, kuna aastate jooksul toimus ka nende institutsionaliseerumine ehk nad said endale kindla m\u00e4ngukoha ja p\u00fcsitrupi.<\/p>\n","protected":false},"excerpt":{"rendered":"<p>V\u00e4lja m\u00f5iste erinevate kultuurivaldkondade anal\u00fc\u00fcsimiseks v\u00f5ttis edukalt kasutusele \u00fcks 20. sajandi olulisimaid kultuurisotsiolooge Pierre Bourdieu (1930\u20132002). Tema idee kultuuriv\u00e4ljast (millest \u00fche osana v\u00f5ime vaadelda teatriv\u00e4lja) ning selle autonoomiast on siiani aktuaalne ning kasutamist leidev vaatenurk \u00fche kultuurivaldkonna suhetele \u00fchiskonnaga (eelk\u00f5ige &#8230;<\/p>\n","protected":false},"author":6,"featured_media":0,"parent":0,"menu_order":0,"comment_status":"closed","ping_status":"closed","template":"","meta":{"_acf_changed":false,"inline_featured_image":false,"footnotes":""},"class_list":["post-33","page","type-page","status-publish","hentry"],"acf":[],"_links":{"self":[{"href":"https:\/\/sisu.ut.ee\/etenduskunstid\/wp-json\/wp\/v2\/pages\/33","targetHints":{"allow":["GET"]}}],"collection":[{"href":"https:\/\/sisu.ut.ee\/etenduskunstid\/wp-json\/wp\/v2\/pages"}],"about":[{"href":"https:\/\/sisu.ut.ee\/etenduskunstid\/wp-json\/wp\/v2\/types\/page"}],"author":[{"embeddable":true,"href":"https:\/\/sisu.ut.ee\/etenduskunstid\/wp-json\/wp\/v2\/users\/6"}],"replies":[{"embeddable":true,"href":"https:\/\/sisu.ut.ee\/etenduskunstid\/wp-json\/wp\/v2\/comments?post=33"}],"version-history":[{"count":1,"href":"https:\/\/sisu.ut.ee\/etenduskunstid\/wp-json\/wp\/v2\/pages\/33\/revisions"}],"predecessor-version":[{"id":466,"href":"https:\/\/sisu.ut.ee\/etenduskunstid\/wp-json\/wp\/v2\/pages\/33\/revisions\/466"}],"wp:attachment":[{"href":"https:\/\/sisu.ut.ee\/etenduskunstid\/wp-json\/wp\/v2\/media?parent=33"}],"curies":[{"name":"wp","href":"https:\/\/api.w.org\/{rel}","templated":true}]}}