{"id":3,"date":"2024-04-04T07:56:20","date_gmt":"2024-04-04T04:56:20","guid":{"rendered":"https:\/\/sisu.ut.ee\/etenduskunstid\/avaleht\/"},"modified":"2024-04-12T23:08:03","modified_gmt":"2024-04-12T20:08:03","slug":"avaleht","status":"publish","type":"page","link":"https:\/\/sisu.ut.ee\/etenduskunstid\/","title":{"rendered":"Avaleht"},"content":{"rendered":"<h2><img loading=\"lazy\" decoding=\"async\" width=\"1920\" height=\"1389\" class=\"alignnone wp-image-61\" style=\"width: 100%;\" title=\"Lavastus \u201eEesti jumalad\u201c (2019, Paide Teater). Foto Johan Elm\" src=\"https:\/\/sisu.ut.ee\/wp-content\/uploads\/sites\/556\/image_2022_05_31t11_16_35_633z.jpg\" alt=\"banner\" srcset=\"https:\/\/sisu.ut.ee\/wp-content\/uploads\/sites\/556\/image_2022_05_31t11_16_35_633z.jpg 1920w, https:\/\/sisu.ut.ee\/wp-content\/uploads\/sites\/556\/image_2022_05_31t11_16_35_633z-300x217.jpg 300w, https:\/\/sisu.ut.ee\/wp-content\/uploads\/sites\/556\/image_2022_05_31t11_16_35_633z-1024x741.jpg 1024w, https:\/\/sisu.ut.ee\/wp-content\/uploads\/sites\/556\/image_2022_05_31t11_16_35_633z-768x556.jpg 768w, https:\/\/sisu.ut.ee\/wp-content\/uploads\/sites\/556\/image_2022_05_31t11_16_35_633z-1536x1111.jpg 1536w\" sizes=\"auto, (max-width: 1920px) 100vw, 1920px\"><\/h2>\n<p>Peatoimetaja Anneli Saro<\/p>\n<p>Keeletoimetaja Mari Tuuling<\/p>\n<p>Kujundus ja tehniline teostus: T\u00dc \u00f5ppeosakonna elukestva \u00f5ppe keskus<\/p>\n<p>2022<\/p>\n<div style=\"display:flex;align-items:center;flex-wrap:wrap;\"><img loading=\"lazy\" decoding=\"async\" width=\"1890\" height=\"756\" class=\"alignnone wp-image-58\" style=\"width: 400px; height: 160px;\" src=\"https:\/\/sisu.ut.ee\/wp-content\/uploads\/sites\/556\/picture_1.png\" alt=\"Haridus- ja teadusministeeriumi logo\" srcset=\"https:\/\/sisu.ut.ee\/wp-content\/uploads\/sites\/556\/picture_1.png 1890w, https:\/\/sisu.ut.ee\/wp-content\/uploads\/sites\/556\/picture_1-300x120.png 300w, https:\/\/sisu.ut.ee\/wp-content\/uploads\/sites\/556\/picture_1-1024x410.png 1024w, https:\/\/sisu.ut.ee\/wp-content\/uploads\/sites\/556\/picture_1-768x307.png 768w, https:\/\/sisu.ut.ee\/wp-content\/uploads\/sites\/556\/picture_1-1536x614.png 1536w\" sizes=\"auto, (max-width: 1890px) 100vw, 1890px\"><img loading=\"lazy\" decoding=\"async\" width=\"612\" height=\"156\" class=\"alignnone wp-image-57\" style=\"width: 250px; height: 64px;\" src=\"https:\/\/sisu.ut.ee\/wp-content\/uploads\/sites\/556\/picture2.png\" alt=\"Archimedes logo\" srcset=\"https:\/\/sisu.ut.ee\/wp-content\/uploads\/sites\/556\/picture2.png 612w, https:\/\/sisu.ut.ee\/wp-content\/uploads\/sites\/556\/picture2-300x76.png 300w\" sizes=\"auto, (max-width: 612px) 100vw, 612px\"><\/div>\n<p><span style=\"line-height: normal;\"><span lang=\"ET\"><br>\u00d5pik on valminud Tartu \u00dclikooli humanitaarteaduste ja kunstide valdkonna baasfinantseerimise ning Haridus- ja Teadusministeeriumi programmi <\/span><span lang=\"ET\">\u201eEestikeelsete k\u00f5rgkooli\u00f5pikute loomise toetamise p\u00f5him\u00f5tted 2018\u20132027\u201c toel.<\/span><\/span><\/p>\n","protected":false},"excerpt":{"rendered":"<p>Peatoimetaja Anneli Saro Keeletoimetaja Mari Tuuling Kujundus ja tehniline teostus: T\u00dc \u00f5ppeosakonna elukestva \u00f5ppe keskus 2022 \u00d5pik on valminud Tartu \u00dclikooli humanitaarteaduste ja kunstide valdkonna baasfinantseerimise ning Haridus- ja Teadusministeeriumi programmi \u201eEestikeelsete k\u00f5rgkooli\u00f5pikute loomise toetamise p\u00f5him\u00f5tted 2018\u20132027\u201c toel.<\/p>\n","protected":false},"author":6,"featured_media":0,"parent":0,"menu_order":0,"comment_status":"closed","ping_status":"closed","template":"","meta":{"_acf_changed":false,"inline_featured_image":false,"footnotes":""},"class_list":["post-3","page","type-page","status-publish","hentry"],"acf":[],"_links":{"self":[{"href":"https:\/\/sisu.ut.ee\/etenduskunstid\/wp-json\/wp\/v2\/pages\/3","targetHints":{"allow":["GET"]}}],"collection":[{"href":"https:\/\/sisu.ut.ee\/etenduskunstid\/wp-json\/wp\/v2\/pages"}],"about":[{"href":"https:\/\/sisu.ut.ee\/etenduskunstid\/wp-json\/wp\/v2\/types\/page"}],"author":[{"embeddable":true,"href":"https:\/\/sisu.ut.ee\/etenduskunstid\/wp-json\/wp\/v2\/users\/6"}],"replies":[{"embeddable":true,"href":"https:\/\/sisu.ut.ee\/etenduskunstid\/wp-json\/wp\/v2\/comments?post=3"}],"version-history":[{"count":7,"href":"https:\/\/sisu.ut.ee\/etenduskunstid\/wp-json\/wp\/v2\/pages\/3\/revisions"}],"predecessor-version":[{"id":525,"href":"https:\/\/sisu.ut.ee\/etenduskunstid\/wp-json\/wp\/v2\/pages\/3\/revisions\/525"}],"wp:attachment":[{"href":"https:\/\/sisu.ut.ee\/etenduskunstid\/wp-json\/wp\/v2\/media?parent=3"}],"curies":[{"name":"wp","href":"https:\/\/api.w.org\/{rel}","templated":true}]}}