{"id":29,"date":"2024-04-04T07:56:23","date_gmt":"2024-04-04T04:56:23","guid":{"rendered":"https:\/\/sisu.ut.ee\/etenduskunstid\/fenomenoloogilise-analuusi-alad-ja-moisted\/"},"modified":"2024-04-04T08:00:34","modified_gmt":"2024-04-04T05:00:34","slug":"fenomenoloogilise-analuusi-alad-ja-moisted","status":"publish","type":"page","link":"https:\/\/sisu.ut.ee\/etenduskunstid\/fenomenoloogilise-analuusi-alad-ja-moisted\/","title":{"rendered":"Fenomenoloogilise anal\u00fc\u00fcsi alad ja m\u00f5isted"},"content":{"rendered":"<p>\n\tFenomenoloogilise vaate keskmes on teatri <strong>performatiivsus<\/strong> ehk etenduslikkus.\n<\/p>\n<p>\n\tPerformatiivsuse tajumisel on tegemist just nimelt etenduse tervikliku kogemisega, mis tuleb ka vaatluse ja uurimise alla v\u00f5tta tervikuna. Performatiivsed protsessid on semiootiliste ehk t\u00e4hendusloomega seotud protsesside aluseks ja l\u00e4htepunktiks. Teatris on see eriti ilmne, kuiv\u00f5rd me k\u00e4sitame etendust s\u00fcndmusena, mis leiab aset etendajate ja vaatajate vastastikuse m\u00f5jutamise v\u00e4ljas, s.o vaatajate reageeringud kuuluvad selle s\u00fcndmuse koosseisu. Sellest arusaamast tulenevalt on anal\u00fc\u00fcsi l\u00e4htepunktiks vaataja kui indiviidi taju ja tema terviketenduse kogemine kui protsess. Oluline on m\u00f5ista, et semiootiline ja performatiivne m\u00f5\u00f5de on etenduskogemuses l\u00e4bi p\u00f5imunud. Etendus v\u00f5ib aga n-\u00f6 teha pakkumisi, kasutades \u00fcht v\u00f5i teist m\u00f5\u00f5det fookustavaid ja vastavat retseptsiooni ergutavaid strateegiaid. J\u00e4rgnevalt keskendutakse peamistele etenduse aladele ja vastavatele m\u00f5istetele, millega tegeleb teatri fenomenoloogiline anal\u00fc\u00fcs.\n<\/p>\n<p>\n\t<strong>Keha<\/strong> (<em>body<\/em>) laval on kahetiselt seotud. Ta on seotud nii etendaja kui tegelasega, nii reaalsuse kui kujuteldavaga. Etendaja keha pressib ennast alati tegelaskujust l\u00e4bi: vaadates tegelast laval, vaatame alati ka etendaja keha. Seega tegelasel on alati \u201elaenatud\u201c f\u00fc\u00fcsilisus. Keha on seotud etendaja bioloogilise olemusega, mis t\u00e4hendab, et t\u00e4ielikult fiktsionaalsesse maailma see siseneda ei saagi. Etendajad proovivad treenida oma keha ja allutada see t\u00e4ielikult kontrollile, kuid keha on t\u00f5rges. F\u00fcsioloogia annab m\u00e4rku n\u00e4iteks higistamise v\u00f5i k\u00f6hatamisega. Laval on v\u00f5imalik ka etendaja suremine, mis teeb teatrikunstist teatud m\u00f5ttes k\u00f5ige reaalsema kunstiala. Keha aktiveerib sellised m\u00f5isted nagu kehastamine, kohalolu, esitamine, reaalsus, illusioon, m\u00e4rk, t\u00e4histatav. N\u00e4iteks valu esitamine laval on fenomenoloogi jaoks huvitav: vaataja tajub nii reaalset valu kui ka selle valu esitamist etendaja poolt. (Garner 1994: 44\u201345)\n<\/p>\n<p>\n\t<strong>Kehalisus<\/strong> (<em>corporeity, corporality, corporeality<\/em>) on m\u00f5iste, millega t\u00e4histada eesk\u00e4tt etendaja keha vahetut m\u00f5ju, mitte etendajat kui m\u00e4rkide loojat. Kui m\u00f5elda vaataja kehalisusele, siis ei t\u00e4henda see ainult aistinguid (ehk esmast vastuv\u00f5tutasandit, kus ei toimu midagi peale info fikseerimise), vaid aistingule j\u00e4rgneb info t\u00f6\u00f6tlemine. Kehaline info on emotsionaalne ja seega paratamatult v\u00e4ga individuaalne. Kehalises kogemuses p\u00f5imuvad bioloogiliste aspektidega tihedalt sotsiokultuurilised ja intellektuaalsed aspektid, s.t see on paljuski kultuuriliselt m\u00e4\u00e4ratud. Kehalisuse esilenihutamise taga etenduskunstides on p\u00fc\u00fcd t\u00f5sta seda samav\u00e4\u00e4rsele positsioonile vaimsega ja n\u00e4idata nende p\u00f5imumist \u00fcheks tervikuks.\n<\/p>\n<p>\n\tKogu etenduse ajal ilmneb etendaja ja vaataja reaalne l\u00e4hedus vaatajate reaktsioonidena. Vaatajad kinnitavad etendaja tegevust aplausi v\u00f5i naeruga, isegi pineva vaikimisega. Siin v\u00f5ib tuua v\u00f5rdluse filmikunstiga: filmis v\u00f5ib n\u00e4itleja vaadata k\u00fcll t\u00e4pselt vaataja poole, kuid kuna puudub otsene f\u00fc\u00fcsiline kontakt, siis selline pilk ei saa kunagi olla vastastikune. Teatris on \u00fcldse vaatamise protsess kui selline palju keerulisem. Keha tervikuna on m\u00e4rk, mis vaatab tagasi. (Garner 1994: 49)\n<\/p>\n<blockquote class=\"os-kollane\">\n<p>\n\t\t<strong>Kaks n\u00e4idet fenomenoloogilisest kriitikast:<\/strong>\n\t<\/p>\n<p>\n\t\tIiris Viirpalu fenomenoloogilise l\u00e4henemisega arvustus Mart Kangro lavastusest \u201dEnneminevik\u201d toob esile f\u00fc\u00fcsilise kontakti etendaja ja publiku vahel, r\u00f5hutades etendaja keha vahetut m\u00f5ju.\n\t<\/p>\n<p>\n\t\t\u201eKoreograafi- ja tantsijataustaga etenduskunstnik Mart Kangro, kes mingil hetkel p\u00f6\u00f6rdus rohkem s\u00f5na poole, valdab h\u00e4sti publiku k\u00f6itmist nii s\u00f5na, liikumise kui ka piltidega. Mis ise\u00e4ranis s\u00fcmpaatne: tema viimased t\u00f6\u00f6d on j\u00f5udnud soojal moel l\u00e4hedale inimeseks olemisele kui sellisele, saavutades v\u00e4hemalt selleks tunniks ajaks elusa ja t\u00f5elise kontakti \u00fchte suletud ruumi sattunud v\u00f5\u00f5rastega. Lavastuses \u201eEnneminevik\u201d kohtub vaataja nii Mart Kangro isikliku m\u00e4lu kui ka ruumi- ja paigam\u00e4luga. [\u2014]\n\t<\/p>\n<p>\n\t\tKangro t\u00f6\u00f6des h\u00f5ljub seletamatu miski, mida v\u00f5iks ehk nimetada hoolikalt kureeritud ja lavastatud l\u00e4heduseks v\u00f5\u00f5raste vahel. Lavastaja ja etendajana v\u00f5tab Kangro rolli, kus ta astub ette, teeb ise esimese sammu inimestele l\u00e4hemale ning liigutab, r\u00e4\u00e4gib ja kujutleb olukorrad laval l\u00e4bi. R\u00e4\u00e4gib oma minevikust ja lisab n\u00fcansse, k\u00f5neldes sooja huumoriga, siirusega. Mingi vahetuse ja ehtinimlikkuse kaudu saavad ka k\u00f5nealuses t\u00f6\u00f6s isegi \u00e4\u00e4rmiselt lihtsad asjad poeetilise m\u00f5\u00f5tme. Ja hakkavad vaatajale meenutama tema lapsep\u00f5lve, olulisi ja v\u00e4hem olulisi olukordi. [\u2014]\n\t<\/p>\n<p>\n\t\tJa s\u00e4\u00e4rase l\u00e4bip\u00f5imunud ja eri v\u00e4ljendusviise kasutava teatrikeele vaikiv taotlus \u2013 iga vaataja k\u00f5netamine isiklikul tasandil, just tema kogemuse, m\u00e4lu ja m\u00f5tteilma p\u00f5hjal \u2013 joonistub selgelt v\u00e4lja.\u201c (Viirpalu 2019)\n\t<\/p>\n<p style=\"text-align: center\">\n\t\t<img loading=\"lazy\" decoding=\"async\" width=\"600\" height=\"400\" class=\"alignnone wp-image-231\" style=\"width: 600px;height: 400px\" src=\"https:\/\/sisu.ut.ee\/wp-content\/uploads\/sites\/556\/s_enneminevik.jpg\" title=\"Keha ja kehalisusega tegeleb oma lavastustes etenduskunstnik Mart Kangro. Fotol lavastuses \u201eEnneminevik\u201c (2019, Kanuti Gildi SAAL). Foto Alan Proosa\" alt=\"Keha ja kehalisusega tegeleb oma lavastustes etenduskunstnik Mart Kangro. Fotol lavastuses \u201eEnneminevik\u201c (2019, Kanuti Gildi SAAL). Foto Alan Proosa\" srcset=\"https:\/\/sisu.ut.ee\/wp-content\/uploads\/sites\/556\/s_enneminevik.jpg 600w, https:\/\/sisu.ut.ee\/wp-content\/uploads\/sites\/556\/s_enneminevik-300x200.jpg 300w\" sizes=\"auto, (max-width: 600px) 100vw, 600px\">\n\t<\/p>\n<p>\n\t\tKaja Kanni sama lavastuse arvustus on n\u00e4ide fenomenoloogiliselt subjektiivsest kehalise kogemuse kirjeldusest. Esile t\u00f5useb etendaja keha vahetu m\u00f5ju ja kehalise info emotsionaalsus.\n\t<\/p>\n<p>\n\t\t\u201eLavastuse kogut\u00e4hendus on aga midagi hoopis muud, kui selle \u00fcksikud liikmed. Etenduse l\u00f5ppedes olen ikka veel kahevahel. Olukord on tohutult kaunis, isegi \u00fcllatav, l\u00f5pustseeni visuaalne pilt on enneolematult \u00fclev ja l\u00f5pmatult kurb. Olen h\u00e4das ning see h\u00e4da on v\u00f5imas ja intensiivne. See h\u00e4da ei pane mind tegutsema ega lahendust otsima. Ei pane ka k\u00e4ega l\u00f6\u00f6ma ja lapse kombel t\u00f6nnima. See h\u00e4da on okei. See ongi elu osa. Tugev piiripealoleku tunne, kus m\u00e4lestus ja kujutlus veavad v\u00e4gikaigast. [\u2014]\n\t<\/p>\n<p>\n\t\tKangro kujundid on d\u00fcnaamilised. Liigutused libisevad. M\u00e4rkamatult saab k\u00f5ndimisest h\u00fcplemine ja h\u00fcplemisest h\u00fcppamine ja h\u00fcppamisest manamine ja manamisest p\u00f6\u00f6rlemine jne. Raske on \u00f6elda, kas see, mida Kangro teeb, on tants v\u00f5i koreograafia. Tema liikumiskeel on j\u00e4rjepidev muutumine. [\u2014]\n\t<\/p>\n<p>\n\t\tSiis aga, kui pikas liikumiste jadas tulebki ring, see p\u00f6\u00f6rlemine, siis ei n\u00e4e ma ka seda. Ma m\u00e4letan jalalt jalale h\u00fcppamise tagaj\u00e4rjel tekkinud ringi, mis liigub d\u00fcnaamiliselt alt \u00fcles, aga samal ajal n\u00e4en ringi, mis p\u00f6\u00f6rleb paremalt vasakule. L\u00f5ppkokkuv\u00f5ttes ma ei tea, mida ma praegu n\u00e4en ja mida ma m\u00e4letan, mis mida m\u00f5jutab, aga pika liikumisjada tulemuseks on f\u00fc\u00fcsiline kogemus millestki v\u00e4ga t\u00e4htsast, mida ma ei tea.\u201d (Kann 2019)\n\t<\/p>\n<\/blockquote>\n<p>\n\tTeatrifenomenoloogid uurivad ka n\u00e4htust, mida t\u00e4histatakse m\u00f5istega (keha) <strong>elusus<\/strong> (<em>liveness, livedness<\/em>): see sisaldub nii vaataja kui vaadatava vastastikuses suhtes. Keha on see, mille kaudu saame tundma maailma, samal ajal on keha objekt maailmas ning paljut sellest kehast saame ise ka tajuda. Kui etendaja vaatab mind saalis, siis saan ma teadlikuks oma kehalisusest ning see v\u00e4ljendub n\u00e4iteks minu piinlikkustundes. Kui ma ka suudan end selle pilgu suhtes n\u00e4htamatuks muuta, t\u00e4hendab see ikkagi teadlikuks saamist oma kehalisusest. (Garner 1994: 50\u201351)\n<\/p>\n<p>\n\tFenomenoloogid opereerivad ka m\u00f5istega <strong>ihu<\/strong> (pr k le <em>corps proper<\/em>, saksa k <em>Leib<\/em>, ingl k <em>body<\/em> \u2013 m\u00f5istetel on eri keeltes veidi erinev t\u00e4hendus). Ihul on konkreetsem ja isiklikum t\u00e4hendus kui kehal (mis on Husserli j\u00e4rgi kehaline objekt) ja seda tarvitatakse ainult elavast kehast k\u00f5nelemisel. Just ihu on see, mille kaudu meil on ligip\u00e4\u00e4s maailmale ning milles l\u00f5ikuvad teineteisesse taju ja tajutav. Ihu ja maailm ulatuvad teineteisesse ning m\u00e4\u00e4ratlevad teineteist vastastikku: \u201emaailm on tehtud samast ainest kui ihu\u201c (Merleau-Ponty, viidatud Bohl 2009: 269).\n<\/p>\n<blockquote class=\"os-sinine\">\n<p>\n\t\tIhu on alati kohal ja osaleb k\u00f5igis ettev\u00f5tmistes. Maurice Merleau-Ponty eristab erinevaid ihulisuse kihte v\u00f5i dimensioone, mis \u00fcksteisesse p\u00f5imituna moodustavad d\u00fcnaamiliselt toimiva terviku.\n\t<\/p>\n<ul>\n<li>\n\t\t\tAktuaalne ihu: inimese ihu mingil momendil.\n\t\t<\/li>\n<li>\n\t\t\tHarjumuslik ihu: siia on settinud inimese varasemad kogemused.\n\t\t<\/li>\n<li>\n\t\t\tVirtuaalne ihu: siia on k\u00e4tketud ihu kujutletavad v\u00f5imalikkused.\n\t\t<\/li>\n<li>\n\t\t\tOmaihu: see, kuidas inimene ise vahetult oma ihu kogeb. (Bohl 2009: 278\u2013279)\n\t\t<\/li>\n<\/ul>\n<\/blockquote>\n<p>\n\tIhu on k\u00f5igi nende kihtide kohtumispaik, kus minu senised kogemused siin ja praegu on suunatud tulevastesse kogemustesse. Minu ihu ei ole mingi \u00fcks objekt teiste seas, vaid maailmaga suhtlemise meedium. Ihu erineb objektidest juba seet\u00f5ttu, et ma ei saa temast eemalduda nagu toolist, lauast v\u00f5i mis tahes muust objektist. Minu ihu on minu jaoks alati kohal ja \u201emul on ihu\u201c asemel tuleks pigem \u00f6elda, et \u201ema olen oma ihu\u201c. Ihu ei ole puhas objekt ega puhas teadvus, vaid kogemuse v\u00e4li, kus s\u00fcnnib puudutatava ja puutumise, n\u00e4htava ja n\u00e4gemise, tajutava ja tajumise lahknevus. Merleau-Ponty ihufilosoofia n\u00e4itlikustamiseks v\u00f5ib pidada mitmeid n\u00fc\u00fcdistantsu suundi, mis protestina inimkeha objektistamise vastu r\u00f5hutavad omaihu kogemust. (Vt Bohl 2009) (Kehaga seotud m\u00f5isteid on eesti keelde erinevalt t\u00f5lgitud: n\u00e4iteks Mirjam Lepikult Merleau-Ponty teose \u201eTaju fenomenoloogia\u201c t\u00f5lkes kasutab omaihu asemel omakeha s\u00f5na ning Vivian Bohl (Puusepp) oma t\u00f5lkes on eristanud keha ja ihu).\n<\/p>\n<p style=\"text-align: center\">\n\t<img loading=\"lazy\" decoding=\"async\" width=\"613\" height=\"400\" class=\"alignnone wp-image-232\" style=\"width: 434px;height: 283px\" src=\"https:\/\/sisu.ut.ee\/wp-content\/uploads\/sites\/556\/s_hamletid.jpg\" title=\"Juhan Ulfsaki kohalolu lavastuses \u201eHamletid\u201c (2006, lav Sa\u0161a Pepeljajev, Von Krahl) on tunnetatav ka fotol. Foto Alan Proosa\" alt=\"Juhan Ulfsaki kohalolu lavastuses \u201eHamletid\u201c\" srcset=\"https:\/\/sisu.ut.ee\/wp-content\/uploads\/sites\/556\/s_hamletid.jpg 613w, https:\/\/sisu.ut.ee\/wp-content\/uploads\/sites\/556\/s_hamletid-300x196.jpg 300w\" sizes=\"auto, (max-width: 613px) 100vw, 613px\">\n<\/p>\n<p>\n\tEtendajate kehalisusega on tihedalt seotud <strong>kohalolu<\/strong> (<em>presence<\/em>) m\u00f5iste. Tavaliselt v\u00f5etakse etendajate ja vaatajate \u00fcheaegset kohalolekut teatris iseenesestm\u00f5istetavana, sest see m\u00e4\u00e4rabki etendussituatsiooni. Sellises olukorras saavad vaatajad kaasetendajateks oma kehalise kohalolu, taju ja vastuv\u00f5tu kaudu \u2013 koos luuakse etendus. Etendaja lavalist kohalolu v\u00f5ib vaadelda kui etendaja kehastumise teatavate protsesside tulemust. Kohalolu p\u00f5hineb etendaja oskusel kasutada teatavaid tehnikaid ja praktikaid, millele vaatajad reageerivad. Vaatajad tajuvad etendaja kohalolu ebatavalise intensiivsusena, samal ajal intensiivselt tajudes ka enda kohalolekut etendajaga \u00fchises ruumis. Kohalolu m\u00f5iste \u00fcks v\u00f5imalikke definitsioone ongi <strong>etendaja v\u00f5ime valitseda ruumi ja hoida vaataja t\u00e4helepanu<\/strong>. (Fischer-Lichte 2008: 93\u2013101)\n<\/p>\n<p>\n\tLavalise <strong>kohalolu<\/strong> <strong>ja taasesituse<\/strong> (<em>representation<\/em>) binaarsus muutus aktuaalseks 1960. aastatel. Alates sellest ajast on L\u00e4\u00e4ne teatri- ja tegevuskunstnike t\u00f6\u00f6d tuginenud radikaalsele kohalolu ja taasesituse vastandamisele, r\u00f5hutades just kohalolu fenomeni. Tol ajal uudne <a href=\"#\" data-bs-toggle=\"modal\" data-bs-target=\"#popup-modal\" data-title=\"tegevuskunsti\" data-content=\"&lt;strong&gt;tegevuskunst&lt;\/strong&gt; \u2013 tegevusel p\u00f5hinev kunstiliik, mis on v\u00e4lja kasvanud visuaalkunstist. Tegevuskunsti traditsioonilised alaliigid on performance ja h\u00e4ppening. \">tegevuskunsti<\/a> \u017eanr ei vastandanud end mitte ainult kunsti kommertsialiseerumisele, vaid ka teatri konventsioonidele kujutada fiktiivseid maailmu ja selgepiirilisi tegelasi. Teater tegeles (ja tegeleb siiamaani) peamiselt taasesitamise ehk representatsiooniga. Leiti, et selline teater tegeleb teesklusega: \u201emis siis, kui \u2026\u201c, see t\u00e4hendab, et n\u00e4itlejad kujutavad end mingisse endast erinevasse rolli. Tegevuskunstnikud n\u00f5udsid aga p\u00e4ris kohalolu. Eesm\u00e4rgiks oli r\u00f5hutada, et k\u00f5ik, mis etenduses juhtus, juhtus p\u00e4riselt selles ruumis siin ja praegu.\n<\/p>\n<p>\n\tLavalise kohalolu ja taasesitamise m\u00f5isteid peeti kaua aega opositsioonilisteks. Leiti, et kohalolu m\u00f5iste t\u00e4histab vahetust ja autentsust. Taasesitus, vastupidi, kuulus suurte narratiivide juurde ja t\u00e4hendas lavastaja autoritaarset kontrolli lavalise olukorra \u00fcle. N\u00e4itleja esitatud dramaatiline tegelane esindas taasesitavat tehnikat. Kirjanduslikku teksti, millel teatri\u00f5htu p\u00f5hines, peeti autoritaarseks kontrollijaks, ning lavalist tegelast n\u00e4itleja, eelk\u00f5ige tema keha allasurujaks. Kohalolu fenomeni eestk\u00f5nelejate arvates pidi n\u00e4itleja keha saama vabaks taasesitamise k\u00e4gistavatest ahelatest, et vallandada oma f\u00fc\u00fcsilise eksistentsi spontaansus ja autentsus. Peagi leiti aga, et selline kohalolu ja taasesituse t\u00e4ielik vastandamine ei ole j\u00e4tkusuutlik. Teatriuurimises on j\u00f5utud seisukohale, et nii lavalise kohalolu kui tegelase laval loob n\u00e4itleja kehastumisprotsesside abil. Iga tegelane on seotud n\u00e4itleja erilise kehalisusega, sest ta ei saa eksisteerida v\u00e4ljaspool n\u00e4itleja individuaalset keha. N\u00e4itleja fenomenaalne keha m\u00e4\u00e4rab tegelase eksistentsi. (Fischer-Lichte 2008: 147)\n<\/p>\n<p>\n\tLavalise kohalolu tuumaks on <strong>energia<\/strong> (<em>energy<\/em>). Energia loomiseks rakendab etendaja teatud f\u00fc\u00fcsilisi tehnikaid. Energia hakkab ringlema etendajate ning etendaja ja publiku vahel, m\u00f5jutades otseselt k\u00f5iki osapooli. Kohalolu maagia s\u00f5ltubki etendaja erilisest v\u00f5imest luua energiat nii, et seda v\u00f5iksid tunda vaatajad. Seejuures hakkavad vaatajad ise energiat looma, sest nad tajuvad etendajat kui energiaallikat. (Samas, 98) Fenomenoloogiline anal\u00fc\u00fcs peab v\u00f5tma arvesse etendajate ja vaatajate vahele etenduse jooksul loodud energeetilist v\u00e4lja, kaasa arvatud \u00fchist kogukonna moodustumise tunnet, olgu vaid hetkelist.\n<\/p>\n<p>\n\tKogu protsessi oluline osa on ka etenduse <strong>r\u00fctmi<\/strong> (<em>rhythm<\/em>) kogemine, sest see m\u00f5jutab otseselt vaatajate keha ja t\u00f5mbab nad kaasa. Kui me anal\u00fc\u00fcsime etendust fenomenoloogiliselt, peame silmas pidama oma enda kehalist tajumist ja atmosf\u00e4\u00e4rikogemust. (Fischer-Lichte 2014: 55)\n<\/p>\n<p style=\"text-align: center\">\n\t<img loading=\"lazy\" decoding=\"async\" width=\"600\" height=\"400\" class=\"alignnone wp-image-233\" src=\"https:\/\/sisu.ut.ee\/wp-content\/uploads\/sites\/556\/s_kuritoo_ja_karistus.jpg\" title=\"Ambivalentne atmosf\u00e4\u00e4r \u201eKurit\u00f6\u00f6s ja karistuses\u201c (2020, Eesti Draamateater). Lavastajad ja lavakujunduse autorid Ene-Liis Semper ja Tiit Ojasoo, valguskujundaja Petri Tuhkanen. Foto Gabriela Urm\" alt=\"Ambivalentne atmosf\u00e4\u00e4r \u201eKurit\u00f6\u00f6s ja karistuses\u201c\" srcset=\"https:\/\/sisu.ut.ee\/wp-content\/uploads\/sites\/556\/s_kuritoo_ja_karistus.jpg 600w, https:\/\/sisu.ut.ee\/wp-content\/uploads\/sites\/556\/s_kuritoo_ja_karistus-300x200.jpg 300w\" sizes=\"auto, (max-width: 600px) 100vw, 600px\">\n<\/p>\n<p>\n\tTeatrifenomenoloogid k\u00e4sitlevadki \u00fche olulise uurimist v\u00e4\u00e4riva alana <strong>atmosf\u00e4\u00e4ri<\/strong> (<em>atmosphere<\/em>). Atmosf\u00e4\u00e4r on etenduse v\u00f5i \u00fche stseeni tervikmulje, mida vaataja intuitiivselt kogeb ja mis teda h\u00e4\u00e4lestab edasiseks vastuv\u00f5tuks. Samuti t\u00e4histab atmosf\u00e4\u00e4r juba teatud emotsionaalse v\u00e4rvingu saanud etenduse ruumi. Atmosf\u00e4\u00e4r on midagi, mis ruumis inimeste ja asjade v\u00f5i ka inimeste ja inimeste vahele \u201evalgub\u201c. See on teatriruumis tavaliselt esimene, mis vaatajaid haarab ja ergastab. Atmosf\u00e4\u00e4r h\u00e4\u00e4lestab vaatajat teatud moel edasiseks, viies ta mingisse kindlasse meeleollu, millel on m\u00f5ju tajule ja t\u00e4hendusloome protsessidele. Anal\u00fc\u00fcsides v\u00f5ib k\u00fcsida, mis \u00fclesannet atmosf\u00e4\u00e4r etenduses t\u00e4idab ja kuidas see m\u00f5jutab vaataja t\u00e4hendusloomet. (Fischer-Lichte 2011: 92)\n<\/p>\n<p style=\"text-align: center\">\n\t<img loading=\"lazy\" decoding=\"async\" width=\"600\" height=\"400\" class=\"alignnone wp-image-230\" src=\"https:\/\/sisu.ut.ee\/wp-content\/uploads\/sites\/556\/s_emilie_sagee.jpg\" title=\"Lavastuse \u201eEmilie Sag\u00e9e\u201c (2019, Kellerteater) tuumaks olid energia, r\u00fctm ja atmosf\u00e4\u00e4r. Lavastajad Kersti Heinloo ja Raho Aadla, kunstnik Kristjan Suits, etendajad Eva P\u00fcssa ja Arolin Raudva. Foto Siim Vahur\" alt=\"\u201eEmilie Sag\u00e9e\u201c (2019, Kellerteater)\" srcset=\"https:\/\/sisu.ut.ee\/wp-content\/uploads\/sites\/556\/s_emilie_sagee.jpg 600w, https:\/\/sisu.ut.ee\/wp-content\/uploads\/sites\/556\/s_emilie_sagee-300x200.jpg 300w\" sizes=\"auto, (max-width: 600px) 100vw, 600px\">\n<\/p>\n<blockquote class=\"os-kollane\">\n<p>\n\t\tVisuaalteatri lavastus \u201eEmilie Sage\u00e9\u201c oli inspireeritud 19. sajandil kirja pandud juhtumist: kooli\u00f5petajast neiu Emiliel arvati olevat <em>doppelg\u00e4nger<\/em> ehk teda n\u00e4hti pidevalt kahes kohas korraga. S\u00f5nateatri n\u00e4itlejana tuntud Eva P\u00fcssa ja tantsukunsti taustaga Arolin Raudva esitasid s\u00f5natult lugu: nad andsid t\u00e4hendusi edasi peamiselt pildiliselt ning visuaalsete vahenditega loodud atmosf\u00e4\u00e4ri kaudu. Kunstnik Kristjan Suitsu ja helilooja Raido Linkmanni abiga oli Kellerteatri keskaegsete paem\u00fc\u00fcride vahele loodud pinev ja lummav atmosf\u00e4\u00e4r, kus peamiseks eesm\u00e4rgiks ei olnud r\u00e4\u00e4kida lugu kooli\u00f5petajast, vaid m\u00e4ngida energia ja visuaalsete piltidega. Tugeva kohaloluga etendajad P\u00fcssa ja Raudva olid laval pea \u00e4ravahetamiseni sarnased. Nende f\u00fc\u00fcsilise v\u00e4ljenduse kaudu edastatud tegevus ja emotsioonid omandasid eksistentsialistlikud m\u00f5\u00f5tmed. Topeldamist v\u00f5imendas ka peegeldav lavap\u00f5rand, m\u00fcstilist atmosf\u00e4\u00e4ri loodi lavatossuga. Lavapilt oli monokroomselt pruun.\n\t<\/p>\n<\/blockquote>\n<p>\n\t\u00dcks teatrifenomenoloogilise anal\u00fc\u00fcsi aladest on ka etenduse <strong>s\u00fcndmuslikkus<\/strong> (<em>eventness<\/em>). Selline l\u00e4henemine k\u00fcsib, mil viisil on teater s\u00fcndmus. Fookusesse asetatakse suhted vaatajate ja etendajate vahel, nende vastasm\u00f5ju. Etenduse s\u00fcndmuslikkus on otseses seoses teatri eriliste meediumiomaste tingimustega: etendajate ja vaatajate f\u00fc\u00fcsilise kooskohaloluga samal ajal samas ruumis. Ilma selleta ei saa etendus toimuda, sest etendus leiab aset etendajate ja vaatajate vahel. Fenomenoloogiline anal\u00fc\u00fcs, mille l\u00e4htepunktiks on s\u00fcndmuslikkus, ei saa seega piirduda vaid laval toimuvaga, vaid peab tegelema ka n\u00e4htamatu v\u00e4ljaga, mis moodustub lava ja teatrisaali, etendajate ja vaatajate vahele. Seega v\u00f5ib s\u00fcndmuslikkuse m\u00f5istet k\u00e4sitleda mitmek\u00fclgsena: see on nii etendajate ja vaatajate unikaalne kooslus igal etendusel kui ka etendajate ja vaatajate vaheline suhtlemine, mis loob s\u00fcndmuse ainukordse energia ja atmosf\u00e4\u00e4ri.<\/p>\n","protected":false},"excerpt":{"rendered":"<p>Fenomenoloogilise vaate keskmes on teatri performatiivsus ehk etenduslikkus. Performatiivsuse tajumisel on tegemist just nimelt etenduse tervikliku kogemisega, mis tuleb ka vaatluse ja uurimise alla v\u00f5tta tervikuna. Performatiivsed protsessid on semiootiliste ehk t\u00e4hendusloomega seotud protsesside aluseks ja l\u00e4htepunktiks. Teatris on see &#8230;<\/p>\n","protected":false},"author":6,"featured_media":0,"parent":0,"menu_order":0,"comment_status":"closed","ping_status":"closed","template":"","meta":{"_acf_changed":false,"inline_featured_image":false,"footnotes":""},"class_list":["post-29","page","type-page","status-publish","hentry"],"acf":[],"_links":{"self":[{"href":"https:\/\/sisu.ut.ee\/etenduskunstid\/wp-json\/wp\/v2\/pages\/29","targetHints":{"allow":["GET"]}}],"collection":[{"href":"https:\/\/sisu.ut.ee\/etenduskunstid\/wp-json\/wp\/v2\/pages"}],"about":[{"href":"https:\/\/sisu.ut.ee\/etenduskunstid\/wp-json\/wp\/v2\/types\/page"}],"author":[{"embeddable":true,"href":"https:\/\/sisu.ut.ee\/etenduskunstid\/wp-json\/wp\/v2\/users\/6"}],"replies":[{"embeddable":true,"href":"https:\/\/sisu.ut.ee\/etenduskunstid\/wp-json\/wp\/v2\/comments?post=29"}],"version-history":[{"count":1,"href":"https:\/\/sisu.ut.ee\/etenduskunstid\/wp-json\/wp\/v2\/pages\/29\/revisions"}],"predecessor-version":[{"id":470,"href":"https:\/\/sisu.ut.ee\/etenduskunstid\/wp-json\/wp\/v2\/pages\/29\/revisions\/470"}],"wp:attachment":[{"href":"https:\/\/sisu.ut.ee\/etenduskunstid\/wp-json\/wp\/v2\/media?parent=29"}],"curies":[{"name":"wp","href":"https:\/\/api.w.org\/{rel}","templated":true}]}}