{"id":26,"date":"2024-04-04T07:56:22","date_gmt":"2024-04-04T04:56:22","guid":{"rendered":"https:\/\/sisu.ut.ee\/etenduskunstid\/kusimusi-etendusanaluusiks\/"},"modified":"2024-04-04T08:00:35","modified_gmt":"2024-04-04T05:00:35","slug":"kusimusi-etendusanaluusiks","status":"publish","type":"page","link":"https:\/\/sisu.ut.ee\/etenduskunstid\/kusimusi-etendusanaluusiks\/","title":{"rendered":"K\u00fcsimusi etendusanal\u00fc\u00fcsiks"},"content":{"rendered":"<blockquote>\n<ol>\n<li>\n\t\t\tMillisesse teatriliiki, \u017eanri v\u00f5i stiili lavastus kuulub? Kas lavastus l\u00e4htub m\u00f5nest kindlast konventsioonist v\u00f5i p\u00f5hineb lavastaja isikup\u00e4rasel k\u00e4ekirjal?\n\t\t<\/li>\n<li>\n\t\t\tMillised on lavastuse avamiseks olulised kontekstid? Milliseid teemasid tuleb lisaks tundma \u00f5ppida, et lavastust s\u00fcvitsi ja mitmeplaaniliselt m\u00f5ista?\n\t\t<\/li>\n<li>\n\t\t\tMilline on lavastuse dramaturgiline alustekst ja kuidas on see suhestatud lavastusega?\u00a0\n\t\t<\/li>\n<li>\n\t\t\tKas etendaja isik on peidetud rolli (\u00fcmberkehastumine) v\u00f5i n\u00e4eme teda laval ka iseendana (postdramaatiline teater)? Kas etendajad m\u00e4ngivad etenduse v\u00e4ltel \u00fchte rolli v\u00f5i vahetavad neid?\n\t\t<\/li>\n<li>\n\t\t\tMilline on teatriruum (karplava, <em>black-box<\/em>, leitud koht, suur v\u00f5i v\u00e4ike saal jne)? Milline on lavaruumi loodud f\u00fc\u00fcsiline reaalsus ja kuidas luuakse selle abil fiktsionaalne maailm?\u00a0\n\t\t<\/li>\n<li>\n\t\t\tMillises stiilis on loodud lavakujundus? Millised fiktsionaalseid kohti luuakse? Millised on tegelastevahelised ruumilised suhted erinevates (misan)stseenides?\n\t\t<\/li>\n<li>\n\t\t\tKuidas asetsevad \u00fcksteise suhtes ja suhestuvad omavahel lava ja saal ehk etendajad ja vaatajad?\n\t\t<\/li>\n<\/ol>\n<\/blockquote>\n","protected":false},"excerpt":{"rendered":"<p>Millisesse teatriliiki, \u017eanri v\u00f5i stiili lavastus kuulub? Kas lavastus l\u00e4htub m\u00f5nest kindlast konventsioonist v\u00f5i p\u00f5hineb lavastaja isikup\u00e4rasel k\u00e4ekirjal? Millised on lavastuse avamiseks olulised kontekstid? Milliseid teemasid tuleb lisaks tundma \u00f5ppida, et lavastust s\u00fcvitsi ja mitmeplaaniliselt m\u00f5ista? Milline on lavastuse dramaturgiline &#8230;<\/p>\n","protected":false},"author":6,"featured_media":0,"parent":0,"menu_order":0,"comment_status":"closed","ping_status":"closed","template":"","meta":{"_acf_changed":false,"inline_featured_image":false,"footnotes":""},"class_list":["post-26","page","type-page","status-publish","hentry"],"acf":[],"_links":{"self":[{"href":"https:\/\/sisu.ut.ee\/etenduskunstid\/wp-json\/wp\/v2\/pages\/26","targetHints":{"allow":["GET"]}}],"collection":[{"href":"https:\/\/sisu.ut.ee\/etenduskunstid\/wp-json\/wp\/v2\/pages"}],"about":[{"href":"https:\/\/sisu.ut.ee\/etenduskunstid\/wp-json\/wp\/v2\/types\/page"}],"author":[{"embeddable":true,"href":"https:\/\/sisu.ut.ee\/etenduskunstid\/wp-json\/wp\/v2\/users\/6"}],"replies":[{"embeddable":true,"href":"https:\/\/sisu.ut.ee\/etenduskunstid\/wp-json\/wp\/v2\/comments?post=26"}],"version-history":[{"count":1,"href":"https:\/\/sisu.ut.ee\/etenduskunstid\/wp-json\/wp\/v2\/pages\/26\/revisions"}],"predecessor-version":[{"id":473,"href":"https:\/\/sisu.ut.ee\/etenduskunstid\/wp-json\/wp\/v2\/pages\/26\/revisions\/473"}],"wp:attachment":[{"href":"https:\/\/sisu.ut.ee\/etenduskunstid\/wp-json\/wp\/v2\/media?parent=26"}],"curies":[{"name":"wp","href":"https:\/\/api.w.org\/{rel}","templated":true}]}}