{"id":17,"date":"2024-04-04T07:56:22","date_gmt":"2024-04-04T04:56:22","guid":{"rendered":"https:\/\/sisu.ut.ee\/etenduskunstid\/mis-teatriteadus\/"},"modified":"2024-04-04T08:00:35","modified_gmt":"2024-04-04T05:00:35","slug":"mis-teatriteadus","status":"publish","type":"page","link":"https:\/\/sisu.ut.ee\/etenduskunstid\/mis-teatriteadus\/","title":{"rendered":"Mis on teatriteadus?"},"content":{"rendered":"<p>\n\tKuigi teatriteooriaid, \u00fcksikuurimusi ja teatrikriitikat kirjutati ka juba enne, hakati alles 20. sajandil tegelema teatriuurimise metodoloogiaga ehk sellega, mida ja kuidas (mis meetoditega) s\u00fcsteemselt uurida. Teatriteadusel (<em>theatre research, theatre studies<\/em>) on kaks nn juurt.\n<\/p>\n<p>\n\tIngliskeelsetes maades (peamiselt Suurbritannias ja USAs) uuriti teatrit 19. sajandi l\u00f5pust alates peamiselt <strong>kirjandusteaduslikust<\/strong> perspektiivist, s.t uuriti n\u00e4idendeid ja seda, kuidas n\u00e4idendid modelleerivad lavastusi. Eriti populaarsed oli selles kontekstis Shakespeare\u2019i-uuringud. T\u00e4nap\u00e4eval tegeletakse ingliskeelsetes maades teatriteadusega tihti teatrikoolides v\u00f5i praktilist teatriharidust andvate k\u00f5rgkoolide osakondades, m\u00f5nes kohas aga retoorika, meedia ja kommunikatsiooni osakonnas.\n<\/p>\n<p>\n\tKirjandus- ja teatriteaduse suhted on tihedad t\u00e4nap\u00e4evani. N\u00e4iteks 1970.\u20131980. aastail oli v\u00e4ga viljakas teksti ja lavastuse suhteid uuriv l\u00e4henemine, mida kujundlikult on nimetatud <em>from page to stage<\/em> ehk paberilt p\u00fc\u00fcnele\/lavale. Keskseks k\u00fcsimuseks on siin, kuidas toimub loo ja fiktsionaalse maailma \u00fclekanne v\u00f5i t\u00f5lge kirjutatud tekstist lavastuseks. Millised on \u00fclekandel tekkivad kaod ja muutused? Kuidas lahendada tekstis esinevaid, kuid laval raskesti teostatavaid stseene? Teksti ja lavastuse suhteid uurides on aluseks konkreetne materjal, mille p\u00f5hjal teha \u00fcldistusi. Selle uurimisvaldkonna vastu on huvi tundnud ka praktikud (lavastajad, n\u00e4itlejad), kes tegelevad igap\u00e4evaselt tekstimaailma \u00fclekandmisega lavale.\n<\/p>\n<p>\n\t<img loading=\"lazy\" decoding=\"async\" width=\"341\" height=\"341\" class=\"alignnone wp-image-138\" style=\"float: left\" src=\"https:\/\/sisu.ut.ee\/wp-content\/uploads\/sites\/556\/herrmann.jpg\" title=\"Max Herrmann. (Wikimedia Commons)\" alt=\"Max Herrmann\" srcset=\"https:\/\/sisu.ut.ee\/wp-content\/uploads\/sites\/556\/herrmann.jpg 341w, https:\/\/sisu.ut.ee\/wp-content\/uploads\/sites\/556\/herrmann-300x300.jpg 300w, https:\/\/sisu.ut.ee\/wp-content\/uploads\/sites\/556\/herrmann-150x150.jpg 150w\" sizes=\"auto, (max-width: 341px) 100vw, 341px\">Teatriteaduse teine juur on seotud Saksamaa ja <strong>teatrihistoriograafia<\/strong> ehk teatriajaloo uurimisega. Saksamaa \u00fclikoolides oli n\u00e4itekirjandust \u00f5petatud kirjanduse \u00f5ppetoolides juba 18. ja 19. sajandil, kuid 19. sajandi l\u00f5pus hakati huvi tundma ka teatriajaloo vastu. Teatriteadus iseseisva distsipliinina hakkas \u00fclikoolides arenema alles 20. sajandi alguses ja t\u00e4hendas alguses peamiselt teatriajaloo uurimist. Teatrihistoriograafia ja seega teatriteaduse esiisaks peetakse sakslast <strong>Max Herrmanni<\/strong> (1865\u20131942). Erinevalt ingliskeelsetest uurijatest leidis Herrmann, et teatriteaduse peamine uurimisobjekt ei ole mitte n\u00e4idend, vaid etendus. Etendust defineeris ta v\u00e4ga t\u00e4nap\u00e4evaselt etendajate ja publiku koosloomena.\u00a0\n<\/p>\n<p>\n\tTeatrihistoriograafia peamised metodoloogilised probleemid on seotud eelk\u00f5ige allikate v\u00e4hesusega v\u00f5i ainese piiritlemise, struktureerimise ja fookustamisega. Millest kirjutada ja millest mitte? Kuidas materjali struktureerida ja tervikuks siduda? Millele keskenduda, n\u00e4iteks kas institutsioonidele, lavastustele v\u00f5i lavastajatele-etendajatele? Teatriajaloole on v\u00f5imalik l\u00e4heneda erinevatest vaatepunktidest, k\u00e4sitledes seda kunsti-, kultuuri-, ideede v\u00f5i sotsiaalajaloona. Kuni 1960. aastateni taotleti ajalookirjutuses v\u00f5imalikult suurt faktilist objektiivsust (positivistlik l\u00e4henemine), p\u00e4rast seda on lepitud, et iga ajaloouurimus on vaid \u00fcks versioon, t\u00f5lgendus ajaloost (postpositivistlik l\u00e4henemine). 21. sajandil ilmunud teatrilood n\u00e4itavad selle uurimisala suurt temaatilist, \u017eanrilist ja metodoloogilist mitmekesisust. Paljud uurijad (n\u00e4iteks Fischer-Lichte) soovitavad teatriloole l\u00e4heneda probleemip\u00f5hiselt, nagu on teadust\u00f6\u00f6s \u00fcldiselt kombeks.\u00a0\n<\/p>\n<p>\n\tV\u00f5ib tunduda \u00fcllatav, et alles 1970. aastail hakati \u00fclikoolides ja akadeemiates tegelema teatriajaloo k\u00f5rval ka kaasaegse teatriga. Juhtivaks suunaks teatriteaduses sai <strong>etendusanaluus<\/strong>, mille fookuses on etenduse v\u00f5i lavastuse kirjeldamine, t\u00f5lgendamine ja anal\u00fc\u00fcsimine. Kuna etendus kui uurimisobjekt on aegruumiline s\u00fcndmus, mis kaob p\u00e4rast selle l\u00f5ppu, siis peavad teatriuurijad tegelema ka etenduse j\u00e4\u00e4dvustamisega. K\u00fcsimus on selles, mida teadlane uurib, kui ta anal\u00fc\u00fcsib etendust \u2013 kas oma m\u00e4lestust etendusest v\u00f5i etendusest j\u00e4\u00e4nud j\u00e4lgi (tekstiraamatut, kost\u00fc\u00fcme ja dekoratsioone, fotosid, oma m\u00e4rkmeid jms) v\u00f5i neid k\u00f5iki. Palju vaidlusi on tekitanud n\u00e4idendi (v\u00f5i muu dramaturgilise teksti) ja video osakaal etenduse anal\u00fc\u00fcsis. \u00dcldiselt on j\u00f5utud seisukohale, et teksti ja videot v\u00f5ib kasutada kui abim\u00e4lu. Etendusanal\u00fc\u00fcsi p\u00f5hiallikaks peaks aga siiski j\u00e4\u00e4ma vahetu teatrielamus. Distsipliinina on etendusanaluus aluseks teatrikriitikale (v\u00e4hemalt paremale osale sellest) ning teatriajaloole ja -teooriale. \u00a0\n<\/p>\n<p>\n\tAlgusest peale on etendusanaluusi tegijaid vaevanud subjektiivsuse ja s\u00fcsteemsuse probleem ehk soov j\u00f5uda v\u00f5imalikult suure teadusliku s\u00fcsteemsuseni. 1970.\u20131980. aastail leevendas seda probleemi <strong>semiootika<\/strong> kui strukturalistlik anal\u00fc\u00fcsimeetod. Semiootika ehk m\u00e4rgiteadus k\u00e4sitleb teatri k\u00f5iki v\u00e4ljendusvahendeid teatrikeelena. Teatrisemiootika keskendub etenduse kui erinevatest m\u00e4rgis\u00fcsteemidest koosneva keerulise struktuuri uurimisele. P\u00f5hik\u00fcsimus on lava ja saali vahelises kommunikatsioonis: kuidas etendus loob t\u00e4hendusi ja kuidas vaataja seda k\u00f5ike m\u00f5istab.\u00a0\n<\/p>\n<p>\n\tHiljem on semiootikat k\u00f5vasti kritiseeritud seet\u00f5ttu, et ta l\u00e4htub liiga palju vormist ja t\u00e4hendusest ning j\u00e4tab k\u00f5rvale etenduse materiaalsuse, stiili, energia, atmosf\u00e4\u00e4ri jms, mis t\u00e4hendusloomes ei osale. Patrice Pavis on arvanud, et semiootika oleks pidanud ennast julgemalt kohandama ka mittetraditsiooniliste teatrivormide nagu postdraamatilise teatri ja kultuurietenduste anal\u00fc\u00fcsiks laiemalt. (Pavis 2016: 223\u2013224) Vaatamata kriitikale on semiootika t\u00f5estanud ennast t\u00f5husa t\u00f6\u00f6riistana, kui seda loovalt kasutada. Eestis ei m\u00f5isteta ega kasutata semiootikat kui meetodit ka nii kitsalt kui m\u00f5nes teises kultuuriruumis.\n<\/p>\n<p>\n\t1980. aastail hakati semiootilist etendusanaluusi t\u00e4iendama <strong>fenomenoloogilise l\u00e4henemisega<\/strong>, mis tegeleb asjade ja n\u00e4htuste kui fenomenide uurimisega. Erinevalt semiootikast keskendus teatrifenomenoloogia osade asemel tervikule ja t\u00e4hendusloome asemel vaataja meelelisele tajule. Etendusanal\u00fc\u00fcsi fookusesse kerkisid nii hoopis uued fenomenid, n\u00e4iteks keha, atmosf\u00e4\u00e4r, energia, meeleolu jm. Fenomenoloogia sobis semiootikast paremini ka mittetraditsiooniliste teatrivormide anal\u00fc\u00fcsiks. Vaatamata sellele minetas fenomenoloogia oma domineeriva positsiooni etendusanaluusis \u00fcsna kiiresti, sest tegemist pole range meetodi, vaid pigem teatud fenomene tundlikult kirjeldava ja t\u00f5lgendava l\u00e4henemisnurgaga. 21. sajandil on levinud semiootika ja fenomenoloogia kombineerimine etendusanaluusis.\n<\/p>\n<p>\n\tEtendusanal\u00fc\u00fcsiga on otseselt seotud ka vaataja, nii tema sotsiaalne ja kultuuriline taust kui ka vastuv\u00f5tuprotsess. <strong>Publiku-uuringud<\/strong> kui teadusvaldkond keskendubki teatripubliku ja etenduse vastuv\u00f5tu uurimisele. Selle valdkonna v\u00f5ib jagada kaheks:\u00a0\n<\/p>\n<ul>\n<li>\n\t\tpubliku-uuringud kitsamas t\u00e4henduses: uuritakse konkreetseid teatrik\u00fclastajaid,\n\t<\/li>\n<li>\n\t\tretseptsiooni-uuringud: uuritakse m\u00f5ne autori loomingu v\u00f5i m\u00f5ne lavastuse vastuv\u00f5ttu v\u00f5i m\u00f5nd retseptsiooniga seotud \u00fcldisemat teemat (n\u00e4iteks vaatajate samastumist tegelastega).\u00a0\n\t<\/li>\n<\/ul>\n<p>\n\tRetseptsiooniuuringute keskne k\u00fcsimus on, kuidas vaatajad tajuvad, m\u00f5istavad ja t\u00f5lgendavad etendust. Kuna etenduse vastuv\u00f5tt s\u00f5ltub k\u00f5ige rohkem konkreetsest teosest, siis tuleks anal\u00fc\u00fcsida ka etendust.\u00a0\n<\/p>\n<p>\n\tPubliku-uuringud laiemalt kuuluvad <strong>teatrisotsioloogia<\/strong> alla. Teatrisotsioloogia uurib teatri kui institutsiooni toimimist, teatritegemise erinevaid praktikaid, teatri ja teatritegijate kohta \u00fchiskonnas ning teatri ja \u00fchiskonna omavahelisi suhteid laiemalt. Selle uurimisvaldkonnaga hakati tegelema 1950. aastatel. Teatrisotsioloogia p\u00f5hineb tihti suurtel andmemahtudel ning eeldab p\u00f5hjalikke teadmisi teatrist ja kompleksseid uurimismeetodeid.\n<\/p>\n<p>\n\tSelles \u00f5pikus on eraldi peat\u00fckina esitatud ka <strong>soouurimuslikku vaatepunkti<\/strong>, mis on uurimissuunana \u00fchelt poolt seotud etendusanaluusi ja teiselt poolt teatrisotsioloogiaga. Soouuringute raames anal\u00fc\u00fcsitakse, kuidas m\u00f5jutab sugu tegelaste kujutamist, aga ka teatri tegemist, s.t fookuses on nii tegelaste kui ka teatritegijate seksuaalne ja sotsiaalne identiteet. Populaarsed uurimisteemad sellest vaatepunktist on n\u00e4iteks tegelaste kujutamine nende soost l\u00e4htudes v\u00f5i naisn\u00e4itekirjanike ja -lavastajate looming. Kui soouurimuslikul k\u00e4sitlusel on selgelt nais\u00f5iguslik eesm\u00e4rk, siis v\u00f5ib seda nimetada feministlikuks uurimiseks.\n<\/p>\n<p>\n\tTeatriajaloo, -sotsioloogia ja -esteetikaga on seotud ka <strong>teatriantropoloogia<\/strong>, mis tegeleb teatri tekke ja olemuse, piiride ning funktsioonide uurimisega. Teatriantropoloogia hakkas arenema 20. sajandi alguses, kui Cambridge\u2019i antropoloogid p\u00fcstitasid teooria, et teater on v\u00e4lja kasvanud mingist \u00fcrgsest rituaalist. K\u00fcsimus, kuidas ja miks teater tekkis, p\u00fcsib aktuaalsena t\u00e4nap\u00e4evani. Teatripraktikud nagu Antonin Artaud, Jerzy Grotowski, Peter Brook, Ariane Mnouchkine ja Eugenio Barba p\u00fc\u00fcdsid aga taastada teatri elavat sidet rituaaliga, et anda seel\u00e4bi teatrile uus eluj\u00f5ud. Selleks tegeleti m\u00fc\u00fctide, muinasjuttude ja arhet\u00fc\u00fcpidega ning vormiliselt liiguti kahes vastandlikus suunas: kas n-\u00f6 vaese teatri poole, vabanedes k\u00f5igest \u00fcleliigsest, v\u00f5i rikastades teatrikeelt laenudega teistest kultuuridest.\u00a0\n<\/p>\n<table class=\"table table-hover\" border=\"0\" cellpadding=\"1\" cellspacing=\"1\" style=\"width: 100%\">\n<tbody>\n<tr>\n<td style=\"text-align: center;vertical-align: middle\">\n\t\t\t\t<img loading=\"lazy\" decoding=\"async\" width=\"314\" height=\"400\" class=\"alignnone wp-image-144\" style=\"width: 173px;height: 220px;float: left\" src=\"https:\/\/sisu.ut.ee\/wp-content\/uploads\/sites\/556\/s_antonin_artaud.jpg\" title=\"Antonin Artaud (Gallica)\" alt=\"Antonin Artaud\" srcset=\"https:\/\/sisu.ut.ee\/wp-content\/uploads\/sites\/556\/s_antonin_artaud.jpg 314w, https:\/\/sisu.ut.ee\/wp-content\/uploads\/sites\/556\/s_antonin_artaud-236x300.jpg 236w\" sizes=\"auto, (max-width: 314px) 100vw, 314px\">\n\t\t\t<\/td>\n<td style=\"text-align: center;vertical-align: middle\">\n\t\t\t\t<img loading=\"lazy\" decoding=\"async\" width=\"500\" height=\"275\" class=\"alignnone wp-image-141\" style=\"width: 400px;height: 220px;float: left\" src=\"https:\/\/sisu.ut.ee\/wp-content\/uploads\/sites\/556\/grotowski.jpg\" title=\"Jerzy Grotowski (PAP\/Andrzej Rybczy\u0144ski)\" alt=\"Jerzy Grotowski\" srcset=\"https:\/\/sisu.ut.ee\/wp-content\/uploads\/sites\/556\/grotowski.jpg 500w, https:\/\/sisu.ut.ee\/wp-content\/uploads\/sites\/556\/grotowski-300x165.jpg 300w\" sizes=\"auto, (max-width: 500px) 100vw, 500px\">\n\t\t\t<\/td>\n<td style=\"text-align: center;vertical-align: middle\">\n\t\t\t\t<img loading=\"lazy\" decoding=\"async\" width=\"700\" height=\"900\" class=\"alignnone wp-image-142\" style=\"width: 171px;height: 220px;float: left\" src=\"https:\/\/sisu.ut.ee\/wp-content\/uploads\/sites\/556\/brook_peter.jpg\" title=\"Peter Brook (Young Vic)\" alt=\"Peter Brook\" srcset=\"https:\/\/sisu.ut.ee\/wp-content\/uploads\/sites\/556\/brook_peter.jpg 700w, https:\/\/sisu.ut.ee\/wp-content\/uploads\/sites\/556\/brook_peter-233x300.jpg 233w\" sizes=\"auto, (max-width: 700px) 100vw, 700px\">\n\t\t\t<\/td>\n<\/tr>\n<\/tbody>\n<\/table>\n<p>\n\tNagu eelnevast n\u00e4ha, tegelevad teatri uurimisega nii teatriteadlased kui ka -praktikud, tihti just lavastajad. Teatri uurimist praktika kaudu nimetatakse <strong>loovuurimuseks<\/strong>. See uurimisvaldkond muutus eriti populaarseks siis, kui mitmed kunstiakadeemiad v\u00f5i konservatooriumid said \u00fclikooli staatuse v\u00f5i \u00fchendati \u00fclikoolidega ning \u00fclikoolile kohaselt hakati ka seal t\u00f6\u00f6tavatelt kunstnikelt-\u00f5ppej\u00f5ududelt lisaks \u00f5ppet\u00f6\u00f6le n\u00f5udma teadust\u00f6\u00f6d. Seet\u00f5ttu v\u00f5eti paljud juba 1970. aastail alguse saanud loovuurimuslikud praktikad kunstialadel laialdasemalt kasutusse 20. ja 21. sajandi vahetusel. Loovuurimusega saavad tegeleda k\u00f5ik teatriga seotud praktikud: lavastajad, n\u00e4itlejad, tantsijad, lauljad, dramaturgid, stsenograafid ja teised.\n<\/p>\n<p>\n\t<img loading=\"lazy\" decoding=\"async\" width=\"489\" height=\"400\" class=\"alignnone wp-image-143\" style=\"float: left\" src=\"https:\/\/sisu.ut.ee\/wp-content\/uploads\/sites\/556\/s_richard_schechner.jpg\" title=\"Richard Schechner. (EASTAP)\" alt=\"Richard Schechner\" srcset=\"https:\/\/sisu.ut.ee\/wp-content\/uploads\/sites\/556\/s_richard_schechner.jpg 489w, https:\/\/sisu.ut.ee\/wp-content\/uploads\/sites\/556\/s_richard_schechner-300x245.jpg 300w\" sizes=\"auto, (max-width: 489px) 100vw, 489px\">Nagu eelnevalt juttu, on teater 20. sajandil paljuski kokku kasvanud teiste etenduskunstidega ning sulandunud osaliselt ka teiste kunstide ja kultuurietendustega. Osaliselt teatri kui kunstiliigi ja etenduse kui katusm\u00f5iste laieneva arengu t\u00f5ttu ning osaliselt seet\u00f5ttu, et teatrikoolitus ja -teadus on olnud \u00fclikoolides ebakindlas positsioonis, tulenes ka vajadus koost\u00f6\u00f6 j\u00e4rele teiste alade praktikute ja teadlastega. (Jackson 2004) 1980ndail kasvas teatriteaduse ja antropoloogia koost\u00f6\u00f6st v\u00e4lja uus distsipliin \u2013 <strong>etendusuuringud<\/strong> (<em>performance studies<\/em>), mille uurimisalasse kuuluvad k\u00f5ik kultuurietendused: rituaalid, tseremooniad, meelelahutus, sport, m\u00e4ngud, avalikud esinemised jms. Selle valdkonna juhtkuju on New Yorgi \u00fclikooli emeriitprofessor, lavastaja ja teatriteadlane Richard Schechner. Etendusuuringud ongi \u00fchekorraga nii praktika, teooria kui ka akadeemiline teadusharu. (Schechner 2020: 12)\n<\/p>\n<p>\n\t\u00a0<\/p>\n","protected":false},"excerpt":{"rendered":"<p>Kuigi teatriteooriaid, \u00fcksikuurimusi ja teatrikriitikat kirjutati ka juba enne, hakati alles 20. sajandil tegelema teatriuurimise metodoloogiaga ehk sellega, mida ja kuidas (mis meetoditega) s\u00fcsteemselt uurida. Teatriteadusel (theatre research, theatre studies) on kaks nn juurt. Ingliskeelsetes maades (peamiselt Suurbritannias ja USAs) &#8230;<\/p>\n","protected":false},"author":6,"featured_media":0,"parent":0,"menu_order":0,"comment_status":"closed","ping_status":"closed","template":"","meta":{"_acf_changed":false,"inline_featured_image":false,"footnotes":""},"class_list":["post-17","page","type-page","status-publish","hentry"],"acf":[],"_links":{"self":[{"href":"https:\/\/sisu.ut.ee\/etenduskunstid\/wp-json\/wp\/v2\/pages\/17","targetHints":{"allow":["GET"]}}],"collection":[{"href":"https:\/\/sisu.ut.ee\/etenduskunstid\/wp-json\/wp\/v2\/pages"}],"about":[{"href":"https:\/\/sisu.ut.ee\/etenduskunstid\/wp-json\/wp\/v2\/types\/page"}],"author":[{"embeddable":true,"href":"https:\/\/sisu.ut.ee\/etenduskunstid\/wp-json\/wp\/v2\/users\/6"}],"replies":[{"embeddable":true,"href":"https:\/\/sisu.ut.ee\/etenduskunstid\/wp-json\/wp\/v2\/comments?post=17"}],"version-history":[{"count":1,"href":"https:\/\/sisu.ut.ee\/etenduskunstid\/wp-json\/wp\/v2\/pages\/17\/revisions"}],"predecessor-version":[{"id":482,"href":"https:\/\/sisu.ut.ee\/etenduskunstid\/wp-json\/wp\/v2\/pages\/17\/revisions\/482"}],"wp:attachment":[{"href":"https:\/\/sisu.ut.ee\/etenduskunstid\/wp-json\/wp\/v2\/media?parent=17"}],"curies":[{"name":"wp","href":"https:\/\/api.w.org\/{rel}","templated":true}]}}