{"id":274,"date":"2024-10-03T12:04:16","date_gmt":"2024-10-03T09:04:16","guid":{"rendered":"https:\/\/sisu.ut.ee\/estwell\/?page_id=274"},"modified":"2025-02-03T14:10:26","modified_gmt":"2025-02-03T12:10:26","slug":"noukogu","status":"publish","type":"page","link":"https:\/\/sisu.ut.ee\/estwell\/noukogu\/","title":{"rendered":"N\u00f5ukogu"},"content":{"rendered":"<p><\/p>\n\n\n\n<p>N\u00f5ukogu liikmed:<\/p>\n\n\n\n<ol class=\"wp-block-list\">\n<li><strong>Andero Uusberg<\/strong>, Tartu \u00dclikool<\/li>\n\n\n\n<li><strong>Taavi Tillmann<\/strong>, Tartu \u00dclikool<\/li>\n\n\n\n<li><strong>Ivo Fridolin<\/strong>, TalTech<\/li>\n\n\n\n<li><strong>Katrin Tiidenberg<\/strong>, Tallinna \u00dclikool<\/li>\n\n\n\n<li><strong>Kairi Kreegipuu<\/strong>, Tartu \u00dclikool<\/li>\n\n\n\n<li><strong>Kadri Leetmaa<\/strong>, Tartu \u00dclikool<\/li>\n\n\n\n<li><strong>Uku Vainik<\/strong>, Tartu \u00dclikool<\/li>\n\n\n\n<li><strong>Kelli Lehto<\/strong>, Tartu \u00dclikool<\/li>\n\n\n\n<li><strong>Merike Sisask<\/strong>, Tallinna \u00dclikool<\/li>\n\n\n\n<li><strong>Peeter Ross<\/strong>, TalTech<\/li>\n\n\n\n<li><strong>Triin Lauri<\/strong>, Tallinna \u00dclikool<\/li>\n\n\n\n<li><strong>Maie Bachmann<\/strong>, TalTech<\/li>\n\n\n\n<li><strong>Kenn Konstabel<\/strong>, TAI<\/li>\n\n\n\n<li><strong>Karin Streimann<\/strong>, TAI<\/li>\n<\/ol>\n\n\n\n<p><\/p>\n\n\n\n<p>N\u00f5ukogu laiendatud koosseisu kuuluvad lisaks:<br><br>15. <strong>Rene M\u00f5ttus<\/strong>, Tartu \u00dclikool<br>16. <strong>Vladimir Tomberg<\/strong>, Tallinna \u00dclikool<br>17. <strong>Kirsti Akkermann<\/strong>, Tartu \u00dclikool<br>18. <strong>Jekaterina Reut<\/strong>, TalTech<br>19. <strong>Pirko T\u00f5ugu<\/strong>, Tartu \u00dclikool<br>20. <strong>Mare Ainsaar<\/strong>, Tartu \u00dclikool<\/p>\n","protected":false},"excerpt":{"rendered":"<p>N\u00f5ukogu liikmed: N\u00f5ukogu laiendatud koosseisu kuuluvad lisaks: 15. Rene M\u00f5ttus, Tartu \u00dclikool16. Vladimir Tomberg, Tallinna \u00dclikool17. Kirsti Akkermann, Tartu \u00dclikool18. Jekaterina Reut, TalTech19. Pirko T\u00f5ugu, Tartu \u00dclikool20. Mare Ainsaar, Tartu \u00dclikool<\/p>\n","protected":false},"author":608,"featured_media":0,"parent":0,"menu_order":0,"comment_status":"closed","ping_status":"closed","template":"","meta":{"_acf_changed":false,"inline_featured_image":false,"footnotes":""},"class_list":["post-274","page","type-page","status-publish","hentry"],"acf":[],"_links":{"self":[{"href":"https:\/\/sisu.ut.ee\/estwell\/wp-json\/wp\/v2\/pages\/274","targetHints":{"allow":["GET"]}}],"collection":[{"href":"https:\/\/sisu.ut.ee\/estwell\/wp-json\/wp\/v2\/pages"}],"about":[{"href":"https:\/\/sisu.ut.ee\/estwell\/wp-json\/wp\/v2\/types\/page"}],"author":[{"embeddable":true,"href":"https:\/\/sisu.ut.ee\/estwell\/wp-json\/wp\/v2\/users\/608"}],"replies":[{"embeddable":true,"href":"https:\/\/sisu.ut.ee\/estwell\/wp-json\/wp\/v2\/comments?post=274"}],"version-history":[{"count":6,"href":"https:\/\/sisu.ut.ee\/estwell\/wp-json\/wp\/v2\/pages\/274\/revisions"}],"predecessor-version":[{"id":1376,"href":"https:\/\/sisu.ut.ee\/estwell\/wp-json\/wp\/v2\/pages\/274\/revisions\/1376"}],"wp:attachment":[{"href":"https:\/\/sisu.ut.ee\/estwell\/wp-json\/wp\/v2\/media?parent=274"}],"curies":[{"name":"wp","href":"https:\/\/api.w.org\/{rel}","templated":true}]}}