{"id":25,"date":"2024-09-04T20:31:07","date_gmt":"2024-09-04T17:31:07","guid":{"rendered":"https:\/\/sisu.ut.ee\/estwell\/?page_id=25"},"modified":"2025-11-26T17:31:08","modified_gmt":"2025-11-26T15:31:08","slug":"kontakt","status":"publish","type":"page","link":"https:\/\/sisu.ut.ee\/estwell\/kontakt\/","title":{"rendered":"Kontakt"},"content":{"rendered":"<p><\/p>\n\n\n\n<p>Tippkeskus aitab leida teadlasi:\u00a0\u00a0<\/p>\n\n\n\n<ul class=\"wp-block-list\">\n<li>konsulteerima ja\/v\u00f5i teostama erinevaid uuringuid, katsetusi ja strateegiaid.\u00a0<\/li>\n\n\n\n<li>esinema seminaridele ja konverentsile v\u00f5i andma meedias kommentaare\u00a0<\/li>\n<\/ul>\n\n\n\n<p>Teeme koost\u00f6\u00f6d erinevate sidusr\u00fchmadega, nagu ministeeriumid, valitsusasutused, katusorganisatsioonid ning \u00fcksikud vaba\u00fchendused ja ettev\u00f5tted.\u00a0<\/p>\n\n\n\n<p>Meie ametlikeks partneriteks on Peaasi, VATEK, Innotiim, Tervise Arengu Instituut, Personaalmeditsiini Selts ja Sotsiaalministeeriumi vaimse tervise osakond.<\/p>\n\n\n\n<p>Kirjuta meile, kui soovid teha koost\u00f6\u00f6d!<\/p>\n\n\n\n<div class=\"video-placeholder-wrapper video-placeholder-wrapper--fixed\" style=\"height: 480pxpx;\">\n\t\t\t    <div class=\"video-placeholder d-flex justify-content-center align-items-center\">\n\t\t\t        <div class=\"overlay text-white p-2 w-100 text-center d-block justify-content-center align-items-center\">\n\t\t\t            <div>Kolmandate osapoolte sisu n\u00e4gemiseks palun n\u00f5ustu k\u00fcpsistega.<\/div>\n\t\t\t            <button class=\"btn btn-secondary btn-sm mt-1 consent-change\">Muuda n\u00f5usolekut<\/button>\n\t\t\t        <\/div>\n\t\t\t    <\/div>\n\t\t\t<\/div>\n\n\n\n\n<p><\/p>\n\n\n\n<p><\/p>\n\n\n\n<p><strong>Tippkeskuse administratiivsed t\u00f6\u00f6tajad:<\/strong><\/p>\n\n\n<div class=\"person-card person-card--wide border-bottom py-2 mb-4\">\n\t\t<div class=\"row px-2 px-lg-1\">\n\t\t\t<div class=\"col-md-4\">\n\t\t\t\t\t\t\t\t\t<h3 class=\"h4 mb-2\">Margit Meiesaar<\/h3>\n\t\t\t\t\t\t\t<\/div>\n\t\t\t<div class=\"col-md-4\">\n\t\t\t\t\t\t\t\t\t<div class=\"person-card__description mb-2 mb-md-0\">\n\t\t\t\t\t\t<p>tegevjuht (0,7)<\/p>\n\n\t\t\t\t\t<\/div>\n\t\t\t\t\t\t\t<\/div>\n\t\t\t<div class=\"col-md-4\">\n\t\t\t\t\t\t\t\t\t<div class=\"person-card__info text-md-end\">\n\t\t\t\t\t\t\t\t\t\t\t\t\t\t\t\t\t\t\t\t\t\t\t\t\t<a href=\"mailto:margit.meiesaar@ut.ee\" class=\"mb-0\">margit.meiesaar@ut.ee<\/a>\n\t\t\t\t\t\t\t\t\t\t\t<\/div>\n\t\t\t\t\t\t\t<\/div>\n\t\t<\/div>\n\t<\/div>\n\n\n<div class=\"person-card person-card--wide border-bottom py-2 mb-4\">\n\t\t<div class=\"row px-2 px-lg-1\">\n\t\t\t<div class=\"col-md-4\">\n\t\t\t\t\t\t\t\t\t<h3 class=\"h4 mb-2\">Stella T\u00e4ht-Vaik<\/h3>\n\t\t\t\t\t\t\t<\/div>\n\t\t\t<div class=\"col-md-4\">\n\t\t\t\t\t\t\t\t\t<div class=\"person-card__description mb-2 mb-md-0\">\n\t\t\t\t\t\t<p>kommunikatsioonijuht (0,3)<\/p>\n\n\t\t\t\t\t<\/div>\n\t\t\t\t\t\t\t<\/div>\n\t\t\t<div class=\"col-md-4\">\n\t\t\t\t\t\t\t\t\t<div class=\"person-card__info text-md-end\">\n\t\t\t\t\t\t\t\t\t\t\t\t\t\t\t\t\t\t\t\t\t\t\t\t\t<a href=\"mailto:stellata@tlu.ee\" class=\"mb-0\">stellata@tlu.ee<\/a>\n\t\t\t\t\t\t\t\t\t\t\t<\/div>\n\t\t\t\t\t\t\t<\/div>\n\t\t<\/div>\n\t<\/div>\n","protected":false},"excerpt":{"rendered":"<p>Tippkeskus aitab leida teadlasi:\u00a0\u00a0 Teeme koost\u00f6\u00f6d erinevate sidusr\u00fchmadega, nagu ministeeriumid, valitsusasutused, katusorganisatsioonid ning \u00fcksikud vaba\u00fchendused ja ettev\u00f5tted.\u00a0 Meie ametlikeks partneriteks on Peaasi, VATEK, Innotiim, Tervise Arengu Instituut, Personaalmeditsiini Selts ja Sotsiaalministeeriumi vaimse tervise osakond. Kirjuta meile, kui soovid teha koost\u00f6\u00f6d! &#8230;<\/p>\n","protected":false},"author":608,"featured_media":0,"parent":0,"menu_order":0,"comment_status":"closed","ping_status":"closed","template":"","meta":{"_acf_changed":false,"inline_featured_image":false,"footnotes":""},"class_list":["post-25","page","type-page","status-publish","hentry"],"acf":[],"_links":{"self":[{"href":"https:\/\/sisu.ut.ee\/estwell\/wp-json\/wp\/v2\/pages\/25","targetHints":{"allow":["GET"]}}],"collection":[{"href":"https:\/\/sisu.ut.ee\/estwell\/wp-json\/wp\/v2\/pages"}],"about":[{"href":"https:\/\/sisu.ut.ee\/estwell\/wp-json\/wp\/v2\/types\/page"}],"author":[{"embeddable":true,"href":"https:\/\/sisu.ut.ee\/estwell\/wp-json\/wp\/v2\/users\/608"}],"replies":[{"embeddable":true,"href":"https:\/\/sisu.ut.ee\/estwell\/wp-json\/wp\/v2\/comments?post=25"}],"version-history":[{"count":30,"href":"https:\/\/sisu.ut.ee\/estwell\/wp-json\/wp\/v2\/pages\/25\/revisions"}],"predecessor-version":[{"id":2818,"href":"https:\/\/sisu.ut.ee\/estwell\/wp-json\/wp\/v2\/pages\/25\/revisions\/2818"}],"wp:attachment":[{"href":"https:\/\/sisu.ut.ee\/estwell\/wp-json\/wp\/v2\/media?parent=25"}],"curies":[{"name":"wp","href":"https:\/\/api.w.org\/{rel}","templated":true}]}}