{"id":16,"date":"2024-09-04T20:29:18","date_gmt":"2024-09-04T17:29:18","guid":{"rendered":"https:\/\/sisu.ut.ee\/estwell\/?page_id=16"},"modified":"2026-04-05T22:43:51","modified_gmt":"2026-04-05T19:43:51","slug":"teadustulemused","status":"publish","type":"page","link":"https:\/\/sisu.ut.ee\/estwell\/teadustulemused\/","title":{"rendered":"Teadustulemused"},"content":{"rendered":"<p><strong>2026<\/strong><\/p>\n\n\n\n<p><a href=\"https:\/\/www.nature.com\/articles\/s44284-026-00420-4?fbclid=IwQ0xDSwQ8ja1leHRuA2FlbQIxMQBzcnRjBmFwcF9pZAo2NjI4NTY4Mzc5AAEeOONYiVMpVbdVaAbo5XKikLDYURnDOGcvJ9mkO6YafiiNwgElB3SyKnXr17M_aem_3RdecAY11lXXNBSME0lxRg\">The role of tech workers in ethnicity- and class-based urban segregation<\/a>, J\u0101nis Z\u0101l\u012bte,\u00a0Kadi Kalm,\u00a0Kadri Leetmaa\u00a0&amp;\u00a0Tiit Tammaru\u00a0<\/p>\n\n\n\n<p><a href=\"https:\/\/academic.oup.com\/eurheartj\/advance-article\/doi\/10.1093\/eurheartj\/ehag154\/8509251?login=false\">Prediction of incident heart failure in individuals without prior cardiovascular disease: the SCORE2-HF risk model<\/a>, Stephen Kaptoge, Spencer J. Keene, Tessa Reitsma, Wen Shi, Jennifer S. Lees, Laura L\u00f5o, Mari Nordb\u00f8 Gynnild, Chimweta Chilala, Scott Ritchie, Sarah Spackman, Gianluigi Saverese, Salil Deo, Xavier Rossello, Bin Zhou, Barry R Davis, Elizabeth L.M. Barr, Jarett Berry, Hermann Brenner, Edoardo Casiglia, Kevin Damman, Lori B. Daniels, James de Lemos, Chiara Donfrancesco, Marcus D\u00f6rr, James S. Floyd, Richard Gillum, Dominique Hange, J. Wouter Jukema, Stefan Kiechl, Jorge R. Kizer, Anna Kucharska-Newton, Daniel Levy, Dianna J. Magliano, Kunihiro Matsushita, Kirsten Mehlig, Peter M. Nilsson, Dorothea Nitsch, B\u00f8rge G. Nordestgaard, Michael H. Olsen, Luigi Palmieri, Bruce M. Psaty, Hee-Choon Shin, Lara Simpson, Johan Sundstr\u00f6m, Jozine M. Ter Maaten, Val\u00e9rie Tikhonoff, Stella Trompet, Anne Tybj\u00e6rg-Hansen, Henry V\u00f6lzke, Kristian Wachtell, Peter Willeit, Ruijie Xie, Shuyue Yang, Gregory Y. H. Lip, H\u00e5vard Dalen, Juan J Carrero, Majid Ezzati, Maryam Kavousi, John William McEvoy, Massimo Piepoli, Kamlesh Khunti, Stefan Koudstaal, John Danesh, Angela Wood, Frank L. J. Visseren, Nathalie Conrad, Taavi Tillmann, \u0141ukasz Ku\u017ama, Jannick A. N. Dorresteijn, Charlotte Andersson, Steven H. J. Hageman, Emanuele Di Angelantonio<\/p>\n\n\n\n<p><a href=\"https:\/\/academic.oup.com\/ije\/article\/55\/2\/dyag027\/8512334?login=false\">Data Resource Profile: Linking nationwide health and social registries in Estonia (BIG-HEART)<\/a>, <a>Laura L\u00f5o<\/a>,\u00a0<a>Nikita Umov<\/a>,\u00a0<a>Marek Oja<\/a>, <a>Sulev Reisberg<\/a>, <a>Anneli Uusk\u00fcla<\/a>, <a>Raivo Kolde<\/a>, <a>Taavi Tillmann<\/a><\/p>\n\n\n\n<p><a href=\"https:\/\/psycnet.apa.org\/fulltext\/2027-42662-001.pdf?auth_token=0f5aeab1315a896757781bdbefac18138cf86e44&amp;returnUrl=https%3A%2F%2Fpsycnet.apa.org%2FdoiLanding%3Fdoi%3D10.1037%252Fcps0000344\" target=\"_blank\" rel=\"noreferrer noopener\">Emotion regulation in psychopathology: Integrating the extended process model of emotion regulation with the hierarchical taxonomy of psychopathology<\/a>, Jonas Everaert, Helen Uusberg, Nessa Ikani, Marlies Houben, Andero Uusberg &amp; Yael Millgram<\/p>\n\n\n\n<p><a href=\"https:\/\/www.tandfonline.com\/doi\/full\/10.1080\/02673037.2026.2617580\">Residential echoes: intergenerational transmission of residential position amid societal upheaval<\/a>, Elina Maarja Suitso, Tiit Tammaru, Kadi Kalm, Allan Puur, Kadri Leetmaa<\/p>\n\n\n\n<p><a href=\"https:\/\/pubmed.ncbi.nlm.nih.gov\/41412341\/\">Regulatory flexibility and psychological health \u2013 Is more always better?<\/a>, Kaitlyn M. Werner, David A. Preece, Elliot T. Berkman, James J. Gross<\/p>\n\n\n\n<p><a href=\"https:\/\/www.sciencedirect.com\/science\/article\/abs\/pii\/S0038012125001867\">Inclusive Education and Parental Choice: How Student Characteristics Affect School Efficiency<\/a>, Simona Ferraro, Kaire P\u00f5der, Triin Lauri<\/p>\n\n\n\n<p><strong>2025<\/strong><\/p>\n\n\n\n<p><a href=\"https:\/\/aclanthology.org\/2025.clpsych-1.1\/\">Assessing the Reliability and Validity of GPT-4 in Annotating Emotion Appraisal Ratings<\/a>, Deniss Ruder, Andero Uusberg, Kairit Sirts<\/p>\n\n\n\n<p><a href=\"https:\/\/onlinelibrary.wiley.com\/doi\/10.1111\/psyp.70209\">High-Frequency SSVEP: Evidence for Task-Driven but Not for Stimulus-Driven Affective Attention<\/a>, Richard Naar, Siim Erik Taras, Liisa Korts, Andero Uusberg, Helen Uusberg<\/p>\n\n\n\n<p><a href=\"https:\/\/ieeexplore.ieee.org\/document\/11253319\/authors#authors\">Longitudinal Stability of Detrended Fluctuation Analysis in Monthly Recorded EEG Signals<\/a>, Tuuli Uudeberg, Laura P\u00e4eske, Maie Bachmann<\/p>\n\n\n\n<p><a href=\"https:\/\/www.nature.com\/articles\/s41467-025-64006-9\">Characterization of prevalent genetic variants in the Estonian Biobank body-mass index GWAS<\/a>, Erik Abner, Kanwal Batool, Nele Taba, Tiit Nikopensius, Kristi L\u00e4ll, Anastasiia Alekseienko, Anders Eriksson, Joel R\u00e4m\u00f6, Hele Haapaniemi, Hanna Maria Kariis, Liis Haljasm\u00e4gi, Urmo V\u00f5sa, Taavi Tillmann, Uku Vainik, Kelli Lehto, Hanna M. Ollila, Kai Kisand, Estonian Biobank Research Team &amp; T\u00f5nu Esko\u00a0<\/p>\n\n\n\n<p><a href=\"https:\/\/ieeexplore.ieee.org\/document\/11253189\">Identifying EEG Connections Associated with the Balance Between Alpha Functional Connectivity and Small-Worldness<\/a>, Laura P\u00e4eske, Hiie Hinrikus, Jaanus Lass, Maie Bachmann<\/p>\n\n\n\n<p><a href=\"https:\/\/ieeexplore.ieee.org\/document\/11254414\">Temporal Stability of Higuchi\u2019s Fractal Dimension in EEG Signals of Healthy Individuals<\/a>, Safoora Masoumirad, Laura P\u00e4eske, Jaanus Lass, Maie Bachmann<\/p>\n\n\n\n<p><a href=\"https:\/\/rdcu.be\/eSuCW\">Uncharted territory: system mapping of\u00a0school-based mental health problem prevention<\/a>, Eike Siilbek, Karin Streimann, Andero Uusberg<\/p>\n\n\n\n<p><a href=\"https:\/\/pubmed.ncbi.nlm.nih.gov\/40541134\/\">Exploring pitch and length perception: An EEG study on quantity discrimination in preschoolers with developmental language disorder<\/a>, Liis Themas, Erik Samuel Nickel, P\u00e4rtel Lippus, Marika Padrik, Kairi Kreegipuu<\/p>\n\n\n\n<p><a href=\"https:\/\/www.nature.com\/articles\/s41380-025-03084-z\">Genome-wide association meta-analysis and rare copy number variant analysis of treatment-resistant depression<\/a>, Ying Xiong,\u00a0Kristi Krebs,\u00a0Bradley Jermy, Robert Karlsson,\u00a0Jo\u00eblle A. Pasman,\u00a0Thuy-Dung Nguyen,\u00a0Tong Gong,\u00a0Kaarina Kowalec,\u00a0Christian R\u00fcck,\u00a0Robert Sigstr\u00f6m,\u00a0Lina Jonsson,\u00a0Caitlin C. Clements,\u00a0Elin H\u00f6rbeck,\u00a0Evelyn Andersson,\u00a0Julia B\u00e4ckman,\u00a0FinnGen,\u00a0Estonian Biobank Research Team,\u00a0Andrea Ganna,\u00a0Jakob German,\u00a0Patrick F. Sullivan,\u00a0Mikael Land\u00e9n,\u00a0Kelli Lehto\u00a0&amp;\u00a0Yi Lu<\/p>\n\n\n\n<p><a href=\"https:\/\/www.nature.com\/articles\/s41588-025-02396-8\">Genome-wide association analyses identify distinct genetic architectures for early-onset and late-onset depression<\/a>, John R. Shorter, Jo\u00eblle A. Pasman, Siim Kurvits, Andreas Jangmo, Joonas Naamanka, Arvid Harder, Espen Hagen, Kaarina Kowalec, Nelli Frilander, Richard Zetterberg, Joeri J. Meijsen, Jesper R. G\u00e5din, Jacob Bergstedt, Ying Xiong, Sara H\u00e4gg, Mikael Land\u00e9n, Christian R\u00fcck, John Wallert, Alkistis Skalkidou, Elise Koch, Bayram C. Akdeniz, Oleksandr Frei, FinnGen, Iiris Hovatta, Ted Reichborn-Kjennerud, Thomas M. Werge, Patrick F. Sullivan, Ole A. Andreassen, Martin Tesli, Kelli Lehto, Alfonso Buil &amp; Yi Lu\u00a0<\/p>\n\n\n\n<p><a href=\"https:\/\/www.nature.com\/articles\/s41598-025-01844-z\">Intradialytic optical assessment of C-mannosyl tryptophan removal using spent dialysate<\/a>, Joosep Paats, Annika Adoberg, Liisi Leis, J\u00fcrgen Arund, Kai Lauri, Merike Luman, Risto Tanner, Jana Holmar, Kristjan Pilt &amp; Ivo Fridolin<\/p>\n\n\n\n<p><a href=\"https:\/\/psycnet.apa.org\/record\/2026-88139-001?doi=1\">Not just for tough times: The efficacy and mechanisms of positive goal reappraisal in negative, neutral, and positive contexts<\/a>, Maria Kraju\u0161kina, Richard Naar, Andero Uusberg, James J. Gross, Helen Uusberg<\/p>\n\n\n\n<p><a href=\"https:\/\/journals.sagepub.com\/doi\/full\/10.1177\/09697764251388979\">Digital transformation through the lens of peripheralisation: Double exclusion of ageing rural localities in an advanced e-country<\/a>, Kadri Leetmaa, Mariia Bochkova, Kadri Kangro, Triin K\u00fcbar, Katri-Liis Lepik, Ingmar Pastak, Bianka Pl\u00fcschke-Altof<\/p>\n\n\n\n<p><a href=\"https:\/\/doi.org\/10.1080\/02699931.2025.2566298\">Unpacking reappraisal: different appraisal shifts underlie reappraisal effects on valence and activation<\/a>, Maria Kraju\u0161kina, Annikki Remmelgas, Helen Uusberg, Andero Uusberg<\/p>\n\n\n\n<p><a href=\"https:\/\/www.nature.com\/articles\/s41598-025-13614-y\">Individual stability of single-channel EEG measures over one year in healthy adults<\/a>, Tuuli Uudeberg, Laura P\u00e4eske, Hiie Hinrikus, Jaanus Lass, Toomas P\u00f5ld &amp; Maie Bachmann<\/p>\n\n\n\n<p><a href=\"https:\/\/www.nature.com\/articles\/s41746-025-01672-5\">Agile evaluation including two pragmatic trials on the uptake of a digital screening service<\/a>, Taavi Tillmann, Andrew Copas, Paul Stokes, Nick Udell, Jo Stead, Jin Lim, Gene Libow<\/p>\n\n\n\n<p><a href=\"https:\/\/link.springer.com\/article\/10.1007\/s10935-025-00858-7\">Becoming a Member of the Prevention Club: Development of Interdisciplinary Prevention Terminology<\/a>, Karin Streimann, Triin Vilms, Ruth Erm, Kersti P\u00e4rna, Dagmar Kutsar, Andero Uusberg, Evelyn Kiive, Merike Sisask, Sirje Vaask, Jana Holmar, Kadi Lubi, \u00dclle Ernits, Merle Varik, Kaja-Triin Laisaar<\/p>\n\n\n\n<p><a href=\"https:\/\/academic.oup.com\/ndt\/article\/40\/Supplement_2\/ii18\/8074954?login=false#google_vignette\" data-type=\"link\" data-id=\"https:\/\/academic.oup.com\/ndt\/article\/40\/Supplement_2\/ii18\/8074954?login=false#google_vignette\">Cognitive impairment in chronic kidney disease: role of brain imaging, functional imaging, electroencephalography, cerebrospinal fluid biomarkers and sensors<\/a>, <a>Alexandre Andrade<\/a>,\u00a0<a>Maie Bachmann<\/a>,\u00a0<a>Micka\u00ebl Bobot<\/a>,\u00a0<a>Annette Bruchfeld<\/a>,\u00a0<a>Ivo Fridolin<\/a>,\u00a0<a>Laila-Yasmin Mani<\/a>,\u00a0<a>Hong Xu<\/a>, <a>CONNECT Action (Cognitive Decline in Nephro-Neurology European Cooperative Target) collaborators<\/a><\/p>\n\n\n\n<p><a href=\"https:\/\/www.cogitatiopress.com\/urbanplanning\/article\/view\/9118\">Co-Creating Change: Seedbed Interventions as Catalysts for Equitable Urban Planning\u2014The Case of Ume\u00e5<\/a>, Julia G\u00e4ckle, Mariia Chebotareva, Bianka Pl\u00fcschke-Altof, Jannis Meul, Ilkka V\u00e4\u00e4n\u00e4nen, Shreya Utkarsh, Axel Timpe, Frank Lohrberg, Taru Suutari, Eva Maaherra Lovheim, Tadhg MacIntyre<\/p>\n\n\n\n<p><a href=\"https:\/\/utpsuhholoogiainstituut.smai.ly\/r?oid=17904&amp;mid=F85Z7N5rb&amp;lid=odn1ofpe&amp;url=https%3A%2F%2Fdoi.org%2F10.1037%2Fabn0000967&amp;s=a8641a777cb99934caad3b53bdb4941e4a54d86a77650800663b3cf03c2f9c55\" target=\"_blank\" rel=\"noreferrer noopener\">Assessing the overlap of personality traits and internalizing psychopathology using multi-informant data: Two sides of the same coin?<\/a>, Helo Liis Soodla,\u00a0Kelli Lehto,\u00a0Kadri K\u00f5iv,\u00a0Uku Vainik,\u00a0Kirsti Akkermann,\u00a0Ren\u00e9 M\u00f5ttus<\/p>\n\n\n\n<p><a href=\"http:\/\/doi.org\/10.31577\/cas.2024.02.631\">Social Tension Risk Index. Individual and Society<\/a>, Mare Ainsaar, Oliver Nahkur, Marianna Makarova<\/p>\n\n\n\n<p><a href=\"https:\/\/www.mdpi.com\/1424-8220\/24\/23\/7438\" data-type=\"link\" data-id=\"https:\/\/www.mdpi.com\/1424-8220\/24\/23\/7438\">The Impact of the Natural Level of Blood Biochemicals on Electroencephalographic Markers in Healthy People<\/a>, Laura P\u00e4eske, Hiie Hinrikus, Jaanus Lass, Toomas P\u00f5ld, Maie Bachmann<\/p>\n\n\n\n<p><a href=\"https:\/\/www.sciencedirect.com\/science\/article\/abs\/pii\/S0925400525000760?via%3Dihub\">Ruthenium oxide electrode integrated with molecularly imprinted polymer for direct electrochemical sensing of a neurotrophic factor protein<\/a>, Akinrinade George\u00a0Ayankojo,\u00a0Jekaterina\u00a0Reut,\u00a0Roman\u00a0Boroznjak,\u00a0Vitali\u00a0S\u00f5ritski<\/p>\n\n\n\n<p><a href=\"https:\/\/pubmed.ncbi.nlm.nih.gov\/40450258\/\">Nurses\u2019 assessments of the work environment, organisational culture and work arrangements: a cross-sectional study of Estonian hospitals in 1999, 2009 and 2021<\/a>, Ulvi K\u00f5rgemaa, Merike Sisask, \u00dclle Ernits<\/p>\n\n\n\n<p><\/p>\n\n\n\n<p><strong>2024<\/strong><\/p>\n\n\n\n<p><a href=\"https:\/\/www.sciencedirect.com\/science\/article\/pii\/S0001691824004517?via%3Dihub\">Skin conductance response and habituation to emotional facial expressions and words<\/a>, Liina\u00a0Juuse,\u00a0Diina\u00a0Tamm,\u00a0Kaidi\u00a0L\u00f5o,\u00a0J\u00fcri\u00a0Allik,\u00a0Kairi\u00a0Kreegipuu<\/p>\n\n\n\n<p><a href=\"https:\/\/www.mdpi.com\/2073-4360\/16\/10\/1394\" data-type=\"link\" data-id=\"https:\/\/www.mdpi.com\/2073-4360\/16\/10\/1394\">Molecularly Imprinted Polymer-Based Electrochemical Sensor for the Detection of Azoxystrobin in Aqueous Media<\/a>, Vu Bao Chau Nguyen, Jekaterina Reut, J\u00f6rg Rappich, Karsten Hinrichs, Vitali S\u00f5ritski<\/p>\n\n\n\n<p><a href=\"https:\/\/link.springer.com\/chapter\/10.1007\/978-3-031-61628-0_29\" data-type=\"link\" data-id=\"https:\/\/link.springer.com\/chapter\/10.1007\/978-3-031-61628-0_29\">Relationship of the Correlation Between EEG and Heart Rate Variability with Cardiovascular Indicators<\/a>, Merilin Vihmaru, Laura P\u00e4eske, Hiie Hinrikus, Jaanus Lass, Toomas P\u00f5ld, Maie Bachmann<\/p>\n","protected":false},"excerpt":{"rendered":"<p>2026 The role of tech workers in ethnicity- and class-based urban segregation, J\u0101nis Z\u0101l\u012bte,\u00a0Kadi Kalm,\u00a0Kadri Leetmaa\u00a0&amp;\u00a0Tiit Tammaru\u00a0 Prediction of incident heart failure in individuals without prior cardiovascular disease: the SCORE2-HF risk model, Stephen Kaptoge, Spencer J. Keene, Tessa Reitsma, Wen &#8230;<\/p>\n","protected":false},"author":608,"featured_media":0,"parent":0,"menu_order":0,"comment_status":"closed","ping_status":"closed","template":"","meta":{"_acf_changed":false,"inline_featured_image":false,"footnotes":""},"class_list":["post-16","page","type-page","status-publish","hentry"],"acf":[],"_links":{"self":[{"href":"https:\/\/sisu.ut.ee\/estwell\/wp-json\/wp\/v2\/pages\/16","targetHints":{"allow":["GET"]}}],"collection":[{"href":"https:\/\/sisu.ut.ee\/estwell\/wp-json\/wp\/v2\/pages"}],"about":[{"href":"https:\/\/sisu.ut.ee\/estwell\/wp-json\/wp\/v2\/types\/page"}],"author":[{"embeddable":true,"href":"https:\/\/sisu.ut.ee\/estwell\/wp-json\/wp\/v2\/users\/608"}],"replies":[{"embeddable":true,"href":"https:\/\/sisu.ut.ee\/estwell\/wp-json\/wp\/v2\/comments?post=16"}],"version-history":[{"count":29,"href":"https:\/\/sisu.ut.ee\/estwell\/wp-json\/wp\/v2\/pages\/16\/revisions"}],"predecessor-version":[{"id":3103,"href":"https:\/\/sisu.ut.ee\/estwell\/wp-json\/wp\/v2\/pages\/16\/revisions\/3103"}],"wp:attachment":[{"href":"https:\/\/sisu.ut.ee\/estwell\/wp-json\/wp\/v2\/media?parent=16"}],"curies":[{"name":"wp","href":"https:\/\/api.w.org\/{rel}","templated":true}]}}