{"id":1216,"date":"2024-12-17T16:03:43","date_gmt":"2024-12-17T14:03:43","guid":{"rendered":"https:\/\/sisu.ut.ee\/estwell\/?page_id=1216"},"modified":"2025-01-16T12:40:14","modified_gmt":"2025-01-16T10:40:14","slug":"testi-ennast","status":"publish","type":"page","link":"https:\/\/sisu.ut.ee\/estwell\/testi-ennast\/","title":{"rendered":"Testi ennast"},"content":{"rendered":"<p>Heaolumeeter aitab teada saada isikliku heaolu taseme, v\u00f5rrelda tulemusi keskmiste Eesti ja teiste Euroopa riikide t\u00e4isealiste inimestega, v\u00e4lja selgitada enda tugevad ja n\u00f5rgad kohad ning saada soovitusi heaolu t\u00f5stmiseks. Rakendus on loodud 2022. aastal. Tartu \u00fclikooli \u00fchiskonnateaduste instituudi teadlased kasutasid rakenduse v\u00e4ljat\u00f6\u00f6tamiseks Euroopa Sotsiaaluuringu ja v\u00e4iksemal m\u00e4\u00e4ral ka Euroopa elukvaliteedi uuringu andmeid.<\/p>\n\n\n\n<div class=\"wp-block-columns is-layout-flex wp-container-core-columns-is-layout-9d6595d7 wp-block-columns-is-layout-flex\">\n<div class=\"wp-block-column is-layout-flow wp-block-column-is-layout-flow\"><section class=\"page-cards-block page-section page-section--wide\">\n    <h2 class=\"visually-hidden\">Lehed<\/h2>\n    <div class=\"container-fluid g-0\">\n      <div class=\"row g-0\">\n                  <div class=\"col-12\">\n            <div class=\"page-card d-flex justify-content-center align-items-end w-100 position-relative\" style=\"background: linear-gradient(90deg, #2c5697, #1c7aed);\">\n  <div class=\"page-card__content text-center w-100 p-2 p-lg-4\">\n          <h3 class=\"h4 text-white mb-2\">Testi enda heaolu<\/h3>\n        <a href=\"https:\/\/heaolu.ess.ut.ee\" class=\"btn btn-outline-light btn-icon\" target=\"_blank\">Loe l\u00e4hemalt<\/a>\n  <\/div>\n<\/div>\n          <\/div>\n              <\/div>\n    <\/div>\n  <\/section>\n<\/div>\n\n\n\n<div class=\"wp-block-column is-layout-flow wp-block-column-is-layout-flow\"><\/div>\n<\/div>\n\n\n\n<hr class=\"wp-block-separator has-alpha-channel-opacity\">\n\n\n\n<p>Saa teada, millised t\u00f6\u00f6kohad sobivad h\u00e4sti sinu isiksuseomadustega.<\/p>\n\n\n\n<div class=\"wp-block-columns is-layout-flex wp-container-core-columns-is-layout-9d6595d7 wp-block-columns-is-layout-flex\">\n<div class=\"wp-block-column is-layout-flow wp-block-column-is-layout-flow\"><section class=\"page-cards-block page-section page-section--wide\">\n    <h2 class=\"visually-hidden\">Lehed<\/h2>\n    <div class=\"container-fluid g-0\">\n      <div class=\"row g-0\">\n                  <div class=\"col-12\">\n            <div class=\"page-card d-flex justify-content-center align-items-end w-100 position-relative\" style=\"background: linear-gradient(90deg, #2c5697, #1976d2);\">\n  <div class=\"page-card__content text-center w-100 p-2 p-lg-4\">\n          <h3 class=\"h4 text-white mb-2\">Testi enda isiksusega sobivaid t\u00f6\u00f6kohti<\/h3>\n        <a href=\"https:\/\/apps.psych.ut.ee\/JobProfiler\/\" class=\"btn btn-outline-light btn-icon\" target=\"_blank\">Loe l\u00e4hemalt<\/a>\n  <\/div>\n<\/div>\n          <\/div>\n              <\/div>\n    <\/div>\n  <\/section>\n<\/div>\n\n\n\n<div class=\"wp-block-column is-layout-flow wp-block-column-is-layout-flow\"><\/div>\n<\/div>\n\n\n\n<hr class=\"wp-block-separator has-alpha-channel-opacity\">\n\n\n\n<p>Tartu \u00dclikooli ja ERSTE Sihtasutuse koost\u00f6\u00f6s toimunud mahukas teadusuuring n\u00e4itas, et rahaline heaolu koosneb kolmest osast: kindlus, vabadus ja naudingud. Neid m\u00f5jutavad mitmed tegurid, alates haridus- ja karj\u00e4\u00e4rivalikutest, l\u00f5petades tervise ja l\u00e4hedastega. Seega m\u00f5jureid on palju enam kui \u00fcksnes s\u00e4\u00e4stude ja sissetulekute suurus. \u00a0Just seda silmas pidades on loodud uut t\u00fc\u00fcpi rahalise heaolu hindamise t\u00f6\u00f6riist, mis aitab ise oma elu erinevaid aspekte rahalise heaolu komponentide l\u00f5ikes hinnata ning soovi korral seada eesm\u00e4rke selle parandamiseks. T\u00f6\u00f6riista loojaks on DUX Disainistuudio.<\/p>\n\n\n\n<div class=\"wp-block-columns is-layout-flex wp-container-core-columns-is-layout-9d6595d7 wp-block-columns-is-layout-flex\">\n<div class=\"wp-block-column is-layout-flow wp-block-column-is-layout-flow\"><section class=\"page-cards-block page-section page-section--wide\">\n    <h2 class=\"visually-hidden\">Lehed<\/h2>\n    <div class=\"container-fluid g-0\">\n      <div class=\"row g-0\">\n                  <div class=\"col-12\">\n            <div class=\"page-card d-flex justify-content-center align-items-end w-100 position-relative\" style=\"background: linear-gradient(90deg, #2c5697, #1976d2);\">\n  <div class=\"page-card__content text-center w-100 p-2 p-lg-4\">\n          <h3 class=\"h4 text-white mb-2\">Testi enda finantsilist heaolu<\/h3>\n        <a href=\"https:\/\/fwb.skytte.ut.ee\/\" class=\"btn btn-outline-light btn-icon\" target=\"_blank\">Loe l\u00e4hemalt<\/a>\n  <\/div>\n<\/div>\n          <\/div>\n              <\/div>\n    <\/div>\n  <\/section>\n<\/div>\n\n\n\n<div class=\"wp-block-column is-layout-flow wp-block-column-is-layout-flow\"><\/div>\n<\/div>\n","protected":false},"excerpt":{"rendered":"<p>Heaolumeeter aitab teada saada isikliku heaolu taseme, v\u00f5rrelda tulemusi keskmiste Eesti ja teiste Euroopa riikide t\u00e4isealiste inimestega, v\u00e4lja selgitada enda tugevad ja n\u00f5rgad kohad ning saada soovitusi heaolu t\u00f5stmiseks. Rakendus on loodud 2022. aastal. Tartu \u00fclikooli \u00fchiskonnateaduste instituudi teadlased kasutasid &#8230;<\/p>\n","protected":false},"author":608,"featured_media":0,"parent":0,"menu_order":0,"comment_status":"closed","ping_status":"closed","template":"","meta":{"_acf_changed":false,"inline_featured_image":false,"footnotes":""},"class_list":["post-1216","page","type-page","status-publish","hentry"],"acf":[],"_links":{"self":[{"href":"https:\/\/sisu.ut.ee\/estwell\/wp-json\/wp\/v2\/pages\/1216","targetHints":{"allow":["GET"]}}],"collection":[{"href":"https:\/\/sisu.ut.ee\/estwell\/wp-json\/wp\/v2\/pages"}],"about":[{"href":"https:\/\/sisu.ut.ee\/estwell\/wp-json\/wp\/v2\/types\/page"}],"author":[{"embeddable":true,"href":"https:\/\/sisu.ut.ee\/estwell\/wp-json\/wp\/v2\/users\/608"}],"replies":[{"embeddable":true,"href":"https:\/\/sisu.ut.ee\/estwell\/wp-json\/wp\/v2\/comments?post=1216"}],"version-history":[{"count":16,"href":"https:\/\/sisu.ut.ee\/estwell\/wp-json\/wp\/v2\/pages\/1216\/revisions"}],"predecessor-version":[{"id":1337,"href":"https:\/\/sisu.ut.ee\/estwell\/wp-json\/wp\/v2\/pages\/1216\/revisions\/1337"}],"wp:attachment":[{"href":"https:\/\/sisu.ut.ee\/estwell\/wp-json\/wp\/v2\/media?parent=1216"}],"curies":[{"name":"wp","href":"https:\/\/api.w.org\/{rel}","templated":true}]}}