{"id":178,"date":"2024-04-26T21:17:01","date_gmt":"2024-04-26T18:17:01","guid":{"rendered":"https:\/\/sisu.ut.ee\/esttyp\/?page_id=178"},"modified":"2026-03-06T08:57:21","modified_gmt":"2026-03-06T06:57:21","slug":"publications","status":"publish","type":"page","link":"https:\/\/sisu.ut.ee\/esttyp\/publications\/","title":{"rendered":"Publications"},"content":{"rendered":"<p><\/p>\n\n\n\n<p><strong><a href=\"https:\/\/uralic.clld.org\/\" target=\"_blank\" rel=\"noreferrer noopener\">UraTyp (Uralic Areal Typology) database<\/a><\/strong><\/p>\n\n\n\n<p><strong>2026<\/strong><\/p>\n\n\n\n<p><strong>1.1 (ETIS Classification)<\/strong><\/p>\n\n\n\n<p><a href=\"https:\/\/sise.etis.ee\/Research\/Publications\/Display\/7a0fc85d-d43e-448b-bc9f-4d84c5c312d4?lang=ENG\" target=\"_blank\" rel=\"noreferrer noopener\">Balodis, Uldis (2026). The Finnic Face of Latvia. Journal of Baltic Studies [forthcoming].<\/a><\/p>\n\n\n\n<p><a href=\"https:\/\/www.etis.ee\/Portal\/Publications\/Display\/bbf2ce1c-b61b-4bb7-bf63-c825d3d657c5\" data-type=\"link\" data-id=\"https:\/\/www.etis.ee\/Portal\/Publications\/Display\/bbf2ce1c-b61b-4bb7-bf63-c825d3d657c5\" target=\"_blank\" rel=\"noreferrer noopener\">Tuisk, Tuuli; Pajusalu, Karl; Asu, Eva Liina; Lippus, P\u00e4rtel; Malmi, Anton; Teras, Pire (2026). Illustrations of the IPA. Livonian. Journal of the International Phonetic Association [forthcoming].<\/a><\/p>\n\n\n\n<p><a href=\"https:\/\/www.etis.ee\/Portal\/Publications\/Display\/93b166cd-161b-4339-a22d-89453104c5b1\" data-type=\"link\" data-id=\"https:\/\/www.etis.ee\/Portal\/Publications\/Display\/93b166cd-161b-4339-a22d-89453104c5b1\" target=\"_blank\" rel=\"noreferrer noopener\">Vaab, Janek (2026). Variation of the glottal stop \/\u0241\/ in South Estonian lative forms. Linguistica Uralica, 62 (1) [forthcoming].<\/a><\/p>\n\n\n\n<p><a href=\"https:\/\/www.etis.ee\/Portal\/Publications\/Display\/de869b0c-1228-4d5c-9e4e-7934901183e5\" data-type=\"link\" data-id=\"https:\/\/www.etis.ee\/Portal\/Publications\/Display\/de869b0c-1228-4d5c-9e4e-7934901183e5\" target=\"_blank\" rel=\"noreferrer noopener\">Kehayov, Petar; Pajusalu, Karl (2026). Where did the language of the northeastern Estonian Poluverniki come from? Linguistica Uralica [forthcoming].<\/a><\/p>\n\n\n\n<p><strong>3.2<\/strong><\/p>\n\n\n\n<p><a href=\"https:\/\/sise.etis.ee\/Research\/Publications\/Display\/265bbe8a-bb96-45a8-b234-5c6928cc914d\" target=\"_blank\" rel=\"noreferrer noopener\">Kehayov, Petar; Pilvik, Maarja-Liisa; Metslang, Helle (2026). T\u00f5lkija grammatikaeelistused. \u00dchest sekundaartarindist 1950-ndate ilukirjanduses. Lydia Risberg; Kristina Koppel; Maria Tuulik (Toim.). S\u00fcdamega s\u00f5naraamatus. P\u00fchendusteos Margit Langemetsale 65. s\u00fcnnip\u00e4evaks. (172\u2212184). Tallinn: Emakeele Selts. (Emakeele Seltsi toimetised; 88).<\/a><\/p>\n\n\n\n<p><strong>2025<\/strong><\/p>\n\n\n\n<p><strong>1.1 <\/strong><\/p>\n\n\n\n<p><a href=\"https:\/\/sise.etis.ee\/Research\/Publications\/Display\/6babb8f1-eaa3-4aea-82dc-e704a94467a3\" target=\"_blank\" rel=\"noreferrer noopener\">O\u2019Rourke, Patrick (2025). ANALOGICAL DEVELOPMENT OF LIVONIAN i-ADJECTIVES. Eesti ja soome-ugri keeleteaduse ajakiri = Journal of Estonian and Finno-Ugric Linguistics, 16 (2), 119\u2212145. DOI: 10.12697\/jeful.2025.16.2.04.<\/a><\/p>\n\n\n\n<p><a href=\"https:\/\/sise.etis.ee\/Research\/Publications\/Display\/243255f5-c9b0-4c2c-b895-9bc21b6c9c23\" target=\"_blank\" rel=\"noreferrer noopener\">Pajusalu, Karl (2025). Raamatu ja kirja t\u00e4hendused eesti vanas kirjakeeles [The meaning of raamat \u2018book\u2019 and kiri \u2018letter\u2019 in old written Estonian]. Keel ja Kirjandus, 68 (1-2), 7\u221219. DOI: 10.54013\/kk806a2.<\/a><\/p>\n\n\n\n<p><strong>2.1<\/strong><\/p>\n\n\n\n<p><a href=\"https:\/\/sise.etis.ee\/Research\/Publications\/Display\/3b7f3896-ca95-42b5-82de-fbd278f1927d\">Metslang, Helle (2025). Vastavuste v\u00f5rgustikud. Eesti regilaulu v\u00e4rsiparallelismi s\u00fcntaktiline ehitus. Emakeele Selts.<\/a><\/p>\n\n\n\n<p><a href=\"https:\/\/sise.etis.ee\/Research\/Publications\/Display\/7cc3b378-0c36-43bc-acfa-faea1e3e6a71\" data-type=\"link\" data-id=\"https:\/\/sise.etis.ee\/Research\/Publications\/Display\/7cc3b378-0c36-43bc-acfa-faea1e3e6a71\" target=\"_blank\" rel=\"noreferrer noopener\">Kalkun, Andreas; Kiristaja, Arvis; Pajusalu, Karl; Raudoja, Ahto; Tamj\u00e4rv, Maret; Valk, Heiki, V\u00e4strik; Ergo-Hart (Eds.) (2025). Setomaa 3. Keel ja uuem kultuur. Seto Instituut.<\/a><\/p>\n\n\n\n<p><strong>2.3<\/strong><\/p>\n\n\n\n<p><a href=\"https:\/\/sise.etis.ee\/Research\/Publications\/Display\/ff87adfb-b069-410d-9bd5-f62a946acbd2\" target=\"_blank\" rel=\"noreferrer noopener\">O\u2019Rourke, Patrick (2025). Lounaisit\u00e4merensuomi: lounaisten it\u00e4merensuomalaisten murteellinen kehitys. (Doktorit\u00f6\u00f6, Tartu \u00dclikool). Tartu \u00dclikooli Kirjastus.<\/a><\/p>\n\n\n\n<p><strong>3.1<\/strong><\/p>\n\n\n\n<p><a href=\"https:\/\/sise.etis.ee\/Research\/Publications\/Display\/c54851c1-db63-43d7-8fe7-9c2b4d6fba36\" target=\"_blank\" rel=\"noreferrer noopener\">Kehayov, Petar; Lindstr\u00f6m, Liina; Norvik, Miina (2025). Finnic participles and participial constructions from typological, intra-genetic, and areal perspectives. In: Wiemer, Bj\u00f6rn; Arkadiev, Peter; Kehayov, Petar; Blokland, Rogier (Ed.). Convergence and divergence in the eastern Circum-Baltic Area. Volume 1: The Northern Part \u2013 A Synthetic View, especially on Finnic, and Case Studies. (421\u2212511). De Gruyter Mouton. DOI: 10.1515\/9783111165677-006.<\/a><\/p>\n\n\n\n<p><a href=\"https:\/\/sise.etis.ee\/Research\/Publications\/Display\/b8f2c88b-cd23-481d-aba9-bb86d63e35ae\" target=\"_blank\" rel=\"noreferrer noopener\">Lindstr\u00f6m, Liina; Norvik, Miina; Plado, Helen; Kehayov, Petar (2025). Estonian. In: Wiemer, Bj\u00f6rn; Arkadiev, Peter; Blokland, Rogier; Kehayov, Petar (Ed.). Convergence and divergence in the eastern Circum-Baltic Area. Volume 1: The Northern Part \u2013 A Synthetic View, especially on Finnic, and Case Studies. (247\u2212355). Berlin \u2013 Boston: de Gruyter Mouton. DOI: 10.1515\/9783111165677-004.<\/a><\/p>\n\n\n\n<p><strong>3.2<\/strong><\/p>\n\n\n\n<p><a href=\"https:\/\/sise.etis.ee\/Research\/Publications\/Display\/8b01fd5e-4fcd-4ab3-811d-a58aba607bb9\" target=\"_blank\" rel=\"noreferrer noopener\">Balodis, Uldis (2025). Lutsi and Livonian: Perspectives on Finnic Language Orthographies in Latvia. In: Emese Egey, J\u00e1nos Pusztay (Ed.). The Formation of Literary Standards in the Languages of the Amber Road Region. B\u00e1thory t\u00e9ka, Borosty\u00e1nk\u0151\u00fat (Bernsteinstra\u00dfe \u2013 Amber Road) 1. (144\u2212170). Badacsony \u2013 S\u00e1rospatak: University of Tokaj.<\/a><\/p>\n\n\n\n<p><a href=\"https:\/\/sise.etis.ee\/Research\/Publications\/Display\/2748aa6b-473f-4867-80a7-8356025b6c83\" target=\"_blank\" rel=\"noreferrer noopener\">Pajusalu, Karl; Pajusalu, Renate (2025). Raamat \u2018book\u2019, kiri \u2018letter\u2019, kirjakeel \u2018literary language\u2019: the development of basic concepts in written Estonian. In: Emese Egey, J\u00e1nos Pusztay (Ed.). The Formation of Literary Standards in the Languages of the Amber Road Region. (53\u221264). Badacsony \u2013 S\u00e1rospatak: University of Tokaj. (B\u00e1thory t\u00e9ka, Borosty\u00e1nk\u0151\u00fat (Bernsteinstra\u00dfe \u2013 Amber Road); 1).<\/a><\/p>\n\n\n\n<p><a href=\"https:\/\/www.etis.ee\/Portal\/Publications\/Display\/6d0cb754-4d1c-43b8-be37-b80b48c036f8\" data-type=\"link\" data-id=\"https:\/\/www.etis.ee\/Portal\/Publications\/Display\/6d0cb754-4d1c-43b8-be37-b80b48c036f8\" target=\"_blank\" rel=\"noreferrer noopener\">Pajusalu, Karl (2025). L\u00e4hedased liivlased. Madis Arukask (Toim.). Soomeugrilased eestlaste pilgu l\u00e4bi. (339\u2212355). Tallinn: Argo.<\/a><\/p>\n\n\n\n<p><a href=\"https:\/\/www.etis.ee\/portal\/publications\/display\/ba45cfed-b782-4665-9c7e-033f9694ec26\" target=\"_blank\" rel=\"noreferrer noopener\">Saar, Eva (2025). Rannarahvas isurid ajaloo keeristuultes. Arukask, Madis (Toim.). Soomeugrilased eestlaste pilgu l\u00e4bi. (263\u2212283). Argo.<\/a><\/p>\n\n\n\n<p><a href=\"https:\/\/www.etis.ee\/portal\/publications\/display\/c0886805-cc0e-4ed5-818f-63a0736c2319\" target=\"_blank\" rel=\"noreferrer noopener\">Saar, Eva (2025). Vene \u00f5igeusu eesnimed seto keeles. Helen Alum\u00e4e (tegevtoimetaja), Andreas Kalkun, Arvis Kiristaja, Karl Pajusalu, Ahto Raudoja, Maret Tamj\u00e4rv, Heiki Valk, Ergo-Hart V\u00e4strik (Toim.). Setomaa 3. Keel ja uuem kultuur. (176\u2212181). Seto Instituut.<\/a><\/p>\n\n\n\n<p><a href=\"https:\/\/www.etis.ee\/Portal\/Publications\/Display\/350b588e-ecd5-45b8-bef5-9666f3e34ae8\" data-type=\"link\" data-id=\"https:\/\/www.etis.ee\/Portal\/Publications\/Display\/350b588e-ecd5-45b8-bef5-9666f3e34ae8\" target=\"_blank\" rel=\"noreferrer noopener\">Saar, Eva; Tammoja, Kaisa (2025). L\u00f5unaeestikeelsed s\u00f5nad P\u00f5lva kihelkonna perekonnanimedes [South Estonian words in the family names of the P\u00f5lva parish]. Eva Saar, Madis Arukask, Triin Todesk (Toim.). Tartu \u00dclikooli L\u00f5una-Eesti keele- ja kultuuriuuringute keskuse aastaraamatus XXIII-XXIV. (134\u2212153). Tartu: Tartu \u00dclikooli Kirjastus.<\/a><\/p>\n\n\n\n<p><a href=\"https:\/\/www.etis.ee\/Portal\/Publications\/Display\/569e412a-28ab-4c1a-817c-ae9b2774b777\" target=\"_blank\" rel=\"noreferrer noopener\">Vaab, Janek (2025). P\u00e4\u00e4le s\u00f5a tett\u00fcq leivu hel\u00fc\u00fclesv\u00f5tt\u00f5q. Eva Saar, Madis Arukask, Triin Todesk. Tartu \u00dclikooli L\u00f5una-Eesti keele ja kultuuriuuringute keskuse aastaraamat XXIII\u2013XXIV. (245\u2212259). Tartu: Tartu \u00dclikooli Kirjastus.<\/a><\/p>\n\n\n\n<p><strong>4.1<\/strong><\/p>\n\n\n\n<p><a href=\"https:\/\/sise.etis.ee\/Research\/Publications\/Display\/6af8b9c6-7067-4827-825d-a8433961e24d\" target=\"_blank\" rel=\"noreferrer noopener\">Langemets, Margit; Linkgreim, Maria-Maren; Metslang, Helle; Ogren, David (Toim.) (2025). Eesti Rakenduslingvistika \u00dchingu aastaraamat [Estonian Papers in Applied Linguistics]. (21). DOI: 10.5128\/ERYa21.<\/a><\/p>\n\n\n\n<p><a href=\"https:\/\/www.etis.ee\/Portal\/Publications\/Display\/ef37c403-2476-4cc4-8060-bc4ec8a84e97\" target=\"_blank\" rel=\"noreferrer noopener\">Saar, Eva; Madis, Arukask, Triin Todesk (2025). Tartu \u00dclikooli L\u00f5una-Eesti keele- ja kultuuriuuringute keskuse aastaraamat XXIII-XXIV. Tartu: Tartu \u00dclikooli Kirjastus.<\/a><\/p>\n\n\n\n<p><strong>2024<\/strong><\/p>\n\n\n\n<p><strong>1.1 <\/strong><\/p>\n\n\n\n<p><a href=\"https:\/\/sise.etis.ee\/Research\/Publications\/Display\/5d70a685-b18a-4554-8c25-12ff6d47eb7f?lang=ENG\" data-type=\"link\" data-id=\"https:\/\/sise.etis.ee\/Research\/Publications\/Display\/5d70a685-b18a-4554-8c25-12ff6d47eb7f?lang=ENG\" target=\"_blank\" rel=\"noreferrer noopener\">Metslang, Helle; Habicht, K\u00fclli; Hennoste, Tiit; Pajusalu, Renate (2024). Editorial: Exploring subjectivity and intersubjectivity in language. Open Linguistics, 10 (1). DOI: 10.1515\/opli-2024-0035.<\/a><\/p>\n\n\n\n<p><a href=\"https:\/\/sise.etis.ee\/Research\/Publications\/Display\/93daff12-879e-4238-9007-9c50bff4b175?lang=ENG\" data-type=\"link\" data-id=\"https:\/\/sise.etis.ee\/Research\/Publications\/Display\/93daff12-879e-4238-9007-9c50bff4b175?lang=ENG\" target=\"_blank\" rel=\"noreferrer noopener\">Arukask, Madis; Saar, Eva (2024). A NEAR-DEATH EXPERIENCE NARRATED BY A VEPSIAN WOMAN. Journal of Ethnology and Folkloristics, 18 (1), 113\u2212128. DOI: 10.2478\/jef-2024-0008.\u00a0<\/a>\u00a0\u00a0\u00a0\u00a0\u00a0\u00a0\u00a0\u00a0<\/p>\n\n\n\n<p><strong>1.2<\/strong><\/p>\n\n\n\n<p><a href=\"https:\/\/www.etis.ee\/portal\/publications\/display\/70a6b857-d163-45af-b39a-945c77c55617\"><\/a><a href=\"https:\/\/sise.etis.ee\/Research\/Publications\/Display\/70a6b857-d163-45af-b39a-945c77c55617\">Metslang, Helle; Habicht, K\u00fclli; Hennoste, Tiit; Laanesoo-Kalk, Kirsi; Prillop, K\u00fclli; R\u00e4\u00e4bis, Andriela; Simmul, Carl Eric (2024). (Inter)subjectivity in Estonian registers: Introduction. Journal of Uralic Linguistics, 3 (2), 119\u2212158. DOI: 10.1075\/jul.00028.met.<\/a><\/p>\n\n\n\n<p><strong>3.1<\/strong><\/p>\n\n\n\n<p><a href=\"https:\/\/sise.etis.ee\/Research\/publications\/Display\/f910d1d5-2a13-49fb-8f92-c1dac850eee3\" target=\"_blank\" rel=\"noreferrer noopener\">Balodis, Uldis (2024). Picking Finnic mushrooms in a Baltic primeval forest: A Finnic borrowing in the Yatvingian of the Narew River. In: Sofia Bj\u00f6rkl\u00f6f; Santra Jantunen; Santeri Junttila; Juha Kuokkala; Saarni Laitinen; Annika Pasanen (Ed.). It\u00e4meren kieliapajilta Volgan verkoille: P\u00fchendusteos Riho Gr\u00fcnthalile 22. mail 2024. (87\u2212101). Helsinki: Suomalais-Ugrilainen Seura. DOI: 10.33341\/sus.965.1322.<\/a><\/p>\n\n\n\n<p><strong>3.2<\/strong><\/p>\n\n\n\n<p><a href=\"https:\/\/sise.etis.ee\/Research\/Publications\/Display\/4947dc71-cb10-4939-b236-c962d0221dbf?lang=ENG\" data-type=\"link\" data-id=\"https:\/\/sise.etis.ee\/Research\/Publications\/Display\/4947dc71-cb10-4939-b236-c962d0221dbf?lang=ENG\" target=\"_blank\" rel=\"noreferrer noopener\">O\u2019Rourke, Patrick (2024). Lounaisit\u00e4merensuomalaiset denominaalit johtimet *-As (: *-AhA-), *-k\u0306As ja *-k\u0306kAs. Uralica Helsingiensia, 15, 163\u2212205. DOI: 10.33341\/uh.148315.<\/a><\/p>\n\n\n\n<p><a href=\"https:\/\/www.etis.ee\/Portal\/Publications\/Display\/c8f11a04-d8a3-47ae-b4ee-8fe3d6b3e3f1\" data-type=\"link\" data-id=\"https:\/\/www.etis.ee\/Portal\/Publications\/Display\/c8f11a04-d8a3-47ae-b4ee-8fe3d6b3e3f1\" target=\"_blank\" rel=\"noreferrer noopener\">Pajusalu, Karl (2024). Seto keelerikkustest. Maris Kuperjanov, Mare K\u00f5iva (Toim.). Maailmade vahel II. Ello Kirsi Setomaal kogutud lood 1938-1940. (484\u2212501). Tartu: Eesti Kirjandusmuuseumi Teaduskirjastus. (Monumenta Estoniae Antiquae; VIII).<\/a><\/p>\n\n\n\n<p><a href=\"https:\/\/www.etis.ee\/portal\/publications\/display\/33021d94-5ae6-4da1-992c-1c5270321ccc\">Pajusalu, Karl; Metslang, Helle; Norvik, Miina; Saar, Eva; Teras, Pire; Vaab, Janek (2024). Eesti murrete h\u00e4\u00e4ldusjooned l\u00e4\u00e4nemeresoome taustal. Areaalt\u00fcpoloogiline anal\u00fc\u00fcs. Pajusalu, Karl; Viikaberg, J\u00fcri; Kendla, Mari (Toim.). Saarte keeled. Ellen Niidi juubeliraamat. (104\u2212127). Eesti Teaduste Akadeemia Emakeele Selts. (Eesti Teaduste Akadeemia Emakeele Seltsi toimetised; 83).<\/a><\/p>\n\n\n\n<p><a href=\"https:\/\/sise.etis.ee\/Research\/Publications\/Display\/8b2ee1ad-e0bb-4d26-a3e1-4294f90dc815?lang=ENG\" data-type=\"link\" data-id=\"https:\/\/sise.etis.ee\/Research\/Publications\/Display\/8b2ee1ad-e0bb-4d26-a3e1-4294f90dc815?lang=ENG\" target=\"_blank\" rel=\"noreferrer noopener\">Praakli, Kristiina; Teras, Pire (2024). Sissevaade noore kuressaarlase keelekasutusse: \u00f5 h\u00e4\u00e4lduse l\u00e4hivaatlus. Karl Pajusalu, J\u00fcri Viikberg (Toim.). Saarte keeled. Ellen Niidi juubeliraamat. (80\u221293). Tallinn : Emakeele Selts. (Eesti Teaduste Akadeemia Emakeele Seltsi toimetised; 83).<\/a>\u00a0\u00a0\u00a0\u00a0<\/p>\n\n\n\n<p><a href=\"https:\/\/sise.etis.ee\/Research\/Publications\/Display\/0055f97e-18a0-45fe-88f6-230a0cb8a368?lang=ENG\" data-type=\"link\" data-id=\"https:\/\/sise.etis.ee\/Research\/Publications\/Display\/0055f97e-18a0-45fe-88f6-230a0cb8a368?lang=ENG\" target=\"_blank\" rel=\"noreferrer noopener\">Taremaa, Piia; Metslang, Helle; Norvik, Miina (2024). Midagi erakordset on toimumas! Progressiiv eesti keeles. Prillop, K\u00fclli; Viht, Annika (Toim.). Keelde. Keelel. Keelest. P\u00fchendusteos K\u00fclli Habichtile 60. s\u00fcnnip\u00e4evaks. (335\u2212359). Tallinn: EKSA. (Eesti Teaduste Akadeemia Emakeele Seltsi toimetised; 84).<\/a>\u00a0\u00a0\u00a0\u00a0\u00a0\u00a0\u00a0\u00a0<\/p>\n\n\n\n<p><strong>3.4<\/strong><\/p>\n\n\n\n<p><a href=\"https:\/\/sise.etis.ee\/Research\/Publications\/Display\/4dd3ebc7-caf9-4537-b3aa-47be9fc1ba99?lang=ENG\" data-type=\"link\" data-id=\"https:\/\/sise.etis.ee\/Research\/Publications\/Display\/4dd3ebc7-caf9-4537-b3aa-47be9fc1ba99?lang=ENG\" target=\"_blank\" rel=\"noreferrer noopener\">Teras, Pire; Praakli, Kristiina (2024). Variation of vowel \/\u0264\/ in the speech of teenagers in Saaremaa: A case study. Proceedings of the 5th International Symposium on Applied Phonetics (ISAPh 2024): 5th International Symposium on Applied Phonetics (ISAPh 2024), Tartu, 30 September \u2012 2 October 2024. ISCA Archive, 100\u2212104. DOI: 10.21437\/ISAPh.2024-19.\u00a0<\/a>\u00a0\u00a0\u00a0<\/p>\n\n\n\n<p><strong>4.1<\/strong><\/p>\n\n\n\n<p><a href=\"https:\/\/sise.etis.ee\/Research\/Publications\/Display\/12308c75-7dd7-4699-a32c-ff4cabed4d8a?lang=ENG\" data-type=\"link\" data-id=\"https:\/\/sise.etis.ee\/Research\/Publications\/Display\/12308c75-7dd7-4699-a32c-ff4cabed4d8a?lang=ENG\" target=\"_blank\" rel=\"noreferrer noopener\">Metslang, Helle; Hennoste, Tiit; Habicht, K\u00fclli (Ed.) (2024). (Inter)subjectivity across registers of Estonian. Special issue of the Journal of Uralic Linguistics. Journal of Uralic Linguistics John Benjamins Publishing Company. DOI: 10.1075\/jul.3.2.<\/a><\/p>\n\n\n\n<p><a href=\"https:\/\/sise.etis.ee\/Research\/Publications\/Display\/426da4b4-1bb0-4cb8-9c8e-f1ebb7860c6b?lang=ENG\" data-type=\"link\" data-id=\"https:\/\/sise.etis.ee\/Research\/Publications\/Display\/426da4b4-1bb0-4cb8-9c8e-f1ebb7860c6b?lang=ENG\" target=\"_blank\" rel=\"noreferrer noopener\">K\u00fclli Habicht, Tiit Hennoste, Helle Metslang, Renate Pajusalu (Ed.) (2024). Subjectivity and Intersubjectivity in Language. Open Linguistics Warsaw: De Gruyter Open Access.<\/a><\/p>\n\n\n\n<p><em>Header image: South Estonian language field notes recorded by Helmi Eller from Liiso Malt in Vastseliina, Estonia, 1926 <em>(notes recopied by A. Kraag, 1952)<\/em>. (Source: University of Tartu Archives of Estonian Dialects and Kindred Languages, record number <a href=\"https:\/\/murdearhiiv.ut.ee\/naita.php?t=kasikiri&amp;id=89\" data-type=\"link\" data-id=\"https:\/\/murdearhiiv.ut.ee\/naita.php?t=kasikiri&amp;id=89\">T0084<\/a>)<\/em><\/p>\n","protected":false},"excerpt":{"rendered":"<p>UraTyp (Uralic Areal Typology) database 2026 1.1 (ETIS Classification) Balodis, Uldis (2026). The Finnic Face of Latvia. Journal of Baltic Studies [forthcoming]. Tuisk, Tuuli; Pajusalu, Karl; Asu, Eva Liina; Lippus, P\u00e4rtel; Malmi, Anton; Teras, Pire (2026). Illustrations of the IPA. &#8230;<\/p>\n","protected":false},"author":341,"featured_media":187,"parent":0,"menu_order":0,"comment_status":"closed","ping_status":"closed","template":"","meta":{"_acf_changed":false,"inline_featured_image":false,"footnotes":""},"class_list":["post-178","page","type-page","status-publish","has-post-thumbnail","hentry"],"acf":[],"_links":{"self":[{"href":"https:\/\/sisu.ut.ee\/esttyp\/wp-json\/wp\/v2\/pages\/178","targetHints":{"allow":["GET"]}}],"collection":[{"href":"https:\/\/sisu.ut.ee\/esttyp\/wp-json\/wp\/v2\/pages"}],"about":[{"href":"https:\/\/sisu.ut.ee\/esttyp\/wp-json\/wp\/v2\/types\/page"}],"author":[{"embeddable":true,"href":"https:\/\/sisu.ut.ee\/esttyp\/wp-json\/wp\/v2\/users\/341"}],"replies":[{"embeddable":true,"href":"https:\/\/sisu.ut.ee\/esttyp\/wp-json\/wp\/v2\/comments?post=178"}],"version-history":[{"count":29,"href":"https:\/\/sisu.ut.ee\/esttyp\/wp-json\/wp\/v2\/pages\/178\/revisions"}],"predecessor-version":[{"id":1404,"href":"https:\/\/sisu.ut.ee\/esttyp\/wp-json\/wp\/v2\/pages\/178\/revisions\/1404"}],"wp:featuredmedia":[{"embeddable":true,"href":"https:\/\/sisu.ut.ee\/esttyp\/wp-json\/wp\/v2\/media\/187"}],"wp:attachment":[{"href":"https:\/\/sisu.ut.ee\/esttyp\/wp-json\/wp\/v2\/media?parent=178"}],"curies":[{"name":"wp","href":"https:\/\/api.w.org\/{rel}","templated":true}]}}