{"id":901,"date":"2024-04-26T21:32:32","date_gmt":"2024-04-26T18:32:32","guid":{"rendered":"https:\/\/sisu.ut.ee\/esttyp\/contact\/"},"modified":"2025-11-03T03:00:11","modified_gmt":"2025-11-03T01:00:11","slug":"contact","status":"publish","type":"page","link":"https:\/\/sisu.ut.ee\/esttyp\/et\/contact\/","title":{"rendered":"Kontakt"},"content":{"rendered":"<p>K\u00fcsimused projekti kohta:\u00a0uldis.ivars.janis.balodis[at]ut.ee<\/p>\n\n\n\n<p>Aadress:<br>Eesti ja \u00fcldkeeleteaduse instituut<br>Tartu \u00dclikool<br>Jakobi 2<br>51005 Tartu<br>Eesti<\/p>\n\n\n\n<p><em>P\u00e4isepilt: Kraasna keele v\u00e4lit\u00f6\u00f6de m\u00e4rkmed, mille pani kirja Heikki Ojansuu tundmatult k\u00f5nelejalt M\u00f5isas (Myza) Venemaal. (Allikas: Ojansuu algsete m\u00e4rkmete fotokoopia)<\/em><\/p>\n","protected":false},"excerpt":{"rendered":"<p>K\u00fcsimused projekti kohta:\u00a0uldis.ivars.janis.balodis[at]ut.ee Aadress:Eesti ja \u00fcldkeeleteaduse instituutTartu \u00dclikoolJakobi 251005 TartuEesti P\u00e4isepilt: Kraasna keele v\u00e4lit\u00f6\u00f6de m\u00e4rkmed, mille pani kirja Heikki Ojansuu tundmatult k\u00f5nelejalt M\u00f5isas (Myza) Venemaal. (Allikas: Ojansuu algsete m\u00e4rkmete fotokoopia)<\/p>\n","protected":false},"author":341,"featured_media":761,"parent":0,"menu_order":0,"comment_status":"closed","ping_status":"closed","template":"","meta":{"_acf_changed":false,"inline_featured_image":false,"footnotes":""},"class_list":["post-901","page","type-page","status-publish","has-post-thumbnail","hentry"],"acf":[],"_links":{"self":[{"href":"https:\/\/sisu.ut.ee\/esttyp\/et\/wp-json\/wp\/v2\/pages\/901","targetHints":{"allow":["GET"]}}],"collection":[{"href":"https:\/\/sisu.ut.ee\/esttyp\/et\/wp-json\/wp\/v2\/pages"}],"about":[{"href":"https:\/\/sisu.ut.ee\/esttyp\/et\/wp-json\/wp\/v2\/types\/page"}],"author":[{"embeddable":true,"href":"https:\/\/sisu.ut.ee\/esttyp\/et\/wp-json\/wp\/v2\/users\/341"}],"replies":[{"embeddable":true,"href":"https:\/\/sisu.ut.ee\/esttyp\/et\/wp-json\/wp\/v2\/comments?post=901"}],"version-history":[{"count":2,"href":"https:\/\/sisu.ut.ee\/esttyp\/et\/wp-json\/wp\/v2\/pages\/901\/revisions"}],"predecessor-version":[{"id":1066,"href":"https:\/\/sisu.ut.ee\/esttyp\/et\/wp-json\/wp\/v2\/pages\/901\/revisions\/1066"}],"wp:featuredmedia":[{"embeddable":true,"href":"https:\/\/sisu.ut.ee\/esttyp\/et\/wp-json\/wp\/v2\/media\/761"}],"wp:attachment":[{"href":"https:\/\/sisu.ut.ee\/esttyp\/et\/wp-json\/wp\/v2\/media?parent=901"}],"curies":[{"name":"wp","href":"https:\/\/api.w.org\/{rel}","templated":true}]}}