{"id":899,"date":"2024-04-22T15:50:17","date_gmt":"2024-04-22T12:50:17","guid":{"rendered":"https:\/\/sisu.ut.ee\/esttyp\/project-team\/"},"modified":"2025-12-02T18:51:49","modified_gmt":"2025-12-02T16:51:49","slug":"project-team","status":"publish","type":"page","link":"https:\/\/sisu.ut.ee\/esttyp\/et\/project-team\/","title":{"rendered":"T\u00f6\u00f6r\u00fchm"},"content":{"rendered":"<p><\/p>\n\n\n\n<p><em><strong>Vastutav t\u00e4itja<\/strong><\/em><\/p>\n\n\n\n<div class=\"wp-block-media-text is-stacked-on-mobile\" style=\"grid-template-columns:17% auto\"><figure class=\"wp-block-media-text__media\"><img loading=\"lazy\" decoding=\"async\" width=\"270\" height=\"480\" src=\"https:\/\/sisu.ut.ee\/wp-content\/uploads\/sites\/689\/IMG_5404.jpg\" alt=\"\" class=\"wp-image-69 size-full\" srcset=\"https:\/\/sisu.ut.ee\/wp-content\/uploads\/sites\/689\/IMG_5404.jpg 270w, https:\/\/sisu.ut.ee\/wp-content\/uploads\/sites\/689\/IMG_5404-169x300.jpg 169w\" sizes=\"auto, (max-width: 270px) 100vw, 270px\"><\/figure><div class=\"wp-block-media-text__content\">\n<p><strong>Karl Pajusalu<\/strong><\/p>\n\n\n\n<p>Karl Pajusalu (<a href=\"https:\/\/www.etis.ee\/CV\/Karl_Pajusalu\/est\/\" target=\"_blank\" rel=\"noreferrer noopener\">CV<\/a>) on Tartu \u00dclikooli eesti keele ajaloo ja murrete professor ja Helsingi \u00dclikooli l\u00e4\u00e4nemeresoome keelte dotsent. Ta on projekti ESTTYP vastutav t\u00e4itja. Ta on uurinud l\u00f5una-l\u00e4\u00e4nemeresoome ja teiste soome-ugri keelte h\u00e4\u00e4likulist ja morfoloogilist varieerumist, nende areaalseid kontakte, d\u00fcnaamikat ja sotsiolingvistikat; ta on avaldanud rohkem kui 200 kirjutist neil uurimisteemadel. Karl Pajusalu on Eesti teaduste akadeemia liige ja L\u00e4ti teaduste akadeemia v\u00e4lisliige.<\/p>\n\n\n\n<p>Kaasatus(t): Tartu \u00dclikool<br>Kraad: Ph.D. (Turu \u00dclikool)<\/p>\n\n\n\n<p>Kontakt: karl.pajusalu[at]ut.ee<\/p>\n<\/div><\/div>\n\n\n\n<p><\/p>\n\n\n\n<p><strong><em>P\u00f5hit\u00e4itjad<\/em><\/strong><\/p>\n\n\n\n<div class=\"wp-block-media-text is-stacked-on-mobile\" style=\"grid-template-columns:17% auto\"><figure class=\"wp-block-media-text__media\"><img loading=\"lazy\" decoding=\"async\" width=\"168\" height=\"300\" src=\"https:\/\/sisu.ut.ee\/wp-content\/uploads\/sites\/689\/Helle-Metslang.jpg\" alt=\"\" class=\"wp-image-82 size-full\"><\/figure><div class=\"wp-block-media-text__content\">\n<p><strong>Helle Metslang<\/strong><\/p>\n\n\n\n<p>Helle Metslang (<a href=\"https:\/\/www.etis.ee\/CV\/Helle_Metslang\/est\/\" target=\"_blank\" rel=\"noreferrer noopener\">CV<\/a>) on Tartu \u00dclikooli emeriitprofessor, Helsingi \u00dclikooli ja Oulu \u00dclikooli adjunktprofessor, <em>Academia Europaea<\/em> ja Eesti Keelen\u00f5ukogu liige. Ta on t\u00f6\u00f6tanud professorina Tartu \u00dclikoolis, Tallinna \u00dclikoolis ja Helsingi \u00dclikoolis. Tema uurimisvaldkondadeks on morfos\u00fcntaks, keelet\u00fcpoloogia, pragmaatika, keele d\u00fcnaamika ja varieerumine ning ajalooline sotsiolingvistika. Ta on eesti keele grammatikate kaasautor, \u201eEesti grammatika\u201c (2023) \u00a0ja tervikk\u00e4sitluste sarja \u201eEesti keele varamu\u201c peatoimetaja.<\/p>\n\n\n\n<p>Kaasatus(t): Tartu \u00dclikool<br>Kraad: Ph.D. (Oulu \u00dclikool)<\/p>\n\n\n\n<p>Kontakt: helle.metslang[at]ut.ee<\/p>\n<\/div><\/div>\n\n\n\n<p><\/p>\n\n\n\n<div class=\"wp-block-media-text is-stacked-on-mobile\" style=\"grid-template-columns:17% auto\"><figure class=\"wp-block-media-text__media\"><img loading=\"lazy\" decoding=\"async\" width=\"270\" height=\"480\" src=\"https:\/\/sisu.ut.ee\/wp-content\/uploads\/sites\/689\/Miina-Norvik.jpg\" alt=\"\" class=\"wp-image-79 size-full\" srcset=\"https:\/\/sisu.ut.ee\/wp-content\/uploads\/sites\/689\/Miina-Norvik.jpg 270w, https:\/\/sisu.ut.ee\/wp-content\/uploads\/sites\/689\/Miina-Norvik-169x300.jpg 169w\" sizes=\"auto, (max-width: 270px) 100vw, 270px\"><\/figure><div class=\"wp-block-media-text__content\">\n<p><strong>Miina Norvik<\/strong><\/p>\n\n\n\n<p>Miina Norvik (<a href=\"https:\/\/www.etis.ee\/CV\/Miina_Norvik\/est\/\" data-type=\"link\" data-id=\"https:\/\/www.etis.ee\/CV\/Miina_Norvik\/est\/\" target=\"_blank\" rel=\"noreferrer noopener\">CV<\/a>)\u00a0on Tartu \u00dclikooli eesti ja \u00fcldkeeleteaduse instituudi l\u00e4\u00e4nemeresoome keelte ja keelet\u00fcpoloogia kaasprofessor. Uurimist\u00f6\u00f6s on ta peamiselt keskendunud l\u00e4\u00e4nemeresoome v\u00e4ikekeelte (nt liivi, l\u00f5unaeesti, vepsa, karjala, l\u00fc\u00fcdi) ja nende kontaktkeelte morfos\u00fcntaktiliste tunnuste uurimisele. Teda huvitavad uurali keeled \u00fcldiselt ning 2018. aastast on ta uurali keelte t\u00fcpoloogilise andmebaasi (UraTyp) koordinaator. Miina Norvik panustab ka interdistsiplinaarsetesse uurimisprojektidesse. Praegu on ta Tartu \u00dclikooli arheoloogia, geneetika ja lingvistika sidusuuringute kollegiumi juhataja. 2024. aastast on ta Eesti juurte tippkeskuse teaduskoordinaator.<\/p>\n\n\n\n<p>Kaasatus(t): Tartu \u00dclikool<br>Kraad: Ph.D. (Tartu \u00dclikool)<\/p>\n\n\n\n<p>Kontakt: miina.norvik[at]ut.ee<\/p>\n<\/div><\/div>\n\n\n\n<p><\/p>\n\n\n\n<div class=\"wp-block-media-text is-stacked-on-mobile\" style=\"grid-template-columns:17% auto\"><figure class=\"wp-block-media-text__media\"><img loading=\"lazy\" decoding=\"async\" width=\"200\" height=\"200\" src=\"https:\/\/sisu.ut.ee\/wp-content\/uploads\/sites\/689\/Eva-Saar.jpg\" alt=\"\" class=\"wp-image-81 size-full\" srcset=\"https:\/\/sisu.ut.ee\/wp-content\/uploads\/sites\/689\/Eva-Saar.jpg 200w, https:\/\/sisu.ut.ee\/wp-content\/uploads\/sites\/689\/Eva-Saar-150x150.jpg 150w\" sizes=\"auto, (max-width: 200px) 100vw, 200px\"><\/figure><div class=\"wp-block-media-text__content\">\n<p><strong>Eva Saar<\/strong><\/p>\n\n\n\n<p>Eva Saar (<a href=\"https:\/\/www.etis.ee\/CV\/Eva_Saar\/est\/\" data-type=\"link\" data-id=\"https:\/\/www.etis.ee\/CV\/Eva_Saar\/est\/\" target=\"_blank\" rel=\"noreferrer noopener\">CV<\/a>) on Tartu \u00dclikooli l\u00e4\u00e4nemeresoome keelte teadur ja L\u00f5una-Eesti keele ja kultuuriuuringute keskuse koordinaator. Ta kaitses doktorikraadi isuri keele Soikkola murde s\u00f5namuutmiss\u00fcsteemist 2017. aastal. Tema uurimist\u00f6\u00f6 keskendub peamiselt Venemaal k\u00f5neldavatele l\u00e4\u00e4nemeresoome v\u00e4ike\u00adkeeltele, aga ka l\u00f5unaeesti keelele. Tema uurimisvaldkondadeks l\u00e4\u00e4nemeresoome keelte ajalugu, fonoloogia, morfoloogia ja morfos\u00fcntaks ning isikunimed ja onomastika \u00fcldiselt. Aastatel 1997-2019 on ta teinud v\u00e4lit\u00f6id vadja, isuri, l\u00fc\u00fcdi, vepsa ja karjala keelealadel Venemaal ning mulgi, seto ja v\u00f5ru keelealadel L\u00f5una-Eestis. Ta on ka seto-eesti s\u00f5naraamatu koostaja ja selle t\u00f6\u00f6r\u00fchma juht.<\/p>\n\n\n\n<p>Kaasatus(t): Tartu \u00dclikool<br>Kraad: Ph.D. (Tartu \u00dclikool)<\/p>\n\n\n\n<p>Kontakt: eva.saar[at]ut.ee<\/p>\n<\/div><\/div>\n\n\n\n<p><\/p>\n\n\n\n<div class=\"wp-block-media-text is-stacked-on-mobile\" style=\"grid-template-columns:17% auto\"><figure class=\"wp-block-media-text__media\"><img loading=\"lazy\" decoding=\"async\" width=\"899\" height=\"1024\" src=\"https:\/\/sisu.ut.ee\/wp-content\/uploads\/sites\/689\/Pire-Teras-photo-IMG_6096-clipped-2-899x1024.jpg\" alt=\"\" class=\"wp-image-422 size-full\" srcset=\"https:\/\/sisu.ut.ee\/wp-content\/uploads\/sites\/689\/Pire-Teras-photo-IMG_6096-clipped-2-899x1024.jpg 899w, https:\/\/sisu.ut.ee\/wp-content\/uploads\/sites\/689\/Pire-Teras-photo-IMG_6096-clipped-2-264x300.jpg 264w, https:\/\/sisu.ut.ee\/wp-content\/uploads\/sites\/689\/Pire-Teras-photo-IMG_6096-clipped-2-768x874.jpg 768w, https:\/\/sisu.ut.ee\/wp-content\/uploads\/sites\/689\/Pire-Teras-photo-IMG_6096-clipped-2-1349x1536.jpg 1349w, https:\/\/sisu.ut.ee\/wp-content\/uploads\/sites\/689\/Pire-Teras-photo-IMG_6096-clipped-2-1799x2048.jpg 1799w, https:\/\/sisu.ut.ee\/wp-content\/uploads\/sites\/689\/Pire-Teras-photo-IMG_6096-clipped-2-1920x2186.jpg 1920w\" sizes=\"auto, (max-width: 899px) 100vw, 899px\"><\/figure><div class=\"wp-block-media-text__content\">\n<p><strong>Pire Teras<\/strong><\/p>\n\n\n\n<p>Pire Teras (<a href=\"https:\/\/www.etis.ee\/CV\/Pire_Teras\/est\/\" data-type=\"link\" data-id=\"https:\/\/www.etis.ee\/CV\/Pire_Teras\/est\/\" target=\"_blank\" rel=\"noreferrer noopener\">CV<\/a>) t\u00f6\u00f6tab Tartu \u00dclikooli eesti ja \u00fcldkeeleteaduse instituudis eesti foneetika kaasprofessorina. Tema teadust\u00f6\u00f6 on seotud eesti keele ja selle murrete, aga ka soome-ugri keelte foneetikaga. Viimasel ajal on teda huvitanud eesti keele ja selle murrete h\u00e4\u00e4lduse varieerumise ning l\u00f5unaeesti leivu keele prosoodilise muutumise uurimine. Koos kolleegidega on ta uurinud Inari saami keele kvantiteedi akustilisi tunnuseid.<\/p>\n\n\n\n<p>Kaasatus(t): Tartu \u00dclikool<br>Kraad: Ph.D. (Tartu \u00dclikool)<\/p>\n\n\n\n<p>Kontakt: pire.teras[at]ut.ee<\/p>\n<\/div><\/div>\n\n\n\n<div class=\"wp-block-media-text is-stacked-on-mobile\" style=\"grid-template-columns:17% auto\"><figure class=\"wp-block-media-text__media\"><img loading=\"lazy\" decoding=\"async\" width=\"512\" height=\"512\" src=\"https:\/\/sisu.ut.ee\/wp-content\/uploads\/sites\/689\/Tuuli-Tuisk.jpg\" alt=\"\" class=\"wp-image-727 size-full\" srcset=\"https:\/\/sisu.ut.ee\/wp-content\/uploads\/sites\/689\/Tuuli-Tuisk.jpg 512w, https:\/\/sisu.ut.ee\/wp-content\/uploads\/sites\/689\/Tuuli-Tuisk-300x300.jpg 300w, https:\/\/sisu.ut.ee\/wp-content\/uploads\/sites\/689\/Tuuli-Tuisk-150x150.jpg 150w\" sizes=\"auto, (max-width: 512px) 100vw, 512px\"><\/figure><div class=\"wp-block-media-text__content\">\n<p><\/p>\n\n\n\n<p><strong>Tuuli Tuisk<\/strong><\/p>\n\n\n\n<p>Tuuli Tuisk (<a href=\"https:\/\/www.etis.ee\/CV\/Tuuli_Tuisk\/\" data-type=\"link\" data-id=\"https:\/\/www.etis.ee\/CV\/Tuuli_Tuisk\/\" target=\"_blank\" rel=\"noreferrer noopener\">CV<\/a>) on Tartu \u00dclikooli l\u00e4\u00e4nemeresoome keelte foneetika teadur ja L\u00e4ti \u00dclikooli liivi instituudi k\u00fclalisteadur. Ta kaitses oma doktorit\u00f6\u00f6 liivi s\u00f5naprosoodiast T\u00dc eesti ja \u00fcldkeeleteaduse instituudis 2015. aastal. Tema teaduslik uurimishuvi on seotud eesk\u00e4tt liivi keelega, eriti liivi keele h\u00e4\u00e4ldusega, kuid ka teiste l\u00e4hedaste sugulaskeelte (eesti, l\u00f5unaeesti keelesaare leivu, vepsa) h\u00e4\u00e4ldusjoontega. Oma uurimustes on ta kasutanud eksperimentaalfoneetilist l\u00e4henemist. 2006. aastast on ta olnud tegev eesti keele spontaanse k\u00f5ne foneetilise korpuse juures. Samuti on ta <a href=\"https:\/\/murdearhiiv.ut.ee\/\" data-type=\"link\" data-id=\"https:\/\/murdearhiiv.ut.ee\/\" target=\"_blank\" rel=\"noreferrer noopener\">Tartu \u00dclikooli eesti murrete ja sugulaskeelte arhiivi<\/a> administraator.<\/p>\n\n\n\n<p>Kaasatus(t): Tartu \u00dclikool, L\u00e4ti \u00dclikool<br>Kraad: Ph.D. (Tartu \u00dclikool)<\/p>\n\n\n\n<p>Kontakt: tuuli.tuisk[at]ut.ee<\/p>\n<\/div><\/div>\n\n\n\n<p><\/p>\n\n\n\n<div class=\"wp-block-media-text is-stacked-on-mobile\" style=\"grid-template-columns:17% auto\"><figure class=\"wp-block-media-text__media\"><img loading=\"lazy\" decoding=\"async\" width=\"684\" height=\"1024\" src=\"https:\/\/sisu.ut.ee\/wp-content\/uploads\/sites\/689\/Uldis-Balodis-684x1024.jpeg\" alt=\"\" class=\"wp-image-1016 size-full\" srcset=\"https:\/\/sisu.ut.ee\/wp-content\/uploads\/sites\/689\/Uldis-Balodis-684x1024.jpeg 684w, https:\/\/sisu.ut.ee\/wp-content\/uploads\/sites\/689\/Uldis-Balodis-200x300.jpeg 200w, https:\/\/sisu.ut.ee\/wp-content\/uploads\/sites\/689\/Uldis-Balodis-768x1150.jpeg 768w, https:\/\/sisu.ut.ee\/wp-content\/uploads\/sites\/689\/Uldis-Balodis-1025x1536.jpeg 1025w, https:\/\/sisu.ut.ee\/wp-content\/uploads\/sites\/689\/Uldis-Balodis-1367x2048.jpeg 1367w, https:\/\/sisu.ut.ee\/wp-content\/uploads\/sites\/689\/Uldis-Balodis.jpeg 1474w\" sizes=\"auto, (max-width: 684px) 100vw, 684px\"><\/figure><div class=\"wp-block-media-text__content\">\n<p><strong>Uldis Balodis<\/strong><\/p>\n\n\n\n<p>Uldis Balodis (<a href=\"https:\/\/www.etis.ee\/CV\/Uldis%20Ivars%20Janis_Balodis\/est\/\" data-type=\"link\" data-id=\"https:\/\/www.etis.ee\/CV\/Uldis%20Ivars%20Janis_Balodis\/est\/\">CV<\/a>) on Tartu \u00dclikooli eesti ja \u00fcldkeeleteaduse instituudi l\u00f5una-l\u00e4\u00e4nemeresoome keelte ja keelet\u00fcpoloogia teadur ja L\u00e4ti \u00dclikooli Liivi Instituudi teadur. Tema t\u00f6\u00f6 keskendub peamiselt L\u00f5una-Eesti lutsi keelele, mida r\u00e4\u00e4gitakse Kagu-L\u00e4tis (Latgales), ning Kuramaa liivi keelele. Ta on \u201cLutsi kiele lementar\u201d (sissejuhatus lutsi keelde, ajalukku ja k\u00fclakogukondadesse) ning veebip\u00f5hise liivi-eesti-l\u00e4ti s\u00f5naraamatu ingliskeelse t\u00f5lke autor. Samuti uurib ta P\u00f5hja-Ameerika p\u00f5lisrahvaste keeli ja on P\u00f5hja-California juki keele \u00fclevaatliku grammatika autor.<\/p>\n\n\n\n<p>Kaasatus(t): Tartu \u00dclikool, L\u00e4ti \u00dclikool<br>Kraad: Ph.D. (California \u00dclikool, Santa Barbara)<\/p>\n\n\n\n<p>Kontakt: uldis.ivars.janis.balodis[at]ut.ee<\/p>\n<\/div><\/div>\n\n\n\n<p><\/p>\n\n\n\n<div class=\"wp-block-media-text is-stacked-on-mobile\" style=\"grid-template-columns:17% auto\"><figure class=\"wp-block-media-text__media\"><img loading=\"lazy\" decoding=\"async\" width=\"621\" height=\"912\" src=\"https:\/\/sisu.ut.ee\/wp-content\/uploads\/sites\/689\/Milda-Kurpniece.jpg\" alt=\"\" class=\"wp-image-198 size-full\" srcset=\"https:\/\/sisu.ut.ee\/wp-content\/uploads\/sites\/689\/Milda-Kurpniece.jpg 621w, https:\/\/sisu.ut.ee\/wp-content\/uploads\/sites\/689\/Milda-Kurpniece-204x300.jpg 204w\" sizes=\"auto, (max-width: 621px) 100vw, 621px\"><\/figure><div class=\"wp-block-media-text__content\">\n<p><strong>Milda Kurpniece<\/strong><\/p>\n\n\n\n<p>Milda Kurpniece (<a href=\"https:\/\/www.etis.ee\/CV\/Milda%20Ona_Dailidnait\/est\/\" data-type=\"link\" data-id=\"https:\/\/www.etis.ee\/CV\/Milda%20Ona_Dailidnait\/est\/\" target=\"_blank\" rel=\"noreferrer noopener\">CV<\/a>) on\u00a0L\u00e4ti \u00dclikooli Liivi instituudi teadur. Peamiseks tema uurimissuunaks on L\u00e4\u00e4nemeresoome ja Balti keelte kontaktid, mille p\u00e4rast ta keskendubki liivi keelele, kuna just liivi keelt k\u00f5neldakse intensiivseimate nende kahe keele r\u00fchma kontakti alal. Tema doktorit\u00f6\u00f6 keskendub liivi keele jussiivile l\u00f5una l\u00e4\u00e4nemeresoome ja balti keelte kontekstis. Tema keskendub peamiselt morfos\u00fcnntaktilistele liivi keele aspektidele ja liivi keele kontaktkeeltele,\u00a0aga tal on huvi ka balti filoloogia\u00a0vastu\u00a0ning\u00a0teiste keelte ja kultuuride kontaktide aspektide, nagu n\u00e4iteks rahvaluule, vastu.<\/p>\n\n\n\n<p>Kaasatus(t): Tartu \u00dclikool, L\u00e4ti \u00dclikool<br>Kraad: Ph.D. (Tartu \u00dclikool)<\/p>\n\n\n\n<p>Kontakt: milda.kurpniece[at]lu.lv<\/p>\n<\/div><\/div>\n\n\n\n<p><\/p>\n\n\n\n<div class=\"wp-block-media-text is-stacked-on-mobile\" style=\"grid-template-columns:17% auto\"><figure class=\"wp-block-media-text__media\"><img loading=\"lazy\" decoding=\"async\" width=\"200\" height=\"200\" src=\"https:\/\/sisu.ut.ee\/wp-content\/uploads\/sites\/689\/Patrick-ORourke.jpg\" alt=\"\" class=\"wp-image-200 size-full\" srcset=\"https:\/\/sisu.ut.ee\/wp-content\/uploads\/sites\/689\/Patrick-ORourke.jpg 200w, https:\/\/sisu.ut.ee\/wp-content\/uploads\/sites\/689\/Patrick-ORourke-150x150.jpg 150w\" sizes=\"auto, (max-width: 200px) 100vw, 200px\"><\/figure><div class=\"wp-block-media-text__content\">\n<p><strong>Patrick O\u2019Rourke<\/strong><\/p>\n\n\n\n<p>Patrick O\u2019Rourke (<a href=\"https:\/\/www.etis.ee\/CV\/Patrick_ORourke\/est\/\" data-type=\"link\" data-id=\"https:\/\/www.etis.ee\/CV\/Patrick_ORourke\/eng\/\" target=\"_blank\" rel=\"noreferrer noopener\">CV<\/a>) on nooremteadur Tartu \u00dclikoolis. Tema huvivaldkonnad on liivi keele keeleajalugu, ajalooline sotsiolingvistika, etnogeneetilised uurimused ning alguurali morfoloogia. O\u2019Rourke\u2019i doktorit\u00f6\u00f6, mille pealkirjaks on \u201eEdelal\u00e4\u00e4nemeresoome\u201d, keskendub l\u00e4\u00e4nemeresoome keeltele Liivi lahe \u00fcmber. Doktorit\u00f6\u00f6 eesm\u00e4rgiks on uurida v\u00f5imalust, et liivi keelel on \u00fchine algmurre p\u00f5hjaeesti keele saarte ja l\u00e4\u00e4nemurretega. Selles projektis O\u2019Rourke keskendub liivi keele ajaloolistele kontaktidele, kaasaarvatud keelekontaktide m\u00f5jule liivi s\u00f5natuletamises.<\/p>\n\n\n\n<p>Kaasatus(t): Tartu \u00dclikool<br>Kraad: Ph.D. (Tartu \u00dclikool)<\/p>\n\n\n\n<p>Kontakt: patrick.orourke[at]ut.ee<\/p>\n\n\n\n<p><\/p>\n<\/div><\/div>\n\n\n\n<p><strong><em>T\u00e4itjad<\/em><\/strong><\/p>\n\n\n\n<div class=\"wp-block-media-text is-stacked-on-mobile\" style=\"grid-template-columns:17% auto\"><figure class=\"wp-block-media-text__media\"><img loading=\"lazy\" decoding=\"async\" width=\"502\" height=\"502\" src=\"https:\/\/sisu.ut.ee\/wp-content\/uploads\/sites\/689\/photo-1729843244085.jpeg\" alt=\"\" class=\"wp-image-1013 size-full\" srcset=\"https:\/\/sisu.ut.ee\/wp-content\/uploads\/sites\/689\/photo-1729843244085.jpeg 502w, https:\/\/sisu.ut.ee\/wp-content\/uploads\/sites\/689\/photo-1729843244085-300x300.jpeg 300w, https:\/\/sisu.ut.ee\/wp-content\/uploads\/sites\/689\/photo-1729843244085-150x150.jpeg 150w\" sizes=\"auto, (max-width: 502px) 100vw, 502px\"><\/figure><div class=\"wp-block-media-text__content\">\n<p><strong>Atte Huhtala<\/strong><\/p>\n\n\n\n<p>Atte Huhtala (<a href=\"https:\/\/www.etis.ee\/CV\/Atte_Ilmari_Pekanpoika_Huhtala\/est\/\" target=\"_blank\" rel=\"noreferrer noopener\">CV<\/a>) on Tartu ja Turu \u00dclikooli doktorant ja Tartu \u00dclikooli nooremteadur. Tema peamised uurimisvaldkonnad h\u00f5lmavad soome keele kaasaegsete l\u00e4\u00e4nemurrete uurimist ning l\u00e4\u00e4nemeresoome ja permi keelte kontrastiivset ruumilist grammatikat. Oma magistrit\u00f6\u00f6s uuris Huhtala suunda v\u00e4ljendavaid adpositsioone soome ja teistes l\u00e4\u00e4nemeresoome keeltes. Selle projekti raames keskendub ta peamiselt lokaalsust v\u00e4ljendavate grammatiliste elementide variatsioonile.<\/p>\n\n\n\n<p>Kaasatus(t): Tartu \u00dclikool, Turu \u00dclikool<br>Kraad: M.A.<\/p>\n\n\n\n<p>Kontakt: huhtala[at]ut.ee<\/p>\n\n\n\n<p><\/p>\n<\/div><\/div>\n\n\n\n<div class=\"wp-block-media-text is-stacked-on-mobile\" style=\"grid-template-columns:17% auto\"><figure class=\"wp-block-media-text__media\"><img loading=\"lazy\" decoding=\"async\" width=\"768\" height=\"1024\" src=\"https:\/\/sisu.ut.ee\/wp-content\/uploads\/sites\/689\/Esttyp_Mihkel-768x1024.jpeg\" alt=\"\" class=\"wp-image-1005 size-full\" srcset=\"https:\/\/sisu.ut.ee\/wp-content\/uploads\/sites\/689\/Esttyp_Mihkel-768x1024.jpeg 768w, https:\/\/sisu.ut.ee\/wp-content\/uploads\/sites\/689\/Esttyp_Mihkel-225x300.jpeg 225w, https:\/\/sisu.ut.ee\/wp-content\/uploads\/sites\/689\/Esttyp_Mihkel.jpeg 960w\" sizes=\"auto, (max-width: 768px) 100vw, 768px\"><\/figure><div class=\"wp-block-media-text__content\">\n<p><strong>Mihkel R\u00fcnkla<\/strong><\/p>\n\n\n\n<p>Mihkel R\u00fcnkla (<a href=\"https:\/\/www.etis.ee\/CV\/Mihkel_R%C3%BCnkla\/est\/\" target=\"_blank\" rel=\"noreferrer noopener\">CV<\/a>) on Tartu \u00dclikooli doktorant ja nooremteadur. Tema peamine uurimisvaldkond on transitiivsuse vaheldumine ja labiilsus. Magistrit\u00f6\u00f6s keskendus ta labiilsusele kuraliivi keeles, doktoriprojektiga j\u00e4tkab ta labiilsuse uurimist laiemas geograafilises raamis, mis h\u00f5lmab l\u00f5unaeesti keeli ja keelesaari ning Liivi lahte \u00fcmbritsevaid eesti murdeid.<\/p>\n\n\n\n<p>Kaasatus(t): Tartu \u00dclikool<br>Kraad: M.A.<\/p>\n\n\n\n<p>Kontakt: mihkel.runkla[at]ut.ee<\/p>\n<\/div><\/div>\n\n\n\n<p><\/p>\n\n\n\n<div class=\"wp-block-media-text is-stacked-on-mobile\" style=\"grid-template-columns:17% auto\"><figure class=\"wp-block-media-text__media\"><img loading=\"lazy\" decoding=\"async\" width=\"683\" height=\"1024\" src=\"https:\/\/sisu.ut.ee\/wp-content\/uploads\/sites\/689\/janekvaab-683x1024.jpg\" alt=\"\" class=\"wp-image-193 size-full\" srcset=\"https:\/\/sisu.ut.ee\/wp-content\/uploads\/sites\/689\/janekvaab-683x1024.jpg 683w, https:\/\/sisu.ut.ee\/wp-content\/uploads\/sites\/689\/janekvaab-200x300.jpg 200w, https:\/\/sisu.ut.ee\/wp-content\/uploads\/sites\/689\/janekvaab-768x1152.jpg 768w, https:\/\/sisu.ut.ee\/wp-content\/uploads\/sites\/689\/janekvaab-1024x1536.jpg 1024w, https:\/\/sisu.ut.ee\/wp-content\/uploads\/sites\/689\/janekvaab-1365x2048.jpg 1365w, https:\/\/sisu.ut.ee\/wp-content\/uploads\/sites\/689\/janekvaab.jpg 1536w\" sizes=\"auto, (max-width: 683px) 100vw, 683px\"><\/figure><div class=\"wp-block-media-text__content\">\n<p><strong>Janek Vaab<\/strong><\/p>\n\n\n\n<p>Janek Vaab (<a href=\"https:\/\/www.etis.ee\/CV\/Janek_Vaab\" data-type=\"link\" data-id=\"https:\/\/www.etis.ee\/CV\/Janek_Vaab\" target=\"_blank\" rel=\"noreferrer noopener\">CV<\/a>) on doktorant ja nooremteadur, kes uurib l\u00f5unaeesti keele, peamiselt v\u00f5ru ja leivu fonoloogiat ja selle varieerumist. V\u00f5ru- ja Setomaal on ta tihti k\u00e4inud ka v\u00e4lit\u00f6\u00f6del. Doktorit\u00f6\u00f6s otsib ta l\u00f5unaeesti k\u00f5risulgh\u00e4\u00e4liku esinemist m\u00f5jutavaid morfofonoloogilisi tegureid. Selles projektis huvitavad teda enim lar\u00fcngaalide varieeruv h\u00e4\u00e4ldus ja l\u00f5unaeesti keelesaarte positsioon l\u00f5unal\u00e4\u00e4nemeresoome keeltena tihedas balti ja slaavi keelte kontaktis.<\/p>\n\n\n\n<p>Kaasatus(t): Tartu \u00dclikool<br>Kraad: M.A.<\/p>\n\n\n\n<p>Kontakt: janek.vaab[at]ut.ee<\/p>\n<\/div><\/div>\n\n\n\n<p><\/p>\n\n\n\n<p><em>P\u00e4isepilt: Vadja keele v\u00e4lit\u00f6\u00f6de m\u00e4rkmed, mille pani kirja Paul Ariste Otju Onufrijevilt 1942. aastal. Allikas: Tartu \u00dclikooli eesti murrete ja sugulaskeelte arhiiv, arhiivinumber <a href=\"https:\/\/murdearhiiv.ut.ee\/naita.php?t=kasikiri&amp;id=894\" data-type=\"link\" data-id=\"https:\/\/murdearhiiv.ut.ee\/naita.php?t=kasikiri&amp;id=894\">C0102<\/a><\/em>.<\/p>\n","protected":false},"excerpt":{"rendered":"<p>Vastutav t\u00e4itja Karl Pajusalu Karl Pajusalu (CV) on Tartu \u00dclikooli eesti keele ajaloo ja murrete professor ja Helsingi \u00dclikooli l\u00e4\u00e4nemeresoome keelte dotsent. Ta on projekti ESTTYP vastutav t\u00e4itja. Ta on uurinud l\u00f5una-l\u00e4\u00e4nemeresoome ja teiste soome-ugri keelte h\u00e4\u00e4likulist ja morfoloogilist varieerumist, &#8230;<\/p>\n","protected":false},"author":341,"featured_media":764,"parent":0,"menu_order":0,"comment_status":"closed","ping_status":"closed","template":"","meta":{"_acf_changed":false,"inline_featured_image":false,"footnotes":""},"class_list":["post-899","page","type-page","status-publish","has-post-thumbnail","hentry"],"acf":[],"_links":{"self":[{"href":"https:\/\/sisu.ut.ee\/esttyp\/et\/wp-json\/wp\/v2\/pages\/899","targetHints":{"allow":["GET"]}}],"collection":[{"href":"https:\/\/sisu.ut.ee\/esttyp\/et\/wp-json\/wp\/v2\/pages"}],"about":[{"href":"https:\/\/sisu.ut.ee\/esttyp\/et\/wp-json\/wp\/v2\/types\/page"}],"author":[{"embeddable":true,"href":"https:\/\/sisu.ut.ee\/esttyp\/et\/wp-json\/wp\/v2\/users\/341"}],"replies":[{"embeddable":true,"href":"https:\/\/sisu.ut.ee\/esttyp\/et\/wp-json\/wp\/v2\/comments?post=899"}],"version-history":[{"count":23,"href":"https:\/\/sisu.ut.ee\/esttyp\/et\/wp-json\/wp\/v2\/pages\/899\/revisions"}],"predecessor-version":[{"id":1132,"href":"https:\/\/sisu.ut.ee\/esttyp\/et\/wp-json\/wp\/v2\/pages\/899\/revisions\/1132"}],"wp:featuredmedia":[{"embeddable":true,"href":"https:\/\/sisu.ut.ee\/esttyp\/et\/wp-json\/wp\/v2\/media\/764"}],"wp:attachment":[{"href":"https:\/\/sisu.ut.ee\/esttyp\/et\/wp-json\/wp\/v2\/media?parent=899"}],"curies":[{"name":"wp","href":"https:\/\/api.w.org\/{rel}","templated":true}]}}