{"id":98,"date":"2024-04-04T04:56:32","date_gmt":"2024-04-04T01:56:32","guid":{"rendered":"https:\/\/sisu.ut.ee\/estshg\/xxiii-teaduskonverents-haapsalus-2021\/"},"modified":"2025-05-20T16:42:44","modified_gmt":"2025-05-20T13:42:44","slug":"xxiii-teaduskonverents-haapsalus-2021","status":"publish","type":"page","link":"https:\/\/sisu.ut.ee\/estshg\/xxiii-teaduskonverents-haapsalus-2021\/","title":{"rendered":"XXIII teaduskonverents Haapsalus 30.09-01.10.2021"},"content":{"rendered":"<p>2021. aasta Eesti Inimese Geneetika \u00dchingu XXIII aastakonverents toimus\u00a0<strong>h\u00fcbriidvormis\u00a0<\/strong>(kontaktkonverentsina Haapsalus\u00a0<a title=\"\" href=\"https:\/\/www.facebook.com\/KlubiKaluri\/\" target=\"_blank\" rel=\"noopener\">Kaluri Klubihoones<\/a>, kuid soovijaile ka Interneti vahendusel) 30.09.2021-01.10.2021.<\/p>\n<p><strong>Konverentsil esinesid<\/strong>\u00a0Jana Jaal, Astrid Murum\u00e4gi, Kersti Oselin, Jan Olle Andressoo, Kelli Lehto, Mari Sepp, Maido Remm, Elin Org, Margus Varjak, Tanel Tenson, Triin Laisk, Pille Hallast, Mario Plaas, Reet Kurg, Petri Jaan Lahtvee.<\/p>\n<p>Konverentsi\u00a0kavas olid ka noorteadlaste ja startup-ettev\u00f5tete sessioonid. Noorteadlastel oli\u00a0suurep\u00e4rane v\u00f5imalus suuliselt oma teadust\u00f6\u00f6 tulemusi esitleda.\u00a0Startup-ettev\u00f5tete sessioon andis v\u00f5imaluse tutvustada ettev\u00f5tte ambitsioonikaid ideid ning innovatiivseid tooteid ja teenuseid erialasele auditooriumile.<\/p>\n<p>\u00dcle anti ka Eesti InimeseGeneetika \u00dchingu\u00a0<strong>elut\u00f6\u00f6preemia<\/strong>, seekord <a title=\"\" href=\"https:\/\/estshg.ut.ee\/2021-elut%C3%B6%C3%B6-preemia-laureaat-elvira-kurvinen-0\" target=\"_blank\" rel=\"noopener\" data-url=\"https:\/\/estshg.ut.ee\/2021-elut%C3%B6%C3%B6-preemia-laureaat-elvira-kurvinen-0\">Elvira Kurvinenile<\/a>.<\/p>\n<p><a href=\"https:\/\/sisu.ut.ee\/wp-content\/uploads\/sites\/345\/estshg_2021_programm.pdf\">PROGRAMM<\/a>\u00a0(.pdf format)<\/p>\n<p>Ettekannete <a title=\"\" href=\"https:\/\/vimeo.com\/showcase\/estshg2021\" target=\"_blank\" rel=\"noopener\" data-url=\"https:\/\/vimeo.com\/showcase\/estshg2021\">salvestused<\/a>.<\/p>\n<p><span style=\"font-size: 16px;\"><span style=\"color: #4b0082;\"><strong>Neljap\u00e4ev, 30. september 2021. a<\/strong><\/span><\/span><\/p>\n<p>10.30\u00a0Kohale saabumine, tervitussuupisted<\/p>\n<p>10.55-11.00\u00a0Konverentsi avas\u00f5na: EstSHG president Neeme T\u00f5nisson<\/p>\n<p><strong><span style=\"color: #4b0082;\">Esimene Sessioon. Onkoloogia<\/span><\/strong><\/p>\n<p>11.00-11.30\u00a0Jana Jaal: Kiiritusravi ja immuunaktivatsioon \u2013 efektiivsed partnerid v\u00e4hiravis<\/p>\n<p>11.30-12.00\u00a0Astrid Murum\u00e4gi: Funktsionaalne personaalmeditsiin onkoloogias<\/p>\n<p>12.00-12.30\u00a0Kersti Oselin: Sihtm\u00e4rkravi onkoloogias<\/p>\n<p>12.30-13.30\u00a0L\u00f5una<\/p>\n<p><strong><span style=\"color: #4b0082;\">Teine Sessioon. Aju<\/span><\/strong><\/p>\n<p>13.30-14.00\u00a0Jaan-Olle Andressoo: Geenide posttranskriptsiooniline k\u00e4ivitamine neuroloogiliste haiguste modelleerimises ja ravis<\/p>\n<p>14.00-14.30\u00a0Kelli Lehto: Ps\u00fchhiaatrilise geneetika v\u00f5imalused ning v\u00e4ljakutsed vaimse tervise probleemide ennetuses, diagnoosimisel ja ravis<\/p>\n<p>14.30-15.00\u00a0Mari Sepp: V\u00e4ikeaju rakkude areng ja evolutsioon imetajates<\/p>\n<p>15.00-15.30\u00a0Kohvipaus<\/p>\n<p><strong><span style=\"color: #4b0082;\">Kolmas Sessioon. Bakterid ja viirused, elut\u00f6\u00f6preemia \u00fcleandmine<\/span><\/strong><\/p>\n<p>15.30-16.00\u00a0Maido Remm: Bakterite genoomij\u00e4rjestustest saadava info kasutamine meditsiini ja toiduohutuse valdkonnas<\/p>\n<p>16.00-16.30\u00a0Elin Org: Inimese mikrobioomi andmete kasutamine terviseuuringutes<\/p>\n<p>16.30-17.00\u00a0Margus Varjak: Kuidas Zika viiruse genoom rakku p\u00e4\u00e4seb<\/p>\n<p>17.00-17.30\u00a0Tanel Tenson: Mida me inimeste kohta reoveest teada saame?<\/p>\n<p>17.30-18.15\u00a0Elut\u00f6\u00f6preemia laureaadi autasustamine ja ettekanne<\/p>\n<p>20.00-24.00\u00a0Arutelud sektsioonides<\/p>\n<p><span style=\"font-size: 16px;\"><strong><span style=\"color: #4b0082;\">Reede, 1. oktoober 2021. a<\/span><\/strong><\/span><\/p>\n<p>8.30-9.00 N\u00e4ituse k\u00fclastamine<\/p>\n<p>9.00-10.00 Eesti Inimesegeneetika \u00dchingu \u00fcldkoosolek<\/p>\n<p><strong><span style=\"color: #4b0082;\">Neljas Sessioon. Viljatuse geneetika<\/span><\/strong><\/p>\n<p>10.00-10.30\u00a0Triin Laisk: Geneetika kui vahend reproduktiivtervise paremaks m\u00f5istmiseks<\/p>\n<p>10.30-11.00\u00a0Pille Hallast: Inimese Y kromosoom: struktuursed varieeruvused ja nende tagaj\u00e4rjed<\/p>\n<p>11.00-11.30\u00a0Kohvipaus<\/p>\n<p><strong><span style=\"color: #4b0082;\">Viies Sessioon. Varia<\/span><\/strong><\/p>\n<p>11.30-12.00\u00a0Mario Plaas: GLP1 retseptori agonist liraglutiid pidurdab oluliselt Wolframi S\u00fcndroomi arengut Wfs1 puudulikus rotis<\/p>\n<p>12.00-12.30\u00a0Reet Kurg: Melanoomi antigeenid v\u00e4hi diagnostikas ja ravis<\/p>\n<p>12.30-13.00\u00a0Petri Jaan Lahtvee: J\u00e4tkusuutlikust toidu tootmisest (Food Economy 4.0)<\/p>\n<p>13.00-14.00\u00a0L\u00f5una, n\u00e4ituse k\u00fclastamine<\/p>\n<p><strong><span style=\"color: #4b0082;\">Kuues Sessioon. Noorteadlased, kuldtoetaja, start-up ettev\u00f5tete \u00f6kos\u00fcsteem<\/span><\/strong><\/p>\n<p>14.00-14.15\u00a0Marina Loid: Androgeeni toime ise\u00e4rasused pol\u00fctsistilise munasarja s\u00fcndroomiga (PCOS) naiste detsidualiseeritud endomeetriumis<\/p>\n<p>14.15-14.30\u00a0Denis Belitskin: Hepsiin reguleerib TGF\u03b2 signaalrada fibronektiini proteol\u00fc\u00fcsi teel<\/p>\n<p>14.30-14.45\u00a0Ellen Rebecca Kruuse: Valitud l\u00fcsosomaalsete ladestushaiguste uuringud Eesti Geenivaramu doonorite seas<\/p>\n<p>14.45-15.15 Kuldtoetaja ettekanne. Daniel L\u00f6fgren: The implementation of dPCR in liquid biopsy and its considerations<\/p>\n<p>15.15-15.30\u00a0T\u00f5nu Esko: UniTartu Ventures tutvustus<\/p>\n<p>15.30-15.45\u00a0Sven Parkel: Iduettev\u00f5tete elukaar ja rahastamisv\u00f5imalused. Tartu Biotehnoloogia Park<\/p>\n<p>15.45-15.55\u00a0Katrina Laks: Kuidas ehitada kiirelt kasvavat tervisetehnoloogia ettev\u00f5tet Migreventioni kogemus<\/p>\n<p>15.55-16.05\u00a0Paneeldiskussioon: mis on h\u00e4sti ja millist tuge oleks veel vaja?<\/p>\n<p>16.05-16.10\u00a0Konverentsi l\u00f5petamine<\/p>\n<p>16.20\u00a0\u00c4ras\u00f5it<\/p>\n","protected":false},"excerpt":{"rendered":"<p>2021. aasta Eesti Inimese Geneetika \u00dchingu XXIII aastakonverents toimus\u00a0h\u00fcbriidvormis\u00a0(kontaktkonverentsina Haapsalus\u00a0Kaluri Klubihoones, kuid soovijaile ka Interneti vahendusel) 30.09.2021-01.10.2021. Konverentsil esinesid\u00a0Jana Jaal, Astrid Murum\u00e4gi, Kersti Oselin, Jan Olle Andressoo, Kelli Lehto, Mari Sepp, Maido Remm, Elin Org, Margus Varjak, Tanel Tenson, Triin &#8230;<\/p>\n","protected":false},"author":182,"featured_media":0,"parent":0,"menu_order":0,"comment_status":"closed","ping_status":"closed","template":"","meta":{"_acf_changed":false,"inline_featured_image":false,"footnotes":""},"class_list":["post-98","page","type-page","status-publish","hentry"],"acf":[],"_links":{"self":[{"href":"https:\/\/sisu.ut.ee\/estshg\/wp-json\/wp\/v2\/pages\/98","targetHints":{"allow":["GET"]}}],"collection":[{"href":"https:\/\/sisu.ut.ee\/estshg\/wp-json\/wp\/v2\/pages"}],"about":[{"href":"https:\/\/sisu.ut.ee\/estshg\/wp-json\/wp\/v2\/types\/page"}],"author":[{"embeddable":true,"href":"https:\/\/sisu.ut.ee\/estshg\/wp-json\/wp\/v2\/users\/182"}],"replies":[{"embeddable":true,"href":"https:\/\/sisu.ut.ee\/estshg\/wp-json\/wp\/v2\/comments?post=98"}],"version-history":[{"count":2,"href":"https:\/\/sisu.ut.ee\/estshg\/wp-json\/wp\/v2\/pages\/98\/revisions"}],"predecessor-version":[{"id":550,"href":"https:\/\/sisu.ut.ee\/estshg\/wp-json\/wp\/v2\/pages\/98\/revisions\/550"}],"wp:attachment":[{"href":"https:\/\/sisu.ut.ee\/estshg\/wp-json\/wp\/v2\/media?parent=98"}],"curies":[{"name":"wp","href":"https:\/\/api.w.org\/{rel}","templated":true}]}}