{"id":97,"date":"2024-04-04T04:56:32","date_gmt":"2024-04-04T01:56:32","guid":{"rendered":"https:\/\/sisu.ut.ee\/estshg\/2021-elutoo-preemia-laureaat-elvira-kurvinen\/"},"modified":"2024-10-29T14:08:52","modified_gmt":"2024-10-29T12:08:52","slug":"2021-elutoo-preemia-laureaat-elvira-kurvinen","status":"publish","type":"page","link":"https:\/\/sisu.ut.ee\/estshg\/2021-elutoo-preemia-laureaat-elvira-kurvinen\/","title":{"rendered":"2021 elut\u00f6\u00f6 preemia laureaat Elvira Kurvinen"},"content":{"rendered":"<p><strong><br>\nEesti Inimesegeneetika \u00dching autasustas Haapsalus toimunud\u00a0aastakonverentsil elut\u00f6\u00f6preemiaga meditsiinigeneetik dr. Elvira Kurvineni.<\/strong><\/p>\n<p><img decoding=\"async\" style=\"width: 150px; height: 225px; float: right; margin: 5px;\" title=\"Elvira Kurvinen\" src=\"https:\/\/sisu.ut.ee\/wp-content\/uploads\/sites\/345\/elvira_kurvinen_2.jpg\" alt=\"Elvira\"><\/p>\n<p style=\"text-align: justify;\">Meditsiinigeneetik Elvira Kurvinen on v\u00e4ga p\u00f5hjalik ja s\u00f5bralik, samas\u00a0tagasihoidlik ja laia silmaringiga arst, kes oma hoolikkusega on v\u00f5itnud\u00a0tee nii kolleegide kui patsientide s\u00fcdameisse.<br>\nDr. Kurvinen l\u00f5petas Tartu \u00fclikooli arstiteaduskonna 1977. aastal, t\u00f6\u00f6tas\u00a0seej\u00e4rel internina Tallinna Keskhaiglas aastail 1977 \u2013 1978 ja\u00a01978 \u2013\u00a01980. aastal arstina Kuressaare haiglas. Aastail 1980 \u2013 1986 oli dr.\u00a0Kurvinen MTA Meditsiinilise Geneetika Instituudis Moskvas kliiniline\u00a0ordinaator ning seej\u00e4irel aspirant. Kandidaadiv\u00e4itekirja teemal \u201eLoote\u00a0kaasas\u00fcndinud v\u00e4\u00e4rarengute prognoosimine kliinilis-genealoogilise ja\u00a0ultraheli uuringu alusel\u201c kaitses ta 1987. aastal edukalt Moskvas.<\/p>\n<p style=\"text-align: justify;\">V\u00e4\u00e4rarendite ja arenguh\u00e4irete k\u00f5rval on Dr. Elvira Kurvineni teiseks\u00a0pikaaegseks teadushuviks olnud s\u00fcdame ja veresoonkonte haiguste valdkond\u00a0\u2013 ateroskleroos, lipiidide ainevahetush\u00e4ired ja muud riskitegurid. Ta on\u00a0pikaaegselt olnud Tervise Arengu Instituudi vanemteadur.<\/p>\n<p style=\"text-align: justify;\">Dr. Elvira Kurvineni elut\u00f6\u00f6 meditsiinigeneetikuna algas 1987. aastal.\u00a0Tema kliiniline ampluaa on \u00e4\u00e4rmiselt avar: esmased p\u00e4riliku haiguse\u00a0kahtlusega haiged, viljakush\u00e4ired, s\u00fcnnieelne diagnostika ja palju muud.\u00a0Erilist huvi on talle pakkunud s\u00fcnnieelne diagnostika, mis t\u00e4nu\u00a0uurimismeetodite arengule on andnud paremad v\u00f5imalused perekondade<\/p>\n<p style=\"text-align: justify;\">geneetiliseks n\u00f5ustamiseks.<\/p>\n<p style=\"text-align: justify;\">Kolleegide s\u00f5nul on Elvira v\u00e4ga meeldiv, aga tagasihoidlik inimene, kes\u00a0on samas oma t\u00f6\u00f6s v\u00e4ga korrektne ja p\u00f5hjalik ning kui vaja, siis ka\u00a0omajagu kangekaelne.<\/p>\n","protected":false},"excerpt":{"rendered":"<p>Eesti Inimesegeneetika \u00dching autasustas Haapsalus toimunud\u00a0aastakonverentsil elut\u00f6\u00f6preemiaga meditsiinigeneetik dr. Elvira Kurvineni. Meditsiinigeneetik Elvira Kurvinen on v\u00e4ga p\u00f5hjalik ja s\u00f5bralik, samas\u00a0tagasihoidlik ja laia silmaringiga arst, kes oma hoolikkusega on v\u00f5itnud\u00a0tee nii kolleegide kui patsientide s\u00fcdameisse. Dr. Kurvinen l\u00f5petas Tartu \u00fclikooli arstiteaduskonna &#8230;<\/p>\n","protected":false},"author":182,"featured_media":0,"parent":0,"menu_order":0,"comment_status":"closed","ping_status":"closed","template":"","meta":{"_acf_changed":false,"inline_featured_image":false,"footnotes":""},"class_list":["post-97","page","type-page","status-publish","hentry"],"acf":[],"_links":{"self":[{"href":"https:\/\/sisu.ut.ee\/estshg\/wp-json\/wp\/v2\/pages\/97","targetHints":{"allow":["GET"]}}],"collection":[{"href":"https:\/\/sisu.ut.ee\/estshg\/wp-json\/wp\/v2\/pages"}],"about":[{"href":"https:\/\/sisu.ut.ee\/estshg\/wp-json\/wp\/v2\/types\/page"}],"author":[{"embeddable":true,"href":"https:\/\/sisu.ut.ee\/estshg\/wp-json\/wp\/v2\/users\/182"}],"replies":[{"embeddable":true,"href":"https:\/\/sisu.ut.ee\/estshg\/wp-json\/wp\/v2\/comments?post=97"}],"version-history":[{"count":2,"href":"https:\/\/sisu.ut.ee\/estshg\/wp-json\/wp\/v2\/pages\/97\/revisions"}],"predecessor-version":[{"id":485,"href":"https:\/\/sisu.ut.ee\/estshg\/wp-json\/wp\/v2\/pages\/97\/revisions\/485"}],"wp:attachment":[{"href":"https:\/\/sisu.ut.ee\/estshg\/wp-json\/wp\/v2\/media?parent=97"}],"curies":[{"name":"wp","href":"https:\/\/api.w.org\/{rel}","templated":true}]}}