{"id":81,"date":"2024-04-04T04:56:31","date_gmt":"2024-04-04T01:56:31","guid":{"rendered":"https:\/\/sisu.ut.ee\/estshg\/2009-elutoo-preemia-laureaat-henni-heidi-kallak\/"},"modified":"2024-04-04T04:57:13","modified_gmt":"2024-04-04T01:57:13","slug":"2009-elutoo-preemia-laureaat-henni-heidi-kallak","status":"publish","type":"page","link":"https:\/\/sisu.ut.ee\/estshg\/2009-elutoo-preemia-laureaat-henni-heidi-kallak\/","title":{"rendered":"2009 elut\u00f6\u00f6 preemia laureaat Henni-Heidi Kallak"},"content":{"rendered":"<p>\n\t<b>\u00a0 \u00a0<br>Henni-Heidi Kallak<\/b>\u00a0(20. oktoober 1931 Viljandi \u2013 8. juuli 2013 Tallinn) oli eesti\u00a0bioloog.\n<\/p>\n<p>\n\tTa l\u00f5petas 1951. aastal\u00a0Viljandi 1. Keskkooli ja 1956. aastal\u00a0Tartu Riikliku \u00dclikooli\u00a0(TR\u00dc). Ta sai 1965. aastal bioloogiakandidaadi kraadi.\n<\/p>\n<p>\n\tTa oli aastatel 1962\u20131992 TR\u00dc\/\u00a0Tartu \u00dclikooli \u00f5ppej\u00f5ud, sealhulgas:\n<\/p>\n<ul>\n<li>\n\t\t1971\u20131981 geneetika ja darvinismi (hiljem geneetika ja ts\u00fctoloogia) kateedri juhataja\n\t<\/li>\n<li>\n\t\t1981\u20131992 dotsent\n\t<\/li>\n<li>\n\t\t1992 molekulaar- ja rakubioloogia instituudi professor\n\t<\/li>\n<li>\n\t\t1997 emeriitprofessor\n\t<\/li>\n<\/ul>\n<p>\n\tTa tegeles taimegeneetika ja\u00a0evolutsioonibioloogiaga, uurimisvaldkonnad olid taimegeneetika, arengubioloogia ning evolutsiooniline bioloogia.\n<\/p>\n<p>\n\t\u00a0\n<\/p>\n<p>\n\tTa avaldas raamatuid evolutsiooni\u00f5petuse teemadel.\n<\/p>\n<p>\n\t1967 \u201cEvolutsiooni p\u00f5hitegurid\u201d. Tartu: Tartu Riiklik \u00dclikool<br>1970 2. parandatud tr\u00fckk. Tartu: Tartu Riiklik \u00dclikool<br>1970 \u201cElusa looduse evolutsioonist\u201d. Tallinn: Valgus<br>1973 \u201cEvolutsiooniidee kujunemisest\u201d. Tartu: Tartu Riiklik \u00dclikool<br>1982 \u201cEvolutsiooni materjal ja tegurid: \u00f5ppevahend bioloogiaosakonna \u00fcli\u00f5pilastele\u201d. Tartu: Tartu Riiklik \u00dclikool<br>1984 \u201cDarvinism, selle eelk\u00e4ijad ja edendajad\u201d. Tallinn: Valgus<br>1986 \u201cAdaptatsiogenees ja liigiteke\u201d. Tartu: Tartu Riiklik \u00dclikool<br>1990 \u201cBioevolutsioon\u201d. Tallinn: Valgus\n<\/p>\n<p>\n\t\u00a0\u00a0\n<\/p>\n<p>\n\tTunnustus:\n<\/p>\n<ul>\n<li>\n\t\t2006\u00a0Eesti Bioloogia\u00f5petajate \u00dchingu\u00a0auliige\n\t<\/li>\n<li>\n\t\t2009\u00a0auhind \u201cElut\u00f6\u00f6 geneetikuna\u201d\n\t<\/li>\n<\/ul>\n<p>\n\t\u00a0\n<\/p>\n<p>\n\t<em>Allikas: Wikipedia<\/em>\n<\/p>\n<p>\n\t\u00a0\n<\/p>\n<p>\n\t\u00a0<\/p>\n","protected":false},"excerpt":{"rendered":"<p>\u00a0 \u00a0Henni-Heidi Kallak\u00a0(20. oktoober 1931 Viljandi \u2013 8. juuli 2013 Tallinn) oli eesti\u00a0bioloog. Ta l\u00f5petas 1951. aastal\u00a0Viljandi 1. Keskkooli ja 1956. aastal\u00a0Tartu Riikliku \u00dclikooli\u00a0(TR\u00dc). Ta sai 1965. aastal bioloogiakandidaadi kraadi. Ta oli aastatel 1962\u20131992 TR\u00dc\/\u00a0Tartu \u00dclikooli \u00f5ppej\u00f5ud, sealhulgas: 1971\u20131981 geneetika &#8230;<\/p>\n","protected":false},"author":182,"featured_media":0,"parent":0,"menu_order":0,"comment_status":"closed","ping_status":"closed","template":"","meta":{"_acf_changed":false,"inline_featured_image":false,"footnotes":""},"class_list":["post-81","page","type-page","status-publish","hentry"],"acf":[],"_links":{"self":[{"href":"https:\/\/sisu.ut.ee\/estshg\/wp-json\/wp\/v2\/pages\/81","targetHints":{"allow":["GET"]}}],"collection":[{"href":"https:\/\/sisu.ut.ee\/estshg\/wp-json\/wp\/v2\/pages"}],"about":[{"href":"https:\/\/sisu.ut.ee\/estshg\/wp-json\/wp\/v2\/types\/page"}],"author":[{"embeddable":true,"href":"https:\/\/sisu.ut.ee\/estshg\/wp-json\/wp\/v2\/users\/182"}],"replies":[{"embeddable":true,"href":"https:\/\/sisu.ut.ee\/estshg\/wp-json\/wp\/v2\/comments?post=81"}],"version-history":[{"count":1,"href":"https:\/\/sisu.ut.ee\/estshg\/wp-json\/wp\/v2\/pages\/81\/revisions"}],"predecessor-version":[{"id":267,"href":"https:\/\/sisu.ut.ee\/estshg\/wp-json\/wp\/v2\/pages\/81\/revisions\/267"}],"wp:attachment":[{"href":"https:\/\/sisu.ut.ee\/estshg\/wp-json\/wp\/v2\/media?parent=81"}],"curies":[{"name":"wp","href":"https:\/\/api.w.org\/{rel}","templated":true}]}}