{"id":80,"date":"2024-04-04T04:56:31","date_gmt":"2024-04-04T01:56:31","guid":{"rendered":"https:\/\/sisu.ut.ee\/estshg\/2010-elutoo-preemia-laureaat-tiina-talvik\/"},"modified":"2024-04-04T04:57:13","modified_gmt":"2024-04-04T01:57:13","slug":"2010-elutoo-preemia-laureaat-tiina-talvik","status":"publish","type":"page","link":"https:\/\/sisu.ut.ee\/estshg\/2010-elutoo-preemia-laureaat-tiina-talvik\/","title":{"rendered":"2010 elut\u00f6\u00f6 preemia laureaat Tiina Talvik"},"content":{"rendered":"<p>\n\t<img loading=\"lazy\" decoding=\"async\" width=\"660\" height=\"879\" class=\"alignnone wp-image-193\" style=\"width: 260px;height: 346px;margin: 15px;float: left;border-width: 1px;border-style: solid\" src=\"https:\/\/sisu.ut.ee\/wp-content\/uploads\/sites\/345\/tiina_talvik_a.tennus_03.jpg\" title=\"tiina_talvik_a.tennus_03.jpg\" alt=\"Prof emeritus Tiina Talvik\" srcset=\"https:\/\/sisu.ut.ee\/wp-content\/uploads\/sites\/345\/tiina_talvik_a.tennus_03.jpg 660w, https:\/\/sisu.ut.ee\/wp-content\/uploads\/sites\/345\/tiina_talvik_a.tennus_03-225x300.jpg 225w\" sizes=\"auto, (max-width: 660px) 100vw, 660px\"><br><em>Professor emeritus<\/em> Tiina Talvikut (s\u00fcnninimi Tiina Tanim\u00e4e, 21. aprill 1938 Tartu \u2013 9. veebruar 2021) tunnustati \u00fchingu poolt elut\u00f6\u00f6preemiaga 2010 aastal.<br>Professor Tiina Talvikut v\u00f5ib koos dr. Mari Sitska ja prof. Avo-Valdur Mikelsaarega lugeda Eesti kliinilise geneetika alustaladeks, kes alustasid juba 1969. aastal medistiinigeneetilise n\u00f5ustamisega Tartus.\u00a0<br>Tiina Talvik l\u00f5petas Tartu Riikliku \u00dclikooli 1962. aastal ning alustas t\u00f6\u00f6d Tartu Lastehaiglas ja Tartu Lastepolikliinikus lastearsti ja lasteneuroloogina.\n<\/p>\n<p>\n\tAastatel 1968-1975 oli ta Tartu Kliinilise Haigla meditsiinigeneetika labori juhataja. Sealt edasi, aastail 1975-1991 T\u00dc neuroloogia ja neurokirurgia kateedri assistent ja dotsent ning 1991-1999 T\u00dc pediaatria kateedri juhataja (alates 1992 ka professor).\n<\/p>\n<p>\n\tTiina Talvik juhatas Tartu \u00dclikooli Lastekliiniku pediaatria \u00f5ppetooli ja Tartu \u00dclikooli Kliinikumi lastkliinikut aastatel 2000-2003.\n<\/p>\n<p>\n\tPensionieas j\u00e4tkas Tiina Talvik aktiivset t\u00f6\u00f6d teadurina ning alates 2005. aastast juhtis SA Tartu \u00dclikooli Kliinikumi Kliinilise Eetika Komiteed, 2018. aastast oli sama komitee \u00a0aseesimees.<br><em>Prof. emeritus<\/em> Tiina Talvik kaitses esmakordselt doktoriv\u00e4itekirja (kandidaadiv\u00e4itekirja) 1973. aastal teemal \u201eKaasas\u00fcndinud arenguh\u00e4iretega vaimselt mahaj\u00e4\u00e4nud laste ts\u00fctogeneetilised uuringud ja meditsiini-geneetilise konsultatsiooni probleemid\u201c ja teistkordselt 1992. aastal \u00a0\u201e<em>Hypoxic-ischemic brain damage in neonates (clinical, biochemical and brain computed tomographical investigation)<\/em>\u201c.<br>Ta oli Balti Lasteneuroloogide Assotsiatsiooni\u00a0looja, president ja asepresident, L. Puusepa nimelise Neuroloogide ja Neurokirurgide Seltsi juhatuse liige, auliige, Eesti Lastearstide Seltsi auliige, Eesti Inimgeneetika Seltsi juhatuse liige, UNICEF Eesti Rahvuskomitee juhatuse liige, Eesti Vabariigi Sotsiaalministeeriumi Eetikakomitee liige, Eesti Vabariigi Sotsiaalministeeriumi Rehabilitatsioonikontseptsiooni komisjoni liige, Geenivaramu Eetikakomitee liige, Rahvusvahelise Pediaatriaprofessorite Assotsiatsiooni liige, SA Tartu \u00dclikooli Kliinikumi Kliinilise Eetika Komitee liige.\u00a0<br>Tema juhendamisel on kaitstud 17 doktoriv\u00e4itekirja ja \u00fcks magistrit\u00f6\u00f6 (neist 17 Tartu \u00dclikoolis ning \u00fcks Tallinna \u00dclikoolis); ta publitseeris\u00a0enam kui 250 teadusartikli rahvusvahelistes ajakirjades. Lisaks aktiivsele teadus- ja \u00f5ppet\u00f6\u00f6le oli professor Talvik v\u00e4ga hinnatud ja austatud arst.\u00a0<br>Prof. Tiina Talvikule on\u00a0omistatud mitmeid tunnustusi: Eesti Teadusfondi uurimuse preemia 1999 aastal, Arstiteaduskonna medal 2000 aastal,\u00a0Milleniumi medal 2000 aastal, Tartu \u00dclikooli medal 2004. aastal, Eesti Punase Risti I klassi orden 2004. aastal, Tartu medal 2004. aastal, Riigi teaduspreemia pikaajalise tulemusliku teadus- ja arendust\u00f6\u00f6 eest 2008. aastal ning 1999. aastal tunnustati teda Aasta Ema tiitliga ja 2018. aastal p\u00e4lvis ta Tartu aukodaniku tiitli.<br>\u00d5ppej\u00f5u-\u00a0ning kolleegina oli prof. Tiina Talvik alati toetav ja inspireeriv.<\/p>\n","protected":false},"excerpt":{"rendered":"<p>Professor emeritus Tiina Talvikut (s\u00fcnninimi Tiina Tanim\u00e4e, 21. aprill 1938 Tartu \u2013 9. veebruar 2021) tunnustati \u00fchingu poolt elut\u00f6\u00f6preemiaga 2010 aastal.Professor Tiina Talvikut v\u00f5ib koos dr. Mari Sitska ja prof. Avo-Valdur Mikelsaarega lugeda Eesti kliinilise geneetika alustaladeks, kes alustasid juba &#8230;<\/p>\n","protected":false},"author":182,"featured_media":0,"parent":0,"menu_order":0,"comment_status":"closed","ping_status":"closed","template":"","meta":{"_acf_changed":false,"inline_featured_image":false,"footnotes":""},"class_list":["post-80","page","type-page","status-publish","hentry"],"acf":[],"_links":{"self":[{"href":"https:\/\/sisu.ut.ee\/estshg\/wp-json\/wp\/v2\/pages\/80","targetHints":{"allow":["GET"]}}],"collection":[{"href":"https:\/\/sisu.ut.ee\/estshg\/wp-json\/wp\/v2\/pages"}],"about":[{"href":"https:\/\/sisu.ut.ee\/estshg\/wp-json\/wp\/v2\/types\/page"}],"author":[{"embeddable":true,"href":"https:\/\/sisu.ut.ee\/estshg\/wp-json\/wp\/v2\/users\/182"}],"replies":[{"embeddable":true,"href":"https:\/\/sisu.ut.ee\/estshg\/wp-json\/wp\/v2\/comments?post=80"}],"version-history":[{"count":1,"href":"https:\/\/sisu.ut.ee\/estshg\/wp-json\/wp\/v2\/pages\/80\/revisions"}],"predecessor-version":[{"id":268,"href":"https:\/\/sisu.ut.ee\/estshg\/wp-json\/wp\/v2\/pages\/80\/revisions\/268"}],"wp:attachment":[{"href":"https:\/\/sisu.ut.ee\/estshg\/wp-json\/wp\/v2\/media?parent=80"}],"curies":[{"name":"wp","href":"https:\/\/api.w.org\/{rel}","templated":true}]}}