{"id":75,"date":"2024-04-04T04:56:30","date_gmt":"2024-04-04T01:56:30","guid":{"rendered":"https:\/\/sisu.ut.ee\/estshg\/2016-elutoo-preemia-laureaat-toomas-veidebaum\/"},"modified":"2024-04-04T04:57:13","modified_gmt":"2024-04-04T01:57:13","slug":"2016-elutoo-preemia-laureaat-toomas-veidebaum","status":"publish","type":"page","link":"https:\/\/sisu.ut.ee\/estshg\/2016-elutoo-preemia-laureaat-toomas-veidebaum\/","title":{"rendered":"2016 elut\u00f6\u00f6 preemia laureaat Toomas Veidebaum"},"content":{"rendered":"<p>\n\t\u00a0\n<\/p>\n<p>\n\tProfessor Toomas Veidebaumi tunnustati \u00fchingu poolt elut\u00f6\u00f6preemiaga 2016. aastal. Toomas Veidebaum on t\u00f5en\u00e4oliselt tuntuim Eesti p\u00e4ritolu epidemioloog maailmas, kes on muuhulgas p\u00f5hjalikult tegelenud ka erinevate molekulaarse ja geneetilise epidemioloogia k\u00fcsimustega. Muuhulgas oli Toomas Veidebaum \u00fcks Eesti Inimesegeneetika \u00dchingu asutajaliikmetest 2000. aastal.<br>Toomas Veidebaum on l\u00f5petanud Tartu \u00dclikooli rakubioloogia erialal 1970 ning on samas kaitsnud ka doktorikraadi ehk toonase kandidaadikraadi 1976. aastal. Toomas Veidebaumi peamisteks ja pikaaegseteks erialasteks tegevusvaldkondadeks on olnud kantserogeneesi, v\u00e4hiriski markerite ja v\u00e4huriski hindamise temaatikaga seotud k\u00fcsimused. Ta on t\u00f6\u00f6tanud Teaduse Akadeemia Eksperimentaalbioloogia Instituudis, direktorina hilisemas Eksperimentaalse ja Kliinilise Meditsiini Instituudis ning teadusjuhina Tervise Arengu Instituudis. Toomas Veidebaum on olnud 1993-1997 Tartu \u00dclikoolis eksperimentaalse onkoloogia professoriks.<br>Toomas Veidebaum on ennast erialaselt t\u00e4iendanud 1995. ja 1997 USA RIiklikus V\u00e4hiinstituudis (National Cancer Institute) New Mexico \u00dclikoolis, Los Alamose Riiklikus Laboratooriumis, Oak Ridge Riiklikus Laboratooriumis molekulaar- ja radiatsiooniepidemioloogia alal ning 1993 Health Canada f\u00f6deraalses instituudis v\u00e4hiriskiriski hindamise ja modelleerimise alal. \u00a0<br>ETIS andmebaasi alusel on Toomas Veidebaumi autorlusel ja kaasautorlusel 1973.-2019. aastatel avaldatud pea 180 teadusartiklit. Tema k\u00f5rget produktiivsust ja tsiteeritavust kajastab andmebaasi Google Scholar h-indeks 43.\u00a0 Tervise Arengu Instituut on Eestis juhtivaks institutsioniks rahvatervise ja ennetava meditsiini arendamisel. Seega on ka 2018. aastal alanud suuremahuline geenidoonrite kaasamine osalt Toomas Veidebaumi eduka teadusorganisatsioonilise ja avalikkusele suunatud teavitust\u00f6\u00f6 n\u00e4ide. Lisaks elut\u00f6\u00f6preemiale on Toomas Veidebaumi erialast ja teadusorganisatsioonilist tegevust 2000. aastal tunnustatud Tartu \u00dclikooli arstiteaduskonna medali ja Riigi teaduspreemiaga ning 2004. aastal Eesti Punase Rist II j\u00e4rgu teenetem\u00e4rgiga.<br>Inimesena on Toomas Veidebaum avatud, s\u00f5bralik ja otsekohene, koost\u00f6\u00f6partnerite suhtes konstruktiivne ja lahendustele orienteeritud.<\/p>\n","protected":false},"excerpt":{"rendered":"<p>\u00a0 Professor Toomas Veidebaumi tunnustati \u00fchingu poolt elut\u00f6\u00f6preemiaga 2016. aastal. Toomas Veidebaum on t\u00f5en\u00e4oliselt tuntuim Eesti p\u00e4ritolu epidemioloog maailmas, kes on muuhulgas p\u00f5hjalikult tegelenud ka erinevate molekulaarse ja geneetilise epidemioloogia k\u00fcsimustega. Muuhulgas oli Toomas Veidebaum \u00fcks Eesti Inimesegeneetika \u00dchingu asutajaliikmetest &#8230;<\/p>\n","protected":false},"author":182,"featured_media":0,"parent":0,"menu_order":0,"comment_status":"closed","ping_status":"closed","template":"","meta":{"_acf_changed":false,"inline_featured_image":false,"footnotes":""},"class_list":["post-75","page","type-page","status-publish","hentry"],"acf":[],"_links":{"self":[{"href":"https:\/\/sisu.ut.ee\/estshg\/wp-json\/wp\/v2\/pages\/75","targetHints":{"allow":["GET"]}}],"collection":[{"href":"https:\/\/sisu.ut.ee\/estshg\/wp-json\/wp\/v2\/pages"}],"about":[{"href":"https:\/\/sisu.ut.ee\/estshg\/wp-json\/wp\/v2\/types\/page"}],"author":[{"embeddable":true,"href":"https:\/\/sisu.ut.ee\/estshg\/wp-json\/wp\/v2\/users\/182"}],"replies":[{"embeddable":true,"href":"https:\/\/sisu.ut.ee\/estshg\/wp-json\/wp\/v2\/comments?post=75"}],"version-history":[{"count":1,"href":"https:\/\/sisu.ut.ee\/estshg\/wp-json\/wp\/v2\/pages\/75\/revisions"}],"predecessor-version":[{"id":273,"href":"https:\/\/sisu.ut.ee\/estshg\/wp-json\/wp\/v2\/pages\/75\/revisions\/273"}],"wp:attachment":[{"href":"https:\/\/sisu.ut.ee\/estshg\/wp-json\/wp\/v2\/media?parent=75"}],"curies":[{"name":"wp","href":"https:\/\/api.w.org\/{rel}","templated":true}]}}