{"id":633,"date":"2025-11-11T16:19:53","date_gmt":"2025-11-11T14:19:53","guid":{"rendered":"https:\/\/sisu.ut.ee\/estshg\/?page_id=633"},"modified":"2025-12-10T10:00:28","modified_gmt":"2025-12-10T08:00:28","slug":"2025-elutoo-preemia-laureaat-aleksandr-zarkovski","status":"publish","type":"page","link":"https:\/\/sisu.ut.ee\/estshg\/2025-elutoo-preemia-laureaat-aleksandr-zarkovski\/","title":{"rendered":"2025 elut\u00f6\u00f6 preemia laureaat Aleksandr \u017darkovski"},"content":{"rendered":"<p><\/p>\n\n\n\n<figure class=\"wp-block-image alignright is-resized\"><img loading=\"lazy\" decoding=\"async\" width=\"2010\" height=\"2560\" src=\"https:\/\/sisu.ut.ee\/wp-content\/uploads\/sites\/345\/EIGU-111-1-scaled.jpg\" alt=\"\" class=\"wp-image-662\" style=\"width:449px;height:auto\" srcset=\"https:\/\/sisu.ut.ee\/wp-content\/uploads\/sites\/345\/EIGU-111-1-scaled.jpg 2010w, https:\/\/sisu.ut.ee\/wp-content\/uploads\/sites\/345\/EIGU-111-1-236x300.jpg 236w, https:\/\/sisu.ut.ee\/wp-content\/uploads\/sites\/345\/EIGU-111-1-804x1024.jpg 804w, https:\/\/sisu.ut.ee\/wp-content\/uploads\/sites\/345\/EIGU-111-1-768x978.jpg 768w, https:\/\/sisu.ut.ee\/wp-content\/uploads\/sites\/345\/EIGU-111-1-1206x1536.jpg 1206w, https:\/\/sisu.ut.ee\/wp-content\/uploads\/sites\/345\/EIGU-111-1-1608x2048.jpg 1608w, https:\/\/sisu.ut.ee\/wp-content\/uploads\/sites\/345\/EIGU-111-1-1920x2445.jpg 1920w\" sizes=\"auto, (max-width: 2010px) 100vw, 2010px\"><figcaption class=\"wp-element-caption\">Foto autor: Siiri Sarv<\/figcaption><\/figure>\n\n\n\n<p><strong>Eesti Inimesegeneetika \u00dching autasustas Haapsalus toimunud aastakonverentsil elut\u00f6\u00f6preemiaga<em> <\/em>emeriitprofessor<\/strong> <strong>Aleksandr \u017darkovskit<\/strong>.<\/p>\n\n\n\n<p><\/p>\n\n\n\n<p>2025. aasta elut\u00f6\u00f6preemiaga soovib EIG\u00dc avaldada t\u00e4nu prof \u017darkovskile pikaajalise ja tulemusliku teadus\u2010, \u00f5ppet\u00f6\u00f6\u2010 ning \u00fchiskondliku tegevuse eest, mis on oluliselt panustanud Eesti meditsiiniteaduste ja farmakoloogia arengusse ning seel\u00e4bi aidanud kaasa ka mitmete multifaktoriaalsete haiguste geneetiliste ja molekulaarsete mehhanismide paremale m\u00f5istmisele.<br>Prof \u017darkovski s\u00fcndis 31. jaanuaril 1950. aaastal ja ta l\u00f5petas arstiteaduskonna 1974. aastal. Seej\u00e4rel j\u00e4tkas ta teadus- ja \u00f5ppet\u00f6\u00f6d farmakoloogia ning ravimite toksikoloogia valdkonnas. 1978. aastal omandas ta doktorikraadi ning alates 1991. aastast kuni 2024. aasta l\u00f5puni oli ta farmakoloogia ja toksikoloogia professor. Tema uurimist\u00f6\u00f6 on keskendunud k\u00f5ige enam n\u00e4rvis\u00fcsteemi farmakoloogiale, ravimite toimeteguritele ning neuroprotektiivsetele mehhanismidele. Tema t\u00f6\u00f6d n\u00e4itavad, et ravimite toime rakutasandil s\u00f5ltub oluliselt ka geneetilistest faktoritest, mis teeb tema tegevuse asjakohaseks ka Inimesegeneetika \u00dchingu vaatevinklist.<br><br>Prof \u017darkovski tegevust on mitmekesiselt tunnustatud \u2013 n\u00e4iteks on ta saanud Eesti Vabariigi teaduspreemia meditsiini alal kahel korral, aastatel 2000. ja 2014. Tema teadus- ja \u00f5ppet\u00f6\u00f6 on oluliselt m\u00f5jutanud nii Eesti teaduskeskkonda kui ka rahvusvahelist farmakoloogia ja neuroteaduste v\u00f5rgustikku. Prof \u017darkovski panus juhendaja ja nooremate kolleegide innustajana on olnud silmapaistvalt tulemuslik. Tema \u00f5pilased t\u00f6\u00f6tavad ka praegu juhtivatel t\u00f6\u00f6kohtadel bio- ja siirdemeditsiini instituudis<br><br>30. oktoobril 2025 Haapsalus toimunud \u00dchingu XXVII aastakonverentsil esines prof \u017darkovski ettekandega: \u201cMa tean mis t\u00e4hendab olla noor, aga te ei tea, mis t\u00e4hendab olla vana.\u201d Tema ettekanne oli filosoofiline, inimlikult soe, tulevikku vaatav ning m\u00f5tlemapanev t\u00e4nap\u00e4evase farmakoloogia ja meditsiini arengute osas. Soovime Sulle palju j\u00f5udu, et j\u00e4tkuvalt oma h\u00e4id m\u00f5tteid ellu viia, Aleks!<br><br>Eesti Inimesegeneetika \u00dchingu juhatus<\/p>\n\n\n\n<p class=\"has-text-align-right\"><\/p>\n\n\n\n<p><\/p>\n","protected":false},"excerpt":{"rendered":"<p>Eesti Inimesegeneetika \u00dching autasustas Haapsalus toimunud aastakonverentsil elut\u00f6\u00f6preemiaga emeriitprofessor Aleksandr \u017darkovskit. 2025. aasta elut\u00f6\u00f6preemiaga soovib EIG\u00dc avaldada t\u00e4nu prof \u017darkovskile pikaajalise ja tulemusliku teadus\u2010, \u00f5ppet\u00f6\u00f6\u2010 ning \u00fchiskondliku tegevuse eest, mis on oluliselt panustanud Eesti meditsiiniteaduste ja farmakoloogia arengusse ning seel\u00e4bi &#8230;<\/p>\n","protected":false},"author":503,"featured_media":0,"parent":0,"menu_order":0,"comment_status":"closed","ping_status":"closed","template":"","meta":{"_acf_changed":false,"inline_featured_image":false,"footnotes":""},"class_list":["post-633","page","type-page","status-publish","hentry"],"acf":[],"_links":{"self":[{"href":"https:\/\/sisu.ut.ee\/estshg\/wp-json\/wp\/v2\/pages\/633","targetHints":{"allow":["GET"]}}],"collection":[{"href":"https:\/\/sisu.ut.ee\/estshg\/wp-json\/wp\/v2\/pages"}],"about":[{"href":"https:\/\/sisu.ut.ee\/estshg\/wp-json\/wp\/v2\/types\/page"}],"author":[{"embeddable":true,"href":"https:\/\/sisu.ut.ee\/estshg\/wp-json\/wp\/v2\/users\/503"}],"replies":[{"embeddable":true,"href":"https:\/\/sisu.ut.ee\/estshg\/wp-json\/wp\/v2\/comments?post=633"}],"version-history":[{"count":18,"href":"https:\/\/sisu.ut.ee\/estshg\/wp-json\/wp\/v2\/pages\/633\/revisions"}],"predecessor-version":[{"id":679,"href":"https:\/\/sisu.ut.ee\/estshg\/wp-json\/wp\/v2\/pages\/633\/revisions\/679"}],"wp:attachment":[{"href":"https:\/\/sisu.ut.ee\/estshg\/wp-json\/wp\/v2\/media?parent=633"}],"curies":[{"name":"wp","href":"https:\/\/api.w.org\/{rel}","templated":true}]}}