{"id":519,"date":"2025-04-03T16:02:40","date_gmt":"2025-04-03T13:02:40","guid":{"rendered":"https:\/\/sisu.ut.ee\/estshg\/?page_id=519"},"modified":"2025-11-11T16:08:04","modified_gmt":"2025-11-11T14:08:04","slug":"xxvi-teaduskonverents-viljandis-17-%e2%88%9218-10-2024","status":"publish","type":"page","link":"https:\/\/sisu.ut.ee\/estshg\/xxvi-teaduskonverents-viljandis-17-%e2%88%9218-10-2024\/","title":{"rendered":"XXVI teaduskonverents Viljandis 17.\u221218.10.2024"},"content":{"rendered":"<p><\/p>\n\n\n\n<p>Konverentsil esinesid Signe Altm\u00e4e, Tanel Mahlak\u00f5iv, Siim Pauklin, Uku Vainik, Kristiina Rull, Riina Raudne, Mart Loog, Meelis Kull, Priit Eek, Maie Bachmann, Peeter H\u00f5rak, Taavi Lehto, Maire Peters, Liina Jakobson, Viljar Jaks, Peep Palumaa ja Peeter Padrik.<\/p>\n\n\n\n<p>Konverentsi programmi leiate\u00a0<strong><a href=\"https:\/\/sisu.ut.ee\/wp-content\/uploads\/sites\/345\/EstSHG-Viljandi-programm-16.10.2024.pdf\">siit<\/a>.<\/strong><\/p>\n\n\n\n<p>Konverentsi ettekandeid saab j\u00e4rele vaadata\u00a0<a href=\"https:\/\/teadus.postimees.ee\/8115879\/vaata-otse-kaks-paeva-eestikeelset-geneetilist-tulevarki-viljandis\"><strong>Postimehe kodulehel<\/strong><\/a>.<\/p>\n\n\n\n<p>Elut\u00f6\u00f6preemia p\u00e4lvis prof T\u00f5nis Timmusk.<\/p>\n\n\n\n<p>EIG\u00dc aastakonverentsi stipendiumile nomineeriti Inge Varik.<\/p>\n\n\n\n<p>Terminikonkursi v\u00f5itsid v\u00f5rdsete h\u00e4\u00e4ltega terminid \u201egeneetiline t\u00e4ppiskaardistamine\u201c (esitas Kaur Alasoo) ja \u201eringsugulus\u201c (esitas Telver Obj\u00e4rtel).<\/p>\n","protected":false},"excerpt":{"rendered":"<p>Konverentsil esinesid Signe Altm\u00e4e, Tanel Mahlak\u00f5iv, Siim Pauklin, Uku Vainik, Kristiina Rull, Riina Raudne, Mart Loog, Meelis Kull, Priit Eek, Maie Bachmann, Peeter H\u00f5rak, Taavi Lehto, Maire Peters, Liina Jakobson, Viljar Jaks, Peep Palumaa ja Peeter Padrik. Konverentsi programmi leiate\u00a0siit. &#8230;<\/p>\n","protected":false},"author":503,"featured_media":0,"parent":0,"menu_order":0,"comment_status":"closed","ping_status":"closed","template":"","meta":{"_acf_changed":false,"inline_featured_image":false,"footnotes":""},"class_list":["post-519","page","type-page","status-publish","hentry"],"acf":[],"_links":{"self":[{"href":"https:\/\/sisu.ut.ee\/estshg\/wp-json\/wp\/v2\/pages\/519","targetHints":{"allow":["GET"]}}],"collection":[{"href":"https:\/\/sisu.ut.ee\/estshg\/wp-json\/wp\/v2\/pages"}],"about":[{"href":"https:\/\/sisu.ut.ee\/estshg\/wp-json\/wp\/v2\/types\/page"}],"author":[{"embeddable":true,"href":"https:\/\/sisu.ut.ee\/estshg\/wp-json\/wp\/v2\/users\/503"}],"replies":[{"embeddable":true,"href":"https:\/\/sisu.ut.ee\/estshg\/wp-json\/wp\/v2\/comments?post=519"}],"version-history":[{"count":2,"href":"https:\/\/sisu.ut.ee\/estshg\/wp-json\/wp\/v2\/pages\/519\/revisions"}],"predecessor-version":[{"id":626,"href":"https:\/\/sisu.ut.ee\/estshg\/wp-json\/wp\/v2\/pages\/519\/revisions\/626"}],"wp:attachment":[{"href":"https:\/\/sisu.ut.ee\/estshg\/wp-json\/wp\/v2\/media?parent=519"}],"curies":[{"name":"wp","href":"https:\/\/api.w.org\/{rel}","templated":true}]}}