{"id":44,"date":"2024-04-04T04:56:28","date_gmt":"2024-04-04T01:56:28","guid":{"rendered":"https:\/\/sisu.ut.ee\/estshg\/juhatus\/"},"modified":"2025-11-11T11:18:29","modified_gmt":"2025-11-11T09:18:29","slug":"juhatus","status":"publish","type":"page","link":"https:\/\/sisu.ut.ee\/estshg\/juhatus\/","title":{"rendered":"Juhatus"},"content":{"rendered":"<p>Alates 30. oktoobrist 2025 on \u00fchingu president <strong>Pirjo Spuul\u00a0<\/strong>(TalTech keemia ja biotehnoloogia instituut)\u00a0<\/p>\n<p>ning juhatuse koosseis j\u00e4rgmine:<\/p>\n<ul>\n<li><strong>Triin Laisk<\/strong>, T\u00dc genoomika instituut (juhatuses alates 2021, asepresident alates 2023)<\/li>\n<li><strong>Ana Rebane<\/strong>, T\u00dc bio- ja siirdemeditsiini instituut (juhatuses alates 2019)<\/li>\n<li><strong>Kristiina Tambets<\/strong>, T\u00dc genoomika instituut (juhatuses alates 2024)<\/li>\n<li><strong>Tambet T\u00f5nissoo<\/strong>, T\u00dc molekulaar- ja rakubioloogia instituut (juhatusest alates 2024)<\/li>\n<li><strong>Mikk Tooming<\/strong>, T\u00dc kliinilise meditsiini instituut\/T\u00dc Kliinikum (juhatuses alates 2024)<\/li>\n<li><strong>Annela Avarlaid<\/strong>, TalTech keemia ja biotehnoloogia instituut (juhatuses alates 2024)<\/li>\n<li><strong>Lauri Peil<\/strong>, Icosagen AS, (juhatuses alates 2025)<\/li>\n<li><strong>Kr\u00f5\u00f5t Aab<\/strong>, SA T\u00dc Kliinikum, geneetika ja personaalmeditsiini kliinik, (juhatuses alates 2025)<\/li>\n<\/ul>\n\n\n<p><\/p>\n","protected":false},"excerpt":{"rendered":"<p>Alates 30. oktoobrist 2025 on \u00fchingu president Pirjo Spuul\u00a0(TalTech keemia ja biotehnoloogia instituut)\u00a0 ning juhatuse koosseis j\u00e4rgmine: Triin Laisk, T\u00dc genoomika instituut (juhatuses alates 2021, asepresident alates 2023) Ana Rebane, T\u00dc bio- ja siirdemeditsiini instituut (juhatuses alates 2019) Kristiina Tambets, &#8230;<\/p>\n","protected":false},"author":182,"featured_media":0,"parent":0,"menu_order":0,"comment_status":"closed","ping_status":"closed","template":"","meta":{"_acf_changed":false,"inline_featured_image":false,"footnotes":""},"class_list":["post-44","page","type-page","status-publish","hentry"],"acf":[],"_links":{"self":[{"href":"https:\/\/sisu.ut.ee\/estshg\/wp-json\/wp\/v2\/pages\/44","targetHints":{"allow":["GET"]}}],"collection":[{"href":"https:\/\/sisu.ut.ee\/estshg\/wp-json\/wp\/v2\/pages"}],"about":[{"href":"https:\/\/sisu.ut.ee\/estshg\/wp-json\/wp\/v2\/types\/page"}],"author":[{"embeddable":true,"href":"https:\/\/sisu.ut.ee\/estshg\/wp-json\/wp\/v2\/users\/182"}],"replies":[{"embeddable":true,"href":"https:\/\/sisu.ut.ee\/estshg\/wp-json\/wp\/v2\/comments?post=44"}],"version-history":[{"count":4,"href":"https:\/\/sisu.ut.ee\/estshg\/wp-json\/wp\/v2\/pages\/44\/revisions"}],"predecessor-version":[{"id":619,"href":"https:\/\/sisu.ut.ee\/estshg\/wp-json\/wp\/v2\/pages\/44\/revisions\/619"}],"wp:attachment":[{"href":"https:\/\/sisu.ut.ee\/estshg\/wp-json\/wp\/v2\/media?parent=44"}],"curies":[{"name":"wp","href":"https:\/\/api.w.org\/{rel}","templated":true}]}}