{"id":32,"date":"2024-04-04T04:56:27","date_gmt":"2024-04-04T01:56:27","guid":{"rendered":"https:\/\/sisu.ut.ee\/estshg\/kontakt\/"},"modified":"2025-11-11T11:19:51","modified_gmt":"2025-11-11T09:19:51","slug":"kontakt","status":"publish","type":"page","link":"https:\/\/sisu.ut.ee\/estshg\/kontakt\/","title":{"rendered":"Kontakt"},"content":{"rendered":"<p>\u00dchingu president <strong>Pirjo Spuul<\/strong>, telefon +372 515 6362, e-post: <a href=\"mailto:pirjo.spuul@taltech.ee\">pirjo.spuul@taltech.ee<\/a><br>\u00dchingu sekret\u00e4r <strong>Maarja K\u00f5iv<\/strong>, telefon: +372 522 9126, e-post: <a href=\"mailto:maarjakoiv@gmail.com\">maarjakoiv@gmail.com<\/a>, aadress: L. Puusepa 8, Tartu 50406.<\/p>\n<p>\u00dchingu registrikood: 80120770, pangaarve SEB pangas EE581010220007480011<\/p>\n<p>\u00dchingu <a href=\"https:\/\/sisu.ut.ee\/wp-content\/uploads\/sites\/345\/Pohikiri_ver2022.pdf\">p\u00f5hikiri<\/a> (heaks kiidetud Eesti Inimese Geneetika \u00dchingu \u00fcldkoosolekul 23.11.2018).<\/p>\n<p>Jooksvad uudised leiad meie <a title=\"\" href=\"https:\/\/www.facebook.com\/profile.php?id=100057109823502\" target=\"_blank\" rel=\"noopener\" data-url=\"https:\/\/www.facebook.com\/profile.php?id=100057109823502\">Facebooki lehelt<\/a>.<\/p>\n\n\n<p><\/p>\n","protected":false},"excerpt":{"rendered":"<p>\u00dchingu president Pirjo Spuul, telefon +372 515 6362, e-post: pirjo.spuul@taltech.ee\u00dchingu sekret\u00e4r Maarja K\u00f5iv, telefon: +372 522 9126, e-post: maarjakoiv@gmail.com, aadress: L. Puusepa 8, Tartu 50406. \u00dchingu registrikood: 80120770, pangaarve SEB pangas EE581010220007480011 \u00dchingu p\u00f5hikiri (heaks kiidetud Eesti Inimese Geneetika \u00dchingu &#8230;<\/p>\n","protected":false},"author":182,"featured_media":0,"parent":0,"menu_order":0,"comment_status":"closed","ping_status":"closed","template":"","meta":{"_acf_changed":false,"inline_featured_image":false,"footnotes":""},"class_list":["post-32","page","type-page","status-publish","hentry"],"acf":[],"_links":{"self":[{"href":"https:\/\/sisu.ut.ee\/estshg\/wp-json\/wp\/v2\/pages\/32","targetHints":{"allow":["GET"]}}],"collection":[{"href":"https:\/\/sisu.ut.ee\/estshg\/wp-json\/wp\/v2\/pages"}],"about":[{"href":"https:\/\/sisu.ut.ee\/estshg\/wp-json\/wp\/v2\/types\/page"}],"author":[{"embeddable":true,"href":"https:\/\/sisu.ut.ee\/estshg\/wp-json\/wp\/v2\/users\/182"}],"replies":[{"embeddable":true,"href":"https:\/\/sisu.ut.ee\/estshg\/wp-json\/wp\/v2\/comments?post=32"}],"version-history":[{"count":5,"href":"https:\/\/sisu.ut.ee\/estshg\/wp-json\/wp\/v2\/pages\/32\/revisions"}],"predecessor-version":[{"id":622,"href":"https:\/\/sisu.ut.ee\/estshg\/wp-json\/wp\/v2\/pages\/32\/revisions\/622"}],"wp:attachment":[{"href":"https:\/\/sisu.ut.ee\/estshg\/wp-json\/wp\/v2\/media?parent=32"}],"curies":[{"name":"wp","href":"https:\/\/api.w.org\/{rel}","templated":true}]}}