{"id":28,"date":"2024-04-04T04:56:26","date_gmt":"2024-04-04T01:56:26","guid":{"rendered":"https:\/\/sisu.ut.ee\/estshg\/elutoo-preemiad\/"},"modified":"2025-05-20T16:34:51","modified_gmt":"2025-05-20T13:34:51","slug":"elutoo-preemiad","status":"publish","type":"page","link":"https:\/\/sisu.ut.ee\/estshg\/elutoo-preemiad\/","title":{"rendered":"Elut\u00f6\u00f6 preemiad"},"content":{"rendered":"<p style=\"text-align: justify;\">Eesti Inimesegeneetika \u00dchingu poolt antav auhind<br>\n\u201eElut\u00f6\u00f6 Geneetikuna\u201d statuut<\/p>\n<p style=\"text-align: justify;\">1. Kandidaate saavad esitada k\u00f5ik Eesti Inimesegeneetika \u00dchingu (EIG\u00dc) liikmed, saabunud ettepanekud vaatab l\u00e4bi EIG\u00dc juhatus ja langetab ka otsuse. Kandidaatide esitamise l\u00f5ppt\u00e4htaeg on neli n\u00e4dalat enne aastakonverentsi algust ja preemia saaja otsustatakse kolm n\u00e4dalat enne aastakonverentsi algust (et valitu saaks valmistuda loenguks).<\/p>\n<p style=\"text-align: justify;\">2. Preemia koosneb m\u00e4lestusesemest, EIG\u00dc aukirjast ja rahalisest preemiast 350 eurot (neto). Preemia saanu saab \u00f5iguse pidada loeng oma elut\u00f6\u00f6st EIG\u00dc aastakonverentsil.<\/p>\n<p style=\"text-align: justify;\">3. \u201eElut\u00f6\u00f6 Geneetikuna\u201d preemia kandidaat omab teadlasena olulist panust Eesti geneetikateaduse arengus, on olnud v\u00e4ljapaistev \u00f5ppej\u00f5ud v\u00f5i arst. Tema puhul peaks saama v\u00e4ita, et ta elut\u00f6\u00f6 on juba enamasti tehtud.<\/p>\n<p style=\"text-align: justify;\">4. EIG\u00dc annab \u00fcks kord aastas oma aastakonverentsil v\u00e4lja \u00fche auhinna v\u00e4ljapaistavale Eesti geneetikule kelle panus on olnud oluline ja n\u00e4htav Eesti geneetikateaduses. Auhinda v\u00e4lja andes k\u00e4sitleme geneetikat kui laiaulatuslikku eriala, mis h\u00f5lmab peale inimese geneetika ka meditsiinigeneetikat, molekulaargeneetikat, neurogeneetikat, geneetilist epidemioloogiat, looma- ja bakterigeneetikat jt. l\u00e4hedasi erialasid.<\/p>\n","protected":false},"excerpt":{"rendered":"<p>Eesti Inimesegeneetika \u00dchingu poolt antav auhind \u201eElut\u00f6\u00f6 Geneetikuna\u201d statuut 1. Kandidaate saavad esitada k\u00f5ik Eesti Inimesegeneetika \u00dchingu (EIG\u00dc) liikmed, saabunud ettepanekud vaatab l\u00e4bi EIG\u00dc juhatus ja langetab ka otsuse. Kandidaatide esitamise l\u00f5ppt\u00e4htaeg on neli n\u00e4dalat enne aastakonverentsi algust ja preemia &#8230;<\/p>\n","protected":false},"author":182,"featured_media":0,"parent":0,"menu_order":0,"comment_status":"closed","ping_status":"closed","template":"","meta":{"_acf_changed":false,"inline_featured_image":false,"footnotes":""},"class_list":["post-28","page","type-page","status-publish","hentry"],"acf":[],"_links":{"self":[{"href":"https:\/\/sisu.ut.ee\/estshg\/wp-json\/wp\/v2\/pages\/28","targetHints":{"allow":["GET"]}}],"collection":[{"href":"https:\/\/sisu.ut.ee\/estshg\/wp-json\/wp\/v2\/pages"}],"about":[{"href":"https:\/\/sisu.ut.ee\/estshg\/wp-json\/wp\/v2\/types\/page"}],"author":[{"embeddable":true,"href":"https:\/\/sisu.ut.ee\/estshg\/wp-json\/wp\/v2\/users\/182"}],"replies":[{"embeddable":true,"href":"https:\/\/sisu.ut.ee\/estshg\/wp-json\/wp\/v2\/comments?post=28"}],"version-history":[{"count":2,"href":"https:\/\/sisu.ut.ee\/estshg\/wp-json\/wp\/v2\/pages\/28\/revisions"}],"predecessor-version":[{"id":543,"href":"https:\/\/sisu.ut.ee\/estshg\/wp-json\/wp\/v2\/pages\/28\/revisions\/543"}],"wp:attachment":[{"href":"https:\/\/sisu.ut.ee\/estshg\/wp-json\/wp\/v2\/media?parent=28"}],"curies":[{"name":"wp","href":"https:\/\/api.w.org\/{rel}","templated":true}]}}