{"id":22,"date":"2024-04-04T04:56:26","date_gmt":"2024-04-04T01:56:26","guid":{"rendered":"https:\/\/sisu.ut.ee\/estshg\/2020-elutoo-preemioa-laureaat-mart-saarmaa\/"},"modified":"2025-05-20T16:35:43","modified_gmt":"2025-05-20T13:35:43","slug":"2020-elutoo-preemioa-laureaat-mart-saarmaa","status":"publish","type":"page","link":"https:\/\/sisu.ut.ee\/estshg\/2020-elutoo-preemioa-laureaat-mart-saarmaa\/","title":{"rendered":"2020 elut\u00f6\u00f6 preemia laureaat Mart Saarma"},"content":{"rendered":"<p style=\"text-align: justify;\"><strong><br>\nElut\u00f6\u00f6 geneetikuna\u00a0preemia p\u00e4lvis t\u00e4navu maailma \u00fcks tippteadlasi ning rahvusvahelisel areenil \u00fcks edukamaid geneetika ja molekulaarbioloogia taustaga eestlasi, akadeemik ja professor Mart Saarma.<\/strong><\/p>\n<p style=\"text-align: justify;\"><img decoding=\"async\" style=\"border-width: 1px; border-style: solid; margin: 15px; float: left; width: 570px; height: 341px;\" src=\"https:\/\/f8.pmo.ee\/fvz3_gQk2qe8ny8usZBPaKhPNOE=\/1370x820\/filters:focal(838x52:3614x1977)\/nginx\/o\/2015\/06\/10\/4172911t1hfd86.jpg\" alt=\"Mart Saarma on palju aastaid tegutsenud Helsingi \u00dclikooli biotehnoloogiainstituudi professorina. Alates t\u00e4navusest aastast on ta seal ka teadusdirektor. \">Tema t\u00f6\u00f6r\u00fchm on avastanud n\u00e4rvirakkude elluj\u00e4\u00e4mist m\u00f5jutavaid valke, mis omavad potentsiaali n\u00e4iteks Parkinsoni t\u00f5ve ravis.<\/p>\n<div class=\"article-body__item article-body__item--htmlElement\">\n<p style=\"text-align: justify;\">71-aastane Mart Saarma on Eesti teaduste akadeemia akadeemik, Soome teaduste akadeemia v\u00e4lisliige ning Tanneri akadeemia akadeemik, samuti Euroopa molekulaarbioloogia organisatsiooni (EMBO) liige.<\/p>\n<\/div>\n<div class=\"article-body__item article-body__item--htmlElement\">\n<p style=\"text-align: justify;\">Elut\u00f6\u00f6preemia laureaadi nimi h\u00f5igati v\u00e4lja neljap\u00e4eva \u00f5htul Eesti inimesegeneetika \u00fchingu aastakonverentsil, mille sessioone ja ettekandeid j\u00e4lgis rohkearvuline auditoorium k\u00f5ikjalt Eestist \u00fcle veebi.<\/p>\n<\/div>\n<div class=\"article-body__item article-body__item--htmlElement\">\n<p style=\"text-align: justify;\">\u00dchingu president Neeme T\u00f5nisson \u00fctles, et elut\u00f6\u00f6preemia rahaline m\u00f5\u00f5de on kindlasti v\u00e4iksem tunnustuse olulisusest. Aga preemiaga kaasnes kunstnik Markus Kasemaa kujundatud graafiline leht, mis l\u00e4hetatakse Soome kulleriga.<\/p>\n<\/div>\n<div class=\"article-body__item article-body__item--htmlElement\">\n<p style=\"text-align: justify;\">Mart Saarma oli ise Soomest ekraanil ning r\u00e4\u00e4kis ettekandes oma tippteadlaseks kujunemise loo koos teadust\u00f6\u00f6 kokkuv\u00f5ttega, vastates l\u00f5puks ka k\u00fcsimustele.<\/p>\n<div class=\"article-body__item article-body__item--htmlElement\">\n<p style=\"text-align: justify;\">Oma haridust alustas Mart Saarma Tartu \u00fclikoolis, kaitses 1975. aastal bioloogiakandidaadi, ja 1987. aastal kaitses ta Moskvas bioloogiadoktori v\u00e4itekirja. Alates 1988. aastast on ta valitud Tartu \u00fclikooli professoriks.<\/p>\n<\/div>\n<div class=\"article-body__item article-body__item--htmlElement\">\n<p style=\"text-align: justify;\">Helsingi \u00fclikooli biotehnoloogiainstituudis oli ta direktor ja professor alates aastast 1990 ning n\u00fc\u00fcd, aastast 2020 on ta seal teadusdirektor.<\/p>\n<\/div>\n<div class=\"article-body__item article-body__item--htmlElement\">\n<p style=\"text-align: justify;\">Mart Saarma on juhendanud 36 doktoranti, kellest 16 on t\u00e4naseks grupijuhid v\u00f5i professorid. Talle on 2000. aastal omistatud innovaatilise ja viljaka t\u00f6\u00f6 eest Soome kultuurifondi teaduspreemia, 2000. ja 2018. aastal Soome innovatsioonipreemia, 2001. aastal V\u00e4ino Tanneri Fondi teaduspreemia, 2003. aastal Johan Wilhelm Runebergi meditsiinipreemia ja 2004.<\/p>\n<div class=\"article-body__item article-body__item--htmlElement\">\n<p style=\"text-align: justify;\">aastal Karl Schlossmanni medal.<\/p>\n<\/div>\n<div class=\"article-body__item article-body__item--htmlElement\">\n<p style=\"text-align: justify;\">2009. aastal anti talle P\u00f5hjamaade teaduspreemia, 2010. aastal Tartu \u00fclikooli arstiteaduskonna au-medal ning 2017. aastal Helsingi biomeedikumi medal.<\/p>\n<\/div>\n<div class=\"article-body__item article-body__item--htmlElement\">\n<p style=\"text-align: justify;\">Eesti inimesegeneetika \u00fching (EIG\u00dc) koondab enda alla geneetika, genoomika, geenitehnoloogia ja nende siduserialade teadlasi, eksperte, ettev\u00f5tjaid, meedikuid ja tudengeid.<\/p>\n<\/div>\n<div class=\"article-body__item article-body__item--htmlElement\">\n<p style=\"text-align: justify;\">\u00dchingu eesm\u00e4rk on nende erialade ja nendega seotud teadmiste edendamine ja populariseerimine, eriala eestikeelsete m\u00f5istete kujundamine. Oluliseks peab \u00fching Eesti geneetika, biomeditsiini, biotehnoloogia ja nende siduserialadel t\u00f6\u00f6tavate inimeste konsolideerimist ning\u00a0omavahelise koost\u00f6\u00f6 stimuleerimist, kaasates biotehnoloogia sektori ettev\u00f5tjad ning v\u00e4lismaal t\u00f6\u00f6tavad Eesti teadlased.<\/p>\n<\/div>\n<div class=\"article-body__item article-body__item--htmlElement\">\n<p style=\"text-align: justify;\">\u00dching on alati oluliseks pidanud erialal silmapaistvate inimeste tutvustamist ja tunnustamist ning annab alates 2008. aastast v\u00e4lja elut\u00f6\u00f6 preemiat v\u00e4ljapaistavale Eesti geneetikule, kelle panus on olnud oluline ja n\u00e4htav Eesti geneetikateaduses.<\/p>\n<\/div>\n<div class=\"article-body__item article-body__item--htmlElement\">\n<p style=\"text-align: justify;\">Senini on elupreemia p\u00e4lvinud doktor Mart Viikmaa, professor Henni-Heidi Kallak, professor Tiina Talvik, professor Aavo-Valdur Mikelsaar, professor Ain Heinaru, akadeemik ja professor Richard Villems, doktor Mari Sitska, doktor Toomas Veidebaum ning akadeemik ja professor Andres Metspalu.<\/p>\n<\/div>\n<p style=\"text-align: justify;\">\n<\/p><\/div>\n<p style=\"text-align: justify;\">Tekst: Aime J\u00f5gi, <a title=\"\" href=\"https:\/\/tartu.postimees.ee\/7114870\/eesti-inimesegeneetika-uhingu-elutoopreemia-palvis-akadeemik-mart-saarma?fbclid=IwAR1CsYqJ7BHlWyPq22WkZv5W1lAnMunh0XQsgxm8jH2VOeu7rdHHpfT10js\" target=\"_blank\" rel=\"noopener\" data-url=\"https:\/\/tartu.postimees.ee\/7114870\/eesti-inimesegeneetika-uhingu-elutoopreemia-palvis-akadeemik-mart-saarma?fbclid=IwAR1CsYqJ7BHlWyPq22WkZv5W1lAnMunh0XQsgxm8jH2VOeu7rdHHpfT10js\">Eesti inimesegeneetika \u00fchingu elut\u00f6\u00f6preemia p\u00e4lvis akadeemik Mart Saarma<\/a>.\u00a0Postimees 20.11.2020<\/p>\n<\/div>\n<p style=\"text-align: justify;\">\n<\/p>","protected":false},"excerpt":{"rendered":"<p>Elut\u00f6\u00f6 geneetikuna\u00a0preemia p\u00e4lvis t\u00e4navu maailma \u00fcks tippteadlasi ning rahvusvahelisel areenil \u00fcks edukamaid geneetika ja molekulaarbioloogia taustaga eestlasi, akadeemik ja professor Mart Saarma. Tema t\u00f6\u00f6r\u00fchm on avastanud n\u00e4rvirakkude elluj\u00e4\u00e4mist m\u00f5jutavaid valke, mis omavad potentsiaali n\u00e4iteks Parkinsoni t\u00f5ve ravis. 71-aastane Mart Saarma &#8230;<\/p>\n","protected":false},"author":182,"featured_media":0,"parent":0,"menu_order":0,"comment_status":"closed","ping_status":"closed","template":"","meta":{"_acf_changed":false,"inline_featured_image":false,"footnotes":""},"class_list":["post-22","page","type-page","status-publish","hentry"],"acf":[],"_links":{"self":[{"href":"https:\/\/sisu.ut.ee\/estshg\/wp-json\/wp\/v2\/pages\/22","targetHints":{"allow":["GET"]}}],"collection":[{"href":"https:\/\/sisu.ut.ee\/estshg\/wp-json\/wp\/v2\/pages"}],"about":[{"href":"https:\/\/sisu.ut.ee\/estshg\/wp-json\/wp\/v2\/types\/page"}],"author":[{"embeddable":true,"href":"https:\/\/sisu.ut.ee\/estshg\/wp-json\/wp\/v2\/users\/182"}],"replies":[{"embeddable":true,"href":"https:\/\/sisu.ut.ee\/estshg\/wp-json\/wp\/v2\/comments?post=22"}],"version-history":[{"count":2,"href":"https:\/\/sisu.ut.ee\/estshg\/wp-json\/wp\/v2\/pages\/22\/revisions"}],"predecessor-version":[{"id":544,"href":"https:\/\/sisu.ut.ee\/estshg\/wp-json\/wp\/v2\/pages\/22\/revisions\/544"}],"wp:attachment":[{"href":"https:\/\/sisu.ut.ee\/estshg\/wp-json\/wp\/v2\/media?parent=22"}],"curies":[{"name":"wp","href":"https:\/\/api.w.org\/{rel}","templated":true}]}}