{"id":21,"date":"2024-04-04T04:56:26","date_gmt":"2024-04-04T01:56:26","guid":{"rendered":"https:\/\/sisu.ut.ee\/estshg\/avaleht\/"},"modified":"2025-11-11T16:29:33","modified_gmt":"2025-11-11T14:29:33","slug":"avaleht","status":"publish","type":"page","link":"https:\/\/sisu.ut.ee\/estshg\/","title":{"rendered":"Avaleht"},"content":{"rendered":"<p style=\"text-align: justify;\"><strong>Eesti Inimesegeneetika \u00fching<\/strong> (EIG\u00dc) on loodud 2000. aastal ja koondab geneetika, genoomika, geenitehnoloogia ja nende siduserialade teadlasi, eksperte, ettev\u00f5tjaid, meedikuid ja tudengeid. \u00dchingu liikmeteks v\u00f5ivad olla nii eraisikud kui ettev\u00f5tted. Viimasetel aastatel on \u00fchingul olnud ligikaudu 160 liiget, sealhulgas \u00fcks juriidilisest isikust liige (AS Asper Biotech). \u00dchingu eestvedajaks on \u00fchingu liikmete poolt valitavad president, asepresident ja viis juhatuse lihtliiget. \u00dchingu igap\u00e4evase asjaajamise ja \u00fchingu aastakonverentsi administreerimise eest hoolitseb \u00fchingu korraline sekret\u00e4r-projektijuht.<\/p>\n<p>EIG\u00dc \u00fcheks olulisemaks ettev\u00f5tmiseks on \u00fchingu <strong>iga-aastase eestikeelse teaduskonverentsi korraldamine<\/strong>, mis on selle kogukonna \u00fcks laiap\u00f5hjalisemaid ja m\u00f5jukamaid teadusfoorumeid Eestis. Lisaks iga-aastase konverentsi korraldamisele on \u00fchingu eesm\u00e4rkideks antud erialade ja nendega seotud teadmiste ning \u00fcrituste korraldamine, info vahendamine ja populariseerimine, eriala eestikeelsete m\u00f5istete kujundamine ning eriala silmapaistvate inimeste tutvustamine ja tunnustamine. Oluliseks peab \u00fching ka eesti geneetika, biomeditsiini, biotehnoloogia ja nende siduserialadel t\u00f6\u00f6tavate inimeste konsolideerimist ja omavahelise koost\u00f6\u00f6 stimuleerimist, kaasates ka biotehnoloogia sektori ettev\u00f5tjad ning v\u00e4lismaal t\u00f6\u00f6tavad eesti teadlased.<\/p>\n<p>Alates 2008. aastast annab \u00fching v\u00e4lja <strong>elut\u00f6\u00f6 preemia<\/strong> auhinda v\u00e4ljapaistavale Eesti geneetikule kelle panus on olnud oluline ja n\u00e4htav Eesti geneetikateaduses. Senini on elupreemia p\u00e4lvinud dr Mart Viikmaa (2008), prof Henni-Heidi Kallak (2009), prof Tiina Talvik (2010), prof Aavo-Valdur Mikelsaar (2011), prof Ain Heinaru (2012), akad prof Richard Villems (2013), dr Mari Sitska (2014), dr Toomas Veidebaum (2016), dr Riina Zordania, akad prof Andres Metspalu (2018), akad prof Mart Saarma (2020), dr Elvira Kurvinen (2021) akad prof Raivo Uibo (2022), prof Mart Ustav (2023), prof T\u00f5nis Timmusk (2024) ja emeriitprof Aleksandr \u017darkovski (2025).<\/p>\n<p style=\"text-align: justify;\">Oma loomisest peale on EIG\u00dc <strong>Euroopa Inimesegeneetika \u00dchingu assotsieerunud liige,<\/strong> panustades NHGS (National Human Genetics Societies) f\u00f6deratsiooni egiidi all. Eesti Teaduste Akadeemiaga on \u00fchingul s\u00f5lmitud koost\u00f6\u00f6leping 5. aprillil 2011.<\/p>\n<p style=\"text-align: justify;\">\u00dchingu <strong>liikmeks\u00a0astumiseks<\/strong> tuleb esitada Eesti Inimesegeneetika \u00dchingu juhatusele avaldus. Sellele j\u00e4rgneb juhatuse h\u00e4\u00e4letus. Kui tehakse positiivne otsus, siis tuleb tasuda liikmemaks EIG\u00dc kontole.<\/p>\n<p style=\"text-align: justify;\">Liikmemaks aastas on:<\/p>\n<ul>\n<li style=\"text-align: justify;\">f\u00fc\u00fcsilistele isikutele 35 eurot,<\/li>\n<li style=\"text-align: justify;\">bakalaureuse\u00f5ppe tudengitele, magistrantidele, seenioritele (65+) 9 eurot,<\/li>\n<li style=\"text-align: justify;\">juriidilistele isikutele (f\u00fc\u00fcsilistest isikutest liikmetega samad \u00f5igused ja kohustused) 1500 eurot.<\/li>\n<\/ul>\n<p style=\"text-align: justify;\">Liikmemaks tuleb tasuda Eesti Inimesegeneetika \u00dchingu arveldusarvele SEB Pangas EE581010220007480011.<\/p>\n<p style=\"text-align: justify;\">\n<\/p>","protected":false},"excerpt":{"rendered":"<p>Eesti Inimesegeneetika \u00fching (EIG\u00dc) on loodud 2000. aastal ja koondab geneetika, genoomika, geenitehnoloogia ja nende siduserialade teadlasi, eksperte, ettev\u00f5tjaid, meedikuid ja tudengeid. \u00dchingu liikmeteks v\u00f5ivad olla nii eraisikud kui ettev\u00f5tted. Viimasetel aastatel on \u00fchingul olnud ligikaudu 160 liiget, sealhulgas \u00fcks &#8230;<\/p>\n","protected":false},"author":182,"featured_media":0,"parent":0,"menu_order":0,"comment_status":"closed","ping_status":"closed","template":"","meta":{"_acf_changed":false,"inline_featured_image":false,"footnotes":""},"class_list":["post-21","page","type-page","status-publish","hentry"],"acf":[],"_links":{"self":[{"href":"https:\/\/sisu.ut.ee\/estshg\/wp-json\/wp\/v2\/pages\/21","targetHints":{"allow":["GET"]}}],"collection":[{"href":"https:\/\/sisu.ut.ee\/estshg\/wp-json\/wp\/v2\/pages"}],"about":[{"href":"https:\/\/sisu.ut.ee\/estshg\/wp-json\/wp\/v2\/types\/page"}],"author":[{"embeddable":true,"href":"https:\/\/sisu.ut.ee\/estshg\/wp-json\/wp\/v2\/users\/182"}],"replies":[{"embeddable":true,"href":"https:\/\/sisu.ut.ee\/estshg\/wp-json\/wp\/v2\/comments?post=21"}],"version-history":[{"count":9,"href":"https:\/\/sisu.ut.ee\/estshg\/wp-json\/wp\/v2\/pages\/21\/revisions"}],"predecessor-version":[{"id":637,"href":"https:\/\/sisu.ut.ee\/estshg\/wp-json\/wp\/v2\/pages\/21\/revisions\/637"}],"wp:attachment":[{"href":"https:\/\/sisu.ut.ee\/estshg\/wp-json\/wp\/v2\/media?parent=21"}],"curies":[{"name":"wp","href":"https:\/\/api.w.org\/{rel}","templated":true}]}}