{"id":105,"date":"2024-04-04T04:56:33","date_gmt":"2024-04-04T01:56:33","guid":{"rendered":"https:\/\/sisu.ut.ee\/estshg\/2018-elutoo-preemia-laureaat-andres-metspalu\/"},"modified":"2024-04-04T04:57:13","modified_gmt":"2024-04-04T01:57:13","slug":"2018-elutoo-preemia-laureaat-andres-metspalu","status":"publish","type":"page","link":"https:\/\/sisu.ut.ee\/estshg\/2018-elutoo-preemia-laureaat-andres-metspalu\/","title":{"rendered":"2018 elut\u00f6\u00f6 preemia laureaat Andres Metspalu"},"content":{"rendered":"<p style=\"text-align: justify\">\n\t<img loading=\"lazy\" decoding=\"async\" width=\"1000\" height=\"606\" class=\"alignnone wp-image-196\" style=\"width: 450px;height: 273px;float: left;margin: 10px\" src=\"https:\/\/sisu.ut.ee\/wp-content\/uploads\/sites\/345\/andres_metspalu.jpg\" title=\"andres_metspalu.jpg\" alt=\"Andres Metspalu\" srcset=\"https:\/\/sisu.ut.ee\/wp-content\/uploads\/sites\/345\/andres_metspalu.jpg 1000w, https:\/\/sisu.ut.ee\/wp-content\/uploads\/sites\/345\/andres_metspalu-300x182.jpg 300w, https:\/\/sisu.ut.ee\/wp-content\/uploads\/sites\/345\/andres_metspalu-768x465.jpg 768w\" sizes=\"auto, (max-width: 1000px) 100vw, 1000px\">\n<\/p>\n<p style=\"text-align: justify\">\n\tProfessor Andres Metspalu p\u00e4lvis inimese geneetika elut\u00f6\u00f6preemia 2018. aastal. Ta on tegutsenud inimese geneetika vallas \u00fcle 25 aasta ning on viinud Eesti inimese geneetika rahvusvahelisele teadusareenile. Prof Andres Metspalu oli 1999. aastal Eesti inimesegeneetika \u00fchingu \u00fcks algatajaid ja aastatel 2007 kuni 2013 selle president. Ta on olnud ka Euroopa inimesegeneetika \u00fchingu aktiivne liige ning aastatel 2003 kuni 2008 selle president. Ta on pannud aluse molekulaardiagnostika laboriteenusele Eestis nii Tartu \u00fclikooli kliinikumis (juba 1996. aastal) kui ka kolm aastat hiljem biotehnoloogia firma Asper Biogene vahendusel. Andres Metspalu on olnud esimese p\u00f5lvkonna geenikiipide arendusprojekti eestvedaja Eestis aastatuhande vahetusel.\n<\/p>\n<p style=\"text-align: justify\">\n\tProf Andres Metspalu on Tartu \u00dclikooli molekulaar- ja rakubioloogia instituudi biotehnoloogia \u00f5ppetooli rajaja ning oli selle \u00f5ppetooli juhataja ligi 25 aastat. Tal on m\u00e4rkimisv\u00e4\u00e4rne roll geenitehnoloogia kui eriala ja \u00f5ppesuuna tekkimisel ning arendamisel Tartu \u00dclikoolis ja Eestis tervikuna. Prof Andres Metspalu teadust\u00f6\u00f6 on olnud v\u00e4ga edukas, tema kaasautorlusel on ilmunud \u00fcle 400 rohkelt viidatud teadusartikli ja raamatu peat\u00fcki. Ta on juhtinud ka Balti teadlaste koost\u00f6\u00f6d inimese geneetika alal, mille tulemusena on ilmunud nii teadusartiklid kui saadud uurimisgrante Euroopa Liidust. Prof Metspalu h-indeks on 82. Maailma teadlaste tsiteeringuid j\u00e4lgiva firma Essential Science Indicators andmetel on 2019. aastal nimekirja j\u00f5udnud Eesti teadlaste hulgas \u00fcks enimtsiteerituid Andres Metspalu. Tema juhendamisel on t\u00e4naseks kaitstud 26 doktoriv\u00e4itekirja ja ta on oponeerinud doktoriv\u00e4itekirjade kaitsmist nii Eestis, L\u00e4tis, Leedus kui ka Hollandis .\n<\/p>\n<p style=\"text-align: justify\">\n\tProfessor Andres Metspalu tulevikku suunatud ideede ja pikaajalise t\u00f6\u00f6 tulemusena on loodud ning arendatud Eestile oma biopank \u2013 Tartu \u00dclikooli Eesti geenivaramu. T\u00e4nasel p\u00e4eval on geenivaramus hoiul juba 152 000 geenidoonori andmed, mis moodustab 15% Eesti t\u00e4iskasvanud elanikkonnast. Sellise rahvusvaheliselt olulise suuruse ja t\u00e4htsusega andmepanga olemasolu on asetanud Eesti maailma genoomiteaduse kaardile ja loonud eeltingimused personaalmeditsiini juurutamiseks Eestis. Juba antakse geenivaramus t\u00f6\u00f6tavate arstide poolt tagasisidet geenidoonoritele ja EV valitsus on k\u00e4ivitanud Personaalmeditsiini programmi, et genoomiteaduse rakendamine j\u00f5uaks laiemalt praktilisse meditsiini.\n<\/p>\n<p style=\"text-align: justify\">\n\tProfessor Andres Metspalu on EL ESFRI biopankade programmi (BBMRI-ERIC) \u00fcks algataja ja u\u0308lemaailmse biopankade konsortsiumi P3G (Montreal, Kanada) asutajaliige ja selle \u00fcks direktoritest. Ta on (ja on olnud) mitmete mainekate teadusajakirjade toimetuses (Clinical Genetics, Heredity Cancer in Clinical Practice jt), teadusn\u00f5ukogude (Tartu \u00dclikool, P3G), juhtkomiteede (Euroopa Teadusfond, Leedu Biotehnoloogia Instituut) ja ekspertn\u00f5ukogude (EV Haridus- ja Teadusministeeriumi juures tegutsenud Teaduskompetentsi N\u00f5ukogu) liige, Euroopa komisjoni teadusn\u00f5ukogu (European Research Council) paneeli ekspert ning mitmete riikide (Prantsusmaa, Saksamaa, Leedu, Katar) teadusprojektide hindamisekspert, samuti Euroopa Teaduse (Science Europe SAC) teadusekspert Br\u00fcsselis. Alates k\u00e4esoleva aasta kevadest on ta Euroopa Komisjoni 3 peadirektoraadi (Teadusuuringute ja innovatsiooni, Side ja Tervise) \u00fchisprojekti \u201e1+MillionGenomes Initiative\u201c \u00fche t\u00f6\u00f6grupi juht. \u00a0\n<\/p>\n<p style=\"text-align: justify\">\n\tSelle k\u00f5rval t\u00e4idab ta olulisi teadusorganisatsioonilisi ametikohti ja \u00fclesandeid nii Eestis kui rahvusvahelistelt. Muuhulgas valiti professor Andres Metspalu ESOF 2018 (EuroScience Open Forum) programmikomitee esimeheks. Tegemist oli 8. korda toimuva Euroopa suurima teadusalase \u00fcritusega, mida v\u00e4isas ca 4000 delegaati 80 riigist, ca 400 ajakirjanikku ning mis h\u00f5lmas kokku ca 200 \u00fcritust. Foorumi eesm\u00e4rgiks oli esile t\u00f5sta praeguseid ja tulevasi l\u00e4bimurdeid teaduses, tuua teadus \u00fchiskonnale l\u00e4hemale ning stimuleerida koost\u00f6\u00f6d teaduse ja t\u00f6\u00f6stuse vahel \u2013 k\u00f5igis neis valdkondades on prof Metspalu panus silmapaistev.\n<\/p>\n<p style=\"text-align: justify\">\n\tProf Andres Metspalu juhtimisel on Tartu \u00dclikooli Eesti geenivaramu olnud aastaid edukas EL Raamprogrammides osalemisel (sealhulgas projektid ePERMED ja OPENGENE, mille eelarve oli suurem kui 1M EUR) ja teadusliku koost\u00f6\u00f6 arendamisel ettev\u00f5tetega (Nestle HSI Lausanne; BioAgeLabs US; Janssen Pharmaceuticals Netherlands). \u00dchtlasi on ta andnud olulise t\u00f5uke geenitehnoloogial p\u00f5hineva ettev\u00f5tluse edendamisse Eestis, olles \u00fche esimese biotehnoloogia firma Asper asutaja.\n<\/p>\n<p style=\"text-align: justify\">\n\t<br>Kolleegina on Andres Metspalu suurep\u00e4rane juht ja visiona\u0308a\u0308r, kes oskab v\u00e4ga h\u00e4sti k\u00f5iki t\u00f6\u00f6tajaid v\u00e4\u00e4rtustada ja motiveerida. See loob m\u00f5nusa t\u00f6\u00f6atmosf\u00e4\u00e4ri, kus k\u00f5ik tunnevad, et t\u00f6\u00f6tavad olulise eesm\u00e4rgi nimel. Noorem p\u00f5lvkond \u00f5pib tihti, kuidas asjad \u201cvanasti olid\u201d ning paljud v\u00e4ited on kenasti illustreeritud v\u00e4ga humoorikate metafooridega. Temas on v\u00e4ga h\u00e4sti tasakaalus k\u00f5rged n\u00f5udmised, toetav suhtumine ja nagu ta ise \u00fctleb, \u201ckollektiivi ees kiituse avaldamine\u201d.<br>\u00a0<\/p>\n","protected":false},"excerpt":{"rendered":"<p>Professor Andres Metspalu p\u00e4lvis inimese geneetika elut\u00f6\u00f6preemia 2018. aastal. Ta on tegutsenud inimese geneetika vallas \u00fcle 25 aasta ning on viinud Eesti inimese geneetika rahvusvahelisele teadusareenile. Prof Andres Metspalu oli 1999. aastal Eesti inimesegeneetika \u00fchingu \u00fcks algatajaid ja aastatel 2007 &#8230;<\/p>\n","protected":false},"author":182,"featured_media":0,"parent":0,"menu_order":0,"comment_status":"closed","ping_status":"closed","template":"","meta":{"_acf_changed":false,"inline_featured_image":false,"footnotes":""},"class_list":["post-105","page","type-page","status-publish","hentry"],"acf":[],"_links":{"self":[{"href":"https:\/\/sisu.ut.ee\/estshg\/wp-json\/wp\/v2\/pages\/105","targetHints":{"allow":["GET"]}}],"collection":[{"href":"https:\/\/sisu.ut.ee\/estshg\/wp-json\/wp\/v2\/pages"}],"about":[{"href":"https:\/\/sisu.ut.ee\/estshg\/wp-json\/wp\/v2\/types\/page"}],"author":[{"embeddable":true,"href":"https:\/\/sisu.ut.ee\/estshg\/wp-json\/wp\/v2\/users\/182"}],"replies":[{"embeddable":true,"href":"https:\/\/sisu.ut.ee\/estshg\/wp-json\/wp\/v2\/comments?post=105"}],"version-history":[{"count":1,"href":"https:\/\/sisu.ut.ee\/estshg\/wp-json\/wp\/v2\/pages\/105\/revisions"}],"predecessor-version":[{"id":259,"href":"https:\/\/sisu.ut.ee\/estshg\/wp-json\/wp\/v2\/pages\/105\/revisions\/259"}],"wp:attachment":[{"href":"https:\/\/sisu.ut.ee\/estshg\/wp-json\/wp\/v2\/media?parent=105"}],"curies":[{"name":"wp","href":"https:\/\/api.w.org\/{rel}","templated":true}]}}